{"id":5980,"date":"2017-10-30T11:14:27","date_gmt":"2017-10-30T11:14:27","guid":{"rendered":"https:\/\/www.accord-langues.com\/french-school-accreditations\/"},"modified":"2025-12-20T09:20:41","modified_gmt":"2025-12-20T09:20:41","slug":"credenciais-da-escola-de-frances-accord","status":"publish","type":"page","link":"https:\/\/www.accord-langues.com\/pt-br\/credenciais-da-escola-de-frances-accord\/","title":{"rendered":"Credenciais da escola de franc\u00eas ACCORD"},"content":{"rendered":"<div class=\"wpb-content-wrapper\"><p>[vc_row full_width=&#8221;stretch_row&#8221; content_placement=&#8221;middle&#8221; css=&#8221;.vc_custom_1509009556865{background-image: url(https:\/\/www.accord-langues.com\/wp-content\/uploads\/2016\/10\/adult-course.jpg?id=348) !important;background-position: center !important;background-repeat: no-repeat !important;background-size: cover !important;}&#8221; el_class=&#8221;header-image&#8221;][vc_column width=&#8221;2\/3&#8243; offset=&#8221;vc_col-sm-offset-2&#8243;][vc_column_text]<\/p>\n<h1 style=\"text-align: center; margin-bottom: 0px;\"><strong>Credenciais da escola de franc\u00eas ACCORD<\/strong><\/h1>\n<p style=\"text-align: center;\"><strong>Aprenda franc\u00eas em uma escola parisiense de alta qualidade<\/strong><\/p>\n<p>[\/vc_column_text][\/vc_column][\/vc_row][vc_row][vc_column][vc_column_text css=&#8221;&#8221;]<\/p>\n<h2 style=\"text-align: center; margin-bottom: 0px;\">Credenciais da escola de franc\u00eas ACCORD<\/h2>\n<p>[\/vc_column_text][vc_column_text]<\/p>\n<p style=\"text-align: center;\">As certifica\u00e7\u00f5es de escolas de franc\u00eas permitem aos alunos identificar, reconhecer e selecionar aquelas que oferecem cursos e servi\u00e7os que correspondem \u00e0s suas expectativas.\u00a0Credenciais da escola de franc\u00eas ACCORD:<\/p>\n<p>[\/vc_column_text][vc_separator][\/vc_column][\/vc_row][vc_row full_width=&#8221;stretch_row&#8221; css=&#8221;.vc_custom_1524566371249{padding-bottom: 40px !important;}&#8221;][vc_column][vc_row_inner][vc_column_inner width=&#8221;1\/6&#8243;][vc_single_image image=&#8221;9707&#8243; img_size=&#8221;130&#215;187&#8243; onclick=&#8221;custom_link&#8221; img_link_target=&#8221;_blank&#8221; link=&#8221;http:\/\/www.qualitefle.fr\/en&#8221;][\/vc_column_inner][vc_column_inner width=&#8221;5\/6&#8243;][vc_column_text]<\/p>\n<h3><strong>Selo de qualidade Qualit\u00e9 FLE<\/strong><\/h3>\n<p>Uma das mais importantes certifica\u00e7\u00f5es de escolas de franc\u00eas \u00e9 a \u201cQualit\u00e9 FLE\u201d. Em 2007, <a href=\"https:\/\/www.accord-langues.com\/pt-br\/\" target=\"_blank\" rel=\"noopener noreferrer\">a ACCORD Paris<\/a> foi uma das primeiras escolas na Fran\u00e7a a receber a \u201cQualit\u00e9 FLE\u201d, a certifica\u00e7\u00e3o oficial francesa que atesta a qualidade do ensino, das instala\u00e7\u00f5es e dos servi\u00e7os fornecidos (administra\u00e7\u00e3o, matr\u00edcula, acomoda\u00e7\u00f5es, etc.) de uma escola localizada na Fran\u00e7a, ensinando o franc\u00eas como idioma estrangeiro.[\/vc_column_text][\/vc_column_inner][\/vc_row_inner][vc_separator][vc_row_inner][vc_column_inner width=&#8221;1\/6&#8243;][vc_single_image image=&#8221;3363&#8243; img_size=&#8221;full&#8221; onclick=&#8221;custom_link&#8221; img_link_target=&#8221;_blank&#8221; link=&#8221;https:\/\/www.accord-langues.com\/&#8221;][\/vc_column_inner][vc_column_inner width=&#8221;5\/6&#8243;][vc_column_text]<\/p>\n<h3><strong>Instituto Particular de Ensino Superior<\/strong><\/h3>\n<p>A <a href=\"https:\/\/www.accord-langues.com\/pt-br\/\" target=\"_blank\" rel=\"noopener noreferrer\">ACCORD Paris<\/a> \u00e9 registrada como um Instituto Particular de Ensino Superior (n<sup>o<\/sup> 588) na Academia de Paris &#8211; Minist\u00e9rio da Educa\u00e7\u00e3o Superior. Similarmente \u00e0s certifica\u00e7\u00f5es de escolas francesas, o registro de nossa escola de franc\u00eas como um Instituto Particular de Ensino Superior \u00e9 outra garantia da qualidade da ACCORD Paris.[\/vc_column_text][\/vc_column_inner][\/vc_row_inner][vc_separator][vc_row_inner][vc_column_inner width=&#8221;1\/6&#8243;][vc_single_image image=&#8221;3188&#8243; img_size=&#8221;full&#8221; onclick=&#8221;custom_link&#8221; img_link_target=&#8221;_blank&#8221; link=&#8221;https:\/\/www.campusfrance.org\/en&#8221;][\/vc_column_inner][vc_column_inner width=&#8221;5\/6&#8243;][vc_column_text]<\/p>\n<h3><strong>Campus France<\/strong><\/h3>\n<p>A ACCORD Paris pertence \u00e0 CAMPUS FRANCE.<br \/>\nA CAMPUS FRANCE \u00e9 uma organiza\u00e7\u00e3o oficial (criada pelo Estado Franc\u00eas &#8211; Lei n<sup>o<\/sup> 2010-873, de 27 de julho de 2010) cujo prop\u00f3sito \u00e9 informar, promover e apresentar o sistema franc\u00eas de educa\u00e7\u00e3o superior no exterior. Assim como no caso das certifica\u00e7\u00f5es de escolas francesas, pertencer \u00e0 CAMPUS FRANCE \u00e9 mais uma garantia da qualidade da <a href=\"https:\/\/www.accord-langues.com\/pt-br\/\" target=\"_blank\" rel=\"noopener noreferrer\">escola de idiomas ACCORD Paris<\/a>.[\/vc_column_text][\/vc_column_inner][\/vc_row_inner][vc_separator][vc_row_inner][vc_column_inner width=&#8221;1\/6&#8243;][vc_single_image image=&#8221;3333&#8243; img_size=&#8221;full&#8221; onclick=&#8221;custom_link&#8221; img_link_target=&#8221;_blank&#8221; link=&#8221;http:\/\/www.souffle.asso.fr\/&#8221;][\/vc_column_inner][vc_column_inner width=&#8221;5\/6&#8243;][vc_column_text css=&#8221;&#8221;]<\/p>\n<h3><a href=\"https:\/\/souffle-fle.com\/\" target=\"_blank\" rel=\"noopener\">SOUFFLE<\/a><\/h3>\n<p>Al\u00e9m dessas, a ACCORD Paris tamb\u00e9m pertence \u00e0 SOUFFLE, uma associa\u00e7\u00e3o profissional de <a href=\"https:\/\/souffle-fle.com\/\" target=\"_blank\" rel=\"noopener\">escolas de idiomas de qualidade<\/a> que ensinam o franc\u00eas como idioma estrangeiro. As escolas de franc\u00eas da SOUFFLE t\u00eam como compromisso manter a alta qualidade de seus cursos e servi\u00e7os. \u00c9 por isso que as escolas de franc\u00eas como idioma estrangeiro (FLE) da SOUFFLE localizadas na Fran\u00e7a tamb\u00e9m precisam ter as certifica\u00e7\u00f5es de escolas de franc\u00eas.[\/vc_column_text][\/vc_column_inner][\/vc_row_inner][vc_separator][vc_row_inner][vc_column_inner width=&#8221;1\/6&#8243;][vc_single_image image=&#8221;3528&#8243; img_size=&#8221;full&#8221; onclick=&#8221;custom_link&#8221; img_link_target=&#8221;_blank&#8221; css=&#8221;.vc_custom_1532335020762{margin-top: 20px !important;}&#8221; link=&#8221;http:\/\/www.bildungsurlaub.de\/home.html&#8221;][\/vc_column_inner][vc_column_inner width=&#8221;5\/6&#8243;][vc_column_text]<\/p>\n<h3>Bildungsurlaub<\/h3>\n<p>A bildungsurlaub \u00e9 uma licen\u00e7a para estudos subsidiada para fins de desenvolvimento pessoal e treinamento, controlada pelos Estados Alem\u00e3es. A ACCORD Paris \u00e9 uma das escolas de franc\u00eas aprovadas que os funcion\u00e1rios alem\u00e3es podem selecionar para o treinamento de idiomas.<\/p>\n<p>Como resultado, a <a href=\"https:\/\/www.accord-langues.com\/pt-br\/\" target=\"_blank\" rel=\"noopener noreferrer\">escola de franc\u00eas ACCORD<\/a> \u00e9 reconhecida nos seguintes estados alem\u00e3es: Berlin, Brandenburg, Bremen, Hamburg, Hessen, Mecklenburg-Vorpommern, Niedersachsen, Rheinland-Pfalz&#8230;<br \/>\nTodas as certifica\u00e7\u00f5es podem ser encontradas AQUI[\/vc_column_text][\/vc_column_inner][\/vc_row_inner][vc_separator][vc_row_inner][vc_column_inner width=&#8221;1\/6&#8243;][vc_single_image image=&#8221;3448&#8243; img_size=&#8221;full&#8221; alignment=&#8221;center&#8221; onclick=&#8221;custom_link&#8221; img_link_target=&#8221;_blank&#8221; link=&#8221;https:\/\/www.csn.se\/&#8221;][\/vc_column_inner][vc_column_inner width=&#8221;5\/6&#8243;][vc_column_text]<\/p>\n<h3>CSN<\/h3>\n<p>Os cursos de franc\u00eas da ACCORD Paris s\u00e3o aprovados pelo Conselho Nacional de Aux\u00edlio a Estudantes da Su\u00e9cia (<a href=\"https:\/\/www.csn.se\/\" target=\"_blank\" rel=\"noopener noreferrer\">CSN<\/a>). Como resultado, os estudantes suecos que desejam melhorar suas habilidades lingu\u00edsticas do franc\u00eas na ACCORD Paris s\u00e3o qualificados para receber aux\u00edlio financeiro dessa organiza\u00e7\u00e3o.[\/vc_column_text][\/vc_column_inner][\/vc_row_inner][vc_separator][vc_row_inner][vc_column_inner width=&#8221;1\/6&#8243;][vc_single_image image=&#8221;3343&#8243; img_size=&#8221;full&#8221; onclick=&#8221;custom_link&#8221; img_link_target=&#8221;_blank&#8221; link=&#8221;http:\/\/www.europarl.europa.eu\/portal\/en&#8221;][\/vc_column_inner][vc_column_inner width=&#8221;5\/6&#8243;][vc_column_text]<\/p>\n<h3><strong>Parlamento Europeu<\/strong><\/h3>\n<p>A ACCORD Paris \u00e9 reconhecida como escola de idiomas parceira pelo Parlamento Europeu para o ensino do franc\u00eas como idioma estrangeiro para tradutores, int\u00e9rpretes e membros do Parlamento Europeu.[\/vc_column_text][\/vc_column_inner][\/vc_row_inner][vc_separator][vc_separator][vc_row_inner][vc_column_inner][vc_column_text]<strong>Gra\u00e7as \u00e0s certifica\u00e7\u00f5es de escolas de franc\u00eas obtidas pela <\/strong><a href=\"https:\/\/www.accord-langues.com\/pt-br\/\" target=\"_blank\" rel=\"noopener noreferrer\"><strong>ACCORD Paris<\/strong><\/a><strong>, os alunos podem ter a certeza de que far\u00e3o um curso de franc\u00eas de qualidade, em uma escola que tamb\u00e9m oferece servi\u00e7os de qualidade para atender \u00e0s suas expectativas.<\/strong>[\/vc_column_text][\/vc_column_inner][\/vc_row_inner][\/vc_column][\/vc_row][vc_row full_width=&#8221;stretch_row&#8221; css=&#8221;.vc_custom_1471605768894{padding-top: 20px !important;background-color: #f0f0f0 !important;}&#8221; el_id=&#8221;homepage-boxes&#8221;][vc_column][\/vc_column][\/vc_row]<\/p>\n<\/div>","protected":false},"excerpt":{"rendered":"<p>[vc_row full_width=&#8221;stretch_row&#8221; content_placement=&#8221;middle&#8221; css=&#8221;.vc_custom_1509009556865{background-image: url(https:\/\/www.accord-langues.com\/wp-content\/uploads\/2016\/10\/adult-course.jpg?id=348) !important;background-position: center !important;background-repeat: no-repeat !important;background-size: cover !important;}&#8221; el_class=&#8221;header-image&#8221;][vc_column width=&#8221;2\/3&#8243; offset=&#8221;vc_col-sm-offset-2&#8243;][vc_column_text] Credenciais da escola de franc\u00eas ACCORD Aprenda franc\u00eas em uma escola parisiense de alta qualidade [\/vc_column_text][\/vc_column][\/vc_row][vc_row][vc_column][vc_column_text css=&#8221;&#8221;] Credenciais da escola de franc\u00eas ACCORD [\/vc_column_text][vc_column_text] As certifica\u00e7\u00f5es de escolas de franc\u00eas permitem aos alunos identificar, reconhecer e selecionar aquelas que oferecem [&hellip;]<\/p>\n","protected":false},"author":10,"featured_media":0,"parent":0,"menu_order":0,"comment_status":"closed","ping_status":"closed","template":"","meta":{"_acf_changed":false,"footnotes":""},"class_list":["post-5980","page","type-page","status-publish","hentry"],"acf":[],"yoast_head":"<!-- This site is optimized with the Yoast SEO Premium plugin v27.5 (Yoast SEO v27.5) - https:\/\/yoast.com\/product\/yoast-seo-premium-wordpress\/ -->\n<title>Credenciais da escola de franc\u00eas ACCORD - Accord Paris<\/title>\n<meta name=\"description\" content=\"Credenciais da escola de franc\u00eas em Francia: Certifica\u00e7\u00f5es e Credenciais da escola de franc\u00eas obtidas pela ACCORD Paris em Francia.\" \/>\n<meta name=\"robots\" content=\"index, follow, max-snippet:-1, max-image-preview:large, max-video-preview:-1\" \/>\n<link rel=\"canonical\" href=\"https:\/\/www.accord-langues.com\/pt-br\/credenciais-da-escola-de-frances-accord\/\" \/>\n<meta property=\"og:locale\" content=\"pt_BR\" \/>\n<meta property=\"og:type\" content=\"article\" \/>\n<meta property=\"og:title\" content=\"Credenciais da escola de franc\u00eas ACCORD\" \/>\n<meta property=\"og:description\" content=\"Credenciais da escola de franc\u00eas em Francia: Certifica\u00e7\u00f5es e Credenciais da escola de franc\u00eas obtidas pela ACCORD Paris em Francia.\" \/>\n<meta property=\"og:url\" content=\"https:\/\/www.accord-langues.com\/pt-br\/credenciais-da-escola-de-frances-accord\/\" \/>\n<meta property=\"og:site_name\" content=\"Accord Paris\" \/>\n<meta property=\"article:publisher\" content=\"https:\/\/www.facebook.com\/accordecoledelangues\" \/>\n<meta property=\"article:modified_time\" content=\"2025-12-20T09:20:41+00:00\" \/>\n<meta property=\"og:image\" content=\"https:\/\/www.accord-langues.com\/wp-content\/uploads\/2024\/02\/ACCORD-French-Language-School-in-Paris-low-res.jpg\" \/>\n\t<meta property=\"og:image:width\" content=\"1200\" \/>\n\t<meta property=\"og:image:height\" content=\"867\" \/>\n\t<meta property=\"og:image:type\" content=\"image\/jpeg\" \/>\n<meta name=\"twitter:card\" content=\"summary_large_image\" \/>\n<meta name=\"twitter:label1\" content=\"Est. tempo de leitura\" \/>\n\t<meta name=\"twitter:data1\" content=\"3 minutos\" \/>\n<script type=\"application\/ld+json\" class=\"yoast-schema-graph\">{\"@context\":\"https:\\\/\\\/schema.org\",\"@graph\":[{\"@type\":\"WebPage\",\"@id\":\"https:\\\/\\\/www.accord-langues.com\\\/pt-br\\\/credenciais-da-escola-de-frances-accord\\\/\",\"url\":\"https:\\\/\\\/www.accord-langues.com\\\/pt-br\\\/credenciais-da-escola-de-frances-accord\\\/\",\"name\":\"Credenciais da escola de franc\u00eas ACCORD - Accord Paris\",\"isPartOf\":{\"@id\":\"https:\\\/\\\/www.accord-langues.com\\\/pt-br\\\/#website\"},\"datePublished\":\"2017-10-30T11:14:27+00:00\",\"dateModified\":\"2025-12-20T09:20:41+00:00\",\"description\":\"Credenciais da escola de franc\u00eas em Francia: Certifica\u00e7\u00f5es e Credenciais da escola de franc\u00eas obtidas pela ACCORD Paris em Francia.\",\"inLanguage\":\"pt-BR\",\"potentialAction\":[{\"@type\":\"ReadAction\",\"target\":[\"https:\\\/\\\/www.accord-langues.com\\\/pt-br\\\/credenciais-da-escola-de-frances-accord\\\/\"]}]},{\"@type\":\"WebSite\",\"@id\":\"https:\\\/\\\/www.accord-langues.com\\\/pt-br\\\/#website\",\"url\":\"https:\\\/\\\/www.accord-langues.com\\\/pt-br\\\/\",\"name\":\"Accord Paris\",\"description\":\"Learn French in France\",\"publisher\":{\"@id\":\"https:\\\/\\\/www.accord-langues.com\\\/pt-br\\\/#organization\"},\"potentialAction\":[{\"@type\":\"SearchAction\",\"target\":{\"@type\":\"EntryPoint\",\"urlTemplate\":\"https:\\\/\\\/www.accord-langues.com\\\/pt-br\\\/?s={search_term_string}\"},\"query-input\":{\"@type\":\"PropertyValueSpecification\",\"valueRequired\":true,\"valueName\":\"search_term_string\"}}],\"inLanguage\":\"pt-BR\"},{\"@type\":\"Organization\",\"@id\":\"https:\\\/\\\/www.accord-langues.com\\\/pt-br\\\/#organization\",\"name\":\"ACCORD Tour Eiffel\",\"alternateName\":\"Learn French in Paris\",\"url\":\"https:\\\/\\\/www.accord-langues.com\\\/pt-br\\\/\",\"logo\":{\"@type\":\"ImageObject\",\"inLanguage\":\"pt-BR\",\"@id\":\"https:\\\/\\\/www.accord-langues.com\\\/pt-br\\\/#\\\/schema\\\/logo\\\/image\\\/\",\"url\":\"https:\\\/\\\/www.accord-langues.com\\\/wp-content\\\/uploads\\\/2016\\\/06\\\/Logo.png\",\"contentUrl\":\"https:\\\/\\\/www.accord-langues.com\\\/wp-content\\\/uploads\\\/2016\\\/06\\\/Logo.png\",\"width\":290,\"height\":70,\"caption\":\"ACCORD Tour Eiffel\"},\"image\":{\"@id\":\"https:\\\/\\\/www.accord-langues.com\\\/pt-br\\\/#\\\/schema\\\/logo\\\/image\\\/\"},\"sameAs\":[\"https:\\\/\\\/www.facebook.com\\\/accordecoledelangues\",\"https:\\\/\\\/www.linkedin.com\\\/groups\\\/4542133\\\/\"],\"description\":\"ACCORD French Language School is one of the leading schools in France for teaching French to foreign students and offering high quality French language courses in Paris. The ACCORD language school is located in the heart of Paris, nearby the Eiffel Tower. The ACCORD school is open all year round and welcomes students from all over the world from the age of 16 in its French language courses. ACCORD school is accredited by the official \u201cQualit\u00e9 FLE\u201d label and is member of CAMPUS FRANCE, SOUFFLE and Atout France. ACCORD is official exam center for the TCF IRN, TCF TP, TCF Qu\u00e9bec and TCF Canada.\",\"email\":\"info@accord-langues.com\",\"telephone\":\"+33155335233\",\"legalName\":\"FORUM ACCORD\",\"foundingDate\":\"1990-02-23\",\"numberOfEmployees\":{\"@type\":\"QuantitativeValue\",\"minValue\":\"11\",\"maxValue\":\"50\"}}]}<\/script>\n<!-- \/ Yoast SEO Premium plugin. -->","yoast_head_json":{"title":"Credenciais da escola de franc\u00eas ACCORD - Accord Paris","description":"Credenciais da escola de franc\u00eas em Francia: Certifica\u00e7\u00f5es e Credenciais da escola de franc\u00eas obtidas pela ACCORD Paris em Francia.","robots":{"index":"index","follow":"follow","max-snippet":"max-snippet:-1","max-image-preview":"max-image-preview:large","max-video-preview":"max-video-preview:-1"},"canonical":"https:\/\/www.accord-langues.com\/pt-br\/credenciais-da-escola-de-frances-accord\/","og_locale":"pt_BR","og_type":"article","og_title":"Credenciais da escola de franc\u00eas ACCORD","og_description":"Credenciais da escola de franc\u00eas em Francia: Certifica\u00e7\u00f5es e Credenciais da escola de franc\u00eas obtidas pela ACCORD Paris em Francia.","og_url":"https:\/\/www.accord-langues.com\/pt-br\/credenciais-da-escola-de-frances-accord\/","og_site_name":"Accord Paris","article_publisher":"https:\/\/www.facebook.com\/accordecoledelangues","article_modified_time":"2025-12-20T09:20:41+00:00","og_image":[{"width":1200,"height":867,"url":"https:\/\/www.accord-langues.com\/wp-content\/uploads\/2024\/02\/ACCORD-French-Language-School-in-Paris-low-res.jpg","type":"image\/jpeg"}],"twitter_card":"summary_large_image","twitter_misc":{"Est. tempo de leitura":"3 minutos"},"schema":{"@context":"https:\/\/schema.org","@graph":[{"@type":"WebPage","@id":"https:\/\/www.accord-langues.com\/pt-br\/credenciais-da-escola-de-frances-accord\/","url":"https:\/\/www.accord-langues.com\/pt-br\/credenciais-da-escola-de-frances-accord\/","name":"Credenciais da escola de franc\u00eas ACCORD - Accord Paris","isPartOf":{"@id":"https:\/\/www.accord-langues.com\/pt-br\/#website"},"datePublished":"2017-10-30T11:14:27+00:00","dateModified":"2025-12-20T09:20:41+00:00","description":"Credenciais da escola de franc\u00eas em Francia: Certifica\u00e7\u00f5es e Credenciais da escola de franc\u00eas obtidas pela ACCORD Paris em Francia.","inLanguage":"pt-BR","potentialAction":[{"@type":"ReadAction","target":["https:\/\/www.accord-langues.com\/pt-br\/credenciais-da-escola-de-frances-accord\/"]}]},{"@type":"WebSite","@id":"https:\/\/www.accord-langues.com\/pt-br\/#website","url":"https:\/\/www.accord-langues.com\/pt-br\/","name":"Accord Paris","description":"Learn French in France","publisher":{"@id":"https:\/\/www.accord-langues.com\/pt-br\/#organization"},"potentialAction":[{"@type":"SearchAction","target":{"@type":"EntryPoint","urlTemplate":"https:\/\/www.accord-langues.com\/pt-br\/?s={search_term_string}"},"query-input":{"@type":"PropertyValueSpecification","valueRequired":true,"valueName":"search_term_string"}}],"inLanguage":"pt-BR"},{"@type":"Organization","@id":"https:\/\/www.accord-langues.com\/pt-br\/#organization","name":"ACCORD Tour Eiffel","alternateName":"Learn French in Paris","url":"https:\/\/www.accord-langues.com\/pt-br\/","logo":{"@type":"ImageObject","inLanguage":"pt-BR","@id":"https:\/\/www.accord-langues.com\/pt-br\/#\/schema\/logo\/image\/","url":"https:\/\/www.accord-langues.com\/wp-content\/uploads\/2016\/06\/Logo.png","contentUrl":"https:\/\/www.accord-langues.com\/wp-content\/uploads\/2016\/06\/Logo.png","width":290,"height":70,"caption":"ACCORD Tour Eiffel"},"image":{"@id":"https:\/\/www.accord-langues.com\/pt-br\/#\/schema\/logo\/image\/"},"sameAs":["https:\/\/www.facebook.com\/accordecoledelangues","https:\/\/www.linkedin.com\/groups\/4542133\/"],"description":"ACCORD French Language School is one of the leading schools in France for teaching French to foreign students and offering high quality French language courses in Paris. The ACCORD language school is located in the heart of Paris, nearby the Eiffel Tower. The ACCORD school is open all year round and welcomes students from all over the world from the age of 16 in its French language courses. ACCORD school is accredited by the official \u201cQualit\u00e9 FLE\u201d label and is member of CAMPUS FRANCE, SOUFFLE and Atout France. ACCORD is official exam center for the TCF IRN, TCF TP, TCF Qu\u00e9bec and TCF Canada.","email":"info@accord-langues.com","telephone":"+33155335233","legalName":"FORUM ACCORD","foundingDate":"1990-02-23","numberOfEmployees":{"@type":"QuantitativeValue","minValue":"11","maxValue":"50"}}]}},"_links":{"self":[{"href":"https:\/\/www.accord-langues.com\/pt-br\/wp-json\/wp\/v2\/pages\/5980","targetHints":{"allow":["GET"]}}],"collection":[{"href":"https:\/\/www.accord-langues.com\/pt-br\/wp-json\/wp\/v2\/pages"}],"about":[{"href":"https:\/\/www.accord-langues.com\/pt-br\/wp-json\/wp\/v2\/types\/page"}],"author":[{"embeddable":true,"href":"https:\/\/www.accord-langues.com\/pt-br\/wp-json\/wp\/v2\/users\/10"}],"replies":[{"embeddable":true,"href":"https:\/\/www.accord-langues.com\/pt-br\/wp-json\/wp\/v2\/comments?post=5980"}],"version-history":[{"count":2,"href":"https:\/\/www.accord-langues.com\/pt-br\/wp-json\/wp\/v2\/pages\/5980\/revisions"}],"predecessor-version":[{"id":25895,"href":"https:\/\/www.accord-langues.com\/pt-br\/wp-json\/wp\/v2\/pages\/5980\/revisions\/25895"}],"wp:attachment":[{"href":"https:\/\/www.accord-langues.com\/pt-br\/wp-json\/wp\/v2\/media?parent=5980"}],"curies":[{"name":"wp","href":"https:\/\/api.w.org\/{rel}","templated":true}]}}