{"id":5939,"date":"2018-01-15T10:59:13","date_gmt":"2018-01-15T10:59:13","guid":{"rendered":"https:\/\/www.accord-langues.com\/french-certificates-and-french-exams\/"},"modified":"2024-12-15T17:58:00","modified_gmt":"2024-12-15T17:58:00","slug":"exames-de-frances","status":"publish","type":"page","link":"https:\/\/www.accord-langues.com\/pt-br\/exames-de-frances\/","title":{"rendered":"Exames de franc\u00eas"},"content":{"rendered":"<div class=\"wpb-content-wrapper\"><p>[vc_row full_width=&#8221;stretch_row&#8221; content_placement=&#8221;middle&#8221; css=&#8221;.vc_custom_1509009556865{background-image: url(https:\/\/www.accord-langues.com\/wp-content\/uploads\/2016\/10\/adult-course.jpg?id=348) !important;background-position: center !important;background-repeat: no-repeat !important;background-size: cover !important;}&#8221; el_class=&#8221;header-image&#8221;][vc_column width=&#8221;2\/3&#8243; offset=&#8221;vc_col-sm-offset-2&#8243;][vc_column_text]<\/p>\n<h1><span data-sheets-value=\"{&quot;1&quot;:2,&quot;2&quot;:&quot;Exames e certificados de franc\u00eas&quot;}\" data-sheets-userformat=\"{&quot;2&quot;:14399,&quot;3&quot;:{&quot;1&quot;:0,&quot;3&quot;:1},&quot;4&quot;:{&quot;1&quot;:2,&quot;2&quot;:15987699},&quot;5&quot;:{&quot;1&quot;:[{&quot;1&quot;:2,&quot;2&quot;:0,&quot;5&quot;:{&quot;1&quot;:0}},{&quot;1&quot;:0,&quot;2&quot;:0,&quot;3&quot;:3},{&quot;1&quot;:1,&quot;2&quot;:0,&quot;4&quot;:1}]},&quot;6&quot;:{&quot;1&quot;:[{&quot;1&quot;:2,&quot;2&quot;:0,&quot;5&quot;:{&quot;1&quot;:0}},{&quot;1&quot;:0,&quot;2&quot;:0,&quot;3&quot;:3},{&quot;1&quot;:1,&quot;2&quot;:0,&quot;4&quot;:1}]},&quot;7&quot;:{&quot;1&quot;:[{&quot;1&quot;:2,&quot;2&quot;:0,&quot;5&quot;:{&quot;1&quot;:0}},{&quot;1&quot;:0,&quot;2&quot;:0,&quot;3&quot;:3},{&quot;1&quot;:1,&quot;2&quot;:0,&quot;4&quot;:1}]},&quot;8&quot;:{&quot;1&quot;:[{&quot;1&quot;:2,&quot;2&quot;:0,&quot;5&quot;:{&quot;1&quot;:0}},{&quot;1&quot;:0,&quot;2&quot;:0,&quot;3&quot;:3},{&quot;1&quot;:1,&quot;2&quot;:0,&quot;4&quot;:1}]},&quot;14&quot;:{&quot;1&quot;:3,&quot;3&quot;:1},&quot;15&quot;:&quot;Arial&quot;,&quot;16&quot;:10}\">Exames e certificados de franc\u00eas<\/span><\/h1>\n<p><strong>Centro de exames para o TCF, TCF IRN, TCF Quebec e TCF Canad\u00e1<\/strong><br \/>\n<strong>Ampla sele\u00e7\u00e3o de cursos de franc\u00eas para voc\u00ea se preparar para seus exames de franc\u00eas<\/strong><br \/>\n<strong>Obtenha o seu &#8220;Diploma de L\u00edngua e Cultura Francesas&#8221; na ACCORD Paris<\/strong><br \/>\n<strong>Prepare-se para o TCF, TCF IRN, DELF e DALF na ACCORD Paris<\/strong>[\/vc_column_text][\/vc_column][\/vc_row][vc_row][vc_column][vc_column_text]<\/p>\n<h2 style=\"text-align: center;\"><span style=\"color: #ff6600;\"><strong>Certificados de franc\u00eas e exames de franc\u00eas<\/strong><\/span><\/h2>\n<p>[\/vc_column_text][\/vc_column][\/vc_row][vc_row full_width=&#8221;stretch_row&#8221; css=&#8221;.vc_custom_1509364080525{padding-bottom: 40px !important;}&#8221;][vc_column][vc_row_inner][vc_column_inner][vc_column_text]<strong>A ACCORD Paris \u00e9 um centro para os seguintes certificados e <a href=\"https:\/\/examensparis.fr\/\" target=\"_blank\" rel=\"noopener noreferrer\">exames de franc\u00eas<\/a>: TCF, TCF IRN, TCF Quebec e TCF Canad\u00e1.<\/strong><\/p>\n<p><strong>A ACCORD tamb\u00e9m \u00e9 um centro de exames para o \u2018Diploma de L\u00edngua e Cultura Francesas\u2019.<\/strong><\/p>\n<p>Na ACCORD, voc\u00ea pode escolher qualquer um de <a href=\"https:\/\/www.accord-langues.com\/pt-br\/cursos-de-frances-na-accord-paris-em-francia\/\" target=\"_blank\" rel=\"noopener noreferrer\">nossos cursos intensivos ou semi-intensivos<\/a> para se preparar para esses exames.<\/p>\n<p><strong>Na ACCORD, \u00e9 muito f\u00e1cil se inscrever para um destes certificados e exames de franc\u00eas:<\/strong><\/p>\n<ul>\n<li>Preencha o formul\u00e1rio de inscri\u00e7\u00e3o fornecido na se\u00e7\u00e3o do exame desejado e envie de volta por e-mail.<\/li>\n<li>Quando o formul\u00e1rio for recebido (devidamente preenchido), enviaremos a voc\u00ea um e-mail contendo um link seguro para o pagamento. Verifique sempre sua caixa de Spam, pois alguns provedores de e-mail consideram links em mensagens de e-mail como poss\u00edvel spam!<\/li>\n<li>Quando seu pagamento for recebido, uma confirma\u00e7\u00e3o da inscri\u00e7\u00e3o ser\u00e1 enviada por e-mail e, uma semana antes da data do exame, voc\u00ea receber\u00e1 pelo correio normal sua \u201cconvocation officielle\u201d (uma convoca\u00e7\u00e3o oficial para comparecer ao exame), a qual voc\u00ea ter\u00e1 de trazer juntamente com seu passaporte na data do exame. Nesse documento, voc\u00ea ser\u00e1 informado sobre o cronograma do exame.<\/li>\n<\/ul>\n<p><strong>IMPORTANTE<\/strong> \u2013 Leia abaixo:<br \/>\nSe voc\u00ea desejar se registrar na escola ou vir at\u00e9 a ela para pedir informa\u00e7\u00f5es sobre exames, tenha em mente que o <strong>escrit\u00f3rio de Exames abre somente \u00e0s ter\u00e7as, quartas e quintas-feiras \u00e0 tarde, das 14:30 \u00e0s 17:00.<\/strong><br \/>\nSe voc\u00ea desejar ligar para a escola para pedir mais informa\u00e7\u00f5es sobre exames, tenha em mente que <strong>o<\/strong> <strong>escrit\u00f3rio de Exames somente atende a chamadas \u00e0s ter\u00e7as, quartas e quintas-feiras \u00e0 tarde, das 14:30 \u00e0s 17:00.<\/strong><br \/>\n<strong>Fora desses dias e hor\u00e1rios, o pessoal da ACCORD na \u00e1rea de recep\u00e7\u00e3o n\u00e3o poder\u00e1 responder \u00e0s suas perguntas nem ajud\u00e1-lo a se inscrever em nenhum dos exames.<\/strong>[\/vc_column_text][vc_separator][\/vc_column_inner][\/vc_row_inner][vc_row_inner el_id=&#8221;Diplome&#8221;][vc_column_inner][vc_column_text]<\/p>\n<h3 style=\"text-align: center;\"><span style=\"color: #ff6600;\">&#8220;Dipl\u00f4me de langue et culture fran\u00e7aises&#8221;<\/span><\/h3>\n<p>[\/vc_column_text][\/vc_column_inner][vc_column_inner width=&#8221;1\/2&#8243;][vc_column_text]Ao fim do curso, os alunos da ACCORD podem fazer o exame para obter o \u2018Dipl\u00f4me de Langue et Culture Fran\u00e7aises\u2019 (Diploma de L\u00edngua e Cultura Francesas\u201d) reconhecido pela Acad\u00e9mie de Paris, por uma taxa de inscri\u00e7\u00e3o de apenas 50 euros.<\/p>\n<p>Os alunos que n\u00e3o fizeram um curso na ACCORD tamb\u00e9m podem fazer este exame, mas por uma taxa de 100 euros.<\/p>\n<p>Um exemplo do Diploma pode ser visto <a href=\"https:\/\/www.accord-langues.com\/wp-content\/uploads\/2017\/02\/ACCORD-Paris-Diploma-sample.pdf\" target=\"_blank\" rel=\"noopener noreferrer\">AQUI<\/a>[\/vc_column_text][\/vc_column_inner][vc_column_inner width=&#8221;1\/2&#8243;][vc_column_text]Para se inscrever no exame, entre em contato conosco pelo e-mail booking@accord-langues.com[\/vc_column_text][\/vc_column_inner][\/vc_row_inner][\/vc_column][\/vc_row][vc_row full_width=&#8221;stretch_row&#8221; css=&#8221;.vc_custom_1471605768894{padding-top: 20px !important;background-color: #f0f0f0 !important;}&#8221; el_id=&#8221;homepage-boxes&#8221;][vc_column][vc_row_inner][vc_column_inner width=&#8221;1\/3&#8243;]<div class=\"RFIbox pink\">\n\t<div class=\"RFIbox__media\">\n        <a href=\"https:\/\/examensparis.fr\/\" title=\"\" target=\"_blank\"><img decoding=\"async\" width=\"500\" height=\"333\" src=\"https:\/\/www.accord-langues.com\/wp-content\/uploads\/2016\/06\/box-exams.jpg\" class=\"img-responsive\" alt=\"\" srcset=\"https:\/\/www.accord-langues.com\/wp-content\/uploads\/2016\/06\/box-exams.jpg 500w, https:\/\/www.accord-langues.com\/wp-content\/uploads\/2016\/06\/box-exams-300x200.jpg 300w\" sizes=\"(max-width: 500px) 100vw, 500px\" title=\"box-exams\" \/><\/a>        \t<\/div>\n\n        <div class=\"RFIBox__title\">\n        <a href=\"https:\/\/examensparis.fr\/\" title=\"\" target=\"_blank\">Exames - Diploma<\/a>    <\/div>\n    \n    <\/div>[\/vc_column_inner][\/vc_row_inner][\/vc_column][\/vc_row]<\/p>\n<\/div>","protected":false},"excerpt":{"rendered":"<p>[vc_row full_width=&#8221;stretch_row&#8221; content_placement=&#8221;middle&#8221; css=&#8221;.vc_custom_1509009556865{background-image: url(https:\/\/www.accord-langues.com\/wp-content\/uploads\/2016\/10\/adult-course.jpg?id=348) !important;background-position: center !important;background-repeat: no-repeat !important;background-size: cover !important;}&#8221; el_class=&#8221;header-image&#8221;][vc_column width=&#8221;2\/3&#8243; offset=&#8221;vc_col-sm-offset-2&#8243;][vc_column_text] Exames e certificados de franc\u00eas Centro de exames para o TCF, TCF IRN, TCF Quebec e TCF Canad\u00e1 Ampla sele\u00e7\u00e3o de cursos de franc\u00eas para voc\u00ea se preparar para seus exames de franc\u00eas Obtenha o seu &#8220;Diploma de L\u00edngua e [&hellip;]<\/p>\n","protected":false},"author":10,"featured_media":0,"parent":0,"menu_order":0,"comment_status":"closed","ping_status":"closed","template":"","meta":{"_acf_changed":false,"footnotes":""},"class_list":["post-5939","page","type-page","status-publish","hentry"],"acf":[],"yoast_head":"<!-- This site is optimized with the Yoast SEO Premium plugin v27.5 (Yoast SEO v27.5) - https:\/\/yoast.com\/product\/yoast-seo-premium-wordpress\/ -->\n<title>Exames E Certificados De Franc\u00eas | Accord Paris<\/title>\n<meta name=\"description\" content=\"Prepare-se para os exames e certificados de franc\u00eas em uma escola de idiomas em Paris, na Fran\u00e7a. Cursos de qualidade. Escola credenciada qualidad FLE.\" \/>\n<meta name=\"robots\" content=\"index, follow, max-snippet:-1, max-image-preview:large, max-video-preview:-1\" \/>\n<link rel=\"canonical\" href=\"https:\/\/www.accord-langues.com\/pt-br\/exames-de-frances\/\" \/>\n<meta property=\"og:locale\" content=\"pt_BR\" \/>\n<meta property=\"og:type\" content=\"article\" \/>\n<meta property=\"og:title\" content=\"Exames de franc\u00eas\" \/>\n<meta property=\"og:description\" content=\"Prepare-se para os exames e certificados de franc\u00eas em uma escola de idiomas em Paris, na Fran\u00e7a. Cursos de qualidade. Escola credenciada qualidad FLE.\" \/>\n<meta property=\"og:url\" content=\"https:\/\/www.accord-langues.com\/pt-br\/exames-de-frances\/\" \/>\n<meta property=\"og:site_name\" content=\"Accord Paris\" \/>\n<meta property=\"article:publisher\" content=\"https:\/\/www.facebook.com\/accordecoledelangues\" \/>\n<meta property=\"article:modified_time\" content=\"2024-12-15T17:58:00+00:00\" \/>\n<meta property=\"og:image\" content=\"https:\/\/www.accord-langues.com\/wp-content\/uploads\/2024\/02\/ACCORD-French-Language-School-in-Paris-low-res.jpg\" \/>\n\t<meta property=\"og:image:width\" content=\"1200\" \/>\n\t<meta property=\"og:image:height\" content=\"867\" \/>\n\t<meta property=\"og:image:type\" content=\"image\/jpeg\" \/>\n<meta name=\"twitter:card\" content=\"summary_large_image\" \/>\n<meta name=\"twitter:label1\" content=\"Est. tempo de leitura\" \/>\n\t<meta name=\"twitter:data1\" content=\"3 minutos\" \/>\n<script type=\"application\/ld+json\" class=\"yoast-schema-graph\">{\"@context\":\"https:\\\/\\\/schema.org\",\"@graph\":[{\"@type\":\"WebPage\",\"@id\":\"https:\\\/\\\/www.accord-langues.com\\\/pt-br\\\/exames-de-frances\\\/\",\"url\":\"https:\\\/\\\/www.accord-langues.com\\\/pt-br\\\/exames-de-frances\\\/\",\"name\":\"Exames E Certificados De Franc\u00eas | Accord Paris\",\"isPartOf\":{\"@id\":\"https:\\\/\\\/www.accord-langues.com\\\/pt-br\\\/#website\"},\"datePublished\":\"2018-01-15T10:59:13+00:00\",\"dateModified\":\"2024-12-15T17:58:00+00:00\",\"description\":\"Prepare-se para os exames e certificados de franc\u00eas em uma escola de idiomas em Paris, na Fran\u00e7a. Cursos de qualidade. Escola credenciada qualidad FLE.\",\"inLanguage\":\"pt-BR\",\"potentialAction\":[{\"@type\":\"ReadAction\",\"target\":[\"https:\\\/\\\/www.accord-langues.com\\\/pt-br\\\/exames-de-frances\\\/\"]}]},{\"@type\":\"WebSite\",\"@id\":\"https:\\\/\\\/www.accord-langues.com\\\/pt-br\\\/#website\",\"url\":\"https:\\\/\\\/www.accord-langues.com\\\/pt-br\\\/\",\"name\":\"Accord Paris\",\"description\":\"Learn French in France\",\"publisher\":{\"@id\":\"https:\\\/\\\/www.accord-langues.com\\\/pt-br\\\/#organization\"},\"potentialAction\":[{\"@type\":\"SearchAction\",\"target\":{\"@type\":\"EntryPoint\",\"urlTemplate\":\"https:\\\/\\\/www.accord-langues.com\\\/pt-br\\\/?s={search_term_string}\"},\"query-input\":{\"@type\":\"PropertyValueSpecification\",\"valueRequired\":true,\"valueName\":\"search_term_string\"}}],\"inLanguage\":\"pt-BR\"},{\"@type\":\"Organization\",\"@id\":\"https:\\\/\\\/www.accord-langues.com\\\/pt-br\\\/#organization\",\"name\":\"ACCORD Tour Eiffel\",\"alternateName\":\"Learn French in Paris\",\"url\":\"https:\\\/\\\/www.accord-langues.com\\\/pt-br\\\/\",\"logo\":{\"@type\":\"ImageObject\",\"inLanguage\":\"pt-BR\",\"@id\":\"https:\\\/\\\/www.accord-langues.com\\\/pt-br\\\/#\\\/schema\\\/logo\\\/image\\\/\",\"url\":\"https:\\\/\\\/www.accord-langues.com\\\/wp-content\\\/uploads\\\/2016\\\/06\\\/Logo.png\",\"contentUrl\":\"https:\\\/\\\/www.accord-langues.com\\\/wp-content\\\/uploads\\\/2016\\\/06\\\/Logo.png\",\"width\":290,\"height\":70,\"caption\":\"ACCORD Tour Eiffel\"},\"image\":{\"@id\":\"https:\\\/\\\/www.accord-langues.com\\\/pt-br\\\/#\\\/schema\\\/logo\\\/image\\\/\"},\"sameAs\":[\"https:\\\/\\\/www.facebook.com\\\/accordecoledelangues\",\"https:\\\/\\\/www.linkedin.com\\\/groups\\\/4542133\\\/\"],\"description\":\"ACCORD French Language School is one of the leading schools in France for teaching French to foreign students and offering high quality French language courses in Paris. The ACCORD language school is located in the heart of Paris, nearby the Eiffel Tower. The ACCORD school is open all year round and welcomes students from all over the world from the age of 16 in its French language courses. ACCORD school is accredited by the official \u201cQualit\u00e9 FLE\u201d label and is member of CAMPUS FRANCE, SOUFFLE and Atout France. ACCORD is official exam center for the TCF IRN, TCF TP, TCF Qu\u00e9bec and TCF Canada.\",\"email\":\"info@accord-langues.com\",\"telephone\":\"+33155335233\",\"legalName\":\"FORUM ACCORD\",\"foundingDate\":\"1990-02-23\",\"numberOfEmployees\":{\"@type\":\"QuantitativeValue\",\"minValue\":\"11\",\"maxValue\":\"50\"}}]}<\/script>\n<!-- \/ Yoast SEO Premium plugin. -->","yoast_head_json":{"title":"Exames E Certificados De Franc\u00eas | Accord Paris","description":"Prepare-se para os exames e certificados de franc\u00eas em uma escola de idiomas em Paris, na Fran\u00e7a. Cursos de qualidade. Escola credenciada qualidad FLE.","robots":{"index":"index","follow":"follow","max-snippet":"max-snippet:-1","max-image-preview":"max-image-preview:large","max-video-preview":"max-video-preview:-1"},"canonical":"https:\/\/www.accord-langues.com\/pt-br\/exames-de-frances\/","og_locale":"pt_BR","og_type":"article","og_title":"Exames de franc\u00eas","og_description":"Prepare-se para os exames e certificados de franc\u00eas em uma escola de idiomas em Paris, na Fran\u00e7a. Cursos de qualidade. Escola credenciada qualidad FLE.","og_url":"https:\/\/www.accord-langues.com\/pt-br\/exames-de-frances\/","og_site_name":"Accord Paris","article_publisher":"https:\/\/www.facebook.com\/accordecoledelangues","article_modified_time":"2024-12-15T17:58:00+00:00","og_image":[{"width":1200,"height":867,"url":"https:\/\/www.accord-langues.com\/wp-content\/uploads\/2024\/02\/ACCORD-French-Language-School-in-Paris-low-res.jpg","type":"image\/jpeg"}],"twitter_card":"summary_large_image","twitter_misc":{"Est. tempo de leitura":"3 minutos"},"schema":{"@context":"https:\/\/schema.org","@graph":[{"@type":"WebPage","@id":"https:\/\/www.accord-langues.com\/pt-br\/exames-de-frances\/","url":"https:\/\/www.accord-langues.com\/pt-br\/exames-de-frances\/","name":"Exames E Certificados De Franc\u00eas | Accord Paris","isPartOf":{"@id":"https:\/\/www.accord-langues.com\/pt-br\/#website"},"datePublished":"2018-01-15T10:59:13+00:00","dateModified":"2024-12-15T17:58:00+00:00","description":"Prepare-se para os exames e certificados de franc\u00eas em uma escola de idiomas em Paris, na Fran\u00e7a. Cursos de qualidade. Escola credenciada qualidad FLE.","inLanguage":"pt-BR","potentialAction":[{"@type":"ReadAction","target":["https:\/\/www.accord-langues.com\/pt-br\/exames-de-frances\/"]}]},{"@type":"WebSite","@id":"https:\/\/www.accord-langues.com\/pt-br\/#website","url":"https:\/\/www.accord-langues.com\/pt-br\/","name":"Accord Paris","description":"Learn French in France","publisher":{"@id":"https:\/\/www.accord-langues.com\/pt-br\/#organization"},"potentialAction":[{"@type":"SearchAction","target":{"@type":"EntryPoint","urlTemplate":"https:\/\/www.accord-langues.com\/pt-br\/?s={search_term_string}"},"query-input":{"@type":"PropertyValueSpecification","valueRequired":true,"valueName":"search_term_string"}}],"inLanguage":"pt-BR"},{"@type":"Organization","@id":"https:\/\/www.accord-langues.com\/pt-br\/#organization","name":"ACCORD Tour Eiffel","alternateName":"Learn French in Paris","url":"https:\/\/www.accord-langues.com\/pt-br\/","logo":{"@type":"ImageObject","inLanguage":"pt-BR","@id":"https:\/\/www.accord-langues.com\/pt-br\/#\/schema\/logo\/image\/","url":"https:\/\/www.accord-langues.com\/wp-content\/uploads\/2016\/06\/Logo.png","contentUrl":"https:\/\/www.accord-langues.com\/wp-content\/uploads\/2016\/06\/Logo.png","width":290,"height":70,"caption":"ACCORD Tour Eiffel"},"image":{"@id":"https:\/\/www.accord-langues.com\/pt-br\/#\/schema\/logo\/image\/"},"sameAs":["https:\/\/www.facebook.com\/accordecoledelangues","https:\/\/www.linkedin.com\/groups\/4542133\/"],"description":"ACCORD French Language School is one of the leading schools in France for teaching French to foreign students and offering high quality French language courses in Paris. The ACCORD language school is located in the heart of Paris, nearby the Eiffel Tower. The ACCORD school is open all year round and welcomes students from all over the world from the age of 16 in its French language courses. ACCORD school is accredited by the official \u201cQualit\u00e9 FLE\u201d label and is member of CAMPUS FRANCE, SOUFFLE and Atout France. ACCORD is official exam center for the TCF IRN, TCF TP, TCF Qu\u00e9bec and TCF Canada.","email":"info@accord-langues.com","telephone":"+33155335233","legalName":"FORUM ACCORD","foundingDate":"1990-02-23","numberOfEmployees":{"@type":"QuantitativeValue","minValue":"11","maxValue":"50"}}]}},"_links":{"self":[{"href":"https:\/\/www.accord-langues.com\/pt-br\/wp-json\/wp\/v2\/pages\/5939","targetHints":{"allow":["GET"]}}],"collection":[{"href":"https:\/\/www.accord-langues.com\/pt-br\/wp-json\/wp\/v2\/pages"}],"about":[{"href":"https:\/\/www.accord-langues.com\/pt-br\/wp-json\/wp\/v2\/types\/page"}],"author":[{"embeddable":true,"href":"https:\/\/www.accord-langues.com\/pt-br\/wp-json\/wp\/v2\/users\/10"}],"replies":[{"embeddable":true,"href":"https:\/\/www.accord-langues.com\/pt-br\/wp-json\/wp\/v2\/comments?post=5939"}],"version-history":[{"count":0,"href":"https:\/\/www.accord-langues.com\/pt-br\/wp-json\/wp\/v2\/pages\/5939\/revisions"}],"wp:attachment":[{"href":"https:\/\/www.accord-langues.com\/pt-br\/wp-json\/wp\/v2\/media?parent=5939"}],"curies":[{"name":"wp","href":"https:\/\/api.w.org\/{rel}","templated":true}]}}