{"id":5815,"date":"2016-12-12T16:18:30","date_gmt":"2016-12-12T16:18:30","guid":{"rendered":"https:\/\/www.accord-langues.com\/more-about-accord-language-school\/"},"modified":"2025-12-20T09:19:09","modified_gmt":"2025-12-20T09:19:09","slug":"la-scuola-di-lingue-accord","status":"publish","type":"page","link":"https:\/\/www.accord-langues.com\/it\/la-scuola-di-lingue-accord\/","title":{"rendered":"Perch\u00e9 scegliere la scuola di lingue ACCORD"},"content":{"rendered":"<div class=\"wpb-content-wrapper\"><p>[vc_row full_width=&#8221;stretch_row&#8221; content_placement=&#8221;middle&#8221; css=&#8221;.vc_custom_1481558247212{background-image: url(https:\/\/www.accord-langues.com\/wp-content\/uploads\/2016\/06\/18.jpg?id=52) !important;background-position: center !important;background-repeat: no-repeat !important;background-size: cover !important;}&#8221; el_class=&#8221;header-image bg-top-center&#8221;][vc_column width=&#8221;5\/6&#8243; offset=&#8221;vc_col-sm-offset-1&#8243;][vc_column_text]<\/p>\n<h1 style=\"text-align: center;\">La scuola di lingue ACCORD Paris<\/h1>\n<p style=\"text-align: center;\"><strong>Scuola di francese a Parigi, in Francia<br \/>\nLa scuola di lingue ACCORD Parigi<br \/>\nPrenotate presso ACCORD il corso di lingua francese a Parigi<br \/>\nAd ACCORD Paris potete imparare il francese godendo dello stile di vita francese<br \/>\n<\/strong><\/p>\n<p>[\/vc_column_text][\/vc_column][\/vc_row][vc_row][vc_column][vc_column_text css=&#8221;&#8221;]<\/p>\n<h2 style=\"text-align: center;\"><span style=\"color: #ff6600;\">Perch\u00e9 scegliere la scuola di lingua ACCORD?<\/span><\/h2>\n<p>[\/vc_column_text][vc_separator color=&#8221;custom&#8221; accent_color=&#8221;#dadada&#8221;][vc_row_inner][vc_column_inner width=&#8221;1\/2&#8243;][vc_column_text]<\/p>\n<ul class=\"ticks\">\n<li>La scuola di lingue ACCORD, 1988-2022: 34 anni di esperienza nell&#8217;insegnamento del francese come lingua straniera<\/li>\n<li>La Scuola di lingue ACCORD \u00e8 registrata come Istituto privato di istruzione superiore (n\u00b0 588 presso l&#8217;Accademia di Parigi &#8211; Ministero dell&#8217;Istruzione), con il marchio &#8220;Qualit\u00e9 FLE&#8221; ufficiale ed \u00e8 membro del CAMPUS FRANCE and SOUFFLE.Fle (organizzazione professionale per il francese come centro di formazione linguistica straniera).<\/li>\n<li><span style=\"color: #ff6600;\"><strong>Un&#8217;ampia scelta di corsi per tutte le et\u00e0, a prezzi che si adattano al vostro budget.<\/strong><\/span><\/li>\n<li><span style=\"color: #ff6600;\"><strong>Niente costi nascosti:<\/strong><\/span> Quando vi iscrivete a un corso presso la scuola di lingue ACCORD, non ci sono spese di iscrizione e non ci sono materiali didattici\/libri da acquistare. Tutto \u00e8 incluso nel prezzo del corso, compreso il test d&#8217;ingresso all&#8217;arrivo, il materiale didattico e il certificato di fine corso.<\/li>\n<li><a href=\"https:\/\/www.accord-langues.com\/it\/scuole-di-francese-accord\/\" target=\"_blank\" rel=\"noopener\"><strong>Posizione fantastica!<\/strong><\/a><\/li>\n<li><span style=\"color: #ff6600;\"><strong>Servizi eccellenti!<\/strong><\/span><\/li>\n<li><img decoding=\"async\" class=\"size-full wp-image-1144 alignright\" src=\"https:\/\/www.accord-langues.com\/wp-content\/uploads\/2016\/12\/wifi-en-bleu.jpg\" alt=\"\" width=\"30\" height=\"30\" \/><strong>Wifi gratuito in tutta la scuola.<\/strong><\/li>\n<li><img decoding=\"async\" class=\"alignright size-full wp-image-1143\" src=\"https:\/\/www.accord-langues.com\/wp-content\/uploads\/2016\/12\/handicap-en-bleu.jpg\" alt=\"\" width=\"30\" height=\"30\" \/><strong>La Scuola di lingue ACCORD si rivolge anche a studenti con disabilit\u00e0.<\/strong><\/li>\n<li><strong>Insegnanti amichevoli ed esperti:<\/strong> Gli insegnanti di ACCORD Paris sono tutti laureati, con esperienza nell&#8217;insegnamento del francese come lingua straniera. Inoltre, sono loro che sviluppano e aggiornano il nostro materiale didattico.<\/li>\n<\/ul>\n<p>[\/vc_column_text][\/vc_column_inner][vc_column_inner width=&#8221;1\/2&#8243;][vc_column_text]<\/p>\n<ul class=\"ticks\">\n<li>Personale amministrativo professionale dedicato a organizzare le iscrizioni, l&#8217;alloggio, i trasferimenti e a garantire agli studenti un piacevole soggiorno presso la Scuola di lingue ACCORD. Quando ci contattate, ci impegniamo a rispondere entro 24 ore e a fornirvi tutte le informazioni di cui avete bisogno. Vi consigliamo e vi guidiamo in ogni fase del percorso, dalla fase di richiesta fino al momento in cui siete pronti per l&#8217;iscrizione.<\/li>\n<li>Grande mix di nazionalit\u00e0: Nessuna nazionalit\u00e0 rappresentata oltre il 12%! Nelle nostre scuole ACCORD di Parigi accogliamo studenti e ragazzi da pi\u00f9 di 40 paesi diversi.<\/li>\n<li><span style=\"color: #ff6600;\"><strong>Flessibilit\u00e0:<\/strong> <\/span>ACCORD offre un&#8217;ampia scelta di corsi e programmi con date e durate flessibili. Siamo sempre a vostra disposizione per consigliarvi durante il vostro soggiorno presso ACCORD in modo che possiate scegliere le lezioni che meglio si adattano alle vostre esigenze.<\/li>\n<li>ACCORD Paris \u00e8 <a href=\"https:\/\/examensparis.fr\/\" target=\"_blank\" rel=\"noopener noreferrer\">centro ufficiale d&#8217;esame<\/a> per i TCF, TCF NF, TCF SO, TEF e TEF Canada.<\/li>\n<li><strong><a href=\"https:\/\/www.accord-langues.com\/it\/il-metodo-didattico-di-accord-parigi\/\" target=\"_blank\" rel=\"noopener\">Crediti universitari<\/a>:<\/strong> Gli studenti iscritti alle universit\u00e0 americane possono anche guadagnare crediti e beneficiare di sconti.<\/li>\n<li>ACCORD Paris \u00e8 inoltre riconosciuta dal CSN nei paesi del Nord Europa e dal Bildungsurlaub in diverse regioni tedesche.<\/li>\n<\/ul>\n<p>[\/vc_column_text][\/vc_column_inner][\/vc_row_inner][vc_column_text css=&#8221;&#8221;]<\/p>\n<p style=\"text-align: center;\"><strong>Con ACCORD, non sar\u00e0 un semplice corso di francese, <\/strong><strong>ma un&#8217;esperienza indimenticabile!<\/strong><\/p>\n<p>[\/vc_column_text][\/vc_column][\/vc_row][vc_row full_width=&#8221;stretch_row&#8221; css=&#8221;.vc_custom_1509367896379{padding-bottom: 20px !important;background-color: #f9f9f9 !important;}&#8221;][vc_column][vc_column_text css=&#8221;&#8221;]<\/p>\n<p style=\"text-align: center;\"><strong><span style=\"color: #ff6600;\">Perch\u00e9 scegliere la Scuola di lingue ACCORD<\/span><\/strong><\/p>\n<p>[\/vc_column_text][vc_separator color=&#8221;custom&#8221; accent_color=&#8221;#dadada&#8221;][vc_column_text]Se desiderate imparare il francese, ACCORD Language School \u00e8 il posto migliore per migliorare le vostre competenze linguistiche, sperimentare lo stile di vita parigino ed esplorare la capitale francese.<\/p>\n<p>Le numerose istituzioni ufficiali che accreditano ACCORD Language School hanno confermato la reputazione della scuola per l&#8217;eccellenza dei servizi offerti.<\/p>\n<p>Ma non prendeteci in parola, leggete qui quello che i nostri studenti hanno da dire sul loro soggiorno presso ACCORD.[\/vc_column_text][\/vc_column][\/vc_row]<\/p>\n<\/div>","protected":false},"excerpt":{"rendered":"<p>[vc_row full_width=&#8221;stretch_row&#8221; content_placement=&#8221;middle&#8221; css=&#8221;.vc_custom_1481558247212{background-image: url(https:\/\/www.accord-langues.com\/wp-content\/uploads\/2016\/06\/18.jpg?id=52) !important;background-position: center !important;background-repeat: no-repeat !important;background-size: cover !important;}&#8221; el_class=&#8221;header-image bg-top-center&#8221;][vc_column width=&#8221;5\/6&#8243; offset=&#8221;vc_col-sm-offset-1&#8243;][vc_column_text] La scuola di lingue ACCORD Paris Scuola di francese a Parigi, in Francia La scuola di lingue ACCORD Parigi Prenotate presso ACCORD il corso di lingua francese a Parigi Ad ACCORD Paris potete imparare il francese godendo dello stile [&hellip;]<\/p>\n","protected":false},"author":10,"featured_media":0,"parent":0,"menu_order":0,"comment_status":"closed","ping_status":"closed","template":"","meta":{"_acf_changed":false,"footnotes":""},"class_list":["post-5815","page","type-page","status-publish","hentry"],"acf":[],"yoast_head":"<!-- This site is optimized with the Yoast SEO Premium plugin v27.5 (Yoast SEO v27.5) - https:\/\/yoast.com\/product\/yoast-seo-premium-wordpress\/ -->\n<title>Perch\u00e9 scegliere la scuola di lingue ACCORD - Accord Paris<\/title>\n<meta name=\"description\" content=\"La Scuola di lingue ACCORD en Francia \u00e8 il posto migliore per migliorare le vostre competenze linguistiche e esplorare la capitale francese.\" \/>\n<meta name=\"robots\" content=\"index, follow, max-snippet:-1, max-image-preview:large, max-video-preview:-1\" \/>\n<link rel=\"canonical\" href=\"https:\/\/www.accord-langues.com\/it\/la-scuola-di-lingue-accord\/\" \/>\n<meta property=\"og:locale\" content=\"it_IT\" \/>\n<meta property=\"og:type\" content=\"article\" \/>\n<meta property=\"og:title\" content=\"Perch\u00e9 scegliere la scuola di lingue ACCORD\" \/>\n<meta property=\"og:description\" content=\"La Scuola di lingue ACCORD en Francia \u00e8 il posto migliore per migliorare le vostre competenze linguistiche e esplorare la capitale francese.\" \/>\n<meta property=\"og:url\" content=\"https:\/\/www.accord-langues.com\/it\/la-scuola-di-lingue-accord\/\" \/>\n<meta property=\"og:site_name\" content=\"Accord Paris\" \/>\n<meta property=\"article:publisher\" content=\"https:\/\/www.facebook.com\/accordecoledelangues\" \/>\n<meta property=\"article:modified_time\" content=\"2025-12-20T09:19:09+00:00\" \/>\n<meta property=\"og:image\" content=\"https:\/\/www.accord-langues.com\/wp-content\/uploads\/2016\/12\/wifi-en-bleu.jpg\" \/>\n\t<meta property=\"og:image:width\" content=\"70\" \/>\n\t<meta property=\"og:image:height\" content=\"71\" \/>\n\t<meta property=\"og:image:type\" content=\"image\/jpeg\" \/>\n<meta name=\"twitter:card\" content=\"summary_large_image\" \/>\n<meta name=\"twitter:label1\" content=\"Tempo di lettura stimato\" \/>\n\t<meta name=\"twitter:data1\" content=\"3 minuti\" \/>\n<script type=\"application\/ld+json\" class=\"yoast-schema-graph\">{\"@context\":\"https:\\\/\\\/schema.org\",\"@graph\":[{\"@type\":\"WebPage\",\"@id\":\"https:\\\/\\\/www.accord-langues.com\\\/it\\\/la-scuola-di-lingue-accord\\\/\",\"url\":\"https:\\\/\\\/www.accord-langues.com\\\/it\\\/la-scuola-di-lingue-accord\\\/\",\"name\":\"Perch\u00e9 scegliere la scuola di lingue ACCORD - Accord Paris\",\"isPartOf\":{\"@id\":\"https:\\\/\\\/www.accord-langues.com\\\/it\\\/#website\"},\"primaryImageOfPage\":{\"@id\":\"https:\\\/\\\/www.accord-langues.com\\\/it\\\/la-scuola-di-lingue-accord\\\/#primaryimage\"},\"image\":{\"@id\":\"https:\\\/\\\/www.accord-langues.com\\\/it\\\/la-scuola-di-lingue-accord\\\/#primaryimage\"},\"thumbnailUrl\":\"https:\\\/\\\/www.accord-langues.com\\\/wp-content\\\/uploads\\\/2016\\\/12\\\/wifi-en-bleu.jpg\",\"datePublished\":\"2016-12-12T16:18:30+00:00\",\"dateModified\":\"2025-12-20T09:19:09+00:00\",\"description\":\"La Scuola di lingue ACCORD en Francia \u00e8 il posto migliore per migliorare le vostre competenze linguistiche e esplorare la capitale francese.\",\"inLanguage\":\"it-IT\",\"potentialAction\":[{\"@type\":\"ReadAction\",\"target\":[\"https:\\\/\\\/www.accord-langues.com\\\/it\\\/la-scuola-di-lingue-accord\\\/\"]}]},{\"@type\":\"ImageObject\",\"inLanguage\":\"it-IT\",\"@id\":\"https:\\\/\\\/www.accord-langues.com\\\/it\\\/la-scuola-di-lingue-accord\\\/#primaryimage\",\"url\":\"https:\\\/\\\/www.accord-langues.com\\\/wp-content\\\/uploads\\\/2016\\\/12\\\/wifi-en-bleu.jpg\",\"contentUrl\":\"https:\\\/\\\/www.accord-langues.com\\\/wp-content\\\/uploads\\\/2016\\\/12\\\/wifi-en-bleu.jpg\"},{\"@type\":\"WebSite\",\"@id\":\"https:\\\/\\\/www.accord-langues.com\\\/it\\\/#website\",\"url\":\"https:\\\/\\\/www.accord-langues.com\\\/it\\\/\",\"name\":\"Accord Paris\",\"description\":\"Learn French in France\",\"publisher\":{\"@id\":\"https:\\\/\\\/www.accord-langues.com\\\/it\\\/#organization\"},\"potentialAction\":[{\"@type\":\"SearchAction\",\"target\":{\"@type\":\"EntryPoint\",\"urlTemplate\":\"https:\\\/\\\/www.accord-langues.com\\\/it\\\/?s={search_term_string}\"},\"query-input\":{\"@type\":\"PropertyValueSpecification\",\"valueRequired\":true,\"valueName\":\"search_term_string\"}}],\"inLanguage\":\"it-IT\"},{\"@type\":\"Organization\",\"@id\":\"https:\\\/\\\/www.accord-langues.com\\\/it\\\/#organization\",\"name\":\"ACCORD Tour Eiffel\",\"alternateName\":\"Learn French in Paris\",\"url\":\"https:\\\/\\\/www.accord-langues.com\\\/it\\\/\",\"logo\":{\"@type\":\"ImageObject\",\"inLanguage\":\"it-IT\",\"@id\":\"https:\\\/\\\/www.accord-langues.com\\\/it\\\/#\\\/schema\\\/logo\\\/image\\\/\",\"url\":\"https:\\\/\\\/www.accord-langues.com\\\/wp-content\\\/uploads\\\/2016\\\/06\\\/Logo.png\",\"contentUrl\":\"https:\\\/\\\/www.accord-langues.com\\\/wp-content\\\/uploads\\\/2016\\\/06\\\/Logo.png\",\"width\":290,\"height\":70,\"caption\":\"ACCORD Tour Eiffel\"},\"image\":{\"@id\":\"https:\\\/\\\/www.accord-langues.com\\\/it\\\/#\\\/schema\\\/logo\\\/image\\\/\"},\"sameAs\":[\"https:\\\/\\\/www.facebook.com\\\/accordecoledelangues\",\"https:\\\/\\\/www.linkedin.com\\\/groups\\\/4542133\\\/\"],\"description\":\"ACCORD French Language School is one of the leading schools in France for teaching French to foreign students and offering high quality French language courses in Paris. The ACCORD language school is located in the heart of Paris, nearby the Eiffel Tower. The ACCORD school is open all year round and welcomes students from all over the world from the age of 16 in its French language courses. ACCORD school is accredited by the official \u201cQualit\u00e9 FLE\u201d label and is member of CAMPUS FRANCE, SOUFFLE and Atout France. ACCORD is official exam center for the TCF IRN, TCF TP, TCF Qu\u00e9bec and TCF Canada.\",\"email\":\"info@accord-langues.com\",\"telephone\":\"+33155335233\",\"legalName\":\"FORUM ACCORD\",\"foundingDate\":\"1990-02-23\",\"numberOfEmployees\":{\"@type\":\"QuantitativeValue\",\"minValue\":\"11\",\"maxValue\":\"50\"}}]}<\/script>\n<!-- \/ Yoast SEO Premium plugin. -->","yoast_head_json":{"title":"Perch\u00e9 scegliere la scuola di lingue ACCORD - Accord Paris","description":"La Scuola di lingue ACCORD en Francia \u00e8 il posto migliore per migliorare le vostre competenze linguistiche e esplorare la capitale francese.","robots":{"index":"index","follow":"follow","max-snippet":"max-snippet:-1","max-image-preview":"max-image-preview:large","max-video-preview":"max-video-preview:-1"},"canonical":"https:\/\/www.accord-langues.com\/it\/la-scuola-di-lingue-accord\/","og_locale":"it_IT","og_type":"article","og_title":"Perch\u00e9 scegliere la scuola di lingue ACCORD","og_description":"La Scuola di lingue ACCORD en Francia \u00e8 il posto migliore per migliorare le vostre competenze linguistiche e esplorare la capitale francese.","og_url":"https:\/\/www.accord-langues.com\/it\/la-scuola-di-lingue-accord\/","og_site_name":"Accord Paris","article_publisher":"https:\/\/www.facebook.com\/accordecoledelangues","article_modified_time":"2025-12-20T09:19:09+00:00","og_image":[{"width":70,"height":71,"url":"https:\/\/www.accord-langues.com\/wp-content\/uploads\/2016\/12\/wifi-en-bleu.jpg","type":"image\/jpeg"}],"twitter_card":"summary_large_image","twitter_misc":{"Tempo di lettura stimato":"3 minuti"},"schema":{"@context":"https:\/\/schema.org","@graph":[{"@type":"WebPage","@id":"https:\/\/www.accord-langues.com\/it\/la-scuola-di-lingue-accord\/","url":"https:\/\/www.accord-langues.com\/it\/la-scuola-di-lingue-accord\/","name":"Perch\u00e9 scegliere la scuola di lingue ACCORD - Accord Paris","isPartOf":{"@id":"https:\/\/www.accord-langues.com\/it\/#website"},"primaryImageOfPage":{"@id":"https:\/\/www.accord-langues.com\/it\/la-scuola-di-lingue-accord\/#primaryimage"},"image":{"@id":"https:\/\/www.accord-langues.com\/it\/la-scuola-di-lingue-accord\/#primaryimage"},"thumbnailUrl":"https:\/\/www.accord-langues.com\/wp-content\/uploads\/2016\/12\/wifi-en-bleu.jpg","datePublished":"2016-12-12T16:18:30+00:00","dateModified":"2025-12-20T09:19:09+00:00","description":"La Scuola di lingue ACCORD en Francia \u00e8 il posto migliore per migliorare le vostre competenze linguistiche e esplorare la capitale francese.","inLanguage":"it-IT","potentialAction":[{"@type":"ReadAction","target":["https:\/\/www.accord-langues.com\/it\/la-scuola-di-lingue-accord\/"]}]},{"@type":"ImageObject","inLanguage":"it-IT","@id":"https:\/\/www.accord-langues.com\/it\/la-scuola-di-lingue-accord\/#primaryimage","url":"https:\/\/www.accord-langues.com\/wp-content\/uploads\/2016\/12\/wifi-en-bleu.jpg","contentUrl":"https:\/\/www.accord-langues.com\/wp-content\/uploads\/2016\/12\/wifi-en-bleu.jpg"},{"@type":"WebSite","@id":"https:\/\/www.accord-langues.com\/it\/#website","url":"https:\/\/www.accord-langues.com\/it\/","name":"Accord Paris","description":"Learn French in France","publisher":{"@id":"https:\/\/www.accord-langues.com\/it\/#organization"},"potentialAction":[{"@type":"SearchAction","target":{"@type":"EntryPoint","urlTemplate":"https:\/\/www.accord-langues.com\/it\/?s={search_term_string}"},"query-input":{"@type":"PropertyValueSpecification","valueRequired":true,"valueName":"search_term_string"}}],"inLanguage":"it-IT"},{"@type":"Organization","@id":"https:\/\/www.accord-langues.com\/it\/#organization","name":"ACCORD Tour Eiffel","alternateName":"Learn French in Paris","url":"https:\/\/www.accord-langues.com\/it\/","logo":{"@type":"ImageObject","inLanguage":"it-IT","@id":"https:\/\/www.accord-langues.com\/it\/#\/schema\/logo\/image\/","url":"https:\/\/www.accord-langues.com\/wp-content\/uploads\/2016\/06\/Logo.png","contentUrl":"https:\/\/www.accord-langues.com\/wp-content\/uploads\/2016\/06\/Logo.png","width":290,"height":70,"caption":"ACCORD Tour Eiffel"},"image":{"@id":"https:\/\/www.accord-langues.com\/it\/#\/schema\/logo\/image\/"},"sameAs":["https:\/\/www.facebook.com\/accordecoledelangues","https:\/\/www.linkedin.com\/groups\/4542133\/"],"description":"ACCORD French Language School is one of the leading schools in France for teaching French to foreign students and offering high quality French language courses in Paris. The ACCORD language school is located in the heart of Paris, nearby the Eiffel Tower. The ACCORD school is open all year round and welcomes students from all over the world from the age of 16 in its French language courses. ACCORD school is accredited by the official \u201cQualit\u00e9 FLE\u201d label and is member of CAMPUS FRANCE, SOUFFLE and Atout France. ACCORD is official exam center for the TCF IRN, TCF TP, TCF Qu\u00e9bec and TCF Canada.","email":"info@accord-langues.com","telephone":"+33155335233","legalName":"FORUM ACCORD","foundingDate":"1990-02-23","numberOfEmployees":{"@type":"QuantitativeValue","minValue":"11","maxValue":"50"}}]}},"_links":{"self":[{"href":"https:\/\/www.accord-langues.com\/it\/wp-json\/wp\/v2\/pages\/5815","targetHints":{"allow":["GET"]}}],"collection":[{"href":"https:\/\/www.accord-langues.com\/it\/wp-json\/wp\/v2\/pages"}],"about":[{"href":"https:\/\/www.accord-langues.com\/it\/wp-json\/wp\/v2\/types\/page"}],"author":[{"embeddable":true,"href":"https:\/\/www.accord-langues.com\/it\/wp-json\/wp\/v2\/users\/10"}],"replies":[{"embeddable":true,"href":"https:\/\/www.accord-langues.com\/it\/wp-json\/wp\/v2\/comments?post=5815"}],"version-history":[{"count":1,"href":"https:\/\/www.accord-langues.com\/it\/wp-json\/wp\/v2\/pages\/5815\/revisions"}],"predecessor-version":[{"id":25842,"href":"https:\/\/www.accord-langues.com\/it\/wp-json\/wp\/v2\/pages\/5815\/revisions\/25842"}],"wp:attachment":[{"href":"https:\/\/www.accord-langues.com\/it\/wp-json\/wp\/v2\/media?parent=5815"}],"curies":[{"name":"wp","href":"https:\/\/api.w.org\/{rel}","templated":true}]}}