{"id":5807,"date":"2017-10-30T11:14:27","date_gmt":"2017-10-30T11:14:27","guid":{"rendered":"https:\/\/www.accord-langues.com\/french-school-accreditations\/"},"modified":"2025-12-20T09:20:41","modified_gmt":"2025-12-20T09:20:41","slug":"certificazioni-scuola-francese","status":"publish","type":"page","link":"https:\/\/www.accord-langues.com\/it\/certificazioni-scuola-francese\/","title":{"rendered":"Certificazioni della scuola di francese ACCORD"},"content":{"rendered":"<div class=\"wpb-content-wrapper\"><p>[vc_row full_width=&#8221;stretch_row&#8221; content_placement=&#8221;middle&#8221; css=&#8221;.vc_custom_1509009556865{background-image: url(https:\/\/www.accord-langues.com\/wp-content\/uploads\/2016\/10\/adult-course.jpg?id=348) !important;background-position: center !important;background-repeat: no-repeat !important;background-size: cover !important;}&#8221; el_class=&#8221;header-image&#8221;][vc_column width=&#8221;2\/3&#8243; offset=&#8221;vc_col-sm-offset-2&#8243;][vc_column_text]<\/p>\n<h1 style=\"text-align: center; margin-bottom: 0px;\">Certificazioni della scuola ACCORD<\/h1>\n<p>[\/vc_column_text][\/vc_column][\/vc_row][vc_row][vc_column][vc_column_text css=&#8221;&#8221;]<\/p>\n<h2 style=\"text-align: center; margin-bottom: 0px;\">Certificazioni della scuola di francese ACCORD<\/h2>\n<p>[\/vc_column_text][vc_column_text]<\/p>\n<p style=\"text-align: center;\">Certificazioni della scuola di francese permettono agli studenti di identificare, riconoscere e selezionare le scuole che offrono corsi e servizi che corrispondono alle loro aspettative.<\/p>\n<p>[\/vc_column_text][vc_separator][\/vc_column][\/vc_row][vc_row full_width=&#8221;stretch_row&#8221; css=&#8221;.vc_custom_1524566371249{padding-bottom: 40px !important;}&#8221;][vc_column][vc_row_inner][vc_column_inner width=&#8221;1\/6&#8243;][vc_single_image image=&#8221;9706&#8243; img_size=&#8221;130&#215;187&#8243; onclick=&#8221;custom_link&#8221; img_link_target=&#8221;_blank&#8221; link=&#8221;http:\/\/www.qualitefle.fr\/en&#8221;][\/vc_column_inner][vc_column_inner width=&#8221;5\/6&#8243;][vc_column_text]<\/p>\n<h3>Marchio &#8220;Qualite FLE&#8221;<\/h3>\n<p>Una delle certificazioni pi\u00f9 importanti delle scuole francesi \u00e8 &#8220;Qualit\u00e9 FLE&#8221;. Nel 2007, ACCORD Paris \u00e8 stata una delle prime scuole in Francia ad aver ottenuto il &#8220;Qualit\u00e9 FLE&#8221;, il marchio ufficiale francese che garantisce la qualit\u00e0 dell&#8217;insegnamento, dei locali e dei servizi forniti (amministrazione, iscrizione, alloggio, ecc.) di una scuola situata in Francia e che insegna il francese come lingua straniera.[\/vc_column_text][\/vc_column_inner][\/vc_row_inner][vc_separator][vc_row_inner][vc_column_inner width=&#8221;1\/6&#8243;][vc_single_image image=&#8221;3362&#8243; img_size=&#8221;full&#8221; onclick=&#8221;custom_link&#8221; img_link_target=&#8221;_blank&#8221; link=&#8221;https:\/\/www.accord-langues.com\/&#8221;][\/vc_column_inner][vc_column_inner width=&#8221;5\/6&#8243;][vc_column_text]<\/p>\n<h3>&#8220;Istituto privato di istruzione superiore&#8221;<\/h3>\n<p>Prima di tutto ACCORD Paris \u00e8 registrato come Istituto Privato di Istruzione Superiore (n\u00b0588) presso l&#8217;Accademia di Parigi &#8211; Ministero dell&#8217;Istruzione Superiore. Simile alle certificazioni delle scuole francesi, la registrazione della nostra scuola di lingua francese come Istituto privato di istruzione superiore \u00e8 un&#8217;altra garanzia della qualit\u00e0 di ACCORD Paris.[\/vc_column_text][\/vc_column_inner][\/vc_row_inner][vc_separator][vc_row_inner][vc_column_inner width=&#8221;1\/6&#8243;][vc_single_image image=&#8221;3187&#8243; img_size=&#8221;full&#8221; onclick=&#8221;custom_link&#8221; img_link_target=&#8221;_blank&#8221; link=&#8221;https:\/\/www.campusfrance.org\/en&#8221;][\/vc_column_inner][vc_column_inner width=&#8221;5\/6&#8243;][vc_column_text]<\/p>\n<h3>CAMPUS FRANCE<\/h3>\n<p><a href=\"https:\/\/www.accord-langues.com\/it\/\" target=\"_blank\" rel=\"noopener noreferrer\">ACCORD Parigi<\/a> \u00e8 membro di CAMPUS FRANCE.<br \/>\nCAMPUS FRANCE \u00e8 un&#8217;organizzazione ufficiale (creata dallo Stato francese &#8211; Legge n\u00b02010-873, 27 luglio 2010) che ha lo scopo di informare, promuovere e proporre il sistema francese di istruzione superiore all&#8217;estero. Come le certificazioni delle scuole francesi, l&#8217;adesione a CAMPUS FRANCE \u00e8 un&#8217;altra garanzia della qualit\u00e0 della scuola di lingua ACCORD di Parigi.[\/vc_column_text][\/vc_column_inner][\/vc_row_inner][vc_separator][vc_row_inner][vc_column_inner width=&#8221;1\/6&#8243;][vc_single_image image=&#8221;3332&#8243; img_size=&#8221;full&#8221; onclick=&#8221;custom_link&#8221; img_link_target=&#8221;_blank&#8221; link=&#8221;http:\/\/www.souffle.asso.fr\/&#8221;][\/vc_column_inner][vc_column_inner width=&#8221;5\/6&#8243;][vc_column_text css=&#8221;&#8221;]<\/p>\n<h3><a href=\"https:\/\/souffle-fle.com\/ecoles-adultes\/accord-paris\/\" target=\"_blank\" rel=\"noopener\">SOUFFLE<\/a><\/h3>\n<p>Inoltre, <a href=\"https:\/\/www.accord-langues.com\/it\/\" target=\"_blank\" rel=\"noopener noreferrer\">ACCORD Parisgi<\/a> \u00e8 membro di SOUFFLE, un&#8217;associazione professionale di scuole di lingue di alta qualit\u00e0 che insegnano il francese come lingua straniera. Le scuole di lingua francese SOUFFLE si impegnano a mantenere l&#8217;alta qualit\u00e0 dei loro corsi e servizi. Questo \u00e8 il motivo per cui tutte le scuole SOUFFLE FLE situate in Francia hanno anche le certificazioni delle scuole di francese richieste.[\/vc_column_text][\/vc_column_inner][\/vc_row_inner][vc_separator][vc_row_inner][vc_column_inner width=&#8221;1\/6&#8243;][vc_single_image image=&#8221;3527&#8243; img_size=&#8221;full&#8221; onclick=&#8221;custom_link&#8221; img_link_target=&#8221;_blank&#8221; css=&#8221;.vc_custom_1532335020762{margin-top: 20px !important;}&#8221; link=&#8221;http:\/\/www.bildungsurlaub.de\/home.html&#8221;][\/vc_column_inner][vc_column_inner width=&#8221;5\/6&#8243;][vc_column_text]<\/p>\n<h3>Bildungsurlaub<\/h3>\n<p>La Bildungsurlaub \u00e8 un congedo scolastico sovvenzionato per motivi di sviluppo personale e di formazione, controllato dai L\u00e4nder tedeschi. ACCORD Paris \u00e8 una delle scuole di lingua francese autorizzate che i dipendenti tedeschi possono scegliere per la loro formazione linguistica.<\/p>\n<p>Di conseguenza, la scuola di lingua francese ACCORD \u00e8 riconosciuta nei seguenti L\u00e4nder tedeschi: Berlino, Brandeburgo, Brema, Amburgo, Assia, Meclemburgo-Pomerania occidentale, Bassa Sassonia, Renania-Palatinato&#8230;..[\/vc_column_text][\/vc_column_inner][\/vc_row_inner][vc_separator][vc_row_inner][vc_column_inner width=&#8221;1\/6&#8243;][vc_single_image image=&#8221;3447&#8243; img_size=&#8221;full&#8221; alignment=&#8221;center&#8221; onclick=&#8221;custom_link&#8221; img_link_target=&#8221;_blank&#8221; link=&#8221;https:\/\/www.csn.se\/&#8221;][\/vc_column_inner][vc_column_inner width=&#8221;5\/6&#8243;][vc_column_text]<\/p>\n<h3>CSN<\/h3>\n<p>I corsi di francese ACCORD Paris sono approvati dal Consiglio nazionale svedese per l&#8217;aiuto agli studenti (CSN). Di conseguenza, gli studenti svedesi che desiderano migliorare le loro conoscenze della lingua francese presso ACCORD Paris possono beneficiare di un aiuto finanziario da parte di questa organizzazione.[\/vc_column_text][\/vc_column_inner][\/vc_row_inner][vc_separator][vc_row_inner][vc_column_inner width=&#8221;1\/6&#8243;][vc_single_image image=&#8221;3342&#8243; img_size=&#8221;full&#8221; onclick=&#8221;custom_link&#8221; img_link_target=&#8221;_blank&#8221; link=&#8221;http:\/\/www.europarl.europa.eu\/portal\/en&#8221;][\/vc_column_inner][vc_column_inner width=&#8221;5\/6&#8243;][vc_column_text]<\/p>\n<h3>Parlamento europeo<\/h3>\n<p>ACCORD Paris \u00e8 riconosciuta come scuola di lingua partner dal PARLAMENTO EUROPEO per l&#8217;insegnamento del francese come lingua straniera a traduttori, interpreti e membri del Parlamento Europeo.[\/vc_column_text][\/vc_column_inner][\/vc_row_inner][vc_row_inner][vc_column_inner][vc_column_text]<strong>Grazie alle certificazioni delle scuole francesi ottenuti da ACCORD Paris, gli studenti sono sicuri di seguire un corso di francese di qualit\u00e0 in una scuola che fornisce anche servizi che corrispondono alle loro aspettative.<\/strong>[\/vc_column_text][\/vc_column_inner][\/vc_row_inner][\/vc_column][\/vc_row][vc_row full_width=&#8221;stretch_row&#8221; css=&#8221;.vc_custom_1471605768894{padding-top: 20px !important;background-color: #f0f0f0 !important;}&#8221; el_id=&#8221;homepage-boxes&#8221;][vc_column][vc_row_inner][vc_column_inner width=&#8221;1\/3&#8243;]<div class=\"RFIbox green a-man\">\n\t<div class=\"RFIbox__media\">\n        <a href=\"https:\/\/www.accord-langues.com\/it\/corsi-di-francese-adulti-parigi\/\" title=\"\" target=\"_blank\"><img decoding=\"async\" width=\"500\" height=\"333\" src=\"https:\/\/www.accord-langues.com\/wp-content\/uploads\/2016\/06\/box-adults.jpg\" class=\"img-responsive\" alt=\"\" srcset=\"https:\/\/www.accord-langues.com\/wp-content\/uploads\/2016\/06\/box-adults.jpg 500w, https:\/\/www.accord-langues.com\/wp-content\/uploads\/2016\/06\/box-adults-300x200.jpg 300w\" sizes=\"(max-width: 500px) 100vw, 500px\" title=\"box-adults\" \/><\/a>        \t<\/div>\n\n        <div class=\"RFIBox__title\">\n        <a href=\"https:\/\/www.accord-langues.com\/it\/corsi-di-francese-adulti-parigi\/\" title=\"\" target=\"_blank\">Corsi di francese per adulti<\/a>    <\/div>\n    \n    <\/div>[\/vc_column_inner][vc_column_inner width=&#8221;1\/3&#8243;]<div class=\"RFIbox navy psg\">\n\t<div class=\"RFIbox__media\">\n        <a href=\"https:\/\/www.accord-langues.com\/it\/corsi-di-francese-per-adolescenti\/\" title=\"\" target=\"_blank\"><img decoding=\"async\" width=\"500\" height=\"333\" src=\"https:\/\/www.accord-langues.com\/wp-content\/uploads\/2016\/06\/box-juniors.jpg\" class=\"img-responsive\" alt=\"\" srcset=\"https:\/\/www.accord-langues.com\/wp-content\/uploads\/2016\/06\/box-juniors.jpg 500w, https:\/\/www.accord-langues.com\/wp-content\/uploads\/2016\/06\/box-juniors-300x200.jpg 300w\" sizes=\"(max-width: 500px) 100vw, 500px\" title=\"box-juniors\" \/><\/a>        \t<\/div>\n\n        <div class=\"RFIBox__title\">\n        <a href=\"https:\/\/www.accord-langues.com\/it\/corsi-di-francese-per-adolescenti\/\" title=\"\" target=\"_blank\">Corsi di francese per ragazzi<\/a>    <\/div>\n    \n    <\/div>[\/vc_column_inner][vc_column_inner width=&#8221;1\/3&#8243;]<div class=\"RFIbox pink\">\n\t<div class=\"RFIbox__media\">\n        <a href=\"https:\/\/examensparis.fr\/\" title=\"\" target=\"_blank\"><img decoding=\"async\" width=\"500\" height=\"333\" src=\"https:\/\/www.accord-langues.com\/wp-content\/uploads\/2016\/06\/box-exams.jpg\" class=\"img-responsive\" alt=\"\" srcset=\"https:\/\/www.accord-langues.com\/wp-content\/uploads\/2016\/06\/box-exams.jpg 500w, https:\/\/www.accord-langues.com\/wp-content\/uploads\/2016\/06\/box-exams-300x200.jpg 300w\" sizes=\"(max-width: 500px) 100vw, 500px\" title=\"box-exams\" \/><\/a>        \t<\/div>\n\n        <div class=\"RFIBox__title\">\n        <a href=\"https:\/\/examensparis.fr\/\" title=\"\" target=\"_blank\">Esami<\/a>    <\/div>\n    \n    <\/div>[\/vc_column_inner][\/vc_row_inner][\/vc_column][\/vc_row]<\/p>\n<\/div>","protected":false},"excerpt":{"rendered":"<p>[vc_row full_width=&#8221;stretch_row&#8221; content_placement=&#8221;middle&#8221; css=&#8221;.vc_custom_1509009556865{background-image: url(https:\/\/www.accord-langues.com\/wp-content\/uploads\/2016\/10\/adult-course.jpg?id=348) !important;background-position: center !important;background-repeat: no-repeat !important;background-size: cover !important;}&#8221; el_class=&#8221;header-image&#8221;][vc_column width=&#8221;2\/3&#8243; offset=&#8221;vc_col-sm-offset-2&#8243;][vc_column_text] Certificazioni della scuola ACCORD [\/vc_column_text][\/vc_column][\/vc_row][vc_row][vc_column][vc_column_text css=&#8221;&#8221;] Certificazioni della scuola di francese ACCORD [\/vc_column_text][vc_column_text] Certificazioni della scuola di francese permettono agli studenti di identificare, riconoscere e selezionare le scuole che offrono corsi e servizi che corrispondono alle loro aspettative. [\/vc_column_text][vc_separator][\/vc_column][\/vc_row][vc_row full_width=&#8221;stretch_row&#8221; [&hellip;]<\/p>\n","protected":false},"author":10,"featured_media":0,"parent":0,"menu_order":0,"comment_status":"closed","ping_status":"closed","template":"","meta":{"_acf_changed":false,"footnotes":""},"class_list":["post-5807","page","type-page","status-publish","hentry"],"acf":[],"yoast_head":"<!-- This site is optimized with the Yoast SEO Premium plugin v27.3 (Yoast SEO v27.3) - https:\/\/yoast.com\/product\/yoast-seo-premium-wordpress\/ -->\n<title>Certificazioni della scuola di francese ACCORD - Accord Paris<\/title>\n<meta name=\"description\" content=\"Certificazioni della scuola di francese ACCORD Parigi para corso de qualita: Qualit\u00e9 FLE, CSN, Bildungsurlaub, SOUFFLE, CAMPUS FRANCE,...\" \/>\n<meta name=\"robots\" content=\"index, follow, max-snippet:-1, max-image-preview:large, max-video-preview:-1\" \/>\n<link rel=\"canonical\" href=\"https:\/\/www.accord-langues.com\/it\/certificazioni-scuola-francese\/\" \/>\n<meta property=\"og:locale\" content=\"it_IT\" \/>\n<meta property=\"og:type\" content=\"article\" \/>\n<meta property=\"og:title\" content=\"Certificazioni della scuola di francese ACCORD\" \/>\n<meta property=\"og:description\" content=\"Certificazioni della scuola di francese ACCORD Parigi para corso de qualita: Qualit\u00e9 FLE, CSN, Bildungsurlaub, SOUFFLE, CAMPUS FRANCE,...\" \/>\n<meta property=\"og:url\" content=\"https:\/\/www.accord-langues.com\/it\/certificazioni-scuola-francese\/\" \/>\n<meta property=\"og:site_name\" content=\"Accord Paris\" \/>\n<meta property=\"article:publisher\" content=\"https:\/\/www.facebook.com\/accordecoledelangues\" \/>\n<meta property=\"article:modified_time\" content=\"2025-12-20T09:20:41+00:00\" \/>\n<meta property=\"og:image\" content=\"https:\/\/www.accord-langues.com\/wp-content\/uploads\/2024\/02\/ACCORD-French-Language-School-in-Paris-low-res.jpg\" \/>\n\t<meta property=\"og:image:width\" content=\"1200\" \/>\n\t<meta property=\"og:image:height\" content=\"867\" \/>\n\t<meta property=\"og:image:type\" content=\"image\/jpeg\" \/>\n<meta name=\"twitter:card\" content=\"summary_large_image\" \/>\n<meta name=\"twitter:label1\" content=\"Tempo di lettura stimato\" \/>\n\t<meta name=\"twitter:data1\" content=\"3 minuti\" \/>\n<script type=\"application\/ld+json\" class=\"yoast-schema-graph\">{\"@context\":\"https:\\\/\\\/schema.org\",\"@graph\":[{\"@type\":\"WebPage\",\"@id\":\"https:\\\/\\\/www.accord-langues.com\\\/it\\\/certificazioni-scuola-francese\\\/\",\"url\":\"https:\\\/\\\/www.accord-langues.com\\\/it\\\/certificazioni-scuola-francese\\\/\",\"name\":\"Certificazioni della scuola di francese ACCORD - Accord Paris\",\"isPartOf\":{\"@id\":\"https:\\\/\\\/www.accord-langues.com\\\/it\\\/#website\"},\"datePublished\":\"2017-10-30T11:14:27+00:00\",\"dateModified\":\"2025-12-20T09:20:41+00:00\",\"description\":\"Certificazioni della scuola di francese ACCORD Parigi para corso de qualita: Qualit\u00e9 FLE, CSN, Bildungsurlaub, SOUFFLE, CAMPUS FRANCE,...\",\"inLanguage\":\"it-IT\",\"potentialAction\":[{\"@type\":\"ReadAction\",\"target\":[\"https:\\\/\\\/www.accord-langues.com\\\/it\\\/certificazioni-scuola-francese\\\/\"]}]},{\"@type\":\"WebSite\",\"@id\":\"https:\\\/\\\/www.accord-langues.com\\\/it\\\/#website\",\"url\":\"https:\\\/\\\/www.accord-langues.com\\\/it\\\/\",\"name\":\"Accord Paris\",\"description\":\"Learn French in France\",\"publisher\":{\"@id\":\"https:\\\/\\\/www.accord-langues.com\\\/it\\\/#organization\"},\"potentialAction\":[{\"@type\":\"SearchAction\",\"target\":{\"@type\":\"EntryPoint\",\"urlTemplate\":\"https:\\\/\\\/www.accord-langues.com\\\/it\\\/?s={search_term_string}\"},\"query-input\":{\"@type\":\"PropertyValueSpecification\",\"valueRequired\":true,\"valueName\":\"search_term_string\"}}],\"inLanguage\":\"it-IT\"},{\"@type\":\"Organization\",\"@id\":\"https:\\\/\\\/www.accord-langues.com\\\/it\\\/#organization\",\"name\":\"ACCORD Tour Eiffel\",\"alternateName\":\"Learn French in Paris\",\"url\":\"https:\\\/\\\/www.accord-langues.com\\\/it\\\/\",\"logo\":{\"@type\":\"ImageObject\",\"inLanguage\":\"it-IT\",\"@id\":\"https:\\\/\\\/www.accord-langues.com\\\/it\\\/#\\\/schema\\\/logo\\\/image\\\/\",\"url\":\"https:\\\/\\\/www.accord-langues.com\\\/wp-content\\\/uploads\\\/2016\\\/06\\\/Logo.png\",\"contentUrl\":\"https:\\\/\\\/www.accord-langues.com\\\/wp-content\\\/uploads\\\/2016\\\/06\\\/Logo.png\",\"width\":290,\"height\":70,\"caption\":\"ACCORD Tour Eiffel\"},\"image\":{\"@id\":\"https:\\\/\\\/www.accord-langues.com\\\/it\\\/#\\\/schema\\\/logo\\\/image\\\/\"},\"sameAs\":[\"https:\\\/\\\/www.facebook.com\\\/accordecoledelangues\",\"https:\\\/\\\/www.linkedin.com\\\/groups\\\/4542133\\\/\"],\"description\":\"ACCORD French Language School is one of the leading schools in France for teaching French to foreign students and offering high quality French language courses in Paris. The ACCORD language school is located in the heart of Paris, nearby the Eiffel Tower. The ACCORD school is open all year round and welcomes students from all over the world from the age of 16 in its French language courses. ACCORD school is accredited by the official \u201cQualit\u00e9 FLE\u201d label and is member of CAMPUS FRANCE, SOUFFLE and Atout France. ACCORD is official exam center for the TCF IRN, TCF TP, TCF Qu\u00e9bec and TCF Canada.\",\"email\":\"info@accord-langues.com\",\"telephone\":\"+33155335233\",\"legalName\":\"FORUM ACCORD\",\"foundingDate\":\"1990-02-23\",\"numberOfEmployees\":{\"@type\":\"QuantitativeValue\",\"minValue\":\"11\",\"maxValue\":\"50\"}}]}<\/script>\n<!-- \/ Yoast SEO Premium plugin. -->","yoast_head_json":{"title":"Certificazioni della scuola di francese ACCORD - Accord Paris","description":"Certificazioni della scuola di francese ACCORD Parigi para corso de qualita: Qualit\u00e9 FLE, CSN, Bildungsurlaub, SOUFFLE, CAMPUS FRANCE,...","robots":{"index":"index","follow":"follow","max-snippet":"max-snippet:-1","max-image-preview":"max-image-preview:large","max-video-preview":"max-video-preview:-1"},"canonical":"https:\/\/www.accord-langues.com\/it\/certificazioni-scuola-francese\/","og_locale":"it_IT","og_type":"article","og_title":"Certificazioni della scuola di francese ACCORD","og_description":"Certificazioni della scuola di francese ACCORD Parigi para corso de qualita: Qualit\u00e9 FLE, CSN, Bildungsurlaub, SOUFFLE, CAMPUS FRANCE,...","og_url":"https:\/\/www.accord-langues.com\/it\/certificazioni-scuola-francese\/","og_site_name":"Accord Paris","article_publisher":"https:\/\/www.facebook.com\/accordecoledelangues","article_modified_time":"2025-12-20T09:20:41+00:00","og_image":[{"width":1200,"height":867,"url":"https:\/\/www.accord-langues.com\/wp-content\/uploads\/2024\/02\/ACCORD-French-Language-School-in-Paris-low-res.jpg","type":"image\/jpeg"}],"twitter_card":"summary_large_image","twitter_misc":{"Tempo di lettura stimato":"3 minuti"},"schema":{"@context":"https:\/\/schema.org","@graph":[{"@type":"WebPage","@id":"https:\/\/www.accord-langues.com\/it\/certificazioni-scuola-francese\/","url":"https:\/\/www.accord-langues.com\/it\/certificazioni-scuola-francese\/","name":"Certificazioni della scuola di francese ACCORD - Accord Paris","isPartOf":{"@id":"https:\/\/www.accord-langues.com\/it\/#website"},"datePublished":"2017-10-30T11:14:27+00:00","dateModified":"2025-12-20T09:20:41+00:00","description":"Certificazioni della scuola di francese ACCORD Parigi para corso de qualita: Qualit\u00e9 FLE, CSN, Bildungsurlaub, SOUFFLE, CAMPUS FRANCE,...","inLanguage":"it-IT","potentialAction":[{"@type":"ReadAction","target":["https:\/\/www.accord-langues.com\/it\/certificazioni-scuola-francese\/"]}]},{"@type":"WebSite","@id":"https:\/\/www.accord-langues.com\/it\/#website","url":"https:\/\/www.accord-langues.com\/it\/","name":"Accord Paris","description":"Learn French in France","publisher":{"@id":"https:\/\/www.accord-langues.com\/it\/#organization"},"potentialAction":[{"@type":"SearchAction","target":{"@type":"EntryPoint","urlTemplate":"https:\/\/www.accord-langues.com\/it\/?s={search_term_string}"},"query-input":{"@type":"PropertyValueSpecification","valueRequired":true,"valueName":"search_term_string"}}],"inLanguage":"it-IT"},{"@type":"Organization","@id":"https:\/\/www.accord-langues.com\/it\/#organization","name":"ACCORD Tour Eiffel","alternateName":"Learn French in Paris","url":"https:\/\/www.accord-langues.com\/it\/","logo":{"@type":"ImageObject","inLanguage":"it-IT","@id":"https:\/\/www.accord-langues.com\/it\/#\/schema\/logo\/image\/","url":"https:\/\/www.accord-langues.com\/wp-content\/uploads\/2016\/06\/Logo.png","contentUrl":"https:\/\/www.accord-langues.com\/wp-content\/uploads\/2016\/06\/Logo.png","width":290,"height":70,"caption":"ACCORD Tour Eiffel"},"image":{"@id":"https:\/\/www.accord-langues.com\/it\/#\/schema\/logo\/image\/"},"sameAs":["https:\/\/www.facebook.com\/accordecoledelangues","https:\/\/www.linkedin.com\/groups\/4542133\/"],"description":"ACCORD French Language School is one of the leading schools in France for teaching French to foreign students and offering high quality French language courses in Paris. The ACCORD language school is located in the heart of Paris, nearby the Eiffel Tower. The ACCORD school is open all year round and welcomes students from all over the world from the age of 16 in its French language courses. ACCORD school is accredited by the official \u201cQualit\u00e9 FLE\u201d label and is member of CAMPUS FRANCE, SOUFFLE and Atout France. ACCORD is official exam center for the TCF IRN, TCF TP, TCF Qu\u00e9bec and TCF Canada.","email":"info@accord-langues.com","telephone":"+33155335233","legalName":"FORUM ACCORD","foundingDate":"1990-02-23","numberOfEmployees":{"@type":"QuantitativeValue","minValue":"11","maxValue":"50"}}]}},"_links":{"self":[{"href":"https:\/\/www.accord-langues.com\/it\/wp-json\/wp\/v2\/pages\/5807","targetHints":{"allow":["GET"]}}],"collection":[{"href":"https:\/\/www.accord-langues.com\/it\/wp-json\/wp\/v2\/pages"}],"about":[{"href":"https:\/\/www.accord-langues.com\/it\/wp-json\/wp\/v2\/types\/page"}],"author":[{"embeddable":true,"href":"https:\/\/www.accord-langues.com\/it\/wp-json\/wp\/v2\/users\/10"}],"replies":[{"embeddable":true,"href":"https:\/\/www.accord-langues.com\/it\/wp-json\/wp\/v2\/comments?post=5807"}],"version-history":[{"count":2,"href":"https:\/\/www.accord-langues.com\/it\/wp-json\/wp\/v2\/pages\/5807\/revisions"}],"predecessor-version":[{"id":25898,"href":"https:\/\/www.accord-langues.com\/it\/wp-json\/wp\/v2\/pages\/5807\/revisions\/25898"}],"wp:attachment":[{"href":"https:\/\/www.accord-langues.com\/it\/wp-json\/wp\/v2\/media?parent=5807"}],"curies":[{"name":"wp","href":"https:\/\/api.w.org\/{rel}","templated":true}]}}