{"id":5785,"date":"2018-01-15T10:59:13","date_gmt":"2018-01-15T10:59:13","guid":{"rendered":"https:\/\/www.accord-langues.com\/french-certificates-and-french-exams\/"},"modified":"2021-12-19T15:49:05","modified_gmt":"2021-12-19T15:49:05","slug":"esami-di-francese","status":"publish","type":"page","link":"https:\/\/www.accord-langues.com\/it\/esami-di-francese\/","title":{"rendered":"Certificati ed esami di francese"},"content":{"rendered":"<div class=\"wpb-content-wrapper\"><p>[vc_row full_width=&#8221;stretch_row&#8221; content_placement=&#8221;middle&#8221; css=&#8221;.vc_custom_1509009556865{background-image: url(https:\/\/www.accord-langues.com\/wp-content\/uploads\/2016\/10\/adult-course.jpg?id=348) !important;background-position: center !important;background-repeat: no-repeat !important;background-size: cover !important;}&#8221; el_class=&#8221;header-image&#8221;][vc_column width=&#8221;2\/3&#8243; offset=&#8221;vc_col-sm-offset-2&#8243;][vc_column_text]<\/p>\n<h1>Esami di francese e certificati di francese<\/h1>\n<p><strong>ACCORD \u00e8 un centro d&#8217;esame per i TCF, TCF IRN, TCF Quebec e TCF Canada<\/strong><br \/>\n<strong>Ampia scelta di corsi di francese per preparare i certificati e gli esami di francese<\/strong><br \/>\n<strong>Prendi il &#8220;Dipl\u00f4me de langue et culture fran\u00e7aises&#8221; presso ACCORD Paris<\/strong><br \/>\n<strong>Prepara il TCF, TCF IRN, DELF e DALF presso ACCORD Paris<\/strong>[\/vc_column_text][\/vc_column][\/vc_row][vc_row][vc_column][vc_column_text]<\/p>\n<h2 style=\"text-align: center;\"><span style=\"color: #ff6600;\">Certificati ed esami di francese<\/span><\/h2>\n<p>[\/vc_column_text][\/vc_column][\/vc_row][vc_row full_width=&#8221;stretch_row&#8221; css=&#8221;.vc_custom_1509364080525{padding-bottom: 40px !important;}&#8221;][vc_column][vc_row_inner][vc_column_inner][vc_column_text]<strong><a href=\"https:\/\/www.accord-langues.com\/it\/\" target=\"_blank\" rel=\"noopener noreferrer\">ACCORD Paris \u00e8 un centro d&#8217;esame<\/a> per i seguenti certificati ed <a href=\"https:\/\/examensparis.fr\/\" target=\"_blank\" rel=\"noopener noreferrer\">esami di francese<\/a>: TCF, TCF IRN, TCF Quebec e TCF Canada.<\/strong><\/p>\n<p><strong>ACCORD \u00e8 anche il centro d&#8217;esame per il &#8220;Dipl\u00f4me de langue et culture fran\u00e7aises&#8221;.<\/strong><\/p>\n<p>Ad ACCORD \u00e8 possibile selezionare uno dei nostri corsi intensivi o semi-intensivi per preparare questi esami.<\/p>\n<p>Presso ACCORD iscriversi ad uno di questi certificati ed esami di francese:<\/p>\n<ul class=\"ticks\">\n<li>Compilate il modulo di prenotazione dell&#8217;esame selezionato <a href=\"https:\/\/examensparis.fr\/\" target=\"_blank\" rel=\"noopener\">(scarica aqui)<\/a> qui di seguito e rispeditelo via e-mail.<\/li>\n<li>Alla ricezione del modulo di prenotazione (debitamente compilato), vi inviamo via e-mail un link di pagamento sicuro. Vi preghiamo di controllare sempre la casella Spam poich\u00e9 alcuni provider di posta elettronica considerano i link in un&#8217;e-mail come un possibile Spam!<\/li>\n<li>Alla ricezione del pagamento vi verr\u00e0 inviata una conferma di prenotazione via e-mail e una settimana prima della data dell&#8217;esame riceverete per posta la vostra &#8220;convocation officielle&#8221; (notifica ufficiale per partecipare all&#8217;esame) che dovrete portare con voi insieme al passaporto la data dell&#8217;esame. Tramite tale documento sarete informati dell&#8217;orario d&#8217;esame!<\/li>\n<li><span style=\"color: #ff0000;\"><strong>IMPORTANTE<\/strong><\/span> \u2013 leggere con attenzione:<br \/>\n<strong><strong>Se volete iscrivervi alla scuola o se venite a scuola per chiedere informazioni sugli esami, tenete presente che l&#8217;ufficio esami \u00e8 aperto: Marted\u00ec, mercoled\u00ec e gioved\u00ec pomeriggio, dalle 14:30 alle 17:00.<br \/>\n<\/strong><\/strong>Se desiderate contattare la scuola per avere maggiori informazioni sugli esami, \u00e8 bene tenere presente che l&#8217;ufficio esami risponder\u00e0 il marted\u00ec, mercoled\u00ec e gioved\u00ec pomeriggio, tra le 14:30 e le 17:00.<br \/>\n<strong>Si prega di notare che al di fuori di questi orari e giorni, il personale ACCORD della reception non sar\u00e0 in grado di rispondere alle vostre domande o di darvi il benvenuto per prenotare uno degli esami.<\/strong><\/li>\n<\/ul>\n<p>[\/vc_column_text][vc_separator][\/vc_column_inner][\/vc_row_inner][vc_row_inner el_id=&#8221;Diplome&#8221;][vc_column_inner][vc_column_text]<\/p>\n<h3 style=\"text-align: center;\"><span style=\"color: #ff6600;\">&#8220;Dipl\u00f4me de langue et culture fran\u00e7aises&#8221;<\/span><\/h3>\n<p>[\/vc_column_text][\/vc_column_inner][vc_column_inner width=&#8221;1\/2&#8243;][vc_column_text]Al termine del corso, gli studenti ACCORD possono sostenere l&#8217;esame per ottenere il &#8220;Dipl\u00f4me de Langue et Culture Fran\u00e7aises&#8221; ufficiale riconosciuto dall&#8217;Acad\u00e9mie de Paris, per una tariffa di soli 50 euro.<\/p>\n<p>Anche gli studenti che non seguono un corso presso ACCORD possono sostenere questo esame ad una tariffa di 100 euro.<\/p>\n<p>Un esempio del Diploma pu\u00f2 essere visionato <a href=\"https:\/\/www.accord-langues.com\/wp-content\/uploads\/2017\/02\/ACCORD-Paris-Diploma-sample.pdf\" target=\"_blank\" rel=\"noopener noreferrer\">QUI<\/a>[\/vc_column_text][\/vc_column_inner][vc_column_inner width=&#8221;1\/2&#8243;][vc_column_text]Per iscriversi all&#8217;esame, <a href=\"https:\/\/www.accord-langues.com\/it\/contattateci\/\" target=\"_blank\" rel=\"noopener noreferrer\">contattateci via e-mail<\/a>[\/vc_column_text][\/vc_column_inner][\/vc_row_inner][\/vc_column][\/vc_row][vc_row full_width=&#8221;stretch_row&#8221; css=&#8221;.vc_custom_1471605768894{padding-top: 20px !important;background-color: #f0f0f0 !important;}&#8221; el_id=&#8221;homepage-boxes&#8221;][vc_column][vc_row_inner][vc_column_inner width=&#8221;1\/3&#8243;]<div class=\"RFIbox pink\">\n\t<div class=\"RFIbox__media\">\n        <a href=\"https:\/\/examensparis.fr\/\" title=\"\" target=\"_blank\"><img decoding=\"async\" width=\"500\" height=\"333\" src=\"https:\/\/www.accord-langues.com\/wp-content\/uploads\/2016\/06\/box-exams.jpg\" class=\"img-responsive\" alt=\"\" srcset=\"https:\/\/www.accord-langues.com\/wp-content\/uploads\/2016\/06\/box-exams.jpg 500w, https:\/\/www.accord-langues.com\/wp-content\/uploads\/2016\/06\/box-exams-300x200.jpg 300w\" sizes=\"(max-width: 500px) 100vw, 500px\" title=\"box-exams\" \/><\/a>        \t<\/div>\n\n        <div class=\"RFIBox__title\">\n        <a href=\"https:\/\/examensparis.fr\/\" title=\"\" target=\"_blank\">Esami<\/a>    <\/div>\n    \n    <\/div>[\/vc_column_inner][\/vc_row_inner][\/vc_column][\/vc_row]<\/p>\n<\/div>","protected":false},"excerpt":{"rendered":"<p>[vc_row full_width=&#8221;stretch_row&#8221; content_placement=&#8221;middle&#8221; css=&#8221;.vc_custom_1509009556865{background-image: url(https:\/\/www.accord-langues.com\/wp-content\/uploads\/2016\/10\/adult-course.jpg?id=348) !important;background-position: center !important;background-repeat: no-repeat !important;background-size: cover !important;}&#8221; el_class=&#8221;header-image&#8221;][vc_column width=&#8221;2\/3&#8243; offset=&#8221;vc_col-sm-offset-2&#8243;][vc_column_text] Esami di francese e certificati di francese ACCORD \u00e8 un centro d&#8217;esame per i TCF, TCF IRN, TCF Quebec e TCF Canada Ampia scelta di corsi di francese per preparare i certificati e gli esami di francese Prendi il &#8220;Dipl\u00f4me [&hellip;]<\/p>\n","protected":false},"author":10,"featured_media":0,"parent":0,"menu_order":0,"comment_status":"closed","ping_status":"closed","template":"","meta":{"_acf_changed":false,"footnotes":""},"class_list":["post-5785","page","type-page","status-publish","hentry"],"acf":[],"yoast_head":"<!-- This site is optimized with the Yoast SEO Premium plugin v27.5 (Yoast SEO v27.5) - https:\/\/yoast.com\/product\/yoast-seo-premium-wordpress\/ -->\n<title>Certificati ed esami di francese - Accord Paris<\/title>\n<meta name=\"description\" content=\"Preparati per i tuoi esami e certificati di lingua francese in una scuola di lingue a Parigi. Corsi di qualit\u00e0. Scuola accreditata Qualit\u00e0 FLE.\" \/>\n<meta name=\"robots\" content=\"index, follow, max-snippet:-1, max-image-preview:large, max-video-preview:-1\" \/>\n<link rel=\"canonical\" href=\"https:\/\/www.accord-langues.com\/it\/esami-di-francese\/\" \/>\n<meta property=\"og:locale\" content=\"it_IT\" \/>\n<meta property=\"og:type\" content=\"article\" \/>\n<meta property=\"og:title\" content=\"Certificati ed esami di francese\" \/>\n<meta property=\"og:description\" content=\"Preparati per i tuoi esami e certificati di lingua francese in una scuola di lingue a Parigi. Corsi di qualit\u00e0. Scuola accreditata Qualit\u00e0 FLE.\" \/>\n<meta property=\"og:url\" content=\"https:\/\/www.accord-langues.com\/it\/esami-di-francese\/\" \/>\n<meta property=\"og:site_name\" content=\"Accord Paris\" \/>\n<meta property=\"article:publisher\" content=\"https:\/\/www.facebook.com\/accordecoledelangues\" \/>\n<meta property=\"article:modified_time\" content=\"2021-12-19T15:49:05+00:00\" \/>\n<meta property=\"og:image\" content=\"https:\/\/www.accord-langues.com\/wp-content\/uploads\/2024\/02\/ACCORD-French-Language-School-in-Paris-low-res.jpg\" \/>\n\t<meta property=\"og:image:width\" content=\"1200\" \/>\n\t<meta property=\"og:image:height\" content=\"867\" \/>\n\t<meta property=\"og:image:type\" content=\"image\/jpeg\" \/>\n<meta name=\"twitter:card\" content=\"summary_large_image\" \/>\n<meta name=\"twitter:label1\" content=\"Tempo di lettura stimato\" \/>\n\t<meta name=\"twitter:data1\" content=\"2 minuti\" \/>\n<script type=\"application\/ld+json\" class=\"yoast-schema-graph\">{\"@context\":\"https:\\\/\\\/schema.org\",\"@graph\":[{\"@type\":\"WebPage\",\"@id\":\"https:\\\/\\\/www.accord-langues.com\\\/it\\\/esami-di-francese\\\/\",\"url\":\"https:\\\/\\\/www.accord-langues.com\\\/it\\\/esami-di-francese\\\/\",\"name\":\"Certificati ed esami di francese - Accord Paris\",\"isPartOf\":{\"@id\":\"https:\\\/\\\/www.accord-langues.com\\\/it\\\/#website\"},\"datePublished\":\"2018-01-15T10:59:13+00:00\",\"dateModified\":\"2021-12-19T15:49:05+00:00\",\"description\":\"Preparati per i tuoi esami e certificati di lingua francese in una scuola di lingue a Parigi. Corsi di qualit\u00e0. Scuola accreditata Qualit\u00e0 FLE.\",\"inLanguage\":\"it-IT\",\"potentialAction\":[{\"@type\":\"ReadAction\",\"target\":[\"https:\\\/\\\/www.accord-langues.com\\\/it\\\/esami-di-francese\\\/\"]}]},{\"@type\":\"WebSite\",\"@id\":\"https:\\\/\\\/www.accord-langues.com\\\/it\\\/#website\",\"url\":\"https:\\\/\\\/www.accord-langues.com\\\/it\\\/\",\"name\":\"Accord Paris\",\"description\":\"Learn French in France\",\"publisher\":{\"@id\":\"https:\\\/\\\/www.accord-langues.com\\\/it\\\/#organization\"},\"potentialAction\":[{\"@type\":\"SearchAction\",\"target\":{\"@type\":\"EntryPoint\",\"urlTemplate\":\"https:\\\/\\\/www.accord-langues.com\\\/it\\\/?s={search_term_string}\"},\"query-input\":{\"@type\":\"PropertyValueSpecification\",\"valueRequired\":true,\"valueName\":\"search_term_string\"}}],\"inLanguage\":\"it-IT\"},{\"@type\":\"Organization\",\"@id\":\"https:\\\/\\\/www.accord-langues.com\\\/it\\\/#organization\",\"name\":\"ACCORD Tour Eiffel\",\"alternateName\":\"Learn French in Paris\",\"url\":\"https:\\\/\\\/www.accord-langues.com\\\/it\\\/\",\"logo\":{\"@type\":\"ImageObject\",\"inLanguage\":\"it-IT\",\"@id\":\"https:\\\/\\\/www.accord-langues.com\\\/it\\\/#\\\/schema\\\/logo\\\/image\\\/\",\"url\":\"https:\\\/\\\/www.accord-langues.com\\\/wp-content\\\/uploads\\\/2016\\\/06\\\/Logo.png\",\"contentUrl\":\"https:\\\/\\\/www.accord-langues.com\\\/wp-content\\\/uploads\\\/2016\\\/06\\\/Logo.png\",\"width\":290,\"height\":70,\"caption\":\"ACCORD Tour Eiffel\"},\"image\":{\"@id\":\"https:\\\/\\\/www.accord-langues.com\\\/it\\\/#\\\/schema\\\/logo\\\/image\\\/\"},\"sameAs\":[\"https:\\\/\\\/www.facebook.com\\\/accordecoledelangues\",\"https:\\\/\\\/www.linkedin.com\\\/groups\\\/4542133\\\/\"],\"description\":\"ACCORD French Language School is one of the leading schools in France for teaching French to foreign students and offering high quality French language courses in Paris. The ACCORD language school is located in the heart of Paris, nearby the Eiffel Tower. The ACCORD school is open all year round and welcomes students from all over the world from the age of 16 in its French language courses. ACCORD school is accredited by the official \u201cQualit\u00e9 FLE\u201d label and is member of CAMPUS FRANCE, SOUFFLE and Atout France. ACCORD is official exam center for the TCF IRN, TCF TP, TCF Qu\u00e9bec and TCF Canada.\",\"email\":\"info@accord-langues.com\",\"telephone\":\"+33155335233\",\"legalName\":\"FORUM ACCORD\",\"foundingDate\":\"1990-02-23\",\"numberOfEmployees\":{\"@type\":\"QuantitativeValue\",\"minValue\":\"11\",\"maxValue\":\"50\"}}]}<\/script>\n<!-- \/ Yoast SEO Premium plugin. -->","yoast_head_json":{"title":"Certificati ed esami di francese - Accord Paris","description":"Preparati per i tuoi esami e certificati di lingua francese in una scuola di lingue a Parigi. Corsi di qualit\u00e0. Scuola accreditata Qualit\u00e0 FLE.","robots":{"index":"index","follow":"follow","max-snippet":"max-snippet:-1","max-image-preview":"max-image-preview:large","max-video-preview":"max-video-preview:-1"},"canonical":"https:\/\/www.accord-langues.com\/it\/esami-di-francese\/","og_locale":"it_IT","og_type":"article","og_title":"Certificati ed esami di francese","og_description":"Preparati per i tuoi esami e certificati di lingua francese in una scuola di lingue a Parigi. Corsi di qualit\u00e0. Scuola accreditata Qualit\u00e0 FLE.","og_url":"https:\/\/www.accord-langues.com\/it\/esami-di-francese\/","og_site_name":"Accord Paris","article_publisher":"https:\/\/www.facebook.com\/accordecoledelangues","article_modified_time":"2021-12-19T15:49:05+00:00","og_image":[{"width":1200,"height":867,"url":"https:\/\/www.accord-langues.com\/wp-content\/uploads\/2024\/02\/ACCORD-French-Language-School-in-Paris-low-res.jpg","type":"image\/jpeg"}],"twitter_card":"summary_large_image","twitter_misc":{"Tempo di lettura stimato":"2 minuti"},"schema":{"@context":"https:\/\/schema.org","@graph":[{"@type":"WebPage","@id":"https:\/\/www.accord-langues.com\/it\/esami-di-francese\/","url":"https:\/\/www.accord-langues.com\/it\/esami-di-francese\/","name":"Certificati ed esami di francese - Accord Paris","isPartOf":{"@id":"https:\/\/www.accord-langues.com\/it\/#website"},"datePublished":"2018-01-15T10:59:13+00:00","dateModified":"2021-12-19T15:49:05+00:00","description":"Preparati per i tuoi esami e certificati di lingua francese in una scuola di lingue a Parigi. Corsi di qualit\u00e0. Scuola accreditata Qualit\u00e0 FLE.","inLanguage":"it-IT","potentialAction":[{"@type":"ReadAction","target":["https:\/\/www.accord-langues.com\/it\/esami-di-francese\/"]}]},{"@type":"WebSite","@id":"https:\/\/www.accord-langues.com\/it\/#website","url":"https:\/\/www.accord-langues.com\/it\/","name":"Accord Paris","description":"Learn French in France","publisher":{"@id":"https:\/\/www.accord-langues.com\/it\/#organization"},"potentialAction":[{"@type":"SearchAction","target":{"@type":"EntryPoint","urlTemplate":"https:\/\/www.accord-langues.com\/it\/?s={search_term_string}"},"query-input":{"@type":"PropertyValueSpecification","valueRequired":true,"valueName":"search_term_string"}}],"inLanguage":"it-IT"},{"@type":"Organization","@id":"https:\/\/www.accord-langues.com\/it\/#organization","name":"ACCORD Tour Eiffel","alternateName":"Learn French in Paris","url":"https:\/\/www.accord-langues.com\/it\/","logo":{"@type":"ImageObject","inLanguage":"it-IT","@id":"https:\/\/www.accord-langues.com\/it\/#\/schema\/logo\/image\/","url":"https:\/\/www.accord-langues.com\/wp-content\/uploads\/2016\/06\/Logo.png","contentUrl":"https:\/\/www.accord-langues.com\/wp-content\/uploads\/2016\/06\/Logo.png","width":290,"height":70,"caption":"ACCORD Tour Eiffel"},"image":{"@id":"https:\/\/www.accord-langues.com\/it\/#\/schema\/logo\/image\/"},"sameAs":["https:\/\/www.facebook.com\/accordecoledelangues","https:\/\/www.linkedin.com\/groups\/4542133\/"],"description":"ACCORD French Language School is one of the leading schools in France for teaching French to foreign students and offering high quality French language courses in Paris. The ACCORD language school is located in the heart of Paris, nearby the Eiffel Tower. The ACCORD school is open all year round and welcomes students from all over the world from the age of 16 in its French language courses. ACCORD school is accredited by the official \u201cQualit\u00e9 FLE\u201d label and is member of CAMPUS FRANCE, SOUFFLE and Atout France. ACCORD is official exam center for the TCF IRN, TCF TP, TCF Qu\u00e9bec and TCF Canada.","email":"info@accord-langues.com","telephone":"+33155335233","legalName":"FORUM ACCORD","foundingDate":"1990-02-23","numberOfEmployees":{"@type":"QuantitativeValue","minValue":"11","maxValue":"50"}}]}},"_links":{"self":[{"href":"https:\/\/www.accord-langues.com\/it\/wp-json\/wp\/v2\/pages\/5785","targetHints":{"allow":["GET"]}}],"collection":[{"href":"https:\/\/www.accord-langues.com\/it\/wp-json\/wp\/v2\/pages"}],"about":[{"href":"https:\/\/www.accord-langues.com\/it\/wp-json\/wp\/v2\/types\/page"}],"author":[{"embeddable":true,"href":"https:\/\/www.accord-langues.com\/it\/wp-json\/wp\/v2\/users\/10"}],"replies":[{"embeddable":true,"href":"https:\/\/www.accord-langues.com\/it\/wp-json\/wp\/v2\/comments?post=5785"}],"version-history":[{"count":0,"href":"https:\/\/www.accord-langues.com\/it\/wp-json\/wp\/v2\/pages\/5785\/revisions"}],"wp:attachment":[{"href":"https:\/\/www.accord-langues.com\/it\/wp-json\/wp\/v2\/media?parent=5785"}],"curies":[{"name":"wp","href":"https:\/\/api.w.org\/{rel}","templated":true}]}}