{"id":5436,"date":"2019-01-18T13:10:14","date_gmt":"2019-01-18T13:10:14","guid":{"rendered":"https:\/\/www.accord-langues.com\/faq-courses-teens-kids\/"},"modified":"2023-09-05T14:51:08","modified_gmt":"2023-09-05T13:51:08","slug":"faq-corsi-scuola-estiva-accord-saint-nicolas","status":"publish","type":"page","link":"https:\/\/www.accord-langues.com\/it\/faq-corsi-scuola-estiva-accord-saint-nicolas\/","title":{"rendered":"FAQ &#8211; Corsi per adolescenti e ragazzi &#8211; Scuola estiva ACCORD Saint Nicolas"},"content":{"rendered":"<div class=\"wpb-content-wrapper\"><p>[vc_row][vc_column][\/vc_column][\/vc_row][vc_row full_width=&#8221;stretch_row&#8221; content_placement=&#8221;middle&#8221; css=&#8221;.vc_custom_1532955235869{background-image: url(https:\/\/www.accord-langues.com\/wp-content\/uploads\/2016\/10\/adult-course.jpg?id=348) !important;background-position: center !important;background-repeat: no-repeat !important;background-size: cover !important;}&#8221; el_class=&#8221;header-image&#8221;][vc_column width=&#8221;2\/3&#8243; offset=&#8221;vc_col-sm-offset-2&#8243;][vc_column_text]<\/p>\n<h1 style=\"text-align: center;\">FAQ &#8211; Corsi per adolescenti e ragazzi<br \/>\nScuola estiva ACCORD Saint Nicolas<\/h1>\n<p style=\"text-align: center;\"><strong>Corsi di francese per adolescenti e ragazzi FAQ<\/strong><br \/>\n<strong>Scuola estiva ACCORD Saint Nicolas FAQ<\/strong><\/p>\n<p>[\/vc_column_text][\/vc_column][\/vc_row][vc_row full_width=&#8221;stretch_row&#8221;][vc_column][vc_column_text]<\/p>\n<h3>Cos&#8217;\u00e8 la scuola estiva ACCORD Saint Nicolas?<\/h3>\n<p>La scuola estiva ACCORD Saint Nicolas \u00e8 una scuola estiva riconosciuta dal marchio\u201cQualit\u00e9 FLE\u201dsituata nel sud di Parigi, dove offriamo corsi di lingua francese per bambini dai 6 agli 11 anni e adolescenti dai 12 ai 17 anni.<!--more--><!--more--><!--more-->[\/vc_column_text][vc_column_text]<\/p>\n<h3>Dove si trova la scuola estiva ACCORD Saint Nicolas?<\/h3>\n<p>La scuola estiva\u00a0Saint Nicolas si trova in 19 Rue Victor Hugo, 92130 Issy-les-Moulineaux. La stazione della metropolitana \u00e8 &#8220;Corentin Celton&#8221; sulla linea 12 della metropolitana parigina.[\/vc_column_text][vc_column_text]<\/p>\n<h3>I corsi di francese ACCORD sono corsi riconosciuti da qualche autorit\u00e0 francese?<\/h3>\n<p>ACCORD \u00e8 registrato come Istituto privato di istruzione superiore (n\u00b0588) presso l&#8217;Accademia di Parigi &#8211; Ministero dell&#8217;istruzione superiore. \u00c8 a garanzia della qualit\u00e0 di ACCORD Paris.\u2028Il principale accreditamento ufficiale della scuola francese \u00e8 &#8220;Qualit\u00e9 FLE&#8221;. Nel 2007, ACCORD Paris \u00e8 stata una delle prime scuole in Francia ad aver ottenuto il &#8220;Qualit\u00e9 FLE&#8221;, l&#8217;accreditamento ufficiale francese che garantisce la qualit\u00e0 dell&#8217;insegnamento del francese come lingua straniera, i locali e i servizi forniti (amministrazione, iscrizione, alloggio, ecc.).[\/vc_column_text][vc_column_text]<\/p>\n<h3>Dove si svolgono i corsi?<\/h3>\n<p>Le lezioni di francese si svolgono presso la scuola estiva ACCORD Saint Nicolas, 19 Rue Victor Hugo, 92130 Issy-les-Moulineaux. La fermata della metropolitana \u00e8 &#8220;Corentin Celton&#8221; sulla linea 12 della metropolitana parigina.[\/vc_column_text][vc_column_text]<\/p>\n<h3>Qual \u00e8 il livello minimo di francese richiesto per frequentare un corso?<\/h3>\n<p>Nei nostri corsi estivi di francese per ragazzi accettiamo bambini e ragazzi di qualsiasi livello di francese, dal principiante assoluto all&#8217;avanzato.[\/vc_column_text][vc_column_text]<\/p>\n<h3>Posso prenotare per una sola settimana presso la scuola estiva ACCORD Saint Nicolas?<\/h3>\n<p>S\u00ec, \u00e8 possibile prenotare per una sola settimana o per 6 settimane, la durata massima dei nostri corsi estivi per bambini e ragazzi.[\/vc_column_text][vc_column_text]<\/p>\n<h3>Chi frequenta i vostri corsi alla scuola estiva ACCORD Saint Nicolas?<\/h3>\n<p>Bambini e adolescenti provenienti da oltre 25 paesi diversi.[\/vc_column_text][vc_column_text]<\/p>\n<h3>Quali sono i benefici per i bambini di un corso presso la scuola estiva ACCORD ?<\/h3>\n<p>Oltre ad imparare e migliorare il francese, i bambini e gli adolescenti si divertono molto alla scuola estiva ACCORD e si sviluppano socialmente. Incontrano e fanno amicizia con bambini e adolescenti provenienti da paesi e culture diverse. Questo li aiuta ad allargare i loro orizzonti, a sviluppare la comprensione per altri e a praticare ulteriormente il francese. Ci aspettiamo che i bambini e gli adolescenti tornino a casa soddisfatti del loro soggiorno a Parigi e tornino ai loro corsi di francese con rinnovato entusiasmo e determinazione.[\/vc_column_text][vc_column_text]<\/p>\n<h3>Mio figlio \u00e8 molto contento del corso della prima settimana della scuola estiva ACCORD Saint Nicolas. Posso prenotare qualche settimana in pi\u00f9?<\/h3>\n<p>S\u00ec, certo. Potete decidere di aggiungere una o pi\u00f9 settimane (massimo 6 settimane). I genitori devono solo incontrarsi con il personale ACCORD presso la Reception-Registration presso la scuola estiva ACCORD Saint Nicolas per organizzare il soggiorno dei loro figli.[\/vc_column_text][vc_column_text]<\/p>\n<h3>Mio figlio \u00e8 molto contento del corso di francese, ma vorrei che partecipasse al programma di attivit\u00e0 pomeridiane proposto alla scuola estiva ACCORD Saint Nicolas. \u00c8 possibile?<\/h3>\n<p>S\u00ec, non \u00e8 un problema. Vostro figlio pu\u00f2 partecipare al <a href=\"https:\/\/www.accord-langues.com\/it\/corso_junior\/programma-di-una-giornata-per-bambini-in-francia\/\" target=\"_blank\" rel=\"noopener noreferrer\">&#8220;Programma giornaliero degli studenti&#8221;<\/a> in qualsiasi momento del suo soggiorno. I genitori devono solo incontrarsi con il personale ACCORD presso la Reception-Registration presso la scuola estiva ACCORD Saint Nicolas per prenotare <a href=\"https:\/\/www.accord-langues.com\/it\/corso_junior\/programma-di-una-giornata-per-bambini-in-francia\/\" target=\"_blank\" rel=\"noopener noreferrer\">un &#8220;Day Student&#8221;<\/a> per il loro bambino.[\/vc_column_text][vc_column_text]<\/p>\n<h3>Qual \u00e8 il momento migliore per prenotare un corso estivo di lingua francese?<\/h3>\n<p>Il momento migliore per prenotare un corso di lingua francese \u00e8&#8230;&#8230;pi\u00f9 presto possibile, ma accettiamo prenotazioni last minute (venerd\u00ec per il luned\u00ec successivo) e se i genitori non hanno tempo per prenotare online, \u00e8 possibile venire direttamente alla scuola estiva ACCORD Saint Nicolas il luned\u00ec (se possibile alle 8:00 &#8211; non \u00e8 necessario fissare un appuntamento) per organizzare l&#8217;iscrizione.[\/vc_column_text][vc_column_text]<\/p>\n<h3>Ho prenotato un corso di francese per mio figlio. A che ora dovrebbe essere alla scuola estiva ACCORD Saint Nicolas il primo luned\u00ec?<\/h3>\n<p>Il primo luned\u00ec mattina, si prega di portare vostro figlio alla scuola estiva ACCORD Saint Nicolas alle 8:00 per il discorso di benvenuto del nostro Coordinatore Pedagogico e per essere sottoposto a test (orale e scritto) in modo che vostro figlio possa essere inserito in una classe del suo livello pi\u00f9 presto possibile.<\/p>\n<p>Se arrivate il luned\u00ec mattina per prenotare un corso per vostro figlio, rimarrete con lo staff di ACCORD Booking per organizzare la prenotazione e pagare le tasse scolastiche, mentre vostro figlio sar\u00e0 sosterr\u00e0 il test per entrare in una classe del suo livello.[\/vc_column_text][vc_column_text]<\/p>\n<h3>Si deve pagare una quota di iscrizione?<\/h3>\n<p>Ad ACCORD non ci sono spese nascoste e i genitori non hanno quote di iscrizione.[\/vc_column_text][vc_column_text]<\/p>\n<h3>Qual \u00e8 il numero massimo di studenti per classe?<\/h3>\n<p>Garantiamo un massimo di 15 studenti (in media 12) nei nostri corsi estivi e un massimo di 6 nelle lezioni aggiuntive di Scrittura\/Grammatica.[\/vc_column_text][vc_column_text]<\/p>\n<h3>Di quale materiale avr\u00e0 bisogno mio figlio per frequentare il corso?<\/h3>\n<p>Alla scuola estiva ACCORD Saint Nicolas non c&#8217;\u00e8 un costo nascosto, poich\u00e9 tutto il materiale didattico fornito dalla scuola \u00e8 incluso nelle tasse scolastiche. Non ci sar\u00e0 nessun libro di testo o altro materiale didattico da acquistare![\/vc_column_text][vc_column_text]<\/p>\n<h3>Quali sono i libri che gli insegnanti di ACCORD utilizzano nelle loro lezioni?<\/h3>\n<p>Gli insegnanti di ACCORD non usano libri di testo. Sono un team di insegnanti esperti nell&#8217;insegnamento ai giovani studenti e sono coinvolti nella creazione del proprio materiale didattico e nel costante aggiornamento del metodo di insegnamento di ACCORD.[\/vc_column_text][vc_column_text]<\/p>\n<h3>C&#8217;\u00e8 un&#8217;et\u00e0 minima e massima?<\/h3>\n<p>Presso la scuola estiva ACCORD Saint Nicolas, i nostri corsi per ragazzi sono dai 6 ai 12 anni e i nostri corsi per adolescenti sono dai 12 ai 17 anni.[\/vc_column_text][vc_column_text]<\/p>\n<h3>Quanto dura una lezione?<\/h3>\n<p>Tutti i nostri corsi sono indicati in due modi: in ore (un&#8217;ora = 60 minuti) e in lezioni (una lezione = 45 minuti), consentendovi di confrontare i nostri corsi con quelli di altre scuole che mostrano principalmente solo nelle lezioni.[\/vc_column_text][vc_column_text]<\/p>\n<h3>\u00c8 possibile prenotare solo un corso di francese?<\/h3>\n<p>S\u00ec, naturalmente \u00e8 possibile prenotare solo un corso di francese se i genitori hanno prenotato il proprio alloggio per la famiglia, ad esempio nella residenza ADAGIO Porte de Versailles o in un hotel a Parigi vicino alla scuola estiva ACCORD.[\/vc_column_text][vc_column_text]<\/p>\n<h3>Siamo una scuola, un gruppo di amici che desiderano prenotare un corso di francese alla scuola estiva ACCORD Saint Nicolas. Potremmo beneficiare di uno sconto speciale?<\/h3>\n<p>A seconda del numero di studenti che arrivano in gruppo, potreste beneficiare di una tariffa speciale. Vi preghiamo di contattarci direttamente per ulteriori informazioni.[\/vc_column_text][vc_column_text]<\/p>\n<h3>Gli studenti hanno accesso gratuito ad internet presso la scuola estiva ACCORD Saint Nicolas?<\/h3>\n<p>S\u00ec, c&#8217;\u00e8 una connessione WIFI gratuita presso la scuola estiva in tutte le aree comuni.[\/vc_column_text][vc_column_text]<\/p>\n<h3>Mio figlio ricever\u00e0 un certificato o un diploma alla fine del corso?<\/h3>\n<p>Al termine del corso, allo studente verr\u00e0 rilasciato un &#8220;Certificato del corso&#8221; con l&#8217;indicazione del numero di ore di frequenza, del suo livello iniziale e del livello raggiunto.[\/vc_column_text][\/vc_column][\/vc_row][vc_row el_class=&#8221;button-blocks&#8221;][vc_column width=&#8221;1\/3&#8243; offset=&#8221;vc_col-lg-offset-4 vc_col-md-offset-4&#8243;]<div class=\"RFIbox yellow one-line\">\n\t<div class=\"RFIbox__media\">\n        <a href=\"https:\/\/www.accord-langues.com\/it\/contattateci\/\" title=\"\" target=\"_blank\"><img decoding=\"async\" width=\"72\" height=\"78\" src=\"https:\/\/www.accord-langues.com\/wp-content\/uploads\/2016\/10\/contact-us-icon.gif\" class=\"img-responsive\" alt=\"\" title=\"contact-us-icon\" \/><\/a>        \t<\/div>\n\n        <div class=\"RFIBox__title\">\n        <a href=\"https:\/\/www.accord-langues.com\/it\/contattateci\/\" title=\"\" target=\"_blank\">Contattateci<\/a>    <\/div>\n    \n    \t<div class=\"RFIbox__content\">\n\t\t<a href=\"https:\/\/www.accord-langues.com\/it\/contattateci\/\" title=\"\" target=\"_blank\"><\/a>\t<\/div>\n    <\/div>[\/vc_column][\/vc_row]<\/p>\n<\/div>","protected":false},"excerpt":{"rendered":"<p>[vc_row][vc_column][\/vc_column][\/vc_row][vc_row full_width=&#8221;stretch_row&#8221; content_placement=&#8221;middle&#8221; css=&#8221;.vc_custom_1532955235869{background-image: url(https:\/\/www.accord-langues.com\/wp-content\/uploads\/2016\/10\/adult-course.jpg?id=348) !important;background-position: center !important;background-repeat: no-repeat !important;background-size: cover !important;}&#8221; el_class=&#8221;header-image&#8221;][vc_column width=&#8221;2\/3&#8243; offset=&#8221;vc_col-sm-offset-2&#8243;][vc_column_text] FAQ &#8211; Corsi per adolescenti e ragazzi Scuola estiva ACCORD Saint Nicolas Corsi di francese per adolescenti e ragazzi FAQ Scuola estiva ACCORD Saint Nicolas FAQ [\/vc_column_text][\/vc_column][\/vc_row][vc_row full_width=&#8221;stretch_row&#8221;][vc_column][vc_column_text] Cos&#8217;\u00e8 la scuola estiva ACCORD Saint Nicolas? La scuola estiva ACCORD Saint [&hellip;]<\/p>\n","protected":false},"author":10,"featured_media":0,"parent":0,"menu_order":0,"comment_status":"closed","ping_status":"closed","template":"","meta":{"_acf_changed":false,"footnotes":""},"class_list":["post-5436","page","type-page","status-publish","hentry"],"acf":[],"yoast_head":"<!-- This site is optimized with the Yoast SEO Premium plugin v27.3 (Yoast SEO v27.4) - https:\/\/yoast.com\/product\/yoast-seo-premium-wordpress\/ -->\n<title>FAQ - Corsi per adolescenti e ragazzi - Scuola estiva ACCORD Saint Nicolas - Accord Paris<\/title>\n<meta name=\"description\" content=\"FAQ - Corsi per adolescenti e ragazzi presso la scuola ACCORD Saint Nicolas: Dove si trova la scuola estiva ACCORD Saint Nicolas? Dove si svolgono i corsi?\" \/>\n<meta name=\"robots\" content=\"index, follow, max-snippet:-1, max-image-preview:large, max-video-preview:-1\" \/>\n<link rel=\"canonical\" href=\"https:\/\/www.accord-langues.com\/it\/faq-corsi-scuola-estiva-accord-saint-nicolas\/\" \/>\n<meta property=\"og:locale\" content=\"it_IT\" \/>\n<meta property=\"og:type\" content=\"article\" \/>\n<meta property=\"og:title\" content=\"FAQ - Corsi per adolescenti e ragazzi - Scuola estiva ACCORD Saint Nicolas\" \/>\n<meta property=\"og:description\" content=\"FAQ - Corsi per adolescenti e ragazzi presso la scuola ACCORD Saint Nicolas: Dove si trova la scuola estiva ACCORD Saint Nicolas? Dove si svolgono i corsi?\" \/>\n<meta property=\"og:url\" content=\"https:\/\/www.accord-langues.com\/it\/faq-corsi-scuola-estiva-accord-saint-nicolas\/\" \/>\n<meta property=\"og:site_name\" content=\"Accord Paris\" \/>\n<meta property=\"article:publisher\" content=\"https:\/\/www.facebook.com\/accordecoledelangues\" \/>\n<meta property=\"article:modified_time\" content=\"2023-09-05T13:51:08+00:00\" \/>\n<meta property=\"og:image\" content=\"https:\/\/www.accord-langues.com\/wp-content\/uploads\/2024\/02\/ACCORD-French-Language-School-in-Paris-low-res.jpg\" \/>\n\t<meta property=\"og:image:width\" content=\"1200\" \/>\n\t<meta property=\"og:image:height\" content=\"867\" \/>\n\t<meta property=\"og:image:type\" content=\"image\/jpeg\" \/>\n<meta name=\"twitter:card\" content=\"summary_large_image\" \/>\n<meta name=\"twitter:label1\" content=\"Tempo di lettura stimato\" \/>\n\t<meta name=\"twitter:data1\" content=\"7 minuti\" \/>\n<script type=\"application\/ld+json\" class=\"yoast-schema-graph\">{\"@context\":\"https:\\\/\\\/schema.org\",\"@graph\":[{\"@type\":\"WebPage\",\"@id\":\"https:\\\/\\\/www.accord-langues.com\\\/it\\\/faq-corsi-scuola-estiva-accord-saint-nicolas\\\/\",\"url\":\"https:\\\/\\\/www.accord-langues.com\\\/it\\\/faq-corsi-scuola-estiva-accord-saint-nicolas\\\/\",\"name\":\"FAQ - Corsi per adolescenti e ragazzi - Scuola estiva ACCORD Saint Nicolas - Accord Paris\",\"isPartOf\":{\"@id\":\"https:\\\/\\\/www.accord-langues.com\\\/it\\\/#website\"},\"datePublished\":\"2019-01-18T13:10:14+00:00\",\"dateModified\":\"2023-09-05T13:51:08+00:00\",\"description\":\"FAQ - Corsi per adolescenti e ragazzi presso la scuola ACCORD Saint Nicolas: Dove si trova la scuola estiva ACCORD Saint Nicolas? Dove si svolgono i corsi?\",\"inLanguage\":\"it-IT\",\"potentialAction\":[{\"@type\":\"ReadAction\",\"target\":[\"https:\\\/\\\/www.accord-langues.com\\\/it\\\/faq-corsi-scuola-estiva-accord-saint-nicolas\\\/\"]}]},{\"@type\":\"WebSite\",\"@id\":\"https:\\\/\\\/www.accord-langues.com\\\/it\\\/#website\",\"url\":\"https:\\\/\\\/www.accord-langues.com\\\/it\\\/\",\"name\":\"Accord Paris\",\"description\":\"Learn French in France\",\"publisher\":{\"@id\":\"https:\\\/\\\/www.accord-langues.com\\\/it\\\/#organization\"},\"potentialAction\":[{\"@type\":\"SearchAction\",\"target\":{\"@type\":\"EntryPoint\",\"urlTemplate\":\"https:\\\/\\\/www.accord-langues.com\\\/it\\\/?s={search_term_string}\"},\"query-input\":{\"@type\":\"PropertyValueSpecification\",\"valueRequired\":true,\"valueName\":\"search_term_string\"}}],\"inLanguage\":\"it-IT\"},{\"@type\":\"Organization\",\"@id\":\"https:\\\/\\\/www.accord-langues.com\\\/it\\\/#organization\",\"name\":\"ACCORD Tour Eiffel\",\"alternateName\":\"Learn French in Paris\",\"url\":\"https:\\\/\\\/www.accord-langues.com\\\/it\\\/\",\"logo\":{\"@type\":\"ImageObject\",\"inLanguage\":\"it-IT\",\"@id\":\"https:\\\/\\\/www.accord-langues.com\\\/it\\\/#\\\/schema\\\/logo\\\/image\\\/\",\"url\":\"https:\\\/\\\/www.accord-langues.com\\\/wp-content\\\/uploads\\\/2016\\\/06\\\/Logo.png\",\"contentUrl\":\"https:\\\/\\\/www.accord-langues.com\\\/wp-content\\\/uploads\\\/2016\\\/06\\\/Logo.png\",\"width\":290,\"height\":70,\"caption\":\"ACCORD Tour Eiffel\"},\"image\":{\"@id\":\"https:\\\/\\\/www.accord-langues.com\\\/it\\\/#\\\/schema\\\/logo\\\/image\\\/\"},\"sameAs\":[\"https:\\\/\\\/www.facebook.com\\\/accordecoledelangues\",\"https:\\\/\\\/www.linkedin.com\\\/groups\\\/4542133\\\/\"],\"description\":\"ACCORD French Language School is one of the leading schools in France for teaching French to foreign students and offering high quality French language courses in Paris. The ACCORD language school is located in the heart of Paris, nearby the Eiffel Tower. The ACCORD school is open all year round and welcomes students from all over the world from the age of 16 in its French language courses. ACCORD school is accredited by the official \u201cQualit\u00e9 FLE\u201d label and is member of CAMPUS FRANCE, SOUFFLE and Atout France. ACCORD is official exam center for the TCF IRN, TCF TP, TCF Qu\u00e9bec and TCF Canada.\",\"email\":\"info@accord-langues.com\",\"telephone\":\"+33155335233\",\"legalName\":\"FORUM ACCORD\",\"foundingDate\":\"1990-02-23\",\"numberOfEmployees\":{\"@type\":\"QuantitativeValue\",\"minValue\":\"11\",\"maxValue\":\"50\"}}]}<\/script>\n<!-- \/ Yoast SEO Premium plugin. -->","yoast_head_json":{"title":"FAQ - Corsi per adolescenti e ragazzi - Scuola estiva ACCORD Saint Nicolas - Accord Paris","description":"FAQ - Corsi per adolescenti e ragazzi presso la scuola ACCORD Saint Nicolas: Dove si trova la scuola estiva ACCORD Saint Nicolas? Dove si svolgono i corsi?","robots":{"index":"index","follow":"follow","max-snippet":"max-snippet:-1","max-image-preview":"max-image-preview:large","max-video-preview":"max-video-preview:-1"},"canonical":"https:\/\/www.accord-langues.com\/it\/faq-corsi-scuola-estiva-accord-saint-nicolas\/","og_locale":"it_IT","og_type":"article","og_title":"FAQ - Corsi per adolescenti e ragazzi - Scuola estiva ACCORD Saint Nicolas","og_description":"FAQ - Corsi per adolescenti e ragazzi presso la scuola ACCORD Saint Nicolas: Dove si trova la scuola estiva ACCORD Saint Nicolas? Dove si svolgono i corsi?","og_url":"https:\/\/www.accord-langues.com\/it\/faq-corsi-scuola-estiva-accord-saint-nicolas\/","og_site_name":"Accord Paris","article_publisher":"https:\/\/www.facebook.com\/accordecoledelangues","article_modified_time":"2023-09-05T13:51:08+00:00","og_image":[{"width":1200,"height":867,"url":"https:\/\/www.accord-langues.com\/wp-content\/uploads\/2024\/02\/ACCORD-French-Language-School-in-Paris-low-res.jpg","type":"image\/jpeg"}],"twitter_card":"summary_large_image","twitter_misc":{"Tempo di lettura stimato":"7 minuti"},"schema":{"@context":"https:\/\/schema.org","@graph":[{"@type":"WebPage","@id":"https:\/\/www.accord-langues.com\/it\/faq-corsi-scuola-estiva-accord-saint-nicolas\/","url":"https:\/\/www.accord-langues.com\/it\/faq-corsi-scuola-estiva-accord-saint-nicolas\/","name":"FAQ - Corsi per adolescenti e ragazzi - Scuola estiva ACCORD Saint Nicolas - Accord Paris","isPartOf":{"@id":"https:\/\/www.accord-langues.com\/it\/#website"},"datePublished":"2019-01-18T13:10:14+00:00","dateModified":"2023-09-05T13:51:08+00:00","description":"FAQ - Corsi per adolescenti e ragazzi presso la scuola ACCORD Saint Nicolas: Dove si trova la scuola estiva ACCORD Saint Nicolas? Dove si svolgono i corsi?","inLanguage":"it-IT","potentialAction":[{"@type":"ReadAction","target":["https:\/\/www.accord-langues.com\/it\/faq-corsi-scuola-estiva-accord-saint-nicolas\/"]}]},{"@type":"WebSite","@id":"https:\/\/www.accord-langues.com\/it\/#website","url":"https:\/\/www.accord-langues.com\/it\/","name":"Accord Paris","description":"Learn French in France","publisher":{"@id":"https:\/\/www.accord-langues.com\/it\/#organization"},"potentialAction":[{"@type":"SearchAction","target":{"@type":"EntryPoint","urlTemplate":"https:\/\/www.accord-langues.com\/it\/?s={search_term_string}"},"query-input":{"@type":"PropertyValueSpecification","valueRequired":true,"valueName":"search_term_string"}}],"inLanguage":"it-IT"},{"@type":"Organization","@id":"https:\/\/www.accord-langues.com\/it\/#organization","name":"ACCORD Tour Eiffel","alternateName":"Learn French in Paris","url":"https:\/\/www.accord-langues.com\/it\/","logo":{"@type":"ImageObject","inLanguage":"it-IT","@id":"https:\/\/www.accord-langues.com\/it\/#\/schema\/logo\/image\/","url":"https:\/\/www.accord-langues.com\/wp-content\/uploads\/2016\/06\/Logo.png","contentUrl":"https:\/\/www.accord-langues.com\/wp-content\/uploads\/2016\/06\/Logo.png","width":290,"height":70,"caption":"ACCORD Tour Eiffel"},"image":{"@id":"https:\/\/www.accord-langues.com\/it\/#\/schema\/logo\/image\/"},"sameAs":["https:\/\/www.facebook.com\/accordecoledelangues","https:\/\/www.linkedin.com\/groups\/4542133\/"],"description":"ACCORD French Language School is one of the leading schools in France for teaching French to foreign students and offering high quality French language courses in Paris. The ACCORD language school is located in the heart of Paris, nearby the Eiffel Tower. The ACCORD school is open all year round and welcomes students from all over the world from the age of 16 in its French language courses. ACCORD school is accredited by the official \u201cQualit\u00e9 FLE\u201d label and is member of CAMPUS FRANCE, SOUFFLE and Atout France. ACCORD is official exam center for the TCF IRN, TCF TP, TCF Qu\u00e9bec and TCF Canada.","email":"info@accord-langues.com","telephone":"+33155335233","legalName":"FORUM ACCORD","foundingDate":"1990-02-23","numberOfEmployees":{"@type":"QuantitativeValue","minValue":"11","maxValue":"50"}}]}},"_links":{"self":[{"href":"https:\/\/www.accord-langues.com\/it\/wp-json\/wp\/v2\/pages\/5436","targetHints":{"allow":["GET"]}}],"collection":[{"href":"https:\/\/www.accord-langues.com\/it\/wp-json\/wp\/v2\/pages"}],"about":[{"href":"https:\/\/www.accord-langues.com\/it\/wp-json\/wp\/v2\/types\/page"}],"author":[{"embeddable":true,"href":"https:\/\/www.accord-langues.com\/it\/wp-json\/wp\/v2\/users\/10"}],"replies":[{"embeddable":true,"href":"https:\/\/www.accord-langues.com\/it\/wp-json\/wp\/v2\/comments?post=5436"}],"version-history":[{"count":0,"href":"https:\/\/www.accord-langues.com\/it\/wp-json\/wp\/v2\/pages\/5436\/revisions"}],"wp:attachment":[{"href":"https:\/\/www.accord-langues.com\/it\/wp-json\/wp\/v2\/media?parent=5436"}],"curies":[{"name":"wp","href":"https:\/\/api.w.org\/{rel}","templated":true}]}}