{"id":5423,"date":"2019-01-18T14:28:38","date_gmt":"2019-01-18T14:28:38","guid":{"rendered":"https:\/\/www.accord-langues.com\/faq-summer-campus-teens-juniors\/"},"modified":"2024-02-03T16:32:40","modified_gmt":"2024-02-03T16:32:40","slug":"faq-campo-estivo-per-ragazzi-ed-adolescenti","status":"publish","type":"page","link":"https:\/\/www.accord-langues.com\/it\/faq-campo-estivo-per-ragazzi-ed-adolescenti\/","title":{"rendered":"FAQ &#8211; Campo estivo per ragazzi ed adolescenti"},"content":{"rendered":"<div class=\"wpb-content-wrapper\"><p>[vc_row][vc_column][\/vc_column][\/vc_row][vc_row full_width=&#8221;stretch_row&#8221; content_placement=&#8221;middle&#8221; css=&#8221;.vc_custom_1532955235869{background-image: url(https:\/\/www.accord-langues.com\/wp-content\/uploads\/2016\/10\/adult-course.jpg?id=348) !important;background-position: center !important;background-repeat: no-repeat !important;background-size: cover !important;}&#8221; el_class=&#8221;header-image&#8221;][vc_column width=&#8221;2\/3&#8243; offset=&#8221;vc_col-sm-offset-2&#8243;][vc_column_text]<\/p>\n<h1 style=\"text-align: center;\">FAQ &#8211; Campo estivo per ragazzi ed adolescenti<\/h1>\n<p style=\"text-align: center;\">Campo estivo ACCORD Saint Nicolas a Parigi FAQ<br \/>\nProgramma all-inclusive per adolescenti FAQ<br \/>\nProgramma studio di un giorno per ragazzi FAQ<\/p>\n<p>[\/vc_column_text][\/vc_column][\/vc_row][vc_row full_width=&#8221;stretch_row&#8221;][vc_column][vc_column_text]<\/p>\n<h3>Dove si trova il campo estivo per ragazzi ACCORD Saint Nicolas a Parigi?<\/h3>\n<p>Il campo estivo ACCORD Saint Nicolas a Parigi si trova in 19 Rue Victor Hugo, 92130 Issy-les-Moulineaux. La stazione della metropolitana \u00e8 &#8220;Corentin Celton&#8221; sulla linea 12.[\/vc_column_text][vc_column_text]<\/p>\n<h3>Come \u00e8 ufficialmente abilitato il\u00a0campo estivo per ragazzi ACCORD Saint Nicolas a Parigi?<\/h3>\n<p>Il campus estivo ACCORD Saint Nicolas di Parigi \u00e8 registrato presso il DDCS 75 &#8211; Pr\u00e9fecture de Paris, e tutti i membri dello staff ACCORD responsabili degli adolescenti durante il loro soggiorno hanno i diplomi ufficiali BAFA e BAFD (Brevets d&#8217;Aptitude aux Fonctions d&#8217;Animateur &#8211; o de Directeur).[\/vc_column_text][vc_column_text]<\/p>\n<h3>Quanti anni devono avere i ragazzi per poter partecipare al programma all-inclusive per ragazzi del campus estivo ACCORD Saint Nicolas a Parigi?<\/h3>\n<p>I ragazzi devono avere almeno 12 anni e meno di 18.[\/vc_column_text][vc_column_text]<\/p>\n<h3>Chi frequenta il vostro programma presso il campo estivo ACCORD Saint Nicolas a Parigi?<\/h3>\n<p>Bambini e adolescenti provenienti da oltre 25 paesi diversi.[\/vc_column_text][vc_column_text]<\/p>\n<h3>Dove si svolge il programma del campo estivo per ragazzi ?<\/h3>\n<p>Il nostro programma si svolge presso il campus estivo ACCORD Saint Nicolas a Parigi, Rue Victor Hugo 19, 92130 Issy-les-Moulineaux. La stazione \u00e8 &#8220;Corentin Celton&#8221; sulla linea 12 della metropolitana parigina.[\/vc_column_text][vc_column_text]<\/p>\n<h3>Cosa devono portarsi i ragazzi?<\/h3>\n<p>Si consiglia di portare con s\u00e9 i seguenti oggetti oltre agli indumenti estivi:<\/p>\n<p>un adattatore elettrico<br \/>\nun maglione e una giacca calda<br \/>\nbuone scarpe da passeggio<br \/>\nun cappello<br \/>\ncrema solare<br \/>\nabbigliamento sportivo \/ comodo<br \/>\nun cappotto\/giacca impermeabile<br \/>\nscarpe da ginnastica<br \/>\nun vostro strumento musicale (ma non il pianoforte, per favore)<\/p>\n<p>Si prega di indicare il nome del bambino su tutti i vestiti e qualsiasi altro oggetto (macchina fotografica, tablet, cellulare, ecc.).[\/vc_column_text][vc_column_text]<\/p>\n<h3>In che tipo di alloggio soggiorner\u00e0 mio figlio?<\/h3>\n<p>Il campus offre camere spaziose e ariose con 4 posti letto, con un armadio per ragazzo e servizi in comune. Docce e servizi igienici condivisi in cabine separate si trovano su ogni piano e sono tutte pulite e ben tenute.<\/p>\n<p>Le lenzuola vengono fornite e cambiate una volta alla settimana. Gli asciugamani sono forniti dalla struttura.<\/p>\n<p>I ragazzi e le ragazze sono alloggiati su piani separati senza accesso tra i piani.<\/p>\n<p>Facciamo ogni sforzo per garantire che le camere siano condivise con bambini di diverse nazionalit\u00e0 e di et\u00e0 simili, in modo che continuino a parlare francese anche al di fuori dell&#8217;aula e a fare nuove amicizie. I genitori possono chiedere che i loro figli condividano la stanza con un amico in particolare e questo sar\u00e0 preso in considerazione, ma non sempre garantito.[\/vc_column_text][vc_column_text]<\/p>\n<h3>Si deve pagare una cauzione all&#8217;arrivo al campo estivo per ragazzi ACCORD Saint Nicolas a Parigi?<\/h3>\n<p>S\u00ec, all&#8217;arrivo i bambini devono versare una cauzione obbligatoria di 100 euro, solo in contanti. Il deposito cauzionale verr\u00e0 restituito per intero il giorno della partenza (a condizione che nulla sia stato danneggiato). La cauzione potr\u00e0 essere utilizzata anche per il pagamento di eventuali spese mediche e farmaceutiche.[\/vc_column_text][vc_column_text]<\/p>\n<h3>Come si occupa il personale di ACCORD della paghetta dei bambini?<\/h3>\n<p>La cifra della paghetta che i bambini hanno spetta alla loro famiglia, a seconda della durata del loro soggiorno e dell&#8217;importo che spendono abitualmente a casa. La paghetta \u00e8 da intendersi solo per spese personali: carte telefoniche, souvenir, ecc. in quanto tutte le spese di ingresso e di trasporto sono incluse nel prezzo del soggiorno.<\/p>\n<p>Il giorno di arrivo, i ragazzi possono scegliere se mettere la paghetta nella cassaforte della scuola o tenerla con s\u00e9. Se decidono di tenere con s\u00e9 la paghetta, dovranno compilare, firmare e datare un modulo di dimissione. Tuttavia, raccomandiamo vivamente di tenere al sicuro la paghetta, lasciandola nella cassaforte della scuola.<\/p>\n<p>I ragazzi possono ritirare i soldi dall&#8217;amministrazione ogni giorno ad orari prestabiliti.[\/vc_column_text][vc_column_text]<\/p>\n<h3>Mio figlio ha finito la paghetta. Come pu\u00f2 ricevere dei soldi dai genitori?<\/h3>\n<p>La cosa migliore \u00e8 chiedere ai genitori di effettuare un bonifico bancario sul conto bancario di ACCORD, e il bambino ricever\u00e0 il denaro in contanti non appena ACCORD avr\u00e0 ricevuto il pagamento.[\/vc_column_text][vc_column_text]<\/p>\n<h3>Ci sar\u00e0 la connessione Wi-Fi nella stanza?<\/h3>\n<p>No, ma c&#8217;\u00e8 un collegamento WIFI gratuito nel campus in tutte le aree comuni.[\/vc_column_text][vc_column_text]<\/p>\n<h3>Mio figlio dovr\u00e0 pagare la lavanderia del campo estivo per ragazzi ACCORD Saint Nicolas a Parigi?<\/h3>\n<p>No, ad ACCORD non c&#8217;\u00e8 nessun costo nascosto e il costo della lavanderia \u00e8 incluso nel prezzo del soggiorno!<\/p>\n<p>All&#8217;arrivo gli animatori ACCORD comunicheranno agli studenti i giorni di lavanderia.<br \/>\nRaccomandiamo vivamente ai genitori di mettere il nome e cognome dello studente su tutta la biancheria dei loro figli e su tutti gli altri articoli (macchina fotografica, cellulare, ecc.).<\/p>\n<p>La scuola non pu\u00f2 essere ritenuta responsabile nel caso in cui i bambini perdano i loro effetti personali, se vengono danneggiati o rubati.[\/vc_column_text][vc_column_text]<\/p>\n<h3>In caso di emergenza, come possono i genitori contattare il proprio figlio al campo estivo per ragazzi ACCORD Saint Nicolas di Parigi?<\/h3>\n<p>Abbiamo un numero telefonico di emergenza disponibile 24 ore su 24. Il numero verr\u00e0 inviato ai genitori con la conferma d&#8217;iscrizione.[\/vc_column_text][vc_column_text]<\/p>\n<h3>Cosa succede se mio figlio si ammala?<\/h3>\n<p>Al Campus estivo ACCORD Saint Nicolas di Parigi, abbiamo un assistente medico disponibile 24 ore al giorno, 7 giorni alla settimana. Se necessario, porteremo naturalmente vostro figlio dal medico, dal dentista o dall&#8217;ospedale. Naturalmente sarete immediatamente contattati e tenuti informati in ogni momento. Per questo motivo \u00e8 molto importante fornirci tutti i vostri dati nel caso in cui avessimo bisogno di contattarvi.[\/vc_column_text][vc_column_text]<\/p>\n<h3>Quali sono le regole e il regolamento del campo estivo per ragazzi ACCORD Saint Nicolas a Parigi?<\/h3>\n<p>Si prega di scaricare il documento dal sito web di ACCORD e di leggere attentamente le regole e i regolamenti che garantiscono la sicurezza di tutti gli studenti iscritti <a href=\"https:\/\/www.accord-langues.com\/it\/corso_junior\/accord-campo-estivo-per-ragazzi-in-francia\/\" target=\"_blank\" rel=\"noopener noreferrer\">al programma ACCORD Summer Campus<\/a>.<\/p>\n<p>I genitori e i bambini devono firmare, datare e restituire questo modulo alla scuola per certificare di aver letto e accettato il regolamento ACCORD.<\/p>\n<p>Di seguito sono riportati due esempi di informazioni importanti di cui voi e vostro figlio dovete essere a conoscenza:<\/p>\n<ul>\n<li>i bambini non sono autorizzati ad uscire da soli in qualsiasi momento durante il loro soggiorno con noi,<\/li>\n<li>in caso di violazione del regolamento ACCORD, il bambino sar\u00e0 espulso e rispedito a casa a proprie spese e senza alcun rimborso.<\/li>\n<\/ul>\n<p>[\/vc_column_text][vc_column_text]<\/p>\n<h3>Cosa succede se i genitori non riescono ad organizzare l&#8217;arrivo la domenica o la partenza il sabato con l&#8217;aereo?<\/h3>\n<p>Se vostro figlio arriva di domenica e parte di sabato, beneficer\u00e0 del nostro transfer di gruppo.<\/p>\n<p>Se non riuscite a prenotare un volo per arrivare la domenica e un volo per partire il sabato, contattateci immediatamente in quanto dovremo organizzare notti aggiuntive per il vostro bambino nel campus (o in un alloggio alternativo) e vi invieremo la fattura per le notti aggiuntive e le attivit\u00e0 proposte in questi giorni.[\/vc_column_text][vc_column_text]<\/p>\n<h3>Che cos&#8217;\u00e8 la procedura UM &#8220;minore non accompagnato&#8221;?<\/h3>\n<p>I genitori dovrebbero verificare con la compagnia aerea (e pagare) se vostro figlio deve essere trattato come un &#8220;minore non accompagnato&#8221;. Questo significa che vostro figlio sar\u00e0 accompagnato da un membro del personale della compagnia aerea attraverso il servizio di sicurezza dell&#8217;aeroporto di partenza e accompagnato a bordo dell&#8217;aereo. All&#8217;arrivo a Parigi, vostro figlio sar\u00e0 nuovamente accompagnato dall&#8217;aereo da un membro del personale della compagnia aerea attraverso l&#8217;immigrazione e la dogana, e sar\u00e0 consegnato ad un &#8220;persona designata&#8221; ACCORD all&#8217;uscita d&#8217;imbarco. Tale persona sar\u00e0 il nostro rappresentante ACCORD all&#8217;aeroporto.<\/p>\n<p>Si prega di notare che non saremo in grado di darvi il nome della persona designata fino a pochi giorni prima dell&#8217;arrivo e che questa persona non \u00e8 autorizzata a recarsi nell&#8217;area bagagli per ritirare i bagagli del vostro bambino.<\/p>\n<p>Tuttavia, vi forniremo ulteriori informazioni di contatto e un numero di emergenza. Per ulteriori informazioni si prega di contattare il team di prenotazione ACCORD.<\/p>\n<p>Per il volo di ritorno, un rappresentante ACCORD designato consegner\u00e0 il bambino al personale della compagnia aerea all&#8217;aeroporto di partenza (Roisssy Charles-de-Gaulle o Orly). Il membro del personale della compagnia aerea accompagner\u00e0 il bambino attraverso il servizio di sicurezza e fino all&#8217;aereo. Il regolamento UM significa anche che la &#8220;persona designata&#8221; ACCORD rimarr\u00e0 in aeroporto per un&#8217;ora dopo il decollo del volo, poich\u00e9 deve essere in grado di prendere il bambino e riportarlo al campus in caso di problemi con il volo. All&#8217;arrivo nel paese di origine di vostro figlio, il membro del personale della compagnia aerea porter\u00e0 vostro figlio attraverso l&#8217;immigrazione e la dogana e lo restituir\u00e0 a voi, i genitori, all&#8217;aeroporto.[\/vc_column_text][vc_column_text]<\/p>\n<h3>Campo estivo per ragazzi: Devo avere l&#8217;assicurazione?<\/h3>\n<p>Si consiglia agli studenti di stipulare un&#8217;assicurazione sanitaria e un&#8217;assicurazione di responsabilit\u00e0 civile per la durata del loro soggiorno presso il campus estivo ACCORD Saint Nicolas a Parigi, in quanto ACCORD non \u00e8 responsabile per il furto, il danneggiamento o la perdita degli effetti personali degli studenti. Entrambe le parti convengono che ACCORD non \u00e8 in alcun modo responsabile in tali circostanze.<\/p>\n<p>La polizza assicurativa ACCORD copre gli incidenti che si verificano all&#8217;interno del campus, ma non gli infortuni che si verificano al di fuori del campus. Inoltre, non copre i danni causati agli oggetti di propriet\u00e0 dello studente, siano essi causati dallo studente stesso o da terzi.<\/p>\n<p>Gli studenti devono inviare una copia della propria polizza assicurativa insieme a qualsiasi documento richiesto dal dipartimento di registrazione ACCORD.<\/p>\n<p>Se non disponete gi\u00e0 di una polizza assicurativa, ACCORD consiglia:<\/p>\n<ul>\n<li><strong>Guardme &#8211;\u00a0<\/strong>Sito web\u00a0<strong>QUI<\/strong><\/li>\n<\/ul>\n<p>Quando li contattate, vi invitiamo a dichiarare che state frequentando un programma presso il <a href=\"https:\/\/www.accord-langues.com\/it\/corso_junior\/accord-campo-estivo-per-ragazzi-in-francia\/\" target=\"_blank\" rel=\"noopener noreferrer\">campus estivo ACCORD Saint Nicolas a Parigi.<\/a>[\/vc_column_text][\/vc_column][\/vc_row][vc_row el_class=&#8221;button-blocks&#8221;][vc_column width=&#8221;1\/3&#8243; offset=&#8221;vc_col-lg-offset-4 vc_col-md-offset-4&#8243;]<div class=\"RFIbox yellow one-line\">\n\t<div class=\"RFIbox__media\">\n        <a href=\"https:\/\/www.accord-langues.com\/it\/contattateci\/\" title=\"\" target=\"_blank\"><img decoding=\"async\" width=\"72\" height=\"78\" src=\"https:\/\/www.accord-langues.com\/wp-content\/uploads\/2016\/10\/contact-us-icon.gif\" class=\"img-responsive\" alt=\"\" title=\"contact-us-icon\" \/><\/a>        \t<\/div>\n\n        <div class=\"RFIBox__title\">\n        <a href=\"https:\/\/www.accord-langues.com\/it\/contattateci\/\" title=\"\" target=\"_blank\">Contattateci<\/a>    <\/div>\n    \n    \t<div class=\"RFIbox__content\">\n\t\t<a href=\"https:\/\/www.accord-langues.com\/it\/contattateci\/\" title=\"\" target=\"_blank\"><\/a>\t<\/div>\n    <\/div>[\/vc_column][\/vc_row]<\/p>\n<\/div>","protected":false},"excerpt":{"rendered":"<p>[vc_row][vc_column][\/vc_column][\/vc_row][vc_row full_width=&#8221;stretch_row&#8221; content_placement=&#8221;middle&#8221; css=&#8221;.vc_custom_1532955235869{background-image: url(https:\/\/www.accord-langues.com\/wp-content\/uploads\/2016\/10\/adult-course.jpg?id=348) !important;background-position: center !important;background-repeat: no-repeat !important;background-size: cover !important;}&#8221; el_class=&#8221;header-image&#8221;][vc_column width=&#8221;2\/3&#8243; offset=&#8221;vc_col-sm-offset-2&#8243;][vc_column_text] FAQ &#8211; Campo estivo per ragazzi ed adolescenti Campo estivo ACCORD Saint Nicolas a Parigi FAQ Programma all-inclusive per adolescenti FAQ Programma studio di un giorno per ragazzi FAQ [\/vc_column_text][\/vc_column][\/vc_row][vc_row full_width=&#8221;stretch_row&#8221;][vc_column][vc_column_text] Dove si trova il campo estivo per ragazzi ACCORD [&hellip;]<\/p>\n","protected":false},"author":10,"featured_media":0,"parent":0,"menu_order":0,"comment_status":"closed","ping_status":"closed","template":"","meta":{"_acf_changed":false,"footnotes":""},"class_list":["post-5423","page","type-page","status-publish","hentry"],"acf":[],"yoast_head":"<!-- This site is optimized with the Yoast SEO Premium plugin v27.4 (Yoast SEO v27.4) - https:\/\/yoast.com\/product\/yoast-seo-premium-wordpress\/ -->\n<title>FAQ - Campo estivo per ragazzi ed adolescenti - Accord Paris<\/title>\n<meta name=\"description\" content=\"FAQ Campo estivo per ragazzi: Dove si trova il campo estivo per ragazzi ACCORD Saint Nicolas a Parigi ? Che cos&#039;\u00e8 la procedura UM, minore non accompagnato?\" \/>\n<meta name=\"robots\" content=\"index, follow, max-snippet:-1, max-image-preview:large, max-video-preview:-1\" \/>\n<link rel=\"canonical\" href=\"https:\/\/www.accord-langues.com\/it\/faq-campo-estivo-per-ragazzi-ed-adolescenti\/\" \/>\n<meta property=\"og:locale\" content=\"it_IT\" \/>\n<meta property=\"og:type\" content=\"article\" \/>\n<meta property=\"og:title\" content=\"FAQ - Campo estivo per ragazzi ed adolescenti\" \/>\n<meta property=\"og:description\" content=\"FAQ Campo estivo per ragazzi: Dove si trova il campo estivo per ragazzi ACCORD Saint Nicolas a Parigi ? Che cos&#039;\u00e8 la procedura UM, minore non accompagnato?\" \/>\n<meta property=\"og:url\" content=\"https:\/\/www.accord-langues.com\/it\/faq-campo-estivo-per-ragazzi-ed-adolescenti\/\" \/>\n<meta property=\"og:site_name\" content=\"Accord Paris\" \/>\n<meta property=\"article:publisher\" content=\"https:\/\/www.facebook.com\/accordecoledelangues\" \/>\n<meta property=\"article:modified_time\" content=\"2024-02-03T16:32:40+00:00\" \/>\n<meta property=\"og:image\" content=\"https:\/\/www.accord-langues.com\/wp-content\/uploads\/2024\/02\/ACCORD-French-Language-School-in-Paris-low-res.jpg\" \/>\n\t<meta property=\"og:image:width\" content=\"1200\" \/>\n\t<meta property=\"og:image:height\" content=\"867\" \/>\n\t<meta property=\"og:image:type\" content=\"image\/jpeg\" \/>\n<meta name=\"twitter:card\" content=\"summary_large_image\" \/>\n<meta name=\"twitter:label1\" content=\"Tempo di lettura stimato\" \/>\n\t<meta name=\"twitter:data1\" content=\"9 minuti\" \/>\n<script type=\"application\/ld+json\" class=\"yoast-schema-graph\">{\"@context\":\"https:\\\/\\\/schema.org\",\"@graph\":[{\"@type\":\"WebPage\",\"@id\":\"https:\\\/\\\/www.accord-langues.com\\\/it\\\/faq-campo-estivo-per-ragazzi-ed-adolescenti\\\/\",\"url\":\"https:\\\/\\\/www.accord-langues.com\\\/it\\\/faq-campo-estivo-per-ragazzi-ed-adolescenti\\\/\",\"name\":\"FAQ - Campo estivo per ragazzi ed adolescenti - Accord Paris\",\"isPartOf\":{\"@id\":\"https:\\\/\\\/www.accord-langues.com\\\/it\\\/#website\"},\"datePublished\":\"2019-01-18T14:28:38+00:00\",\"dateModified\":\"2024-02-03T16:32:40+00:00\",\"description\":\"FAQ Campo estivo per ragazzi: Dove si trova il campo estivo per ragazzi ACCORD Saint Nicolas a Parigi ? Che cos'\u00e8 la procedura UM, minore non accompagnato?\",\"inLanguage\":\"it-IT\",\"potentialAction\":[{\"@type\":\"ReadAction\",\"target\":[\"https:\\\/\\\/www.accord-langues.com\\\/it\\\/faq-campo-estivo-per-ragazzi-ed-adolescenti\\\/\"]}]},{\"@type\":\"WebSite\",\"@id\":\"https:\\\/\\\/www.accord-langues.com\\\/it\\\/#website\",\"url\":\"https:\\\/\\\/www.accord-langues.com\\\/it\\\/\",\"name\":\"Accord Paris\",\"description\":\"Learn French in France\",\"publisher\":{\"@id\":\"https:\\\/\\\/www.accord-langues.com\\\/it\\\/#organization\"},\"potentialAction\":[{\"@type\":\"SearchAction\",\"target\":{\"@type\":\"EntryPoint\",\"urlTemplate\":\"https:\\\/\\\/www.accord-langues.com\\\/it\\\/?s={search_term_string}\"},\"query-input\":{\"@type\":\"PropertyValueSpecification\",\"valueRequired\":true,\"valueName\":\"search_term_string\"}}],\"inLanguage\":\"it-IT\"},{\"@type\":\"Organization\",\"@id\":\"https:\\\/\\\/www.accord-langues.com\\\/it\\\/#organization\",\"name\":\"ACCORD Tour Eiffel\",\"alternateName\":\"Learn French in Paris\",\"url\":\"https:\\\/\\\/www.accord-langues.com\\\/it\\\/\",\"logo\":{\"@type\":\"ImageObject\",\"inLanguage\":\"it-IT\",\"@id\":\"https:\\\/\\\/www.accord-langues.com\\\/it\\\/#\\\/schema\\\/logo\\\/image\\\/\",\"url\":\"https:\\\/\\\/www.accord-langues.com\\\/wp-content\\\/uploads\\\/2016\\\/06\\\/Logo.png\",\"contentUrl\":\"https:\\\/\\\/www.accord-langues.com\\\/wp-content\\\/uploads\\\/2016\\\/06\\\/Logo.png\",\"width\":290,\"height\":70,\"caption\":\"ACCORD Tour Eiffel\"},\"image\":{\"@id\":\"https:\\\/\\\/www.accord-langues.com\\\/it\\\/#\\\/schema\\\/logo\\\/image\\\/\"},\"sameAs\":[\"https:\\\/\\\/www.facebook.com\\\/accordecoledelangues\",\"https:\\\/\\\/www.linkedin.com\\\/groups\\\/4542133\\\/\"],\"description\":\"ACCORD French Language School is one of the leading schools in France for teaching French to foreign students and offering high quality French language courses in Paris. The ACCORD language school is located in the heart of Paris, nearby the Eiffel Tower. The ACCORD school is open all year round and welcomes students from all over the world from the age of 16 in its French language courses. ACCORD school is accredited by the official \u201cQualit\u00e9 FLE\u201d label and is member of CAMPUS FRANCE, SOUFFLE and Atout France. ACCORD is official exam center for the TCF IRN, TCF TP, TCF Qu\u00e9bec and TCF Canada.\",\"email\":\"info@accord-langues.com\",\"telephone\":\"+33155335233\",\"legalName\":\"FORUM ACCORD\",\"foundingDate\":\"1990-02-23\",\"numberOfEmployees\":{\"@type\":\"QuantitativeValue\",\"minValue\":\"11\",\"maxValue\":\"50\"}}]}<\/script>\n<!-- \/ Yoast SEO Premium plugin. -->","yoast_head_json":{"title":"FAQ - Campo estivo per ragazzi ed adolescenti - Accord Paris","description":"FAQ Campo estivo per ragazzi: Dove si trova il campo estivo per ragazzi ACCORD Saint Nicolas a Parigi ? Che cos'\u00e8 la procedura UM, minore non accompagnato?","robots":{"index":"index","follow":"follow","max-snippet":"max-snippet:-1","max-image-preview":"max-image-preview:large","max-video-preview":"max-video-preview:-1"},"canonical":"https:\/\/www.accord-langues.com\/it\/faq-campo-estivo-per-ragazzi-ed-adolescenti\/","og_locale":"it_IT","og_type":"article","og_title":"FAQ - Campo estivo per ragazzi ed adolescenti","og_description":"FAQ Campo estivo per ragazzi: Dove si trova il campo estivo per ragazzi ACCORD Saint Nicolas a Parigi ? Che cos'\u00e8 la procedura UM, minore non accompagnato?","og_url":"https:\/\/www.accord-langues.com\/it\/faq-campo-estivo-per-ragazzi-ed-adolescenti\/","og_site_name":"Accord Paris","article_publisher":"https:\/\/www.facebook.com\/accordecoledelangues","article_modified_time":"2024-02-03T16:32:40+00:00","og_image":[{"width":1200,"height":867,"url":"https:\/\/www.accord-langues.com\/wp-content\/uploads\/2024\/02\/ACCORD-French-Language-School-in-Paris-low-res.jpg","type":"image\/jpeg"}],"twitter_card":"summary_large_image","twitter_misc":{"Tempo di lettura stimato":"9 minuti"},"schema":{"@context":"https:\/\/schema.org","@graph":[{"@type":"WebPage","@id":"https:\/\/www.accord-langues.com\/it\/faq-campo-estivo-per-ragazzi-ed-adolescenti\/","url":"https:\/\/www.accord-langues.com\/it\/faq-campo-estivo-per-ragazzi-ed-adolescenti\/","name":"FAQ - Campo estivo per ragazzi ed adolescenti - Accord Paris","isPartOf":{"@id":"https:\/\/www.accord-langues.com\/it\/#website"},"datePublished":"2019-01-18T14:28:38+00:00","dateModified":"2024-02-03T16:32:40+00:00","description":"FAQ Campo estivo per ragazzi: Dove si trova il campo estivo per ragazzi ACCORD Saint Nicolas a Parigi ? Che cos'\u00e8 la procedura UM, minore non accompagnato?","inLanguage":"it-IT","potentialAction":[{"@type":"ReadAction","target":["https:\/\/www.accord-langues.com\/it\/faq-campo-estivo-per-ragazzi-ed-adolescenti\/"]}]},{"@type":"WebSite","@id":"https:\/\/www.accord-langues.com\/it\/#website","url":"https:\/\/www.accord-langues.com\/it\/","name":"Accord Paris","description":"Learn French in France","publisher":{"@id":"https:\/\/www.accord-langues.com\/it\/#organization"},"potentialAction":[{"@type":"SearchAction","target":{"@type":"EntryPoint","urlTemplate":"https:\/\/www.accord-langues.com\/it\/?s={search_term_string}"},"query-input":{"@type":"PropertyValueSpecification","valueRequired":true,"valueName":"search_term_string"}}],"inLanguage":"it-IT"},{"@type":"Organization","@id":"https:\/\/www.accord-langues.com\/it\/#organization","name":"ACCORD Tour Eiffel","alternateName":"Learn French in Paris","url":"https:\/\/www.accord-langues.com\/it\/","logo":{"@type":"ImageObject","inLanguage":"it-IT","@id":"https:\/\/www.accord-langues.com\/it\/#\/schema\/logo\/image\/","url":"https:\/\/www.accord-langues.com\/wp-content\/uploads\/2016\/06\/Logo.png","contentUrl":"https:\/\/www.accord-langues.com\/wp-content\/uploads\/2016\/06\/Logo.png","width":290,"height":70,"caption":"ACCORD Tour Eiffel"},"image":{"@id":"https:\/\/www.accord-langues.com\/it\/#\/schema\/logo\/image\/"},"sameAs":["https:\/\/www.facebook.com\/accordecoledelangues","https:\/\/www.linkedin.com\/groups\/4542133\/"],"description":"ACCORD French Language School is one of the leading schools in France for teaching French to foreign students and offering high quality French language courses in Paris. The ACCORD language school is located in the heart of Paris, nearby the Eiffel Tower. The ACCORD school is open all year round and welcomes students from all over the world from the age of 16 in its French language courses. ACCORD school is accredited by the official \u201cQualit\u00e9 FLE\u201d label and is member of CAMPUS FRANCE, SOUFFLE and Atout France. ACCORD is official exam center for the TCF IRN, TCF TP, TCF Qu\u00e9bec and TCF Canada.","email":"info@accord-langues.com","telephone":"+33155335233","legalName":"FORUM ACCORD","foundingDate":"1990-02-23","numberOfEmployees":{"@type":"QuantitativeValue","minValue":"11","maxValue":"50"}}]}},"_links":{"self":[{"href":"https:\/\/www.accord-langues.com\/it\/wp-json\/wp\/v2\/pages\/5423","targetHints":{"allow":["GET"]}}],"collection":[{"href":"https:\/\/www.accord-langues.com\/it\/wp-json\/wp\/v2\/pages"}],"about":[{"href":"https:\/\/www.accord-langues.com\/it\/wp-json\/wp\/v2\/types\/page"}],"author":[{"embeddable":true,"href":"https:\/\/www.accord-langues.com\/it\/wp-json\/wp\/v2\/users\/10"}],"replies":[{"embeddable":true,"href":"https:\/\/www.accord-langues.com\/it\/wp-json\/wp\/v2\/comments?post=5423"}],"version-history":[{"count":0,"href":"https:\/\/www.accord-langues.com\/it\/wp-json\/wp\/v2\/pages\/5423\/revisions"}],"wp:attachment":[{"href":"https:\/\/www.accord-langues.com\/it\/wp-json\/wp\/v2\/media?parent=5423"}],"curies":[{"name":"wp","href":"https:\/\/api.w.org\/{rel}","templated":true}]}}