{"id":5420,"date":"2019-01-18T14:48:37","date_gmt":"2019-01-18T14:48:37","guid":{"rendered":"https:\/\/www.accord-langues.com\/internship-in-paris\/"},"modified":"2024-11-29T16:30:50","modified_gmt":"2024-11-29T16:30:50","slug":"tirocinio-a-parigi","status":"publish","type":"page","link":"https:\/\/www.accord-langues.com\/it\/tirocinio-a-parigi\/","title":{"rendered":"Tirocinio a Parigi"},"content":{"rendered":"<div class=\"wpb-content-wrapper\"><p>[vc_row][vc_column][\/vc_column][\/vc_row][vc_row full_width=&#8221;stretch_row&#8221; content_placement=&#8221;middle&#8221; css=&#8221;.vc_custom_1532955235869{background-image: url(https:\/\/www.accord-langues.com\/wp-content\/uploads\/2016\/10\/adult-course.jpg?id=348) !important;background-position: center !important;background-repeat: no-repeat !important;background-size: cover !important;}&#8221; el_class=&#8221;header-image&#8221;][vc_column width=&#8221;2\/3&#8243; offset=&#8221;vc_col-sm-offset-2&#8243;][vc_column_text]<\/p>\n<h1 style=\"text-align: center;\">Tirocinio a Parigi<\/h1>\n<p style=\"text-align: center;\"><strong>Stage all&#8217;estero in Francia<\/strong><br \/>\n<strong>Tirocinio a tempo pieno all&#8217;estero<\/strong><\/p>\n<p>[\/vc_column_text][\/vc_column][\/vc_row][vc_row full_width=&#8221;stretch_row&#8221;][vc_column][vc_column_text]<\/p>\n<h3><span style=\"color: #ff6600;\"><strong>Tirocinio a Parigi<br \/>\n<\/strong><\/span><span style=\"color: #ff6600;\"><strong>Stage all&#8217;estero in Francia<br \/>\n<\/strong><\/span><span style=\"color: #ff6600;\"><strong>Tirocinio a tempo pieno all&#8217;estero<\/strong><\/span><\/h3>\n<p>Il tirocinio a Parigi \u00e8 un ottimo modo per vivere la citt\u00e0 da vicino e in modo personale, prendendo il tempo necessario per apprezzare tutto il suo fascino e la cultura parigina, arricchendo allo stesso tempo il vostro CV e acquisendo preziose conoscenze della lingua francese.<\/p>\n<p>Famosa per la sua ricca storia, la bellezza architettonica e la diversit\u00e0 culturale, Parigi rimane una delle citt\u00e0 pi\u00f9 visitate al mondo. Parigi \u00e8 sempre stata un alveare di attivit\u00e0 artistiche e intellettuali con i suoi 134 musei, 170 teatri, universit\u00e0 di fama mondiale e festival culturali, che si svolgono tutto l&#8217;anno.<\/p>\n<p>Naturalmente, Parigi \u00e8 anche la capitale della moda e del design ed \u00e8 famosa a livello internazionale per le sue boutique, i grandi magazzini e i giovani designer.<\/p>\n<p>Facendo uno stage a Parigi presso la ACCORD Language School, avrete anche l&#8217;opportunit\u00e0 di esplorare Parigi e tutte le sue famose attrazioni e siti, oltre a godervi lo stile di vita francese.<\/p>\n<p>Con ACCORD, c&#8217;\u00e8 anche un altro modo per scoprire Parigi e la sua cultura e civilt\u00e0 iscrivendosi alle nostre lezioni di cultura e civilt\u00e0 francese (ogni luned\u00ec e venerd\u00ec pomeriggio).<\/p>\n<p>Il programma di stage a Parigi \u00e8 rivolto esclusivamente a studenti universitari che abbiano almeno 18 anni.[\/vc_column_text][vc_column_text]<\/p>\n<h3>Tirocinio a Parigi: Vivere e lavorare a Parigi!<\/h3>\n<p>Con ACCORD potete completare il corso di lingua francese all&#8217;estero con uno stage fuori la scuola o uno stage a tempo pieno presso ACCORD, se avete un ottimo livello di francese.\u2028 Controllate qui di seguito i 3 stage che offriamo ad ACCORD.[\/vc_column_text][vc_column_text]<\/p>\n<h3>Tirocinio: 3 stage ad ACCORD<\/h3>\n<p>Prima di candidarvi e selezionare il vostro programma di stage a Parigi, leggete i dettagli dei 3 stage offerti da ACCORD:<\/p>\n<ol>\n<li>Il vostro livello di francese \u00e8 ottimo: potete richiedere uno stage a tempo pieno presso ACCORD, nell&#8217;ufficio marketing e vendite, nell&#8217;ufficio Studi o nell&#8217;ufficio Esami. Offriamo anche stage nel reparto marketing sotto la supervisione del responsabile marketing del Gruppo ACCORD.<\/li>\n<li>Il vostro livello di francese \u00e8 buono: potete richiedere uno stage part-time presso ACCORD, nell&#8217;ufficio marketing e vendite o nell&#8217;ufficio d&#8217;esame. Dopo un test per verificare il vostro livello di francese sarete inseriti in un corso intensivo mattutino e lavorerete nel pomeriggio, o viceversa.<\/li>\n<li>Siete dei falsi principianti o avete un livello medio basso: dovrete seguire un corso intensivo di francese per alcune settimane prima di iniziare lo stage, e poi potrete fare uno stage part-time come descritto al punto 2.<\/li>\n<\/ol>\n<p>[\/vc_column_text][vc_column_text]<\/p>\n<h3>Tirocinio a Parigi: Investire in un&#8217;esperienza di lavoro e di vita internazionale.<\/h3>\n<p>Presso ACCORD \u00e8 possibile svolgere uno stage a tempo pieno o uno stage part-time che d\u00e0 la possibilit\u00e0 di seguire un corso di lingua francese.<\/p>\n<p>Uno stage all&#8217;estero fornisce agli studenti la fiducia e l&#8217;esperienza necessaria per perseguire con successo una carriera prescelta sulla scena internazionale dopo l&#8217;universit\u00e0.<\/p>\n<p>Uno stage a Parigi dona importanza al curriculum, regala un vantaggio in un mercato del lavoro competitivo e offre una preziosa prospettiva internazionale &#8211; molto attraente per i datori di lavoro.[\/vc_column_text][vc_column_text]<\/p>\n<h3>Tirocinio a Parigi: per maturare esperienza pratica e globale<\/h3>\n<p>Sviluppate le vostre prospettive di carriera attraverso un&#8217;esperienza globale unica in un&#8217;azienda con pi\u00f9 di 25 paesi. Come sapete, i tirocini all&#8217;estero costruiscono competenze critiche altamente ricercate nel mondo del lavoro.[\/vc_column_text][vc_column_text]<\/p>\n<h3>Tirocinio a Parigi: Le parti pi\u00f9 importanti del programma<\/h3>\n<p>I cinque vantaggi principali del nostro programma ACCORD di tirocinio a Parigi:<\/p>\n<ol>\n<li>Ottenere uno stage all&#8217;estero in una scuola di lingue accreditata e famosa, membro del gruppo ALS (Accord Language Schools Group).<\/li>\n<li>Arricchire il proprio CV e avere una marcia in pi\u00f9 con futuri datori di lavoro.<\/li>\n<li>Vivere\u00a0una fantastica esperienza in una delle capitali pi\u00f9 emozionanti, la Citt\u00e0 dei Lumi.<\/li>\n<li>Migliorare le conoscenze della lingua francese<\/li>\n<li>Conoscere\u00a0amici e una rete professionale da tutto il mondo, dato che ACCORD ha partner e agenti in pi\u00f9 di 25 paesi.<\/li>\n<\/ol>\n<p>[\/vc_column_text][\/vc_column][\/vc_row][vc_row el_class=&#8221;button-blocks&#8221;][vc_column width=&#8221;1\/3&#8243; offset=&#8221;vc_col-lg-offset-4 vc_col-md-offset-4&#8243;]<div class=\"RFIbox yellow one-line\">\n\t<div class=\"RFIbox__media\">\n        <a href=\"https:\/\/www.accord-langues.com\/it\/contattateci\/\" title=\"\" target=\"_blank\"><img decoding=\"async\" width=\"72\" height=\"78\" src=\"https:\/\/www.accord-langues.com\/wp-content\/uploads\/2016\/10\/contact-us-icon.gif\" class=\"img-responsive\" alt=\"\" title=\"contact-us-icon\" \/><\/a>        \t<\/div>\n\n        <div class=\"RFIBox__title\">\n        <a href=\"https:\/\/www.accord-langues.com\/it\/contattateci\/\" title=\"\" target=\"_blank\">Contattateci<\/a>    <\/div>\n    \n    \t<div class=\"RFIbox__content\">\n\t\t<a href=\"https:\/\/www.accord-langues.com\/it\/contattateci\/\" title=\"\" target=\"_blank\"><\/a>\t<\/div>\n    <\/div>[\/vc_column][\/vc_row]<\/p>\n<\/div>","protected":false},"excerpt":{"rendered":"<p>[vc_row][vc_column][\/vc_column][\/vc_row][vc_row full_width=&#8221;stretch_row&#8221; content_placement=&#8221;middle&#8221; css=&#8221;.vc_custom_1532955235869{background-image: url(https:\/\/www.accord-langues.com\/wp-content\/uploads\/2016\/10\/adult-course.jpg?id=348) !important;background-position: center !important;background-repeat: no-repeat !important;background-size: cover !important;}&#8221; el_class=&#8221;header-image&#8221;][vc_column width=&#8221;2\/3&#8243; offset=&#8221;vc_col-sm-offset-2&#8243;][vc_column_text] Tirocinio a Parigi Stage all&#8217;estero in Francia Tirocinio a tempo pieno all&#8217;estero [\/vc_column_text][\/vc_column][\/vc_row][vc_row full_width=&#8221;stretch_row&#8221;][vc_column][vc_column_text] Tirocinio a Parigi Stage all&#8217;estero in Francia Tirocinio a tempo pieno all&#8217;estero Il tirocinio a Parigi \u00e8 un ottimo modo per vivere la citt\u00e0 da vicino [&hellip;]<\/p>\n","protected":false},"author":10,"featured_media":0,"parent":0,"menu_order":0,"comment_status":"closed","ping_status":"closed","template":"","meta":{"_acf_changed":false,"footnotes":""},"class_list":["post-5420","page","type-page","status-publish","hentry"],"acf":[],"yoast_head":"<!-- This site is optimized with the Yoast SEO Premium plugin v27.5 (Yoast SEO v27.5) - https:\/\/yoast.com\/product\/yoast-seo-premium-wordpress\/ -->\n<title>Tirocinio a Parigi - Accord Paris<\/title>\n<meta name=\"description\" content=\"Lo Tirocinio a Parigi \u00e8 un modo per vivere la citt\u00e0 da vicino e in modo personale, con il tempo necessario per apprezzare la Parigi cultura.\" \/>\n<meta name=\"robots\" content=\"index, follow, max-snippet:-1, max-image-preview:large, max-video-preview:-1\" \/>\n<link rel=\"canonical\" href=\"https:\/\/www.accord-langues.com\/it\/tirocinio-a-parigi\/\" \/>\n<meta property=\"og:locale\" content=\"it_IT\" \/>\n<meta property=\"og:type\" content=\"article\" \/>\n<meta property=\"og:title\" content=\"Tirocinio a Parigi\" \/>\n<meta property=\"og:description\" content=\"Lo Tirocinio a Parigi \u00e8 un modo per vivere la citt\u00e0 da vicino e in modo personale, con il tempo necessario per apprezzare la Parigi cultura.\" \/>\n<meta property=\"og:url\" content=\"https:\/\/www.accord-langues.com\/it\/tirocinio-a-parigi\/\" \/>\n<meta property=\"og:site_name\" content=\"Accord Paris\" \/>\n<meta property=\"article:publisher\" content=\"https:\/\/www.facebook.com\/accordecoledelangues\" \/>\n<meta property=\"article:modified_time\" content=\"2024-11-29T16:30:50+00:00\" \/>\n<meta property=\"og:image\" content=\"https:\/\/www.accord-langues.com\/wp-content\/uploads\/2024\/02\/ACCORD-French-Language-School-in-Paris-low-res.jpg\" \/>\n\t<meta property=\"og:image:width\" content=\"1200\" \/>\n\t<meta property=\"og:image:height\" content=\"867\" \/>\n\t<meta property=\"og:image:type\" content=\"image\/jpeg\" \/>\n<meta name=\"twitter:card\" content=\"summary_large_image\" \/>\n<meta name=\"twitter:label1\" content=\"Tempo di lettura stimato\" \/>\n\t<meta name=\"twitter:data1\" content=\"4 minuti\" \/>\n<script type=\"application\/ld+json\" class=\"yoast-schema-graph\">{\"@context\":\"https:\\\/\\\/schema.org\",\"@graph\":[{\"@type\":\"WebPage\",\"@id\":\"https:\\\/\\\/www.accord-langues.com\\\/it\\\/tirocinio-a-parigi\\\/\",\"url\":\"https:\\\/\\\/www.accord-langues.com\\\/it\\\/tirocinio-a-parigi\\\/\",\"name\":\"Tirocinio a Parigi - Accord Paris\",\"isPartOf\":{\"@id\":\"https:\\\/\\\/www.accord-langues.com\\\/it\\\/#website\"},\"datePublished\":\"2019-01-18T14:48:37+00:00\",\"dateModified\":\"2024-11-29T16:30:50+00:00\",\"description\":\"Lo Tirocinio a Parigi \u00e8 un modo per vivere la citt\u00e0 da vicino e in modo personale, con il tempo necessario per apprezzare la Parigi cultura.\",\"inLanguage\":\"it-IT\",\"potentialAction\":[{\"@type\":\"ReadAction\",\"target\":[\"https:\\\/\\\/www.accord-langues.com\\\/it\\\/tirocinio-a-parigi\\\/\"]}]},{\"@type\":\"WebSite\",\"@id\":\"https:\\\/\\\/www.accord-langues.com\\\/it\\\/#website\",\"url\":\"https:\\\/\\\/www.accord-langues.com\\\/it\\\/\",\"name\":\"Accord Paris\",\"description\":\"Learn French in France\",\"publisher\":{\"@id\":\"https:\\\/\\\/www.accord-langues.com\\\/it\\\/#organization\"},\"potentialAction\":[{\"@type\":\"SearchAction\",\"target\":{\"@type\":\"EntryPoint\",\"urlTemplate\":\"https:\\\/\\\/www.accord-langues.com\\\/it\\\/?s={search_term_string}\"},\"query-input\":{\"@type\":\"PropertyValueSpecification\",\"valueRequired\":true,\"valueName\":\"search_term_string\"}}],\"inLanguage\":\"it-IT\"},{\"@type\":\"Organization\",\"@id\":\"https:\\\/\\\/www.accord-langues.com\\\/it\\\/#organization\",\"name\":\"ACCORD Tour Eiffel\",\"alternateName\":\"Learn French in Paris\",\"url\":\"https:\\\/\\\/www.accord-langues.com\\\/it\\\/\",\"logo\":{\"@type\":\"ImageObject\",\"inLanguage\":\"it-IT\",\"@id\":\"https:\\\/\\\/www.accord-langues.com\\\/it\\\/#\\\/schema\\\/logo\\\/image\\\/\",\"url\":\"https:\\\/\\\/www.accord-langues.com\\\/wp-content\\\/uploads\\\/2016\\\/06\\\/Logo.png\",\"contentUrl\":\"https:\\\/\\\/www.accord-langues.com\\\/wp-content\\\/uploads\\\/2016\\\/06\\\/Logo.png\",\"width\":290,\"height\":70,\"caption\":\"ACCORD Tour Eiffel\"},\"image\":{\"@id\":\"https:\\\/\\\/www.accord-langues.com\\\/it\\\/#\\\/schema\\\/logo\\\/image\\\/\"},\"sameAs\":[\"https:\\\/\\\/www.facebook.com\\\/accordecoledelangues\",\"https:\\\/\\\/www.linkedin.com\\\/groups\\\/4542133\\\/\"],\"description\":\"ACCORD French Language School is one of the leading schools in France for teaching French to foreign students and offering high quality French language courses in Paris. The ACCORD language school is located in the heart of Paris, nearby the Eiffel Tower. The ACCORD school is open all year round and welcomes students from all over the world from the age of 16 in its French language courses. ACCORD school is accredited by the official \u201cQualit\u00e9 FLE\u201d label and is member of CAMPUS FRANCE, SOUFFLE and Atout France. ACCORD is official exam center for the TCF IRN, TCF TP, TCF Qu\u00e9bec and TCF Canada.\",\"email\":\"info@accord-langues.com\",\"telephone\":\"+33155335233\",\"legalName\":\"FORUM ACCORD\",\"foundingDate\":\"1990-02-23\",\"numberOfEmployees\":{\"@type\":\"QuantitativeValue\",\"minValue\":\"11\",\"maxValue\":\"50\"}}]}<\/script>\n<!-- \/ Yoast SEO Premium plugin. -->","yoast_head_json":{"title":"Tirocinio a Parigi - Accord Paris","description":"Lo Tirocinio a Parigi \u00e8 un modo per vivere la citt\u00e0 da vicino e in modo personale, con il tempo necessario per apprezzare la Parigi cultura.","robots":{"index":"index","follow":"follow","max-snippet":"max-snippet:-1","max-image-preview":"max-image-preview:large","max-video-preview":"max-video-preview:-1"},"canonical":"https:\/\/www.accord-langues.com\/it\/tirocinio-a-parigi\/","og_locale":"it_IT","og_type":"article","og_title":"Tirocinio a Parigi","og_description":"Lo Tirocinio a Parigi \u00e8 un modo per vivere la citt\u00e0 da vicino e in modo personale, con il tempo necessario per apprezzare la Parigi cultura.","og_url":"https:\/\/www.accord-langues.com\/it\/tirocinio-a-parigi\/","og_site_name":"Accord Paris","article_publisher":"https:\/\/www.facebook.com\/accordecoledelangues","article_modified_time":"2024-11-29T16:30:50+00:00","og_image":[{"width":1200,"height":867,"url":"https:\/\/www.accord-langues.com\/wp-content\/uploads\/2024\/02\/ACCORD-French-Language-School-in-Paris-low-res.jpg","type":"image\/jpeg"}],"twitter_card":"summary_large_image","twitter_misc":{"Tempo di lettura stimato":"4 minuti"},"schema":{"@context":"https:\/\/schema.org","@graph":[{"@type":"WebPage","@id":"https:\/\/www.accord-langues.com\/it\/tirocinio-a-parigi\/","url":"https:\/\/www.accord-langues.com\/it\/tirocinio-a-parigi\/","name":"Tirocinio a Parigi - Accord Paris","isPartOf":{"@id":"https:\/\/www.accord-langues.com\/it\/#website"},"datePublished":"2019-01-18T14:48:37+00:00","dateModified":"2024-11-29T16:30:50+00:00","description":"Lo Tirocinio a Parigi \u00e8 un modo per vivere la citt\u00e0 da vicino e in modo personale, con il tempo necessario per apprezzare la Parigi cultura.","inLanguage":"it-IT","potentialAction":[{"@type":"ReadAction","target":["https:\/\/www.accord-langues.com\/it\/tirocinio-a-parigi\/"]}]},{"@type":"WebSite","@id":"https:\/\/www.accord-langues.com\/it\/#website","url":"https:\/\/www.accord-langues.com\/it\/","name":"Accord Paris","description":"Learn French in France","publisher":{"@id":"https:\/\/www.accord-langues.com\/it\/#organization"},"potentialAction":[{"@type":"SearchAction","target":{"@type":"EntryPoint","urlTemplate":"https:\/\/www.accord-langues.com\/it\/?s={search_term_string}"},"query-input":{"@type":"PropertyValueSpecification","valueRequired":true,"valueName":"search_term_string"}}],"inLanguage":"it-IT"},{"@type":"Organization","@id":"https:\/\/www.accord-langues.com\/it\/#organization","name":"ACCORD Tour Eiffel","alternateName":"Learn French in Paris","url":"https:\/\/www.accord-langues.com\/it\/","logo":{"@type":"ImageObject","inLanguage":"it-IT","@id":"https:\/\/www.accord-langues.com\/it\/#\/schema\/logo\/image\/","url":"https:\/\/www.accord-langues.com\/wp-content\/uploads\/2016\/06\/Logo.png","contentUrl":"https:\/\/www.accord-langues.com\/wp-content\/uploads\/2016\/06\/Logo.png","width":290,"height":70,"caption":"ACCORD Tour Eiffel"},"image":{"@id":"https:\/\/www.accord-langues.com\/it\/#\/schema\/logo\/image\/"},"sameAs":["https:\/\/www.facebook.com\/accordecoledelangues","https:\/\/www.linkedin.com\/groups\/4542133\/"],"description":"ACCORD French Language School is one of the leading schools in France for teaching French to foreign students and offering high quality French language courses in Paris. The ACCORD language school is located in the heart of Paris, nearby the Eiffel Tower. The ACCORD school is open all year round and welcomes students from all over the world from the age of 16 in its French language courses. ACCORD school is accredited by the official \u201cQualit\u00e9 FLE\u201d label and is member of CAMPUS FRANCE, SOUFFLE and Atout France. ACCORD is official exam center for the TCF IRN, TCF TP, TCF Qu\u00e9bec and TCF Canada.","email":"info@accord-langues.com","telephone":"+33155335233","legalName":"FORUM ACCORD","foundingDate":"1990-02-23","numberOfEmployees":{"@type":"QuantitativeValue","minValue":"11","maxValue":"50"}}]}},"_links":{"self":[{"href":"https:\/\/www.accord-langues.com\/it\/wp-json\/wp\/v2\/pages\/5420","targetHints":{"allow":["GET"]}}],"collection":[{"href":"https:\/\/www.accord-langues.com\/it\/wp-json\/wp\/v2\/pages"}],"about":[{"href":"https:\/\/www.accord-langues.com\/it\/wp-json\/wp\/v2\/types\/page"}],"author":[{"embeddable":true,"href":"https:\/\/www.accord-langues.com\/it\/wp-json\/wp\/v2\/users\/10"}],"replies":[{"embeddable":true,"href":"https:\/\/www.accord-langues.com\/it\/wp-json\/wp\/v2\/comments?post=5420"}],"version-history":[{"count":0,"href":"https:\/\/www.accord-langues.com\/it\/wp-json\/wp\/v2\/pages\/5420\/revisions"}],"wp:attachment":[{"href":"https:\/\/www.accord-langues.com\/it\/wp-json\/wp\/v2\/media?parent=5420"}],"curies":[{"name":"wp","href":"https:\/\/api.w.org\/{rel}","templated":true}]}}