{"id":6306,"date":"2016-06-23T13:21:47","date_gmt":"2016-06-23T12:21:47","guid":{"rendered":"https:\/\/www.accord-langues.com\/accord-dates-and-prices\/"},"modified":"2025-09-11T12:55:14","modified_gmt":"2025-09-11T11:55:14","slug":"dates-et-prix-accord","status":"publish","type":"page","link":"https:\/\/www.accord-langues.com\/fr\/dates-et-prix-accord\/","title":{"rendered":"Dates et Prix ACCORD"},"content":{"rendered":"<div class=\"wpb-content-wrapper\"><p>[vc_row full_width=\u00a0\u00bbstretch_row\u00a0\u00bb content_placement=\u00a0\u00bbmiddle\u00a0\u00bb css=\u00a0\u00bb.vc_custom_1509009556865{background-image: url(https:\/\/www.accord-langues.com\/wp-content\/uploads\/2016\/10\/adult-course.jpg?id=348) !important;background-position: center !important;background-repeat: no-repeat !important;background-size: cover !important;}\u00a0\u00bb el_class=\u00a0\u00bbheader-image\u00a0\u00bb][vc_column width=\u00a0\u00bb2\/3&Prime; offset=\u00a0\u00bbvc_col-sm-offset-2&Prime;][vc_column_text]<\/p>\n<h1 style=\"text-align: center;\">Dates et Prix ACCORD<\/h1>\n<p style=\"text-align: center;\">\u00c9tudier le fran\u00e7ais et apprendre le fran\u00e7ais en France avec ACCORD<\/p>\n<p>[\/vc_column_text][\/vc_column][\/vc_row][vc_row][vc_column][vc_column_text]<\/p>\n<h2 style=\"text-align: center; margin-bottom: 0px;\"><span style=\"color: #ff6600;\">Les dates et les prix des cours \u00e0 ACCORD<\/span><\/h2>\n<p>[\/vc_column_text][vc_column_text]<\/p>\n<h3><strong><span style=\"color: #ff6600;\">T\u00e9l\u00e9chargez les prix et les dates de cours<\/span><\/strong><\/h3>\n<p>Pour t\u00e9l\u00e9charger les dates et les prix ACCORD, cliquez sur le document qui vous int\u00e9resse.<\/p>\n<p>Vous pouvez aussi t\u00e9l\u00e9charger les informations concernant nos <a href=\"https:\/\/www.accord-iss.com\/\" target=\"_blank\" rel=\"noopener\">s\u00e9jours linguistiques ACCORD ISS<\/a> (<a href=\"https:\/\/www.accord-iss.com\/\" target=\"_blank\" rel=\"noopener noreferrer\">s\u00e9jours linguistiques pour ados au Royaume-Uni<\/a>) et nos <a href=\"https:\/\/www.accord-iss.com\/paris-saint-germain-academy-england\/\" target=\"_blank\" rel=\"noopener\">camps football Paris Saint-Germain Academy England<\/a>.[\/vc_column_text][vc_separator][\/vc_column][\/vc_row][vc_row full_width=\u00a0\u00bbstretch_row\u00a0\u00bb css=\u00a0\u00bb.vc_custom_1524563317594{padding-bottom: 40px !important;}\u00a0\u00bb][vc_column][vc_row_inner][vc_column_inner][vc_column_text css=\u00a0\u00bb\u00a0\u00bb]<\/p>\n<h3>ACCORD Paris<\/h3>\n<p><strong><a href=\"https:\/\/www.accord-langues.com\/fr\/apprendre-le-francais-en-france\/\" target=\"_blank\" rel=\"noopener\">Cours de fran\u00e7ais en France pour adultes<\/a> (+16 ans)<\/strong><\/p>\n<p><a href=\"https:\/\/www.accord-langues.com\/wp-content\/uploads\/2024\/08\/ACCORD-Paris-2025-Dates-Prices.pdf\" target=\"_blank\" rel=\"noopener\"><strong>2025 Dates &amp; Prix des Cours de fran\u00e7ais pour adultes et H\u00e9bergements<\/strong><\/a>\u00a0(document en anglais)<br \/>\n<a href=\"https:\/\/www.accord-langues.com\/wp-content\/uploads\/2024\/08\/Booking-Form-2025.pdf\" target=\"_blank\" rel=\"noopener\"><strong>2025 Bulletin d&rsquo;inscription<\/strong><\/a> (document en anglais)<\/p>\n<p><a href=\"https:\/\/www.accord-langues.com\/wp-content\/uploads\/2025\/07\/2026-Dates-Prices-v.2.pdf\" target=\"_blank\" rel=\"noopener\"><strong>2026 Dates &amp; Prix des Cours de fran\u00e7ais pour adultes et H\u00e9bergements<\/strong><\/a>\u00a0(document en anglais)<br \/>\n<a href=\"https:\/\/www.accord-langues.com\/wp-content\/uploads\/2025\/06\/2026-Booking-Form.pdf\" target=\"_blank\" rel=\"noopener\"><strong>2026 Bulletin d&rsquo;inscription<\/strong><\/a> (document en anglais)<\/p>\n<div id='gallery-1' class='gallery galleryid-6306 gallery-columns-1 gallery-size-large'><figure class='gallery-item'>\n\t\t\t<div class='gallery-icon landscape'>\n\t\t\t\t<a href='https:\/\/www.accord-langues.com\/wp-content\/uploads\/2023\/03\/ACCORD-Tour-Eiffel-29-2.jpg'><img decoding=\"async\" width=\"640\" height=\"427\" src=\"https:\/\/www.accord-langues.com\/wp-content\/uploads\/2023\/03\/ACCORD-Tour-Eiffel-29-2-1024x683.jpg\" class=\"attachment-large size-large\" alt=\"ACCORD Dates and Prices\" srcset=\"https:\/\/www.accord-langues.com\/wp-content\/uploads\/2023\/03\/ACCORD-Tour-Eiffel-29-2-1024x683.jpg 1024w, https:\/\/www.accord-langues.com\/wp-content\/uploads\/2023\/03\/ACCORD-Tour-Eiffel-29-2-300x200.jpg 300w, https:\/\/www.accord-langues.com\/wp-content\/uploads\/2023\/03\/ACCORD-Tour-Eiffel-29-2-768x512.jpg 768w, https:\/\/www.accord-langues.com\/wp-content\/uploads\/2023\/03\/ACCORD-Tour-Eiffel-29-2-1536x1024.jpg 1536w, https:\/\/www.accord-langues.com\/wp-content\/uploads\/2023\/03\/ACCORD-Tour-Eiffel-29-2.jpg 1600w\" sizes=\"(max-width: 640px) 100vw, 640px\" title=\"ACCORD Tour Eiffel (29)\" \/><\/a>\n\t\t\t<\/div><\/figure>\n\t\t<\/div>\n\n<p>[\/vc_column_text][\/vc_column_inner][\/vc_row_inner][vc_separator][vc_row_inner][vc_column_inner][vc_column_text css=\u00a0\u00bb\u00a0\u00bb]<\/p>\n<h3><a href=\"https:\/\/www.accord-iss.com\/\" target=\"_blank\" rel=\"noopener noreferrer\">PSG Academy UK summer camps<\/a><\/h3>\n<p><strong>Download:<\/strong><\/p>\n<p><strong><a href=\"https:\/\/www.paris-move.com\/wp-content\/uploads\/2025\/09\/RESIDENTIAL-SOCCER-CAMP-2026.pdf\" target=\"_blank\" rel=\"noopener\">Brochure of the PSG Academy UK summer camps<\/a><\/strong><\/p>\n<p><strong><a href=\"https:\/\/www.paris-move.com\/wp-content\/uploads\/2025\/09\/RESIDENTIAL-SOCCER-CAMP-2026.pdf\" target=\"_blank\" rel=\"noopener\">2026 Dates &amp; Prices of the RHS<\/a>\u00a0(Royal Hospital School) summer camp<\/strong><\/p>\n<p><strong><a href=\"https:\/\/www.paris-move.com\/wp-content\/uploads\/2025\/09\/Rossall-Dates-Prices-Summer-2026.pdf.pdf\" target=\"_blank\" rel=\"noopener\">2026 Dates &amp; Prices of the Rossall summer camp<\/a><\/strong><\/p>\n<p>Contact:\u00a0<a class=\"oxMbJNUmKXxmzAnSYiWfNzvRkeFXMmwFzFDU \" tabindex=\"0\" href=\"mailto:info@psgacademyuk.com\" target=\"_self\" data-test-app-aware-link=\"\">info@psgacademyuk.com<\/a><\/p>\n<p><strong><a href=\"https:\/\/www.psgacademyuk.com\/\" target=\"_blank\" rel=\"noopener\">Website<\/a><\/strong><\/p>\n<div id='gallery-2' class='gallery galleryid-6306 gallery-columns-1 gallery-size-large'><figure class='gallery-item'>\n\t\t\t<div class='gallery-icon landscape'>\n\t\t\t\t<a href='https:\/\/www.accord-langues.com\/wp-content\/uploads\/2022\/12\/IMG_6014-001.jpg'><img decoding=\"async\" width=\"640\" height=\"361\" src=\"https:\/\/www.accord-langues.com\/wp-content\/uploads\/2022\/12\/IMG_6014-001-1024x577.jpg\" class=\"attachment-large size-large\" alt=\"ACCORD ISS - PSG Academy England\" srcset=\"https:\/\/www.accord-langues.com\/wp-content\/uploads\/2022\/12\/IMG_6014-001-1024x577.jpg 1024w, https:\/\/www.accord-langues.com\/wp-content\/uploads\/2022\/12\/IMG_6014-001-300x169.jpg 300w, https:\/\/www.accord-langues.com\/wp-content\/uploads\/2022\/12\/IMG_6014-001-768x433.jpg 768w, https:\/\/www.accord-langues.com\/wp-content\/uploads\/2022\/12\/IMG_6014-001.jpg 1200w\" sizes=\"(max-width: 640px) 100vw, 640px\" title=\"ACCORD ISS - PSG Academy England\" \/><\/a>\n\t\t\t<\/div><\/figure>\n\t\t<\/div>\n\n<p>[\/vc_column_text][\/vc_column_inner][\/vc_row_inner][vc_separator][\/vc_column][\/vc_row][vc_row full_width=\u00a0\u00bbstretch_row\u00a0\u00bb css=\u00a0\u00bb.vc_custom_1471605768894{padding-top: 20px !important;background-color: #f0f0f0 !important;}\u00a0\u00bb el_id=\u00a0\u00bbhomepage-boxes\u00a0\u00bb][vc_column][\/vc_column][\/vc_row]<\/p>\n<\/div>","protected":false},"excerpt":{"rendered":"<p>[vc_row full_width=\u00a0\u00bbstretch_row\u00a0\u00bb content_placement=\u00a0\u00bbmiddle\u00a0\u00bb css=\u00a0\u00bb.vc_custom_1509009556865{background-image: url(https:\/\/www.accord-langues.com\/wp-content\/uploads\/2016\/10\/adult-course.jpg?id=348) !important;background-position: center !important;background-repeat: no-repeat !important;background-size: cover !important;}\u00a0\u00bb el_class=\u00a0\u00bbheader-image\u00a0\u00bb][vc_column width=\u00a0\u00bb2\/3&Prime; offset=\u00a0\u00bbvc_col-sm-offset-2&Prime;][vc_column_text] Dates et Prix ACCORD \u00c9tudier le fran\u00e7ais et apprendre le fran\u00e7ais en France avec ACCORD [\/vc_column_text][\/vc_column][\/vc_row][vc_row][vc_column][vc_column_text] Les dates et les prix des cours \u00e0 ACCORD [\/vc_column_text][vc_column_text] T\u00e9l\u00e9chargez les prix et les dates de cours Pour t\u00e9l\u00e9charger les dates et les [&hellip;]<\/p>\n","protected":false},"author":10,"featured_media":0,"parent":0,"menu_order":0,"comment_status":"closed","ping_status":"closed","template":"","meta":{"_acf_changed":false,"footnotes":""},"class_list":["post-6306","page","type-page","status-publish","hentry"],"acf":[],"yoast_head":"<!-- This site is optimized with the Yoast SEO Premium plugin v27.3 (Yoast SEO v27.3) - https:\/\/yoast.com\/product\/yoast-seo-premium-wordpress\/ -->\n<title>Dates et Prix ACCORD - Accord Paris<\/title>\n<meta name=\"description\" content=\"Dates et prix des cours de fran\u00e7ais \u00e0 ACCORD Paris et des s\u00e9jours linguistiques ACCORD ISS pour enfants, juniors et ados au Royaume-Uni (UK).\" \/>\n<meta name=\"robots\" content=\"index, follow, max-snippet:-1, max-image-preview:large, max-video-preview:-1\" \/>\n<link rel=\"canonical\" href=\"https:\/\/www.accord-langues.com\/fr\/dates-et-prix-accord\/\" \/>\n<meta property=\"og:locale\" content=\"fr_FR\" \/>\n<meta property=\"og:type\" content=\"article\" \/>\n<meta property=\"og:title\" content=\"Dates et Prix ACCORD\" \/>\n<meta property=\"og:description\" content=\"Dates et prix des cours de fran\u00e7ais \u00e0 ACCORD Paris et des s\u00e9jours linguistiques ACCORD ISS pour enfants, juniors et ados au Royaume-Uni (UK).\" \/>\n<meta property=\"og:url\" content=\"https:\/\/www.accord-langues.com\/fr\/dates-et-prix-accord\/\" \/>\n<meta property=\"og:site_name\" content=\"Accord Paris\" \/>\n<meta property=\"article:publisher\" content=\"https:\/\/www.facebook.com\/accordecoledelangues\" \/>\n<meta property=\"article:modified_time\" content=\"2025-09-11T11:55:14+00:00\" \/>\n<meta property=\"og:image\" content=\"https:\/\/www.accord-langues.com\/wp-content\/uploads\/2024\/02\/ACCORD-French-Language-School-in-Paris-low-res.jpg\" \/>\n\t<meta property=\"og:image:width\" content=\"1200\" \/>\n\t<meta property=\"og:image:height\" content=\"867\" \/>\n\t<meta property=\"og:image:type\" content=\"image\/jpeg\" \/>\n<meta name=\"twitter:card\" content=\"summary_large_image\" \/>\n<meta name=\"twitter:label1\" content=\"Dur\u00e9e de lecture estim\u00e9e\" \/>\n\t<meta name=\"twitter:data1\" content=\"1 minute\" \/>\n<script type=\"application\/ld+json\" class=\"yoast-schema-graph\">{\"@context\":\"https:\\\/\\\/schema.org\",\"@graph\":[{\"@type\":\"WebPage\",\"@id\":\"https:\\\/\\\/www.accord-langues.com\\\/fr\\\/dates-et-prix-accord\\\/\",\"url\":\"https:\\\/\\\/www.accord-langues.com\\\/fr\\\/dates-et-prix-accord\\\/\",\"name\":\"Dates et Prix ACCORD - Accord Paris\",\"isPartOf\":{\"@id\":\"https:\\\/\\\/www.accord-langues.com\\\/fr\\\/#website\"},\"datePublished\":\"2016-06-23T12:21:47+00:00\",\"dateModified\":\"2025-09-11T11:55:14+00:00\",\"description\":\"Dates et prix des cours de fran\u00e7ais \u00e0 ACCORD Paris et des s\u00e9jours linguistiques ACCORD ISS pour enfants, juniors et ados au Royaume-Uni (UK).\",\"inLanguage\":\"fr-FR\",\"potentialAction\":[{\"@type\":\"ReadAction\",\"target\":[\"https:\\\/\\\/www.accord-langues.com\\\/fr\\\/dates-et-prix-accord\\\/\"]}]},{\"@type\":\"WebSite\",\"@id\":\"https:\\\/\\\/www.accord-langues.com\\\/fr\\\/#website\",\"url\":\"https:\\\/\\\/www.accord-langues.com\\\/fr\\\/\",\"name\":\"Accord Paris\",\"description\":\"Learn French in France\",\"publisher\":{\"@id\":\"https:\\\/\\\/www.accord-langues.com\\\/fr\\\/#organization\"},\"potentialAction\":[{\"@type\":\"SearchAction\",\"target\":{\"@type\":\"EntryPoint\",\"urlTemplate\":\"https:\\\/\\\/www.accord-langues.com\\\/fr\\\/?s={search_term_string}\"},\"query-input\":{\"@type\":\"PropertyValueSpecification\",\"valueRequired\":true,\"valueName\":\"search_term_string\"}}],\"inLanguage\":\"fr-FR\"},{\"@type\":\"Organization\",\"@id\":\"https:\\\/\\\/www.accord-langues.com\\\/fr\\\/#organization\",\"name\":\"ACCORD Tour Eiffel\",\"alternateName\":\"Learn French in Paris\",\"url\":\"https:\\\/\\\/www.accord-langues.com\\\/fr\\\/\",\"logo\":{\"@type\":\"ImageObject\",\"inLanguage\":\"fr-FR\",\"@id\":\"https:\\\/\\\/www.accord-langues.com\\\/fr\\\/#\\\/schema\\\/logo\\\/image\\\/\",\"url\":\"https:\\\/\\\/www.accord-langues.com\\\/wp-content\\\/uploads\\\/2016\\\/06\\\/Logo.png\",\"contentUrl\":\"https:\\\/\\\/www.accord-langues.com\\\/wp-content\\\/uploads\\\/2016\\\/06\\\/Logo.png\",\"width\":290,\"height\":70,\"caption\":\"ACCORD Tour Eiffel\"},\"image\":{\"@id\":\"https:\\\/\\\/www.accord-langues.com\\\/fr\\\/#\\\/schema\\\/logo\\\/image\\\/\"},\"sameAs\":[\"https:\\\/\\\/www.facebook.com\\\/accordecoledelangues\",\"https:\\\/\\\/www.linkedin.com\\\/groups\\\/4542133\\\/\"],\"description\":\"ACCORD French Language School is one of the leading schools in France for teaching French to foreign students and offering high quality French language courses in Paris. The ACCORD language school is located in the heart of Paris, nearby the Eiffel Tower. The ACCORD school is open all year round and welcomes students from all over the world from the age of 16 in its French language courses. ACCORD school is accredited by the official \u201cQualit\u00e9 FLE\u201d label and is member of CAMPUS FRANCE, SOUFFLE and Atout France. ACCORD is official exam center for the TCF IRN, TCF TP, TCF Qu\u00e9bec and TCF Canada.\",\"email\":\"info@accord-langues.com\",\"telephone\":\"+33155335233\",\"legalName\":\"FORUM ACCORD\",\"foundingDate\":\"1990-02-23\",\"numberOfEmployees\":{\"@type\":\"QuantitativeValue\",\"minValue\":\"11\",\"maxValue\":\"50\"}}]}<\/script>\n<!-- \/ Yoast SEO Premium plugin. -->","yoast_head_json":{"title":"Dates et Prix ACCORD - Accord Paris","description":"Dates et prix des cours de fran\u00e7ais \u00e0 ACCORD Paris et des s\u00e9jours linguistiques ACCORD ISS pour enfants, juniors et ados au Royaume-Uni (UK).","robots":{"index":"index","follow":"follow","max-snippet":"max-snippet:-1","max-image-preview":"max-image-preview:large","max-video-preview":"max-video-preview:-1"},"canonical":"https:\/\/www.accord-langues.com\/fr\/dates-et-prix-accord\/","og_locale":"fr_FR","og_type":"article","og_title":"Dates et Prix ACCORD","og_description":"Dates et prix des cours de fran\u00e7ais \u00e0 ACCORD Paris et des s\u00e9jours linguistiques ACCORD ISS pour enfants, juniors et ados au Royaume-Uni (UK).","og_url":"https:\/\/www.accord-langues.com\/fr\/dates-et-prix-accord\/","og_site_name":"Accord Paris","article_publisher":"https:\/\/www.facebook.com\/accordecoledelangues","article_modified_time":"2025-09-11T11:55:14+00:00","og_image":[{"width":1200,"height":867,"url":"https:\/\/www.accord-langues.com\/wp-content\/uploads\/2024\/02\/ACCORD-French-Language-School-in-Paris-low-res.jpg","type":"image\/jpeg"}],"twitter_card":"summary_large_image","twitter_misc":{"Dur\u00e9e de lecture estim\u00e9e":"1 minute"},"schema":{"@context":"https:\/\/schema.org","@graph":[{"@type":"WebPage","@id":"https:\/\/www.accord-langues.com\/fr\/dates-et-prix-accord\/","url":"https:\/\/www.accord-langues.com\/fr\/dates-et-prix-accord\/","name":"Dates et Prix ACCORD - Accord Paris","isPartOf":{"@id":"https:\/\/www.accord-langues.com\/fr\/#website"},"datePublished":"2016-06-23T12:21:47+00:00","dateModified":"2025-09-11T11:55:14+00:00","description":"Dates et prix des cours de fran\u00e7ais \u00e0 ACCORD Paris et des s\u00e9jours linguistiques ACCORD ISS pour enfants, juniors et ados au Royaume-Uni (UK).","inLanguage":"fr-FR","potentialAction":[{"@type":"ReadAction","target":["https:\/\/www.accord-langues.com\/fr\/dates-et-prix-accord\/"]}]},{"@type":"WebSite","@id":"https:\/\/www.accord-langues.com\/fr\/#website","url":"https:\/\/www.accord-langues.com\/fr\/","name":"Accord Paris","description":"Learn French in France","publisher":{"@id":"https:\/\/www.accord-langues.com\/fr\/#organization"},"potentialAction":[{"@type":"SearchAction","target":{"@type":"EntryPoint","urlTemplate":"https:\/\/www.accord-langues.com\/fr\/?s={search_term_string}"},"query-input":{"@type":"PropertyValueSpecification","valueRequired":true,"valueName":"search_term_string"}}],"inLanguage":"fr-FR"},{"@type":"Organization","@id":"https:\/\/www.accord-langues.com\/fr\/#organization","name":"ACCORD Tour Eiffel","alternateName":"Learn French in Paris","url":"https:\/\/www.accord-langues.com\/fr\/","logo":{"@type":"ImageObject","inLanguage":"fr-FR","@id":"https:\/\/www.accord-langues.com\/fr\/#\/schema\/logo\/image\/","url":"https:\/\/www.accord-langues.com\/wp-content\/uploads\/2016\/06\/Logo.png","contentUrl":"https:\/\/www.accord-langues.com\/wp-content\/uploads\/2016\/06\/Logo.png","width":290,"height":70,"caption":"ACCORD Tour Eiffel"},"image":{"@id":"https:\/\/www.accord-langues.com\/fr\/#\/schema\/logo\/image\/"},"sameAs":["https:\/\/www.facebook.com\/accordecoledelangues","https:\/\/www.linkedin.com\/groups\/4542133\/"],"description":"ACCORD French Language School is one of the leading schools in France for teaching French to foreign students and offering high quality French language courses in Paris. The ACCORD language school is located in the heart of Paris, nearby the Eiffel Tower. The ACCORD school is open all year round and welcomes students from all over the world from the age of 16 in its French language courses. ACCORD school is accredited by the official \u201cQualit\u00e9 FLE\u201d label and is member of CAMPUS FRANCE, SOUFFLE and Atout France. ACCORD is official exam center for the TCF IRN, TCF TP, TCF Qu\u00e9bec and TCF Canada.","email":"info@accord-langues.com","telephone":"+33155335233","legalName":"FORUM ACCORD","foundingDate":"1990-02-23","numberOfEmployees":{"@type":"QuantitativeValue","minValue":"11","maxValue":"50"}}]}},"_links":{"self":[{"href":"https:\/\/www.accord-langues.com\/fr\/wp-json\/wp\/v2\/pages\/6306","targetHints":{"allow":["GET"]}}],"collection":[{"href":"https:\/\/www.accord-langues.com\/fr\/wp-json\/wp\/v2\/pages"}],"about":[{"href":"https:\/\/www.accord-langues.com\/fr\/wp-json\/wp\/v2\/types\/page"}],"author":[{"embeddable":true,"href":"https:\/\/www.accord-langues.com\/fr\/wp-json\/wp\/v2\/users\/10"}],"replies":[{"embeddable":true,"href":"https:\/\/www.accord-langues.com\/fr\/wp-json\/wp\/v2\/comments?post=6306"}],"version-history":[{"count":0,"href":"https:\/\/www.accord-langues.com\/fr\/wp-json\/wp\/v2\/pages\/6306\/revisions"}],"wp:attachment":[{"href":"https:\/\/www.accord-langues.com\/fr\/wp-json\/wp\/v2\/media?parent=6306"}],"curies":[{"name":"wp","href":"https:\/\/api.w.org\/{rel}","templated":true}]}}