{"id":6157,"date":"2018-01-15T10:59:13","date_gmt":"2018-01-15T10:59:13","guid":{"rendered":"https:\/\/www.accord-langues.com\/french-certificates-and-french-exams\/"},"modified":"2024-12-12T16:21:23","modified_gmt":"2024-12-12T16:21:23","slug":"certificats-et-examens-de-francais","status":"publish","type":"page","link":"https:\/\/www.accord-langues.com\/fr\/certificats-et-examens-de-francais\/","title":{"rendered":"Certificats et Examens de fran\u00e7ais"},"content":{"rendered":"<div class=\"wpb-content-wrapper\"><p>[vc_row full_width=\u00a0\u00bbstretch_row\u00a0\u00bb content_placement=\u00a0\u00bbmiddle\u00a0\u00bb css=\u00a0\u00bb.vc_custom_1509009556865{background-image: url(https:\/\/www.accord-langues.com\/wp-content\/uploads\/2016\/10\/adult-course.jpg?id=348) !important;background-position: center !important;background-repeat: no-repeat !important;background-size: cover !important;}\u00a0\u00bb el_class=\u00a0\u00bbheader-image\u00a0\u00bb][vc_column width=\u00a0\u00bb2\/3&Prime; offset=\u00a0\u00bbvc_col-sm-offset-2&Prime;][vc_column_text]<\/p>\n<h1>Certificats et examens de fran\u00e7ais<\/h1>\n<p><strong>Les examens de fran\u00e7ais TCF, TCF IRN, TCF Quebec et TCF Canada \u00e0 ACCORD<\/strong><br \/>\n<strong>Grand choix de cours de fran\u00e7ais pour pr\u00e9parer vos certificats et examens de fran\u00e7ais<\/strong><br \/>\n<strong>Obtenez votre Dipl\u00f4me de langue et culture fran\u00e7aises\u00a0\u00e0 ACCORD Paris<\/strong><br \/>\n<strong>Preparez le TCF, TCF IRN, DELF et DALF \u00e0 ACCORD Paris<\/strong>[\/vc_column_text][\/vc_column][\/vc_row][vc_row][vc_column][vc_column_text]<\/p>\n<h2 style=\"text-align: center;\">Certificats et examens de fran\u00e7ais<\/h2>\n<p>[\/vc_column_text][\/vc_column][\/vc_row][vc_row full_width=\u00a0\u00bbstretch_row\u00a0\u00bb css=\u00a0\u00bb.vc_custom_1509364080525{padding-bottom: 40px !important;}\u00a0\u00bb][vc_column][vc_row_inner][vc_column_inner][vc_column_text]<b>ACCORD Paris est centre d\u2019examen pour les certificats et examens de fran\u00e7ais suivants: TCF, TCF IRN, TCF Quebec et TCF Canada.<\/b><\/p>\n<p><b>ACCORD est \u00e9galement centre d\u2019examen pour le Dipl\u00f4me de langue et culture fran\u00e7aises.<\/b><\/p>\n<p>A l&rsquo;\u00e9cole ACCORD, vous pouvez choisir l\u2019un de\u00a0<a href=\"https:\/\/www.accord-langues.com\/fr\/cours-de-francais-pour-adulte-en-france\/\" target=\"_blank\" rel=\"noopener noreferrer\">nos cours intensifs ou semi-intensifs<\/a> pour pr\u00e9parer ces examens.<\/p>\n<p><b>A ACCORD,\u00a0il est tr\u00e8s facile de s\u2019inscrire \u00e0 l\u2019un de ces certificats et <a href=\"https:\/\/examensparis.fr\/\" target=\"_blank\" rel=\"noopener noreferrer\">examens de fran\u00e7ais:<\/a><\/b><\/p>\n<ul class=\"ticks\">\n<li>Remplissez le formulaire de r\u00e9servation pour l\u2019examen choisi et renvoyez-le par e-mail.<\/li>\n<li>A r\u00e9ception de votre formulaire de r\u00e9servation (d\u00fbment compl\u00e9t\u00e9), nous vous enverrons par e-mail un lien de paiement s\u00e9curis\u00e9. Important: v\u00e9rifiez toujours votre dossier \u00ab\u00a0e-mails ind\u00e9sirables\/Spam\u00a0\u00bb, car certains fournisseurs de messagerie consid\u00e8rent les liens contenus dans un e-mail comme potentiellement ind\u00e9sirables!<\/li>\n<li>D\u00e8s r\u00e9ception de votre paiement, une confirmation de r\u00e9servation vous sera envoy\u00e9e par e-mail. Une semaine avant la date de l\u2019examen, vous recevrez par courrier la convocation officielle que vous devrez apporter avec votre passeport, le jour de l&rsquo;examen. Ce document vous indiquera le calendrier des examens.<\/li>\n<li><span style=\"color: #ff0000;\"><strong>IMPORTANT<\/strong><\/span> \u2013 veuillez lire attentivement ce qui suit :<br \/>\nSi vous souhaitez vous inscrire \u00e0 l\u2019\u00e9cole ou si vous venez \u00e0 l\u2019\u00e9cole pour demander des informations sur les examens, veuillez noter que <strong>le bureau des examens est ouvert les mardis, mercredis et jeudis apr\u00e8s-midi de 14h30 \u00e0 17h00.<br \/>\n<\/strong>Si vous souhaitez appeler l\u2019\u00e9cole pour obtenir plus d\u2019informations sur les examens, veuillez noter que vous pouvez appeler\u00a0<strong><span style=\"color: #ff6600;\">le bureau des examens les mardis, mercredis et jeudis apr\u00e8s-midi de 14h30 \u00e0 17h00.<br \/>\n<\/span>En dehors de ces jours et horaires, le personnel ACCORD \u00e0 la r\u00e9ception ne sera pas en mesure de r\u00e9pondre \u00e0 vos questions ni de vous accueillir pour r\u00e9server un examen.<\/strong><\/li>\n<li><span style=\"color: #0000ff;\"><strong>Num\u00e9ro de t\u00e9l\u00e9phone du centre d\u2019examens ACCORD : 01 84 79 20 60<\/strong><\/span><\/li>\n<\/ul>\n<p>[\/vc_column_text][vc_separator][\/vc_column_inner][\/vc_row_inner][vc_row_inner el_id=\u00a0\u00bbDiplome\u00a0\u00bb][vc_column_inner][vc_column_text]<\/p>\n<h3 style=\"text-align: center;\"><span style=\"color: #ff6600;\">Dipl\u00f4me de langue et culture fran\u00e7aises<\/span><\/h3>\n<p>[\/vc_column_text][\/vc_column_inner][vc_column_inner width=\u00a0\u00bb1\/2&Prime;][vc_column_text]A la fin de leurs \u00e9tudes, les \u00e9tudiants d\u2019ACCORD peuvent passer l\u2019examen et obtenir le dipl\u00f4me officiel de langue et culture fran\u00e7aises, reconnu par l\u2019Acad\u00e9mie de Paris, moyennant 50 euros.<\/p>\n<p>Les \u00e9tudiants qui ne suivent pas de cours \u00e0 ACCORD peuvent \u00e9galement passer cet examen moyennant un suppl\u00e9ment de 100 euros.<\/p>\n<p>Un exemple du dipl\u00f4me est pr\u00e9sent\u00e9\u00a0<a href=\"https:\/\/www.accord-langues.com\/wp-content\/uploads\/2017\/02\/ACCORD-Paris-Diploma-sample.pdf\" target=\"_blank\" rel=\"noopener noreferrer\">ICI<\/a>[\/vc_column_text][\/vc_column_inner][vc_column_inner width=\u00a0\u00bb1\/2&Prime;][vc_column_text]Pour vous inscrire \u00e0 l\u2019examen, <a href=\"https:\/\/www.accord-langues.com\/fr\/nous-contacter\/\" target=\"_blank\" rel=\"noopener noreferrer\">contactez-nous par e-mail<\/a>[\/vc_column_text][\/vc_column_inner][\/vc_row_inner][\/vc_column][\/vc_row][vc_row full_width=\u00a0\u00bbstretch_row\u00a0\u00bb css=\u00a0\u00bb.vc_custom_1471605768894{padding-top: 20px !important;background-color: #f0f0f0 !important;}\u00a0\u00bb el_id=\u00a0\u00bbhomepage-boxes\u00a0\u00bb][vc_column][vc_row_inner][vc_column_inner width=\u00a0\u00bb1\/3&Prime;]<div class=\"RFIbox pink\">\n\t<div class=\"RFIbox__media\">\n        <a href=\"https:\/\/examensparis.fr\/\" title=\"\" target=\"_blank\"><img decoding=\"async\" width=\"500\" height=\"333\" src=\"https:\/\/www.accord-langues.com\/wp-content\/uploads\/2016\/06\/box-exams.jpg\" class=\"img-responsive\" alt=\"\" srcset=\"https:\/\/www.accord-langues.com\/wp-content\/uploads\/2016\/06\/box-exams.jpg 500w, https:\/\/www.accord-langues.com\/wp-content\/uploads\/2016\/06\/box-exams-300x200.jpg 300w\" sizes=\"(max-width: 500px) 100vw, 500px\" title=\"box-exams\" \/><\/a>        \t<\/div>\n\n        <div class=\"RFIBox__title\">\n        <a href=\"https:\/\/examensparis.fr\/\" title=\"\" target=\"_blank\">Examens de fran\u00e7ais<\/a>    <\/div>\n    \n    <\/div>[\/vc_column_inner][\/vc_row_inner][\/vc_column][\/vc_row]<\/p>\n<\/div>","protected":false},"excerpt":{"rendered":"<p>[vc_row full_width=\u00a0\u00bbstretch_row\u00a0\u00bb content_placement=\u00a0\u00bbmiddle\u00a0\u00bb css=\u00a0\u00bb.vc_custom_1509009556865{background-image: url(https:\/\/www.accord-langues.com\/wp-content\/uploads\/2016\/10\/adult-course.jpg?id=348) !important;background-position: center !important;background-repeat: no-repeat !important;background-size: cover !important;}\u00a0\u00bb el_class=\u00a0\u00bbheader-image\u00a0\u00bb][vc_column width=\u00a0\u00bb2\/3&Prime; offset=\u00a0\u00bbvc_col-sm-offset-2&Prime;][vc_column_text] Certificats et examens de fran\u00e7ais Les examens de fran\u00e7ais TCF, TCF IRN, TCF Quebec et TCF Canada \u00e0 ACCORD Grand choix de cours de fran\u00e7ais pour pr\u00e9parer vos certificats et examens de fran\u00e7ais Obtenez votre Dipl\u00f4me de langue et culture [&hellip;]<\/p>\n","protected":false},"author":10,"featured_media":0,"parent":0,"menu_order":0,"comment_status":"closed","ping_status":"closed","template":"","meta":{"_acf_changed":false,"footnotes":""},"class_list":["post-6157","page","type-page","status-publish","hentry"],"acf":[],"yoast_head":"<!-- This site is optimized with the Yoast SEO Premium plugin v27.5 (Yoast SEO v27.5) - https:\/\/yoast.com\/product\/yoast-seo-premium-wordpress\/ -->\n<title>Certificats et Examens de fran\u00e7ais - Accord Paris<\/title>\n<meta name=\"description\" content=\"Certificats et examens de fran\u00e7ais \u00e0 ACCORD. Grand choix de cours de fran\u00e7ais pour pr\u00e9parer vos examens de fran\u00e7ais \u00e0 ACCORD.\" \/>\n<meta name=\"robots\" content=\"index, follow, max-snippet:-1, max-image-preview:large, max-video-preview:-1\" \/>\n<link rel=\"canonical\" href=\"https:\/\/www.accord-langues.com\/fr\/certificats-et-examens-de-francais\/\" \/>\n<meta property=\"og:locale\" content=\"fr_FR\" \/>\n<meta property=\"og:type\" content=\"article\" \/>\n<meta property=\"og:title\" content=\"Certificats et Examens de fran\u00e7ais\" \/>\n<meta property=\"og:description\" content=\"Certificats et examens de fran\u00e7ais \u00e0 ACCORD. Grand choix de cours de fran\u00e7ais pour pr\u00e9parer vos examens de fran\u00e7ais \u00e0 ACCORD.\" \/>\n<meta property=\"og:url\" content=\"https:\/\/www.accord-langues.com\/fr\/certificats-et-examens-de-francais\/\" \/>\n<meta property=\"og:site_name\" content=\"Accord Paris\" \/>\n<meta property=\"article:publisher\" content=\"https:\/\/www.facebook.com\/accordecoledelangues\" \/>\n<meta property=\"article:modified_time\" content=\"2024-12-12T16:21:23+00:00\" \/>\n<meta property=\"og:image\" content=\"https:\/\/www.accord-langues.com\/wp-content\/uploads\/2024\/02\/ACCORD-French-Language-School-in-Paris-low-res.jpg\" \/>\n\t<meta property=\"og:image:width\" content=\"1200\" \/>\n\t<meta property=\"og:image:height\" content=\"867\" \/>\n\t<meta property=\"og:image:type\" content=\"image\/jpeg\" \/>\n<meta name=\"twitter:card\" content=\"summary_large_image\" \/>\n<meta name=\"twitter:label1\" content=\"Dur\u00e9e de lecture estim\u00e9e\" \/>\n\t<meta name=\"twitter:data1\" content=\"3 minutes\" \/>\n<script type=\"application\/ld+json\" class=\"yoast-schema-graph\">{\"@context\":\"https:\\\/\\\/schema.org\",\"@graph\":[{\"@type\":\"WebPage\",\"@id\":\"https:\\\/\\\/www.accord-langues.com\\\/fr\\\/certificats-et-examens-de-francais\\\/\",\"url\":\"https:\\\/\\\/www.accord-langues.com\\\/fr\\\/certificats-et-examens-de-francais\\\/\",\"name\":\"Certificats et Examens de fran\u00e7ais - Accord Paris\",\"isPartOf\":{\"@id\":\"https:\\\/\\\/www.accord-langues.com\\\/fr\\\/#website\"},\"datePublished\":\"2018-01-15T10:59:13+00:00\",\"dateModified\":\"2024-12-12T16:21:23+00:00\",\"description\":\"Certificats et examens de fran\u00e7ais \u00e0 ACCORD. Grand choix de cours de fran\u00e7ais pour pr\u00e9parer vos examens de fran\u00e7ais \u00e0 ACCORD.\",\"inLanguage\":\"fr-FR\",\"potentialAction\":[{\"@type\":\"ReadAction\",\"target\":[\"https:\\\/\\\/www.accord-langues.com\\\/fr\\\/certificats-et-examens-de-francais\\\/\"]}]},{\"@type\":\"WebSite\",\"@id\":\"https:\\\/\\\/www.accord-langues.com\\\/fr\\\/#website\",\"url\":\"https:\\\/\\\/www.accord-langues.com\\\/fr\\\/\",\"name\":\"Accord Paris\",\"description\":\"Learn French in France\",\"publisher\":{\"@id\":\"https:\\\/\\\/www.accord-langues.com\\\/fr\\\/#organization\"},\"potentialAction\":[{\"@type\":\"SearchAction\",\"target\":{\"@type\":\"EntryPoint\",\"urlTemplate\":\"https:\\\/\\\/www.accord-langues.com\\\/fr\\\/?s={search_term_string}\"},\"query-input\":{\"@type\":\"PropertyValueSpecification\",\"valueRequired\":true,\"valueName\":\"search_term_string\"}}],\"inLanguage\":\"fr-FR\"},{\"@type\":\"Organization\",\"@id\":\"https:\\\/\\\/www.accord-langues.com\\\/fr\\\/#organization\",\"name\":\"ACCORD Tour Eiffel\",\"alternateName\":\"Learn French in Paris\",\"url\":\"https:\\\/\\\/www.accord-langues.com\\\/fr\\\/\",\"logo\":{\"@type\":\"ImageObject\",\"inLanguage\":\"fr-FR\",\"@id\":\"https:\\\/\\\/www.accord-langues.com\\\/fr\\\/#\\\/schema\\\/logo\\\/image\\\/\",\"url\":\"https:\\\/\\\/www.accord-langues.com\\\/wp-content\\\/uploads\\\/2016\\\/06\\\/Logo.png\",\"contentUrl\":\"https:\\\/\\\/www.accord-langues.com\\\/wp-content\\\/uploads\\\/2016\\\/06\\\/Logo.png\",\"width\":290,\"height\":70,\"caption\":\"ACCORD Tour Eiffel\"},\"image\":{\"@id\":\"https:\\\/\\\/www.accord-langues.com\\\/fr\\\/#\\\/schema\\\/logo\\\/image\\\/\"},\"sameAs\":[\"https:\\\/\\\/www.facebook.com\\\/accordecoledelangues\",\"https:\\\/\\\/www.linkedin.com\\\/groups\\\/4542133\\\/\"],\"description\":\"ACCORD French Language School is one of the leading schools in France for teaching French to foreign students and offering high quality French language courses in Paris. The ACCORD language school is located in the heart of Paris, nearby the Eiffel Tower. The ACCORD school is open all year round and welcomes students from all over the world from the age of 16 in its French language courses. ACCORD school is accredited by the official \u201cQualit\u00e9 FLE\u201d label and is member of CAMPUS FRANCE, SOUFFLE and Atout France. ACCORD is official exam center for the TCF IRN, TCF TP, TCF Qu\u00e9bec and TCF Canada.\",\"email\":\"info@accord-langues.com\",\"telephone\":\"+33155335233\",\"legalName\":\"FORUM ACCORD\",\"foundingDate\":\"1990-02-23\",\"numberOfEmployees\":{\"@type\":\"QuantitativeValue\",\"minValue\":\"11\",\"maxValue\":\"50\"}}]}<\/script>\n<!-- \/ Yoast SEO Premium plugin. -->","yoast_head_json":{"title":"Certificats et Examens de fran\u00e7ais - Accord Paris","description":"Certificats et examens de fran\u00e7ais \u00e0 ACCORD. Grand choix de cours de fran\u00e7ais pour pr\u00e9parer vos examens de fran\u00e7ais \u00e0 ACCORD.","robots":{"index":"index","follow":"follow","max-snippet":"max-snippet:-1","max-image-preview":"max-image-preview:large","max-video-preview":"max-video-preview:-1"},"canonical":"https:\/\/www.accord-langues.com\/fr\/certificats-et-examens-de-francais\/","og_locale":"fr_FR","og_type":"article","og_title":"Certificats et Examens de fran\u00e7ais","og_description":"Certificats et examens de fran\u00e7ais \u00e0 ACCORD. Grand choix de cours de fran\u00e7ais pour pr\u00e9parer vos examens de fran\u00e7ais \u00e0 ACCORD.","og_url":"https:\/\/www.accord-langues.com\/fr\/certificats-et-examens-de-francais\/","og_site_name":"Accord Paris","article_publisher":"https:\/\/www.facebook.com\/accordecoledelangues","article_modified_time":"2024-12-12T16:21:23+00:00","og_image":[{"width":1200,"height":867,"url":"https:\/\/www.accord-langues.com\/wp-content\/uploads\/2024\/02\/ACCORD-French-Language-School-in-Paris-low-res.jpg","type":"image\/jpeg"}],"twitter_card":"summary_large_image","twitter_misc":{"Dur\u00e9e de lecture estim\u00e9e":"3 minutes"},"schema":{"@context":"https:\/\/schema.org","@graph":[{"@type":"WebPage","@id":"https:\/\/www.accord-langues.com\/fr\/certificats-et-examens-de-francais\/","url":"https:\/\/www.accord-langues.com\/fr\/certificats-et-examens-de-francais\/","name":"Certificats et Examens de fran\u00e7ais - Accord Paris","isPartOf":{"@id":"https:\/\/www.accord-langues.com\/fr\/#website"},"datePublished":"2018-01-15T10:59:13+00:00","dateModified":"2024-12-12T16:21:23+00:00","description":"Certificats et examens de fran\u00e7ais \u00e0 ACCORD. Grand choix de cours de fran\u00e7ais pour pr\u00e9parer vos examens de fran\u00e7ais \u00e0 ACCORD.","inLanguage":"fr-FR","potentialAction":[{"@type":"ReadAction","target":["https:\/\/www.accord-langues.com\/fr\/certificats-et-examens-de-francais\/"]}]},{"@type":"WebSite","@id":"https:\/\/www.accord-langues.com\/fr\/#website","url":"https:\/\/www.accord-langues.com\/fr\/","name":"Accord Paris","description":"Learn French in France","publisher":{"@id":"https:\/\/www.accord-langues.com\/fr\/#organization"},"potentialAction":[{"@type":"SearchAction","target":{"@type":"EntryPoint","urlTemplate":"https:\/\/www.accord-langues.com\/fr\/?s={search_term_string}"},"query-input":{"@type":"PropertyValueSpecification","valueRequired":true,"valueName":"search_term_string"}}],"inLanguage":"fr-FR"},{"@type":"Organization","@id":"https:\/\/www.accord-langues.com\/fr\/#organization","name":"ACCORD Tour Eiffel","alternateName":"Learn French in Paris","url":"https:\/\/www.accord-langues.com\/fr\/","logo":{"@type":"ImageObject","inLanguage":"fr-FR","@id":"https:\/\/www.accord-langues.com\/fr\/#\/schema\/logo\/image\/","url":"https:\/\/www.accord-langues.com\/wp-content\/uploads\/2016\/06\/Logo.png","contentUrl":"https:\/\/www.accord-langues.com\/wp-content\/uploads\/2016\/06\/Logo.png","width":290,"height":70,"caption":"ACCORD Tour Eiffel"},"image":{"@id":"https:\/\/www.accord-langues.com\/fr\/#\/schema\/logo\/image\/"},"sameAs":["https:\/\/www.facebook.com\/accordecoledelangues","https:\/\/www.linkedin.com\/groups\/4542133\/"],"description":"ACCORD French Language School is one of the leading schools in France for teaching French to foreign students and offering high quality French language courses in Paris. The ACCORD language school is located in the heart of Paris, nearby the Eiffel Tower. The ACCORD school is open all year round and welcomes students from all over the world from the age of 16 in its French language courses. ACCORD school is accredited by the official \u201cQualit\u00e9 FLE\u201d label and is member of CAMPUS FRANCE, SOUFFLE and Atout France. ACCORD is official exam center for the TCF IRN, TCF TP, TCF Qu\u00e9bec and TCF Canada.","email":"info@accord-langues.com","telephone":"+33155335233","legalName":"FORUM ACCORD","foundingDate":"1990-02-23","numberOfEmployees":{"@type":"QuantitativeValue","minValue":"11","maxValue":"50"}}]}},"_links":{"self":[{"href":"https:\/\/www.accord-langues.com\/fr\/wp-json\/wp\/v2\/pages\/6157","targetHints":{"allow":["GET"]}}],"collection":[{"href":"https:\/\/www.accord-langues.com\/fr\/wp-json\/wp\/v2\/pages"}],"about":[{"href":"https:\/\/www.accord-langues.com\/fr\/wp-json\/wp\/v2\/types\/page"}],"author":[{"embeddable":true,"href":"https:\/\/www.accord-langues.com\/fr\/wp-json\/wp\/v2\/users\/10"}],"replies":[{"embeddable":true,"href":"https:\/\/www.accord-langues.com\/fr\/wp-json\/wp\/v2\/comments?post=6157"}],"version-history":[{"count":0,"href":"https:\/\/www.accord-langues.com\/fr\/wp-json\/wp\/v2\/pages\/6157\/revisions"}],"wp:attachment":[{"href":"https:\/\/www.accord-langues.com\/fr\/wp-json\/wp\/v2\/media?parent=6157"}],"curies":[{"name":"wp","href":"https:\/\/api.w.org\/{rel}","templated":true}]}}