{"id":5653,"date":"2018-06-12T14:33:39","date_gmt":"2018-06-12T13:33:39","guid":{"rendered":"https:\/\/www.accord-langues.com\/accord-paris-website-terms-of-use\/"},"modified":"2025-12-20T09:19:10","modified_gmt":"2025-12-20T09:19:10","slug":"site-accord-paris-conditions-utilisation","status":"publish","type":"page","link":"https:\/\/www.accord-langues.com\/fr\/site-accord-paris-conditions-utilisation\/","title":{"rendered":"Conditions d\u2019utilisation &#8211; Site ACCORD Paris"},"content":{"rendered":"<div class=\"wpb-content-wrapper\"><p>[vc_row][vc_column][\/vc_column][\/vc_row][vc_row full_width=\u00a0\u00bbstretch_row\u00a0\u00bb content_placement=\u00a0\u00bbmiddle\u00a0\u00bb css=\u00a0\u00bb.vc_custom_1532955235869{background-image: url(https:\/\/www.accord-langues.com\/wp-content\/uploads\/2016\/10\/adult-course.jpg?id=348) !important;background-position: center !important;background-repeat: no-repeat !important;background-size: cover !important;}\u00a0\u00bb el_class=\u00a0\u00bbheader-image\u00a0\u00bb][vc_column width=\u00a0\u00bb2\/3&Prime; offset=\u00a0\u00bbvc_col-sm-offset-2&Prime;][vc_column_text]<\/p>\n<h1>Conditions d\u2019utilisation &#8211; Site ACCORD Paris<\/h1>\n<p>[\/vc_column_text][\/vc_column][\/vc_row][vc_row full_width=\u00a0\u00bbstretch_row\u00a0\u00bb][vc_column][vc_column_text css=\u00a0\u00bb\u00a0\u00bb]<\/p>\n<p style=\"text-align: center;\"><strong><span style=\"color: #ff6600;\">Conditions d\u2019utilisation &#8211; Site ACCORD Paris<\/span><\/strong><\/p>\n<p>Conditions d\u2019utilisation du site ACCORD Paris: les pr\u00e9sentes \u00ab\u00a0Conditions d\u2019utilisation\u00a0\u00bb r\u00e9gissent votre utilisation du site Web ACCORD Paris, ci-apr\u00e8s appel\u00e9\u00a0ACCORD Paris.<\/p>\n<p>Veuillez les lire attentivement, car elles affectent vos droits et vos obligations en vertu de la loi. Si vous n\u2019acceptez pas ces conditions d\u2019utilisation, veuillez ne pas utiliser le site ACCORD Paris.<\/p>\n<h3>Utilisation du site ACCORD Paris<\/h3>\n<p>Le site ACCORD Paris a \u00e9t\u00e9 cr\u00e9\u00e9 pour vous aider \u00e0 comprendre nos services et \u00e0 communiquer avec nous. Le site est fourni pour votre usage personnel sous r\u00e9serve des pr\u00e9sentes conditions d\u2019utilisation. En acc\u00e9dant ou en utilisant le site ACCORD Paris, vous acceptez d\u2019\u00eatre li\u00e9 par les pr\u00e9sentes conditions d\u2019utilisation.<\/p>\n<h3>Modifications<\/h3>\n<p>Nous pouvons mettre \u00e0 jour ces conditions d\u2019utilisation de temps \u00e0 autre pour des raisons l\u00e9gales ou r\u00e9glementaires ou pour permettre le bon fonctionnement du site. Nous vous informerons de ces modifications au d\u00e9but de cette page. Celles-ci s\u2019appliqueront \u00e0 l\u2019utilisation du site ACCORD Paris\u00a0apr\u00e8s vous en avoir inform\u00e9. Si vous ne souhaitez pas accepter les nouvelles conditions d\u2019utilisation, vous ne devez pas poursuite l\u2019utilisation du site ACCORD Paris. Si vous continuez \u00e0 l\u2019utiliser apr\u00e8s la date d\u2019entr\u00e9e en vigueur des modifications, cela indique que vous acceptez de vous conformer aux nouvelles conditions d\u2019utilisation.<\/p>\n<h3>Restrictions d\u2019utilisation du site<\/h3>\n<p>Vous n\u2019\u00eates pas autoris\u00e9 \u00e0 utiliser le site ACCORD Paris aux fins suivantes :<\/p>\n<ul>\n<li>Diffuser tout contenu illicite, harcelant, diffamatoire, abusif, mena\u00e7ant, nuisible, vulgaire, obsc\u00e8ne,<\/li>\n<li>Diffuser tout contenu inacceptable ou enfreignant les lois,<\/li>\n<li>Transmettre tout contenu encourageant une conduite constituant une infraction p\u00e9nale, entra\u00eenant une responsabilit\u00e9 civile ou enfreignant les lois, les r\u00e9glementations ou les codes de pratique applicables,<\/li>\n<li>Interf\u00e9rer avec l\u2019utilisation ou la jouissance du site ACCORD Paris par une autre personne, ou<\/li>\n<li>Vous serez tenu responsable de nos pertes et co\u00fbts r\u00e9sultant de votre violation de cette clause.<\/li>\n<\/ul>\n<p>IMPORTANT: il est formellement interdit de\u00a0transmettre ou stocker des copies \u00e9lectroniques de documents prot\u00e9g\u00e9s par le droit d\u2019auteur sans la permission du propri\u00e9taire.<\/p>\n<p>En soumettant des informations sur le site ACCORD Paris, vous acceptez et reconnaissez que, m\u00eame si nous pouvons vous contacter en r\u00e9ponse aux informations que vous fournissez, nous ne sommes pas tenus de vous offrir un produit ou un service particulier.<\/p>\n<h3>Avertissement<\/h3>\n<p>Bien qu\u2019un soin important ait \u00e9t\u00e9 apport\u00e9 par FORUM ACCORD lors de la compilation et de la pr\u00e9sentation du contenu du site ACCORD Paris, ce contenu est fourni \u00e0 titre purement informatif. Si vous avez le moindre doute ou la moindre question, vous devez nous demander des informations et des conseils suppl\u00e9mentaires <a href=\"https:\/\/www.accord-langues.com\/fr\/nous-contacter\/\" target=\"_blank\" rel=\"noopener noreferrer\">en nous contactant par email.<\/a><\/p>\n<p>Si ACCORD est inform\u00e9 d\u2019inexactitudes dans les informations figurant sur le site ACCORD Paris, nous les corrigerons dans les plus brefs d\u00e9lais.<\/p>\n<p>Si vous ne respectez pas les pr\u00e9sentes conditions d\u2019utilisation, nous ne serons responsables que des pertes que vous subirez dans la mesure o\u00f9 elles constituent une cons\u00e9quence pr\u00e9visible pour vous et pour nous. Notre responsabilit\u00e9 ne peut en aucun cas inclure des pertes commerciales, telles que des pertes de donn\u00e9es, des pertes de profits ou une interruption d&rsquo;activit\u00e9s.<\/p>\n<h3>Cookies<\/h3>\n<p><strong>Qu\u2019est-ce qu\u2019un cookie ?<\/strong><br \/>\nLes cookies sont de petits fichiers stock\u00e9s sur l\u2019ordinateur de l\u2019utilisateur. Ils sont con\u00e7us pour contenir une petite quantit\u00e9 de donn\u00e9es sp\u00e9cifiques \u00e0 un utilisateur et \u00e0 un site, et sont accessibles au serveur Web ou \u00e0 l\u2019ordinateur de l\u2019utilisateur. Cela permet au serveur de fournir une page adapt\u00e9e \u00e0 un utilisateur, ou la page elle-m\u00eame peut contenir un script utilisant les donn\u00e9es des cookies et pouvant ainsi transporter des informations d\u2019une visite \u00e0 l\u2019autre du site ACCORD Paris.<\/p>\n<p>La dur\u00e9e de conservation de ces cookies sur votre ordinateur est celle de votre visite.<\/p>\n<p>Comment d\u00e9finir les pr\u00e9f\u00e9rences selon le navigateur ?<br \/>\nLa configuration de gestion de vos cookies et de vos choix est diff\u00e9rente pour chaque navigateur. Celle-ci est d\u00e9crite dans le menu d\u2019aide de votre navigateur, o\u00f9 il vous sera indiqu\u00e9 comment modifier vos pr\u00e9f\u00e9rences en mati\u00e8re de cookies.<\/p>\n<p><strong>Quels types de cookies sont utilis\u00e9s ?<\/strong><\/p>\n<p>1.\u00a0Les cookies n\u00e9cessaires pour naviguer sur le site ACCORD Paris<br \/>\nCes cookies nous permettent de m\u00e9moriser les informations que vous nous donnez au fil des pages. Par exemple, les donn\u00e9es de votre session de navigation nous permettent de lier votre activit\u00e9 au service demand\u00e9 et, le cas \u00e9ch\u00e9ant, \u00e0 votre formulaire de r\u00e9servation, ainsi que d\u2019assurer un acc\u00e8s s\u00e9curis\u00e9 \u00e0 votre compte ou \u00e0 votre formulaire de r\u00e9servation. Sans ces donn\u00e9es, nous ne pouvons pas garantir le bon fonctionnement du site ACCORD Paris.<\/p>\n<p>2. Les cookies garantissant une utilisation optimis\u00e9e du site ACCORD Paris<br \/>\nIls nous permettent d\u2019am\u00e9liorer la qualit\u00e9 de votre navigation sur le site ACCORD Paris en enregistrant les pr\u00e9f\u00e9rences que vous avez exprim\u00e9es lors de votre visite du site.<br \/>\nVeuillez noter que les informations collect\u00e9es par ces cookies sont anonymes et ne nous permettent pas d\u2019identifier les utilisateurs.<\/p>\n<p>3.\u00a0Les cookies d\u2019analyse d\u2019audience<br \/>\nCes cookies nous permettent d\u2019\u00e9tablir des statistiques de trafic afin d\u2019optimiser les fonctionnalit\u00e9s du site ACCORD Paris et d\u2019adapter son contenu \u00e0 vos centres d\u2019int\u00e9r\u00eats.<br \/>\nVeuillez noter que les informations collect\u00e9es par ces cookies sont anonymes et ne nous permettent pas d\u2019identifier les utilisateurs.<\/p>\n<p>4.\u00a0Les cookies publicitaires<br \/>\nCes cookies nous permettent de cibler vos pr\u00e9f\u00e9rences et de vous proposer des offres commerciales personnalis\u00e9es.<br \/>\nA ce jour, <span style=\"color: #0000ff;\">ACCORD Paris n\u2019utilise pas de cookies publicitaires.<\/span><\/p>\n<h3>Liens vers des sites tiers<\/h3>\n<p>Le site ACCORD Paris permet d\u2019acc\u00e9der aux sites de nos partenaires \u00e0 l\u2019aide de liens hypertextes, comme pour la ville de Paris, par exemple, ou Campus France.<br \/>\nBien que la plus grande attention ait \u00e9t\u00e9 port\u00e9e dans le choix des liens vers des sites tiers, ACCORD d\u00e9cline toute responsabilit\u00e9 quant au contenu de ces sites, \u00e0 leur l\u00e9galit\u00e9, \u00e0 leur exactitude ou \u00e0 leur fonctionnement, et ne peut pas \u00eatre tenu responsable de l\u2019utilisation que les utilisateurs pourraient en faire.<\/p>\n<p>La cr\u00e9ation de liens hypertextes sur le site ACCORD Paris est interdite sans l\u2019autorisation pr\u00e9alable \u00e9crite du Directeur de ACCORD Paris.\u00a0<a href=\"https:\/\/www.accord-langues.com\/fr\/nous-contacter\/\" target=\"_blank\" rel=\"noopener noreferrer\">Contactez-nous par email<\/a> si vous souhaitez b\u00e9n\u00e9ficier d&rsquo;un lien hypertexte sur le site ACCORD.<br \/>\nLa cr\u00e9ation de liens hypertextes vers le site ACCORD Paris est interdite sans l\u2019autorisation pr\u00e9alable \u00e9crite du Directeur de ACCORD Paris. <a href=\"https:\/\/www.accord-langues.com\/fr\/nous-contacter\/\" target=\"_blank\" rel=\"noopener noreferrer\">Contactez-nous par email<\/a> si vous souhaitez placer un lien hypertexte vers le site ACCORD.<\/p>\n<h3>S\u00e9curit\u00e9<\/h3>\n<p>ACCORD s\u2019engage \u00e0 respecter les dispositions de la loi informatique du 6 janvier 1978.<\/p>\n<p>ACCORD prend les mesures de s\u00e9curit\u00e9 maximales pour pr\u00e9venir la perte, l\u2019utilisation abusive et la modification des informations fournies par les visiteurs. Toutes les donn\u00e9es enregistr\u00e9es sur le site ACCORD Paris sont sauvegard\u00e9es et conserv\u00e9es sur un serveur de sauvegarde.<\/p>\n<h3>Mises \u00e0 jour<\/h3>\n<p>Le contenu du site ACCORD Paris \u00e9tant dynamique, ACCORD se r\u00e9serve le droit de modifier et de mettre \u00e0 jour, \u00e0 tout moment, les informations qui y sont pr\u00e9sent\u00e9es.<\/p>\n<h3>Propri\u00e9t\u00e9 intellectuelle<\/h3>\n<p>Toutes les informations pr\u00e9sent\u00e9es sur le site ACCORD sont d\u00e9tenues ou autoris\u00e9es par FORUM ACCORD SAS.<br \/>\nVous pouvez r\u00e9cup\u00e9rer et afficher le contenu du site ACCORD sur un \u00e9cran d\u2019ordinateur, stocker ce contenu sous forme \u00e9lectronique sur disque (\u00e0 l\u2019exclusion de tout serveur ou autre p\u00e9riph\u00e9rique de stockage connect\u00e9 \u00e0 un r\u00e9seau) ou imprimer un exemplaire de ce contenu pour votre usage personnel, pour une utilisation non commerciale, \u00e0 condition de garder intactes toutes les mentions de copyright et de propri\u00e9t\u00e9.<\/p>\n<p>Vous ne pouvez en aucun cas reproduire, modifier, copier, distribuer ou utiliser \u00e0 des fins commerciales les documents ou le contenu du site ACCORD sans l\u2019autorisation \u00e9crite pr\u00e9alable de FORUM ACCORD SAS.<\/p>\n<h3>Loi applicable<\/h3>\n<p>Les pr\u00e9sentes conditions d\u2019utilisation sont soumises au droit fran\u00e7ais.<br \/>\nNous nous efforcerons de r\u00e9soudre tout d\u00e9saccord rapidement et efficacement. Si vous n\u2019\u00eates pas satisfait de la mani\u00e8re dont un diff\u00e9rend est trait\u00e9 et que vous souhaitez engager une proc\u00e9dure judiciaire, vous devez le faire en France.<\/p>\n<h3>Divers<\/h3>\n<p>Vous ne pouvez transf\u00e9rer aucun de vos droits en vertu des pr\u00e9sentes conditions d\u2019utilisation \u00e0 une autre personne. Nous pouvons transf\u00e9rer nos droits en vertu des pr\u00e9sentes conditions d\u2019utilisation \u00e0 une autre soci\u00e9t\u00e9 si nous pensons raisonnablement que vos droits n\u2019en seront pas affect\u00e9s.<\/p>\n<p>Si vous ne respectez pas ces conditions d\u2019utilisation et qu\u2019ACCORD choisit de ne pas prendre de mesure, ACCORD conserve n\u00e9anmoins tous ses droits de recours et pourra en faire usage \u00e0 une date ult\u00e9rieure ou dans toute autre situation.<\/p>\n<p>ACCORD ne saurait \u00eatre tenu responsable de tout manquement \u00e0 ces conditions d\u2019utilisation r\u00e9sultant de circonstances ind\u00e9pendantes de sa volont\u00e9.<\/p>\n<p>Le site ACCORD Paris appartient \u00e0 la soci\u00e9t\u00e9 FORUM ACCORD SAS, qui l\u2019exploite.<\/p>\n<p>Consultez \u00e9galement nos mentions l\u00e9gales.<\/p>\n<p>Pour toute question, veuillez <a href=\"https:\/\/www.accord-langues.com\/fr\/nous-contacter\/\" target=\"_blank\" rel=\"noopener noreferrer\">nous contacter par email<\/a>.[\/vc_column_text][\/vc_column][\/vc_row]<\/p>\n<\/div>","protected":false},"excerpt":{"rendered":"<p>[vc_row][vc_column][\/vc_column][\/vc_row][vc_row full_width=\u00a0\u00bbstretch_row\u00a0\u00bb content_placement=\u00a0\u00bbmiddle\u00a0\u00bb css=\u00a0\u00bb.vc_custom_1532955235869{background-image: url(https:\/\/www.accord-langues.com\/wp-content\/uploads\/2016\/10\/adult-course.jpg?id=348) !important;background-position: center !important;background-repeat: no-repeat !important;background-size: cover !important;}\u00a0\u00bb el_class=\u00a0\u00bbheader-image\u00a0\u00bb][vc_column width=\u00a0\u00bb2\/3&Prime; offset=\u00a0\u00bbvc_col-sm-offset-2&Prime;][vc_column_text] Conditions d\u2019utilisation &#8211; Site ACCORD Paris [\/vc_column_text][\/vc_column][\/vc_row][vc_row full_width=\u00a0\u00bbstretch_row\u00a0\u00bb][vc_column][vc_column_text css=\u00a0\u00bb\u00a0\u00bb] Conditions d\u2019utilisation &#8211; Site ACCORD Paris Conditions d\u2019utilisation du site ACCORD Paris: les pr\u00e9sentes \u00ab\u00a0Conditions d\u2019utilisation\u00a0\u00bb r\u00e9gissent votre utilisation du site Web ACCORD Paris, ci-apr\u00e8s appel\u00e9\u00a0ACCORD Paris. Veuillez les lire attentivement, [&hellip;]<\/p>\n","protected":false},"author":10,"featured_media":0,"parent":0,"menu_order":0,"comment_status":"closed","ping_status":"closed","template":"","meta":{"_acf_changed":false,"footnotes":""},"class_list":["post-5653","page","type-page","status-publish","hentry"],"acf":[],"yoast_head":"<!-- This site is optimized with the Yoast SEO Premium plugin v27.4 (Yoast SEO v27.4) - https:\/\/yoast.com\/product\/yoast-seo-premium-wordpress\/ -->\n<title>Conditions d\u2019utilisation - Site ACCORD Paris - Accord Paris<\/title>\n<meta name=\"description\" content=\"Conditions d\u2019utilisation du site ACCORD Paris : les pr\u00e9sentes Conditions d\u2019utilisation r\u00e9gissent votre utilisation du site Web ACCORD Paris.\" \/>\n<meta name=\"robots\" content=\"index, follow, max-snippet:-1, max-image-preview:large, max-video-preview:-1\" \/>\n<link rel=\"canonical\" href=\"https:\/\/www.accord-langues.com\/fr\/site-accord-paris-conditions-utilisation\/\" \/>\n<meta property=\"og:locale\" content=\"fr_FR\" \/>\n<meta property=\"og:type\" content=\"article\" \/>\n<meta property=\"og:title\" content=\"Conditions d\u2019utilisation - Site ACCORD Paris\" \/>\n<meta property=\"og:description\" content=\"Conditions d\u2019utilisation du site ACCORD Paris : les pr\u00e9sentes Conditions d\u2019utilisation r\u00e9gissent votre utilisation du site Web ACCORD Paris.\" \/>\n<meta property=\"og:url\" content=\"https:\/\/www.accord-langues.com\/fr\/site-accord-paris-conditions-utilisation\/\" \/>\n<meta property=\"og:site_name\" content=\"Accord Paris\" \/>\n<meta property=\"article:publisher\" content=\"https:\/\/www.facebook.com\/accordecoledelangues\" \/>\n<meta property=\"article:modified_time\" content=\"2025-12-20T09:19:10+00:00\" \/>\n<meta property=\"og:image\" content=\"https:\/\/www.accord-langues.com\/wp-content\/uploads\/2024\/02\/ACCORD-French-Language-School-in-Paris-low-res.jpg\" \/>\n\t<meta property=\"og:image:width\" content=\"1200\" \/>\n\t<meta property=\"og:image:height\" content=\"867\" \/>\n\t<meta property=\"og:image:type\" content=\"image\/jpeg\" \/>\n<meta name=\"twitter:card\" content=\"summary_large_image\" \/>\n<meta name=\"twitter:label1\" content=\"Dur\u00e9e de lecture estim\u00e9e\" \/>\n\t<meta name=\"twitter:data1\" content=\"8 minutes\" \/>\n<script type=\"application\/ld+json\" class=\"yoast-schema-graph\">{\"@context\":\"https:\\\/\\\/schema.org\",\"@graph\":[{\"@type\":\"WebPage\",\"@id\":\"https:\\\/\\\/www.accord-langues.com\\\/fr\\\/site-accord-paris-conditions-utilisation\\\/\",\"url\":\"https:\\\/\\\/www.accord-langues.com\\\/fr\\\/site-accord-paris-conditions-utilisation\\\/\",\"name\":\"Conditions d\u2019utilisation - Site ACCORD Paris - Accord Paris\",\"isPartOf\":{\"@id\":\"https:\\\/\\\/www.accord-langues.com\\\/fr\\\/#website\"},\"datePublished\":\"2018-06-12T13:33:39+00:00\",\"dateModified\":\"2025-12-20T09:19:10+00:00\",\"description\":\"Conditions d\u2019utilisation du site ACCORD Paris : les pr\u00e9sentes Conditions d\u2019utilisation r\u00e9gissent votre utilisation du site Web ACCORD Paris.\",\"inLanguage\":\"fr-FR\",\"potentialAction\":[{\"@type\":\"ReadAction\",\"target\":[\"https:\\\/\\\/www.accord-langues.com\\\/fr\\\/site-accord-paris-conditions-utilisation\\\/\"]}]},{\"@type\":\"WebSite\",\"@id\":\"https:\\\/\\\/www.accord-langues.com\\\/fr\\\/#website\",\"url\":\"https:\\\/\\\/www.accord-langues.com\\\/fr\\\/\",\"name\":\"Accord Paris\",\"description\":\"Learn French in France\",\"publisher\":{\"@id\":\"https:\\\/\\\/www.accord-langues.com\\\/fr\\\/#organization\"},\"potentialAction\":[{\"@type\":\"SearchAction\",\"target\":{\"@type\":\"EntryPoint\",\"urlTemplate\":\"https:\\\/\\\/www.accord-langues.com\\\/fr\\\/?s={search_term_string}\"},\"query-input\":{\"@type\":\"PropertyValueSpecification\",\"valueRequired\":true,\"valueName\":\"search_term_string\"}}],\"inLanguage\":\"fr-FR\"},{\"@type\":\"Organization\",\"@id\":\"https:\\\/\\\/www.accord-langues.com\\\/fr\\\/#organization\",\"name\":\"ACCORD Tour Eiffel\",\"alternateName\":\"Learn French in Paris\",\"url\":\"https:\\\/\\\/www.accord-langues.com\\\/fr\\\/\",\"logo\":{\"@type\":\"ImageObject\",\"inLanguage\":\"fr-FR\",\"@id\":\"https:\\\/\\\/www.accord-langues.com\\\/fr\\\/#\\\/schema\\\/logo\\\/image\\\/\",\"url\":\"https:\\\/\\\/www.accord-langues.com\\\/wp-content\\\/uploads\\\/2016\\\/06\\\/Logo.png\",\"contentUrl\":\"https:\\\/\\\/www.accord-langues.com\\\/wp-content\\\/uploads\\\/2016\\\/06\\\/Logo.png\",\"width\":290,\"height\":70,\"caption\":\"ACCORD Tour Eiffel\"},\"image\":{\"@id\":\"https:\\\/\\\/www.accord-langues.com\\\/fr\\\/#\\\/schema\\\/logo\\\/image\\\/\"},\"sameAs\":[\"https:\\\/\\\/www.facebook.com\\\/accordecoledelangues\",\"https:\\\/\\\/www.linkedin.com\\\/groups\\\/4542133\\\/\"],\"description\":\"ACCORD French Language School is one of the leading schools in France for teaching French to foreign students and offering high quality French language courses in Paris. The ACCORD language school is located in the heart of Paris, nearby the Eiffel Tower. The ACCORD school is open all year round and welcomes students from all over the world from the age of 16 in its French language courses. ACCORD school is accredited by the official \u201cQualit\u00e9 FLE\u201d label and is member of CAMPUS FRANCE, SOUFFLE and Atout France. ACCORD is official exam center for the TCF IRN, TCF TP, TCF Qu\u00e9bec and TCF Canada.\",\"email\":\"info@accord-langues.com\",\"telephone\":\"+33155335233\",\"legalName\":\"FORUM ACCORD\",\"foundingDate\":\"1990-02-23\",\"numberOfEmployees\":{\"@type\":\"QuantitativeValue\",\"minValue\":\"11\",\"maxValue\":\"50\"}}]}<\/script>\n<!-- \/ Yoast SEO Premium plugin. -->","yoast_head_json":{"title":"Conditions d\u2019utilisation - Site ACCORD Paris - Accord Paris","description":"Conditions d\u2019utilisation du site ACCORD Paris : les pr\u00e9sentes Conditions d\u2019utilisation r\u00e9gissent votre utilisation du site Web ACCORD Paris.","robots":{"index":"index","follow":"follow","max-snippet":"max-snippet:-1","max-image-preview":"max-image-preview:large","max-video-preview":"max-video-preview:-1"},"canonical":"https:\/\/www.accord-langues.com\/fr\/site-accord-paris-conditions-utilisation\/","og_locale":"fr_FR","og_type":"article","og_title":"Conditions d\u2019utilisation - Site ACCORD Paris","og_description":"Conditions d\u2019utilisation du site ACCORD Paris : les pr\u00e9sentes Conditions d\u2019utilisation r\u00e9gissent votre utilisation du site Web ACCORD Paris.","og_url":"https:\/\/www.accord-langues.com\/fr\/site-accord-paris-conditions-utilisation\/","og_site_name":"Accord Paris","article_publisher":"https:\/\/www.facebook.com\/accordecoledelangues","article_modified_time":"2025-12-20T09:19:10+00:00","og_image":[{"width":1200,"height":867,"url":"https:\/\/www.accord-langues.com\/wp-content\/uploads\/2024\/02\/ACCORD-French-Language-School-in-Paris-low-res.jpg","type":"image\/jpeg"}],"twitter_card":"summary_large_image","twitter_misc":{"Dur\u00e9e de lecture estim\u00e9e":"8 minutes"},"schema":{"@context":"https:\/\/schema.org","@graph":[{"@type":"WebPage","@id":"https:\/\/www.accord-langues.com\/fr\/site-accord-paris-conditions-utilisation\/","url":"https:\/\/www.accord-langues.com\/fr\/site-accord-paris-conditions-utilisation\/","name":"Conditions d\u2019utilisation - Site ACCORD Paris - Accord Paris","isPartOf":{"@id":"https:\/\/www.accord-langues.com\/fr\/#website"},"datePublished":"2018-06-12T13:33:39+00:00","dateModified":"2025-12-20T09:19:10+00:00","description":"Conditions d\u2019utilisation du site ACCORD Paris : les pr\u00e9sentes Conditions d\u2019utilisation r\u00e9gissent votre utilisation du site Web ACCORD Paris.","inLanguage":"fr-FR","potentialAction":[{"@type":"ReadAction","target":["https:\/\/www.accord-langues.com\/fr\/site-accord-paris-conditions-utilisation\/"]}]},{"@type":"WebSite","@id":"https:\/\/www.accord-langues.com\/fr\/#website","url":"https:\/\/www.accord-langues.com\/fr\/","name":"Accord Paris","description":"Learn French in France","publisher":{"@id":"https:\/\/www.accord-langues.com\/fr\/#organization"},"potentialAction":[{"@type":"SearchAction","target":{"@type":"EntryPoint","urlTemplate":"https:\/\/www.accord-langues.com\/fr\/?s={search_term_string}"},"query-input":{"@type":"PropertyValueSpecification","valueRequired":true,"valueName":"search_term_string"}}],"inLanguage":"fr-FR"},{"@type":"Organization","@id":"https:\/\/www.accord-langues.com\/fr\/#organization","name":"ACCORD Tour Eiffel","alternateName":"Learn French in Paris","url":"https:\/\/www.accord-langues.com\/fr\/","logo":{"@type":"ImageObject","inLanguage":"fr-FR","@id":"https:\/\/www.accord-langues.com\/fr\/#\/schema\/logo\/image\/","url":"https:\/\/www.accord-langues.com\/wp-content\/uploads\/2016\/06\/Logo.png","contentUrl":"https:\/\/www.accord-langues.com\/wp-content\/uploads\/2016\/06\/Logo.png","width":290,"height":70,"caption":"ACCORD Tour Eiffel"},"image":{"@id":"https:\/\/www.accord-langues.com\/fr\/#\/schema\/logo\/image\/"},"sameAs":["https:\/\/www.facebook.com\/accordecoledelangues","https:\/\/www.linkedin.com\/groups\/4542133\/"],"description":"ACCORD French Language School is one of the leading schools in France for teaching French to foreign students and offering high quality French language courses in Paris. The ACCORD language school is located in the heart of Paris, nearby the Eiffel Tower. The ACCORD school is open all year round and welcomes students from all over the world from the age of 16 in its French language courses. ACCORD school is accredited by the official \u201cQualit\u00e9 FLE\u201d label and is member of CAMPUS FRANCE, SOUFFLE and Atout France. ACCORD is official exam center for the TCF IRN, TCF TP, TCF Qu\u00e9bec and TCF Canada.","email":"info@accord-langues.com","telephone":"+33155335233","legalName":"FORUM ACCORD","foundingDate":"1990-02-23","numberOfEmployees":{"@type":"QuantitativeValue","minValue":"11","maxValue":"50"}}]}},"_links":{"self":[{"href":"https:\/\/www.accord-langues.com\/fr\/wp-json\/wp\/v2\/pages\/5653","targetHints":{"allow":["GET"]}}],"collection":[{"href":"https:\/\/www.accord-langues.com\/fr\/wp-json\/wp\/v2\/pages"}],"about":[{"href":"https:\/\/www.accord-langues.com\/fr\/wp-json\/wp\/v2\/types\/page"}],"author":[{"embeddable":true,"href":"https:\/\/www.accord-langues.com\/fr\/wp-json\/wp\/v2\/users\/10"}],"replies":[{"embeddable":true,"href":"https:\/\/www.accord-langues.com\/fr\/wp-json\/wp\/v2\/comments?post=5653"}],"version-history":[{"count":1,"href":"https:\/\/www.accord-langues.com\/fr\/wp-json\/wp\/v2\/pages\/5653\/revisions"}],"predecessor-version":[{"id":25843,"href":"https:\/\/www.accord-langues.com\/fr\/wp-json\/wp\/v2\/pages\/5653\/revisions\/25843"}],"wp:attachment":[{"href":"https:\/\/www.accord-langues.com\/fr\/wp-json\/wp\/v2\/media?parent=5653"}],"curies":[{"name":"wp","href":"https:\/\/api.w.org\/{rel}","templated":true}]}}