{"id":5642,"date":"2016-06-23T13:21:35","date_gmt":"2016-06-23T12:21:35","guid":{"rendered":"https:\/\/www.accord-langues.com\/accord-french-language-schools\/"},"modified":"2025-12-20T09:20:15","modified_gmt":"2025-12-20T09:20:15","slug":"escuela-de-frances-accord","status":"publish","type":"page","link":"https:\/\/www.accord-langues.com\/es\/escuela-de-frances-accord\/","title":{"rendered":"Escuela de franc\u00e9s ACCORD"},"content":{"rendered":"<div class=\"wpb-content-wrapper\"><p>[vc_row full_width=\u00bbstretch_row\u00bb content_placement=\u00bbmiddle\u00bb css=\u00bb.vc_custom_1509009556865{background-image: url(https:\/\/www.accord-langues.com\/wp-content\/uploads\/2016\/10\/adult-course.jpg?id=348) !important;background-position: center !important;background-repeat: no-repeat !important;background-size: cover !important;}\u00bb el_class=\u00bbheader-image\u00bb][vc_column width=\u00bb2\/3&#8243; offset=\u00bbvc_col-sm-offset-2&#8243;][vc_column_text]<\/p>\n<h1>Escuela de franc\u00e9s ACCORD<\/h1>\n<p><strong>Par\u00eds, el destino m\u00e1s emocionante para aprender franc\u00e9s en Francia<\/strong>[\/vc_column_text][\/vc_column][\/vc_row][vc_row full_width=\u00bbstretch_row\u00bb css=\u00bb.vc_custom_1509364080525{padding-bottom: 40px !important;}\u00bb][vc_column][vc_row_inner el_id=\u00bbGrandsBoulevards\u00bb][vc_column_inner width=\u00bb1\/3&#8243;][vc_column_text]<\/p>\n<h3>ACCORD<\/h3>\n<p>3bis rue Jean-Pierre Bloch<br \/>\n75015 Par\u00eds \u2013 Francia<br \/>\nTel.: 33 (0) 1 55 33 52 33<br \/>\nCorreo electr\u00f3nico: info@accord-langues.com[\/vc_column_text][vc_gmaps link=\u00bb#E-8_JTNDaWZyYW1lJTIwc3JjJTNEJTIyaHR0cHMlM0ElMkYlMkZ3d3cuZ29vZ2xlLmNvbSUyRm1hcHMlMkZlbWJlZCUzRnBiJTNEJTIxMW0xOCUyMTFtMTIlMjExbTMlMjExZDI2MjUuMjQ4NDU4NjYxMTY1JTIxMmQyLjI5Mzk4OTUxNjU4NzQ0MiUyMTNkNDguODUzNDcyMzc5Mjg3MDIlMjEybTMlMjExZjAlMjEyZjAlMjEzZjAlMjEzbTIlMjExaTEwMjQlMjEyaTc2OCUyMTRmMTMuMSUyMTNtMyUyMTFtMiUyMTFzMHg0N2U2NzAxZWUwYjA5OTliJTI1M0EweDNjNzk0ZmY4ZGZhNDJiMjIlMjEyczNiaXMlMjUyMFJ1ZSUyNTIwSmVhbi1QaWVycmUlMjUyMEJsb2NoJTI1MkMlMjUyMDc1MDE1JTI1MjBQYXJpcyUyMTVlMCUyMTNtMiUyMTFzZnIlMjEyc2ZyJTIxNHYxNjE0Nzc4NDMwNDAwJTIxNW0yJTIxMXNmciUyMTJzZnIlMjIlMjB3aWR0aCUzRCUyMjEwMCUyNSUyMiUyMGhlaWdodCUzRCUyMjIwMCUyMiUyMHN0eWxlJTNEJTIyYm9yZGVyJTNBMCUzQiUyMiUyMGFsbG93ZnVsbHNjcmVlbiUzRCUyMiUyMiUyMGxvYWRpbmclM0QlMjJsYXp5JTIyJTNFJTNDJTJGaWZyYW1lJTNF\u00bb][vc_column_text]C\u00f3mo llegar a la escuela ACCORD Tour Eiffel:<\/p>\n<ul class=\"ticks\">\n<li>En metro<br \/>\nEstaciones m\u00e1s cercanas: La Motte-Picquet Grenelle (l\u00edneas 6, 8 y 10) y Dupleix (l\u00ednea 6)<br \/>\nOtras estaciones: \u00c9cole Militaire (l\u00ednea 8), Bir-Hakeim (l\u00ednea 6)<\/li>\n<li>En autob\u00fas: l\u00ednea n.\u00ba 86 (Champ de Mars), l\u00ednea n.\u00ba 82 (paradas: Champ de Mars &#8211; Suffren o G\u00e9n\u00e9ral Detrie), l\u00ednea n.\u00ba 42 (parada: Desaix o Champ de Mars &#8211; Suffren)<\/li>\n<\/ul>\n<p>[\/vc_column_text][\/vc_column_inner][vc_column_inner width=\u00bb2\/3&#8243; el_id=\u00bbTourEiffel\u00bb][vc_column_text css=\u00bb\u00bb]<\/p>\n<h2>ACCORD cerca de la torre Eiffel<\/h2>\n<p>Fundada en 1988, <strong>la escuela de franc\u00e9s en Francia ACCORD est\u00e1 situada cerca de la famosa Torre Eiffel,<\/strong> a pocos minutos a pie del Campo de Marte, el Museo de Quai Branly, los Inv\u00e1lidos (con la tumba de Napole\u00f3n I), el r\u00edo Sena y los Bateaux Parisiens (y frente a la Torre Eiffel), el Trocadero y sus famosos jardines y fuentes.<\/p>\n<div id='gallery-1' class='gallery galleryid-5642 gallery-columns-1 gallery-size-large'><figure class='gallery-item'>\n\t\t\t<div class='gallery-icon landscape'>\n\t\t\t\t<a href='https:\/\/www.accord-langues.com\/wp-content\/uploads\/2021\/03\/Photo-006-b.jpg'><img decoding=\"async\" width=\"640\" height=\"408\" src=\"https:\/\/www.accord-langues.com\/wp-content\/uploads\/2021\/03\/Photo-006-b-1024x653.jpg\" class=\"attachment-large size-large\" alt=\"\u00e9cole de langue fran\u00e7aise ACCORD\" srcset=\"https:\/\/www.accord-langues.com\/wp-content\/uploads\/2021\/03\/Photo-006-b-1024x653.jpg 1024w, https:\/\/www.accord-langues.com\/wp-content\/uploads\/2021\/03\/Photo-006-b-300x191.jpg 300w, https:\/\/www.accord-langues.com\/wp-content\/uploads\/2021\/03\/Photo-006-b-768x490.jpg 768w, https:\/\/www.accord-langues.com\/wp-content\/uploads\/2021\/03\/Photo-006-b-1536x979.jpg 1536w, https:\/\/www.accord-langues.com\/wp-content\/uploads\/2021\/03\/Photo-006-b.jpg 1600w\" sizes=\"(max-width: 640px) 100vw, 640px\" title=\"Photo-006-b\" \/><\/a>\n\t\t\t<\/div><\/figure>\n\t\t<\/div>\n\n<p>Tanto si asiste a <a href=\"https:\/\/www.accord-langues.com\/es\/cursos-de-frances-para-adultos\/\" target=\"_blank\" rel=\"noopener noreferrer\">un curso intensivo de franc\u00e9s<\/a>, un <a href=\"https:\/\/www.accord-langues.com\/es\/curso\/clases-particulares-de-frances-en-paris\/\" target=\"_blank\" rel=\"noopener\">programa para ejecutivos<\/a> o desea prepararse para un <a href=\"https:\/\/examensparis.fr\/\" target=\"_blank\" rel=\"noopener\">examen de franc\u00e9s<\/a>, en la escuela de idiomas ACCORD dispondr\u00e1 de las mejores condiciones para aprender franc\u00e9s y comprender mejor la cultura y el estilo de vida de los franceses:<\/p>\n<ul class=\"ticks\">\n<li class=\"li1\"><b>S<strong>ituada cerca de la famosa Torre Eiffel<\/strong><\/b><\/li>\n<li class=\"li1\"><span style=\"color: #ff6600;\"><b>Aire acondicionado<\/b><\/span><\/li>\n<li class=\"li1\">Cursos disponibles durante todo el a\u00f1o<\/li>\n<li class=\"li1\">De 6 a 8 niveles de idioma, desde b\u00e1sico hasta avanzado<\/li>\n<li class=\"li1\">M\u00e1s de 40 nacionalidades diferentes<\/li>\n<li class=\"li1\">Un ambiente familiar franc\u00e9s<\/li>\n<li class=\"li1\">Miembro de SOUFFLE y\u00a0CAMPUS FRANCE,\u00a0acreditado \u201c<a href=\"https:\/\/www.accord-langues.com\/es\/acreditaciones-de-la-escuela-de-frances-accord\/\" target=\"_blank\" rel=\"noopener\">Qualit\u00e9 FLE<\/a>\u201c<\/li>\n<li class=\"li1\">Acceso gratuito a Internet ADSL con conexi\u00f3n inal\u00e1mbrica en toda la escuela<\/li>\n<\/ul>\n<p>[\/vc_column_text][\/vc_column_inner][\/vc_row_inner][vc_separator][\/vc_column][\/vc_row][vc_row full_width=\u00bbstretch_row\u00bb css=\u00bb.vc_custom_1471605768894{padding-top: 20px !important;background-color: #f0f0f0 !important;}\u00bb el_id=\u00bbhomepage-boxes\u00bb][vc_column][vc_row_inner][vc_column_inner width=\u00bb1\/3&#8243;]<div class=\"RFIbox green a-man\">\n\t<div class=\"RFIbox__media\">\n        <a href=\"https:\/\/www.accord-langues.com\/es\/cursos-de-frances-para-adultos\/\" title=\"\" target=\"_blank\"><img decoding=\"async\" width=\"500\" height=\"333\" src=\"https:\/\/www.accord-langues.com\/wp-content\/uploads\/2016\/06\/box-adults.jpg\" class=\"img-responsive\" alt=\"\" srcset=\"https:\/\/www.accord-langues.com\/wp-content\/uploads\/2016\/06\/box-adults.jpg 500w, https:\/\/www.accord-langues.com\/wp-content\/uploads\/2016\/06\/box-adults-300x200.jpg 300w\" sizes=\"(max-width: 500px) 100vw, 500px\" title=\"box-adults\" \/><\/a>        \t<\/div>\n\n        <div class=\"RFIBox__title\">\n        <a href=\"https:\/\/www.accord-langues.com\/es\/cursos-de-frances-para-adultos\/\" title=\"\" target=\"_blank\">Cursos de franc\u00e9s para adultos<\/a>    <\/div>\n    \n    <\/div>[\/vc_column_inner][vc_column_inner width=\u00bb1\/3&#8243;]<div class=\"RFIbox navy psg\">\n\t<div class=\"RFIbox__media\">\n        <a href=\"https:\/\/www.accord-langues.com\/es\/cursos-frances-para-adolescentes\/\" title=\"\" target=\"_blank\"><img decoding=\"async\" width=\"500\" height=\"333\" src=\"https:\/\/www.accord-langues.com\/wp-content\/uploads\/2016\/06\/box-juniors.jpg\" class=\"img-responsive\" alt=\"\" srcset=\"https:\/\/www.accord-langues.com\/wp-content\/uploads\/2016\/06\/box-juniors.jpg 500w, https:\/\/www.accord-langues.com\/wp-content\/uploads\/2016\/06\/box-juniors-300x200.jpg 300w\" sizes=\"(max-width: 500px) 100vw, 500px\" title=\"box-juniors\" \/><\/a>        \t<\/div>\n\n        <div class=\"RFIBox__title\">\n        <a href=\"https:\/\/www.accord-langues.com\/es\/cursos-frances-para-adolescentes\/\" title=\"\" target=\"_blank\">Cursos de franc\u00e9s para j\u00f3venes<\/a>    <\/div>\n    \n    <\/div>[\/vc_column_inner][vc_column_inner width=\u00bb1\/3&#8243;]<div class=\"RFIbox pink\">\n\t<div class=\"RFIbox__media\">\n        <a href=\"https:\/\/examensparis.fr\/\" title=\"\" target=\"_blank\"><img decoding=\"async\" width=\"500\" height=\"333\" src=\"https:\/\/www.accord-langues.com\/wp-content\/uploads\/2016\/06\/box-exams.jpg\" class=\"img-responsive\" alt=\"\" srcset=\"https:\/\/www.accord-langues.com\/wp-content\/uploads\/2016\/06\/box-exams.jpg 500w, https:\/\/www.accord-langues.com\/wp-content\/uploads\/2016\/06\/box-exams-300x200.jpg 300w\" sizes=\"(max-width: 500px) 100vw, 500px\" title=\"box-exams\" \/><\/a>        \t<\/div>\n\n        <div class=\"RFIBox__title\">\n        <a href=\"https:\/\/examensparis.fr\/\" title=\"\" target=\"_blank\">Ex\u00e1menes<\/a>    <\/div>\n    \n    <\/div>[\/vc_column_inner][\/vc_row_inner][\/vc_column][\/vc_row]<\/p>\n<\/div>","protected":false},"excerpt":{"rendered":"<p>[vc_row full_width=\u00bbstretch_row\u00bb content_placement=\u00bbmiddle\u00bb css=\u00bb.vc_custom_1509009556865{background-image: url(https:\/\/www.accord-langues.com\/wp-content\/uploads\/2016\/10\/adult-course.jpg?id=348) !important;background-position: center !important;background-repeat: no-repeat !important;background-size: cover !important;}\u00bb el_class=\u00bbheader-image\u00bb][vc_column width=\u00bb2\/3&#8243; offset=\u00bbvc_col-sm-offset-2&#8243;][vc_column_text] Escuela de franc\u00e9s ACCORD Par\u00eds, el destino m\u00e1s emocionante para aprender franc\u00e9s en Francia[\/vc_column_text][\/vc_column][\/vc_row][vc_row full_width=\u00bbstretch_row\u00bb css=\u00bb.vc_custom_1509364080525{padding-bottom: 40px !important;}\u00bb][vc_column][vc_row_inner el_id=\u00bbGrandsBoulevards\u00bb][vc_column_inner width=\u00bb1\/3&#8243;][vc_column_text] ACCORD 3bis rue Jean-Pierre Bloch 75015 Par\u00eds \u2013 Francia Tel.: 33 (0) 1 55 33 52 33 Correo electr\u00f3nico: info@accord-langues.com[\/vc_column_text][vc_gmaps [&hellip;]<\/p>\n","protected":false},"author":10,"featured_media":0,"parent":0,"menu_order":0,"comment_status":"closed","ping_status":"closed","template":"","meta":{"_acf_changed":false,"footnotes":""},"class_list":["post-5642","page","type-page","status-publish","hentry"],"acf":[],"yoast_head":"<!-- This site is optimized with the Yoast SEO Premium plugin v27.5 (Yoast SEO v27.5) - https:\/\/yoast.com\/product\/yoast-seo-premium-wordpress\/ -->\n<title>Escuela de franc\u00e9s ACCORD - Accord Paris<\/title>\n<meta name=\"description\" content=\"La escuela de franc\u00e9s ACCORD Paris ofrecen cursos de franc\u00e9s para adultos en Francia. Escuela de franc\u00e9s en Francia acreditada &#039;Qualit\u00e9 FLE&#039;.\" \/>\n<meta name=\"robots\" content=\"index, follow, max-snippet:-1, max-image-preview:large, max-video-preview:-1\" \/>\n<link rel=\"canonical\" href=\"https:\/\/www.accord-langues.com\/es\/escuela-de-frances-accord\/\" \/>\n<meta property=\"og:locale\" content=\"es_ES\" \/>\n<meta property=\"og:type\" content=\"article\" \/>\n<meta property=\"og:title\" content=\"Escuela de franc\u00e9s ACCORD\" \/>\n<meta property=\"og:description\" content=\"La escuela de franc\u00e9s ACCORD Paris ofrecen cursos de franc\u00e9s para adultos en Francia. Escuela de franc\u00e9s en Francia acreditada &#039;Qualit\u00e9 FLE&#039;.\" \/>\n<meta property=\"og:url\" content=\"https:\/\/www.accord-langues.com\/es\/escuela-de-frances-accord\/\" \/>\n<meta property=\"og:site_name\" content=\"Accord Paris\" \/>\n<meta property=\"article:publisher\" content=\"https:\/\/www.facebook.com\/accordecoledelangues\" \/>\n<meta property=\"article:modified_time\" content=\"2025-12-20T09:20:15+00:00\" \/>\n<meta property=\"og:image\" content=\"https:\/\/www.accord-langues.com\/wp-content\/uploads\/2024\/02\/ACCORD-French-Language-School-in-Paris-low-res.jpg\" \/>\n\t<meta property=\"og:image:width\" content=\"1200\" \/>\n\t<meta property=\"og:image:height\" content=\"867\" \/>\n\t<meta property=\"og:image:type\" content=\"image\/jpeg\" \/>\n<meta name=\"twitter:card\" content=\"summary_large_image\" \/>\n<meta name=\"twitter:label1\" content=\"Tiempo de lectura\" \/>\n\t<meta name=\"twitter:data1\" content=\"2 minutos\" \/>\n<script type=\"application\/ld+json\" class=\"yoast-schema-graph\">{\"@context\":\"https:\\\/\\\/schema.org\",\"@graph\":[{\"@type\":\"WebPage\",\"@id\":\"https:\\\/\\\/www.accord-langues.com\\\/es\\\/escuela-de-frances-accord\\\/\",\"url\":\"https:\\\/\\\/www.accord-langues.com\\\/es\\\/escuela-de-frances-accord\\\/\",\"name\":\"Escuela de franc\u00e9s ACCORD - Accord Paris\",\"isPartOf\":{\"@id\":\"https:\\\/\\\/www.accord-langues.com\\\/es\\\/#website\"},\"datePublished\":\"2016-06-23T12:21:35+00:00\",\"dateModified\":\"2025-12-20T09:20:15+00:00\",\"description\":\"La escuela de franc\u00e9s ACCORD Paris ofrecen cursos de franc\u00e9s para adultos en Francia. Escuela de franc\u00e9s en Francia acreditada 'Qualit\u00e9 FLE'.\",\"inLanguage\":\"es\",\"potentialAction\":[{\"@type\":\"ReadAction\",\"target\":[\"https:\\\/\\\/www.accord-langues.com\\\/es\\\/escuela-de-frances-accord\\\/\"]}]},{\"@type\":\"WebSite\",\"@id\":\"https:\\\/\\\/www.accord-langues.com\\\/es\\\/#website\",\"url\":\"https:\\\/\\\/www.accord-langues.com\\\/es\\\/\",\"name\":\"Accord Paris\",\"description\":\"Learn French in France\",\"publisher\":{\"@id\":\"https:\\\/\\\/www.accord-langues.com\\\/es\\\/#organization\"},\"potentialAction\":[{\"@type\":\"SearchAction\",\"target\":{\"@type\":\"EntryPoint\",\"urlTemplate\":\"https:\\\/\\\/www.accord-langues.com\\\/es\\\/?s={search_term_string}\"},\"query-input\":{\"@type\":\"PropertyValueSpecification\",\"valueRequired\":true,\"valueName\":\"search_term_string\"}}],\"inLanguage\":\"es\"},{\"@type\":\"Organization\",\"@id\":\"https:\\\/\\\/www.accord-langues.com\\\/es\\\/#organization\",\"name\":\"ACCORD Tour Eiffel\",\"alternateName\":\"Learn French in Paris\",\"url\":\"https:\\\/\\\/www.accord-langues.com\\\/es\\\/\",\"logo\":{\"@type\":\"ImageObject\",\"inLanguage\":\"es\",\"@id\":\"https:\\\/\\\/www.accord-langues.com\\\/es\\\/#\\\/schema\\\/logo\\\/image\\\/\",\"url\":\"https:\\\/\\\/www.accord-langues.com\\\/wp-content\\\/uploads\\\/2016\\\/06\\\/Logo.png\",\"contentUrl\":\"https:\\\/\\\/www.accord-langues.com\\\/wp-content\\\/uploads\\\/2016\\\/06\\\/Logo.png\",\"width\":290,\"height\":70,\"caption\":\"ACCORD Tour Eiffel\"},\"image\":{\"@id\":\"https:\\\/\\\/www.accord-langues.com\\\/es\\\/#\\\/schema\\\/logo\\\/image\\\/\"},\"sameAs\":[\"https:\\\/\\\/www.facebook.com\\\/accordecoledelangues\",\"https:\\\/\\\/www.linkedin.com\\\/groups\\\/4542133\\\/\"],\"description\":\"ACCORD French Language School is one of the leading schools in France for teaching French to foreign students and offering high quality French language courses in Paris. The ACCORD language school is located in the heart of Paris, nearby the Eiffel Tower. The ACCORD school is open all year round and welcomes students from all over the world from the age of 16 in its French language courses. ACCORD school is accredited by the official \u201cQualit\u00e9 FLE\u201d label and is member of CAMPUS FRANCE, SOUFFLE and Atout France. ACCORD is official exam center for the TCF IRN, TCF TP, TCF Qu\u00e9bec and TCF Canada.\",\"email\":\"info@accord-langues.com\",\"telephone\":\"+33155335233\",\"legalName\":\"FORUM ACCORD\",\"foundingDate\":\"1990-02-23\",\"numberOfEmployees\":{\"@type\":\"QuantitativeValue\",\"minValue\":\"11\",\"maxValue\":\"50\"}}]}<\/script>\n<!-- \/ Yoast SEO Premium plugin. -->","yoast_head_json":{"title":"Escuela de franc\u00e9s ACCORD - Accord Paris","description":"La escuela de franc\u00e9s ACCORD Paris ofrecen cursos de franc\u00e9s para adultos en Francia. Escuela de franc\u00e9s en Francia acreditada 'Qualit\u00e9 FLE'.","robots":{"index":"index","follow":"follow","max-snippet":"max-snippet:-1","max-image-preview":"max-image-preview:large","max-video-preview":"max-video-preview:-1"},"canonical":"https:\/\/www.accord-langues.com\/es\/escuela-de-frances-accord\/","og_locale":"es_ES","og_type":"article","og_title":"Escuela de franc\u00e9s ACCORD","og_description":"La escuela de franc\u00e9s ACCORD Paris ofrecen cursos de franc\u00e9s para adultos en Francia. Escuela de franc\u00e9s en Francia acreditada 'Qualit\u00e9 FLE'.","og_url":"https:\/\/www.accord-langues.com\/es\/escuela-de-frances-accord\/","og_site_name":"Accord Paris","article_publisher":"https:\/\/www.facebook.com\/accordecoledelangues","article_modified_time":"2025-12-20T09:20:15+00:00","og_image":[{"width":1200,"height":867,"url":"https:\/\/www.accord-langues.com\/wp-content\/uploads\/2024\/02\/ACCORD-French-Language-School-in-Paris-low-res.jpg","type":"image\/jpeg"}],"twitter_card":"summary_large_image","twitter_misc":{"Tiempo de lectura":"2 minutos"},"schema":{"@context":"https:\/\/schema.org","@graph":[{"@type":"WebPage","@id":"https:\/\/www.accord-langues.com\/es\/escuela-de-frances-accord\/","url":"https:\/\/www.accord-langues.com\/es\/escuela-de-frances-accord\/","name":"Escuela de franc\u00e9s ACCORD - Accord Paris","isPartOf":{"@id":"https:\/\/www.accord-langues.com\/es\/#website"},"datePublished":"2016-06-23T12:21:35+00:00","dateModified":"2025-12-20T09:20:15+00:00","description":"La escuela de franc\u00e9s ACCORD Paris ofrecen cursos de franc\u00e9s para adultos en Francia. Escuela de franc\u00e9s en Francia acreditada 'Qualit\u00e9 FLE'.","inLanguage":"es","potentialAction":[{"@type":"ReadAction","target":["https:\/\/www.accord-langues.com\/es\/escuela-de-frances-accord\/"]}]},{"@type":"WebSite","@id":"https:\/\/www.accord-langues.com\/es\/#website","url":"https:\/\/www.accord-langues.com\/es\/","name":"Accord Paris","description":"Learn French in France","publisher":{"@id":"https:\/\/www.accord-langues.com\/es\/#organization"},"potentialAction":[{"@type":"SearchAction","target":{"@type":"EntryPoint","urlTemplate":"https:\/\/www.accord-langues.com\/es\/?s={search_term_string}"},"query-input":{"@type":"PropertyValueSpecification","valueRequired":true,"valueName":"search_term_string"}}],"inLanguage":"es"},{"@type":"Organization","@id":"https:\/\/www.accord-langues.com\/es\/#organization","name":"ACCORD Tour Eiffel","alternateName":"Learn French in Paris","url":"https:\/\/www.accord-langues.com\/es\/","logo":{"@type":"ImageObject","inLanguage":"es","@id":"https:\/\/www.accord-langues.com\/es\/#\/schema\/logo\/image\/","url":"https:\/\/www.accord-langues.com\/wp-content\/uploads\/2016\/06\/Logo.png","contentUrl":"https:\/\/www.accord-langues.com\/wp-content\/uploads\/2016\/06\/Logo.png","width":290,"height":70,"caption":"ACCORD Tour Eiffel"},"image":{"@id":"https:\/\/www.accord-langues.com\/es\/#\/schema\/logo\/image\/"},"sameAs":["https:\/\/www.facebook.com\/accordecoledelangues","https:\/\/www.linkedin.com\/groups\/4542133\/"],"description":"ACCORD French Language School is one of the leading schools in France for teaching French to foreign students and offering high quality French language courses in Paris. The ACCORD language school is located in the heart of Paris, nearby the Eiffel Tower. The ACCORD school is open all year round and welcomes students from all over the world from the age of 16 in its French language courses. ACCORD school is accredited by the official \u201cQualit\u00e9 FLE\u201d label and is member of CAMPUS FRANCE, SOUFFLE and Atout France. ACCORD is official exam center for the TCF IRN, TCF TP, TCF Qu\u00e9bec and TCF Canada.","email":"info@accord-langues.com","telephone":"+33155335233","legalName":"FORUM ACCORD","foundingDate":"1990-02-23","numberOfEmployees":{"@type":"QuantitativeValue","minValue":"11","maxValue":"50"}}]}},"_links":{"self":[{"href":"https:\/\/www.accord-langues.com\/es\/wp-json\/wp\/v2\/pages\/5642","targetHints":{"allow":["GET"]}}],"collection":[{"href":"https:\/\/www.accord-langues.com\/es\/wp-json\/wp\/v2\/pages"}],"about":[{"href":"https:\/\/www.accord-langues.com\/es\/wp-json\/wp\/v2\/types\/page"}],"author":[{"embeddable":true,"href":"https:\/\/www.accord-langues.com\/es\/wp-json\/wp\/v2\/users\/10"}],"replies":[{"embeddable":true,"href":"https:\/\/www.accord-langues.com\/es\/wp-json\/wp\/v2\/comments?post=5642"}],"version-history":[{"count":1,"href":"https:\/\/www.accord-langues.com\/es\/wp-json\/wp\/v2\/pages\/5642\/revisions"}],"predecessor-version":[{"id":25866,"href":"https:\/\/www.accord-langues.com\/es\/wp-json\/wp\/v2\/pages\/5642\/revisions\/25866"}],"wp:attachment":[{"href":"https:\/\/www.accord-langues.com\/es\/wp-json\/wp\/v2\/media?parent=5642"}],"curies":[{"name":"wp","href":"https:\/\/api.w.org\/{rel}","templated":true}]}}