{"id":5634,"date":"2016-12-12T16:18:30","date_gmt":"2016-12-12T16:18:30","guid":{"rendered":"https:\/\/www.accord-langues.com\/more-about-accord-language-school\/"},"modified":"2025-12-20T09:19:08","modified_gmt":"2025-12-20T09:19:08","slug":"mas-informacion-escuela-idiomas-accord","status":"publish","type":"page","link":"https:\/\/www.accord-langues.com\/es\/mas-informacion-escuela-idiomas-accord\/","title":{"rendered":"\u00bfPor qu\u00e9 elegir la escuela de idiomas ACCORD?"},"content":{"rendered":"<div class=\"wpb-content-wrapper\"><p>[vc_row full_width=\u00bbstretch_row\u00bb content_placement=\u00bbmiddle\u00bb css=\u00bb.vc_custom_1481558247212{background-image: url(https:\/\/www.accord-langues.com\/wp-content\/uploads\/2016\/06\/18.jpg?id=52) !important;background-position: center !important;background-repeat: no-repeat !important;background-size: cover !important;}\u00bb el_class=\u00bbheader-image bg-top-center\u00bb][vc_column width=\u00bb5\/6&#8243; offset=\u00bbvc_col-sm-offset-1&#8243;][vc_column_text]<\/p>\n<h1 style=\"text-align: center;\">M\u00e1s informaci\u00f3n sobre ACCORD Paris<\/h1>\n<p style=\"text-align: center;\"><strong>Escuela de idiomas ACCORD en\u00a0Par\u00eds<\/strong><\/p>\n<p style=\"text-align: center;\"><strong>Escuela de franc\u00e9s ACCORD en Par\u00eds, Francia<\/strong><\/p>\n<p>[\/vc_column_text][\/vc_column][\/vc_row][vc_row][vc_column][vc_column_text]<\/p>\n<h2 style=\"text-align: center;\"><span style=\"color: #ff6600;\">\u00bfPor qu\u00e9 elegir la escuela de idiomas ACCORD?<\/span><\/h2>\n<p>[\/vc_column_text][vc_separator color=\u00bbcustom\u00bb accent_color=\u00bb#dadada\u00bb][vc_row_inner][vc_column_inner width=\u00bb1\/2&#8243;][vc_column_text]<\/p>\n<ul class=\"ticks\">\n<li>1988-2018: <strong>30 a\u00f1os de experiencia<\/strong> en la ense\u00f1anza del franc\u00e9s como lengua extranjera<\/li>\n<li>La escuela de idiomas ACCORD est\u00e1 <strong>registrada como instituto privado de educaci\u00f3n superior<\/strong> (n.\u00ba 588 Acad\u00e9mie de Paris (Ministerio de educaci\u00f3n superior), <strong>acreditada por el organismo oficial Qualit\u00e9 FLE<\/strong>\u00a0y es <strong>miembro de CAMPUS FRANCE<\/strong> y <strong>Souffle<\/strong> (organizaci\u00f3n profesional de centros de formaci\u00f3n de franc\u00e9s como lengua extranjera).<\/li>\n<li><strong><a href=\"https:\/\/www.accord-langues.com\/es\/cursos-de-frances-para-adultos\/\" target=\"_blank\" rel=\"noopener noreferrer\">Una amplia selecci\u00f3n de cursos<\/a> disponible para todas las edades, a precios que se adaptan a su presupuesto.<\/strong><\/li>\n<li><span style=\"color: #ff6600;\"><strong>Sin cargos ocultos:<\/strong><\/span> Cuando se inscribe en un curso de la escuela ACCORD, no hay <strong>gastos de inscripci\u00f3n ni material did\u00e1ctico\/libros que comprar.<\/strong> Todo est\u00e1 incluido en el precio del curso, incluida la prueba de nivel a la llegada, el material did\u00e1ctico y el certificado de fin de curso.<\/li>\n<li><strong>Ubicaci\u00f3n fant\u00e1stica!<\/strong><\/li>\n<li><strong>Excelentes instalaciones!<\/strong><\/li>\n<li><img decoding=\"async\" class=\"size-full wp-image-1144 alignright\" src=\"https:\/\/www.accord-langues.com\/wp-content\/uploads\/2016\/12\/wifi-en-bleu.jpg\" alt=\"\" width=\"30\" height=\"30\" \/><b>Wi-fi gratuito en toda la escuela.<\/b><\/li>\n<li><img decoding=\"async\" class=\"alignright size-full wp-image-1143\" src=\"https:\/\/www.accord-langues.com\/wp-content\/uploads\/2016\/12\/handicap-en-bleu.jpg\" alt=\"\" width=\"30\" height=\"30\" \/>La escuela de idiomas <strong>atiende a estudiantes con discapacidades.<\/strong><\/li>\n<li><strong>Profesores amables y con experiencia:<\/strong> los profesores de ACCORD Paris son todos licenciados universitarios, con experiencia en la ense\u00f1anza del franc\u00e9s como lengua extranjera. Tambi\u00e9n desarrollan y actualizan nuestro propio material did\u00e1ctico.<\/li>\n<\/ul>\n<p>[\/vc_column_text][\/vc_column_inner][vc_column_inner width=\u00bb1\/2&#8243;][vc_column_text]<\/p>\n<ul class=\"ticks\">\n<li><strong>Personal administrativo profesional<\/strong> dedicado a organizar las inscripciones, el alojamiento, los traslados y a asegurar que los estudiantes disfruten de una estancia agradable en la escuela de idiomas ACCORD. <strong>Si se pone en contacto con nosotros, nuestro objetivo es responderle en un plazo de 24 horas<\/strong> y darle toda la informaci\u00f3n que necesite. Le asesoramos y guiamos en cada paso del camino desde la fase de consulta hasta el momento en que est\u00e1 listo para registrarse.<\/li>\n<li><strong>Gran mezcla de nacionalidades:<\/strong> ninguna nacionalidad supera el 12 %. Damos la bienvenida a estudiantes de m\u00e1s de 40 pa\u00edses diferentes en nuestras escuelas ACCORD en Par\u00eds.<\/li>\n<li><strong>Flexibilidad:<\/strong> la escuela de idiomas ACCORD ofrece <a href=\"https:\/\/www.accord-langues.com\/es\/cursos-de-frances-para-adultos\/\" target=\"_blank\" rel=\"noopener noreferrer\">una amplia selecci\u00f3n de cursos<\/a> y programas con fechas y duraciones flexibles. Estamos siempre a su disposici\u00f3n para aconsejarle durante su estancia en ACCORD, para que elija las clases que mejor se adapten a sus necesidades.<\/li>\n<li>ACCORD Paris es <a href=\"https:\/\/examensparis.fr\/\" target=\"_blank\" rel=\"noopener\"><strong>centro examinador oficial<\/strong><\/a> para TCF, TCF NF, TCF SO, TEF y TEF Canada.<\/li>\n<li><strong>Cr\u00e9ditos universitarios:<\/strong> Los estudiantes matriculados en universidades americanas tambi\u00e9n pueden obtener cr\u00e9ditos y beneficiarse de descuentos.<\/li>\n<li>ACCORD Paris tambi\u00e9n est\u00e1 acreditada por el <a href=\"https:\/\/www.accord-langues.com\/es\/acreditaciones-de-la-escuela-de-frances-accord\/\" target=\"_blank\" rel=\"noopener noreferrer\"><strong>CSN<\/strong><\/a> en los pa\u00edses del norte de Europa, as\u00ed como por el <strong>Bildungsurlaub<\/strong> en varias regiones alemanas.<\/li>\n<\/ul>\n<p>[\/vc_column_text][\/vc_column_inner][\/vc_row_inner][vc_column_text]<\/p>\n<h3 style=\"text-align: center;\"><span style=\"color: #000000;\">Con ACCORD, no se trata solo de estudiar franc\u00e9s,<br \/>\n<\/span><span style=\"color: #000000;\">\u00a1es una experiencia de vida!<\/span><\/h3>\n<p>[\/vc_column_text][\/vc_column][\/vc_row][vc_row full_width=\u00bbstretch_row\u00bb css=\u00bb.vc_custom_1509367896379{padding-bottom: 20px !important;background-color: #f9f9f9 !important;}\u00bb][vc_column][vc_column_text]<\/p>\n<h3 style=\"text-align: center;\"><span style=\"color: #ff6600;\">\u00bfPor qu\u00e9 estudiar en la escuela de idiomas ACCORD en Par\u00eds?<\/span><\/h3>\n<p>[\/vc_column_text][vc_separator color=\u00bbcustom\u00bb accent_color=\u00bb#dadada\u00bb][vc_column_text]Si realmente quiere aprender franc\u00e9s, la escuela de idiomas ACCORD es el mejor lugar para mejorar sus habilidades ling\u00fc\u00edsticas, adem\u00e1s de <strong>experimentar el estilo de vida parisino y explorar la capital francesa.<\/strong><\/p>\n<p>Las numerosas instituciones oficiales que acreditan a la escuela de idiomas ACCORD han confirmado la reputaci\u00f3n de la escuela por la excelencia de los servicios prestados.[\/vc_column_text][\/vc_column][\/vc_row]<\/p>\n<\/div>","protected":false},"excerpt":{"rendered":"<p>[vc_row full_width=\u00bbstretch_row\u00bb content_placement=\u00bbmiddle\u00bb css=\u00bb.vc_custom_1481558247212{background-image: url(https:\/\/www.accord-langues.com\/wp-content\/uploads\/2016\/06\/18.jpg?id=52) !important;background-position: center !important;background-repeat: no-repeat !important;background-size: cover !important;}\u00bb el_class=\u00bbheader-image bg-top-center\u00bb][vc_column width=\u00bb5\/6&#8243; offset=\u00bbvc_col-sm-offset-1&#8243;][vc_column_text] M\u00e1s informaci\u00f3n sobre ACCORD Paris Escuela de idiomas ACCORD en\u00a0Par\u00eds Escuela de franc\u00e9s ACCORD en Par\u00eds, Francia [\/vc_column_text][\/vc_column][\/vc_row][vc_row][vc_column][vc_column_text] \u00bfPor qu\u00e9 elegir la escuela de idiomas ACCORD? [\/vc_column_text][vc_separator color=\u00bbcustom\u00bb accent_color=\u00bb#dadada\u00bb][vc_row_inner][vc_column_inner width=\u00bb1\/2&#8243;][vc_column_text] 1988-2018: 30 a\u00f1os de experiencia en la ense\u00f1anza del [&hellip;]<\/p>\n","protected":false},"author":10,"featured_media":0,"parent":0,"menu_order":0,"comment_status":"closed","ping_status":"closed","template":"","meta":{"_acf_changed":false,"footnotes":""},"class_list":["post-5634","page","type-page","status-publish","hentry"],"acf":[],"yoast_head":"<!-- This site is optimized with the Yoast SEO Premium plugin v27.5 (Yoast SEO v27.5) - https:\/\/yoast.com\/product\/yoast-seo-premium-wordpress\/ -->\n<title>\u00bfPor qu\u00e9 elegir la escuela de idiomas ACCORD? - Accord Paris<\/title>\n<meta name=\"description\" content=\"La escuela de idiomas ACCORD es el mejor lugar para mejorar sus habilidades ling\u00fc\u00edsticas y experimentar el estilo de vida de Par\u00eds.\" \/>\n<meta name=\"robots\" content=\"index, follow, max-snippet:-1, max-image-preview:large, max-video-preview:-1\" \/>\n<link rel=\"canonical\" href=\"https:\/\/www.accord-langues.com\/es\/mas-informacion-escuela-idiomas-accord\/\" \/>\n<meta property=\"og:locale\" content=\"es_ES\" \/>\n<meta property=\"og:type\" content=\"article\" \/>\n<meta property=\"og:title\" content=\"\u00bfPor qu\u00e9 elegir la escuela de idiomas ACCORD?\" \/>\n<meta property=\"og:description\" content=\"La escuela de idiomas ACCORD es el mejor lugar para mejorar sus habilidades ling\u00fc\u00edsticas y experimentar el estilo de vida de Par\u00eds.\" \/>\n<meta property=\"og:url\" content=\"https:\/\/www.accord-langues.com\/es\/mas-informacion-escuela-idiomas-accord\/\" \/>\n<meta property=\"og:site_name\" content=\"Accord Paris\" \/>\n<meta property=\"article:publisher\" content=\"https:\/\/www.facebook.com\/accordecoledelangues\" \/>\n<meta property=\"article:modified_time\" content=\"2025-12-20T09:19:08+00:00\" \/>\n<meta property=\"og:image\" content=\"https:\/\/www.accord-langues.com\/wp-content\/uploads\/2016\/12\/wifi-en-bleu.jpg\" \/>\n\t<meta property=\"og:image:width\" content=\"70\" \/>\n\t<meta property=\"og:image:height\" content=\"71\" \/>\n\t<meta property=\"og:image:type\" content=\"image\/jpeg\" \/>\n<meta name=\"twitter:card\" content=\"summary_large_image\" \/>\n<meta name=\"twitter:label1\" content=\"Tiempo de lectura\" \/>\n\t<meta name=\"twitter:data1\" content=\"3 minutos\" \/>\n<script type=\"application\/ld+json\" class=\"yoast-schema-graph\">{\"@context\":\"https:\\\/\\\/schema.org\",\"@graph\":[{\"@type\":\"WebPage\",\"@id\":\"https:\\\/\\\/www.accord-langues.com\\\/es\\\/mas-informacion-escuela-idiomas-accord\\\/\",\"url\":\"https:\\\/\\\/www.accord-langues.com\\\/es\\\/mas-informacion-escuela-idiomas-accord\\\/\",\"name\":\"\u00bfPor qu\u00e9 elegir la escuela de idiomas ACCORD? - Accord Paris\",\"isPartOf\":{\"@id\":\"https:\\\/\\\/www.accord-langues.com\\\/es\\\/#website\"},\"primaryImageOfPage\":{\"@id\":\"https:\\\/\\\/www.accord-langues.com\\\/es\\\/mas-informacion-escuela-idiomas-accord\\\/#primaryimage\"},\"image\":{\"@id\":\"https:\\\/\\\/www.accord-langues.com\\\/es\\\/mas-informacion-escuela-idiomas-accord\\\/#primaryimage\"},\"thumbnailUrl\":\"https:\\\/\\\/www.accord-langues.com\\\/wp-content\\\/uploads\\\/2016\\\/12\\\/wifi-en-bleu.jpg\",\"datePublished\":\"2016-12-12T16:18:30+00:00\",\"dateModified\":\"2025-12-20T09:19:08+00:00\",\"description\":\"La escuela de idiomas ACCORD es el mejor lugar para mejorar sus habilidades ling\u00fc\u00edsticas y experimentar el estilo de vida de Par\u00eds.\",\"inLanguage\":\"es\",\"potentialAction\":[{\"@type\":\"ReadAction\",\"target\":[\"https:\\\/\\\/www.accord-langues.com\\\/es\\\/mas-informacion-escuela-idiomas-accord\\\/\"]}]},{\"@type\":\"ImageObject\",\"inLanguage\":\"es\",\"@id\":\"https:\\\/\\\/www.accord-langues.com\\\/es\\\/mas-informacion-escuela-idiomas-accord\\\/#primaryimage\",\"url\":\"https:\\\/\\\/www.accord-langues.com\\\/wp-content\\\/uploads\\\/2016\\\/12\\\/wifi-en-bleu.jpg\",\"contentUrl\":\"https:\\\/\\\/www.accord-langues.com\\\/wp-content\\\/uploads\\\/2016\\\/12\\\/wifi-en-bleu.jpg\"},{\"@type\":\"WebSite\",\"@id\":\"https:\\\/\\\/www.accord-langues.com\\\/es\\\/#website\",\"url\":\"https:\\\/\\\/www.accord-langues.com\\\/es\\\/\",\"name\":\"Accord Paris\",\"description\":\"Learn French in France\",\"publisher\":{\"@id\":\"https:\\\/\\\/www.accord-langues.com\\\/es\\\/#organization\"},\"potentialAction\":[{\"@type\":\"SearchAction\",\"target\":{\"@type\":\"EntryPoint\",\"urlTemplate\":\"https:\\\/\\\/www.accord-langues.com\\\/es\\\/?s={search_term_string}\"},\"query-input\":{\"@type\":\"PropertyValueSpecification\",\"valueRequired\":true,\"valueName\":\"search_term_string\"}}],\"inLanguage\":\"es\"},{\"@type\":\"Organization\",\"@id\":\"https:\\\/\\\/www.accord-langues.com\\\/es\\\/#organization\",\"name\":\"ACCORD Tour Eiffel\",\"alternateName\":\"Learn French in Paris\",\"url\":\"https:\\\/\\\/www.accord-langues.com\\\/es\\\/\",\"logo\":{\"@type\":\"ImageObject\",\"inLanguage\":\"es\",\"@id\":\"https:\\\/\\\/www.accord-langues.com\\\/es\\\/#\\\/schema\\\/logo\\\/image\\\/\",\"url\":\"https:\\\/\\\/www.accord-langues.com\\\/wp-content\\\/uploads\\\/2016\\\/06\\\/Logo.png\",\"contentUrl\":\"https:\\\/\\\/www.accord-langues.com\\\/wp-content\\\/uploads\\\/2016\\\/06\\\/Logo.png\",\"width\":290,\"height\":70,\"caption\":\"ACCORD Tour Eiffel\"},\"image\":{\"@id\":\"https:\\\/\\\/www.accord-langues.com\\\/es\\\/#\\\/schema\\\/logo\\\/image\\\/\"},\"sameAs\":[\"https:\\\/\\\/www.facebook.com\\\/accordecoledelangues\",\"https:\\\/\\\/www.linkedin.com\\\/groups\\\/4542133\\\/\"],\"description\":\"ACCORD French Language School is one of the leading schools in France for teaching French to foreign students and offering high quality French language courses in Paris. The ACCORD language school is located in the heart of Paris, nearby the Eiffel Tower. The ACCORD school is open all year round and welcomes students from all over the world from the age of 16 in its French language courses. ACCORD school is accredited by the official \u201cQualit\u00e9 FLE\u201d label and is member of CAMPUS FRANCE, SOUFFLE and Atout France. ACCORD is official exam center for the TCF IRN, TCF TP, TCF Qu\u00e9bec and TCF Canada.\",\"email\":\"info@accord-langues.com\",\"telephone\":\"+33155335233\",\"legalName\":\"FORUM ACCORD\",\"foundingDate\":\"1990-02-23\",\"numberOfEmployees\":{\"@type\":\"QuantitativeValue\",\"minValue\":\"11\",\"maxValue\":\"50\"}}]}<\/script>\n<!-- \/ Yoast SEO Premium plugin. -->","yoast_head_json":{"title":"\u00bfPor qu\u00e9 elegir la escuela de idiomas ACCORD? - Accord Paris","description":"La escuela de idiomas ACCORD es el mejor lugar para mejorar sus habilidades ling\u00fc\u00edsticas y experimentar el estilo de vida de Par\u00eds.","robots":{"index":"index","follow":"follow","max-snippet":"max-snippet:-1","max-image-preview":"max-image-preview:large","max-video-preview":"max-video-preview:-1"},"canonical":"https:\/\/www.accord-langues.com\/es\/mas-informacion-escuela-idiomas-accord\/","og_locale":"es_ES","og_type":"article","og_title":"\u00bfPor qu\u00e9 elegir la escuela de idiomas ACCORD?","og_description":"La escuela de idiomas ACCORD es el mejor lugar para mejorar sus habilidades ling\u00fc\u00edsticas y experimentar el estilo de vida de Par\u00eds.","og_url":"https:\/\/www.accord-langues.com\/es\/mas-informacion-escuela-idiomas-accord\/","og_site_name":"Accord Paris","article_publisher":"https:\/\/www.facebook.com\/accordecoledelangues","article_modified_time":"2025-12-20T09:19:08+00:00","og_image":[{"width":70,"height":71,"url":"https:\/\/www.accord-langues.com\/wp-content\/uploads\/2016\/12\/wifi-en-bleu.jpg","type":"image\/jpeg"}],"twitter_card":"summary_large_image","twitter_misc":{"Tiempo de lectura":"3 minutos"},"schema":{"@context":"https:\/\/schema.org","@graph":[{"@type":"WebPage","@id":"https:\/\/www.accord-langues.com\/es\/mas-informacion-escuela-idiomas-accord\/","url":"https:\/\/www.accord-langues.com\/es\/mas-informacion-escuela-idiomas-accord\/","name":"\u00bfPor qu\u00e9 elegir la escuela de idiomas ACCORD? - Accord Paris","isPartOf":{"@id":"https:\/\/www.accord-langues.com\/es\/#website"},"primaryImageOfPage":{"@id":"https:\/\/www.accord-langues.com\/es\/mas-informacion-escuela-idiomas-accord\/#primaryimage"},"image":{"@id":"https:\/\/www.accord-langues.com\/es\/mas-informacion-escuela-idiomas-accord\/#primaryimage"},"thumbnailUrl":"https:\/\/www.accord-langues.com\/wp-content\/uploads\/2016\/12\/wifi-en-bleu.jpg","datePublished":"2016-12-12T16:18:30+00:00","dateModified":"2025-12-20T09:19:08+00:00","description":"La escuela de idiomas ACCORD es el mejor lugar para mejorar sus habilidades ling\u00fc\u00edsticas y experimentar el estilo de vida de Par\u00eds.","inLanguage":"es","potentialAction":[{"@type":"ReadAction","target":["https:\/\/www.accord-langues.com\/es\/mas-informacion-escuela-idiomas-accord\/"]}]},{"@type":"ImageObject","inLanguage":"es","@id":"https:\/\/www.accord-langues.com\/es\/mas-informacion-escuela-idiomas-accord\/#primaryimage","url":"https:\/\/www.accord-langues.com\/wp-content\/uploads\/2016\/12\/wifi-en-bleu.jpg","contentUrl":"https:\/\/www.accord-langues.com\/wp-content\/uploads\/2016\/12\/wifi-en-bleu.jpg"},{"@type":"WebSite","@id":"https:\/\/www.accord-langues.com\/es\/#website","url":"https:\/\/www.accord-langues.com\/es\/","name":"Accord Paris","description":"Learn French in France","publisher":{"@id":"https:\/\/www.accord-langues.com\/es\/#organization"},"potentialAction":[{"@type":"SearchAction","target":{"@type":"EntryPoint","urlTemplate":"https:\/\/www.accord-langues.com\/es\/?s={search_term_string}"},"query-input":{"@type":"PropertyValueSpecification","valueRequired":true,"valueName":"search_term_string"}}],"inLanguage":"es"},{"@type":"Organization","@id":"https:\/\/www.accord-langues.com\/es\/#organization","name":"ACCORD Tour Eiffel","alternateName":"Learn French in Paris","url":"https:\/\/www.accord-langues.com\/es\/","logo":{"@type":"ImageObject","inLanguage":"es","@id":"https:\/\/www.accord-langues.com\/es\/#\/schema\/logo\/image\/","url":"https:\/\/www.accord-langues.com\/wp-content\/uploads\/2016\/06\/Logo.png","contentUrl":"https:\/\/www.accord-langues.com\/wp-content\/uploads\/2016\/06\/Logo.png","width":290,"height":70,"caption":"ACCORD Tour Eiffel"},"image":{"@id":"https:\/\/www.accord-langues.com\/es\/#\/schema\/logo\/image\/"},"sameAs":["https:\/\/www.facebook.com\/accordecoledelangues","https:\/\/www.linkedin.com\/groups\/4542133\/"],"description":"ACCORD French Language School is one of the leading schools in France for teaching French to foreign students and offering high quality French language courses in Paris. The ACCORD language school is located in the heart of Paris, nearby the Eiffel Tower. The ACCORD school is open all year round and welcomes students from all over the world from the age of 16 in its French language courses. ACCORD school is accredited by the official \u201cQualit\u00e9 FLE\u201d label and is member of CAMPUS FRANCE, SOUFFLE and Atout France. ACCORD is official exam center for the TCF IRN, TCF TP, TCF Qu\u00e9bec and TCF Canada.","email":"info@accord-langues.com","telephone":"+33155335233","legalName":"FORUM ACCORD","foundingDate":"1990-02-23","numberOfEmployees":{"@type":"QuantitativeValue","minValue":"11","maxValue":"50"}}]}},"_links":{"self":[{"href":"https:\/\/www.accord-langues.com\/es\/wp-json\/wp\/v2\/pages\/5634","targetHints":{"allow":["GET"]}}],"collection":[{"href":"https:\/\/www.accord-langues.com\/es\/wp-json\/wp\/v2\/pages"}],"about":[{"href":"https:\/\/www.accord-langues.com\/es\/wp-json\/wp\/v2\/types\/page"}],"author":[{"embeddable":true,"href":"https:\/\/www.accord-langues.com\/es\/wp-json\/wp\/v2\/users\/10"}],"replies":[{"embeddable":true,"href":"https:\/\/www.accord-langues.com\/es\/wp-json\/wp\/v2\/comments?post=5634"}],"version-history":[{"count":1,"href":"https:\/\/www.accord-langues.com\/es\/wp-json\/wp\/v2\/pages\/5634\/revisions"}],"predecessor-version":[{"id":25826,"href":"https:\/\/www.accord-langues.com\/es\/wp-json\/wp\/v2\/pages\/5634\/revisions\/25826"}],"wp:attachment":[{"href":"https:\/\/www.accord-langues.com\/es\/wp-json\/wp\/v2\/media?parent=5634"}],"curies":[{"name":"wp","href":"https:\/\/api.w.org\/{rel}","templated":true}]}}