{"id":5632,"date":"2017-10-30T11:14:27","date_gmt":"2017-10-30T11:14:27","guid":{"rendered":"https:\/\/www.accord-langues.com\/french-school-accreditations\/"},"modified":"2025-12-20T09:20:41","modified_gmt":"2025-12-20T09:20:41","slug":"acreditaciones-de-la-escuela-de-frances-accord","status":"publish","type":"page","link":"https:\/\/www.accord-langues.com\/es\/acreditaciones-de-la-escuela-de-frances-accord\/","title":{"rendered":"Acreditaciones de la escuela de franc\u00e9s ACCORD"},"content":{"rendered":"<div class=\"wpb-content-wrapper\"><p>[vc_row full_width=\u00bbstretch_row\u00bb content_placement=\u00bbmiddle\u00bb css=\u00bb.vc_custom_1509009556865{background-image: url(https:\/\/www.accord-langues.com\/wp-content\/uploads\/2016\/10\/adult-course.jpg?id=348) !important;background-position: center !important;background-repeat: no-repeat !important;background-size: cover !important;}\u00bb el_class=\u00bbheader-image\u00bb][vc_column width=\u00bb2\/3&#8243; offset=\u00bbvc_col-sm-offset-2&#8243;][vc_column_text]<\/p>\n<h1 style=\"text-align: center; margin-bottom: 0px;\">Acreditaciones de la escuela de franc\u00e9s ACCORD<\/h1>\n<p>[\/vc_column_text][\/vc_column][\/vc_row][vc_row][vc_column][vc_column_text css=\u00bb\u00bb]<\/p>\n<h2 style=\"text-align: center; margin-bottom: 0px;\">Credenciales y\u00a0Acreditaciones de la escuela de franc\u00e9s ACCORD<\/h2>\n<p>[\/vc_column_text][vc_column_text]<\/p>\n<p style=\"text-align: center;\">Las acreditaciones de escuelas de franc\u00e9s permiten a los estudiantes identificar, reconocer y seleccionar las escuelas de franc\u00e9s que ofrecen cursos y servicios que se ajustan a sus expectativas.\u00a0Acreditaciones de la escuela de franc\u00e9s ACCORD:<\/p>\n<p>[\/vc_column_text][vc_separator][\/vc_column][\/vc_row][vc_row full_width=\u00bbstretch_row\u00bb css=\u00bb.vc_custom_1524566371249{padding-bottom: 40px !important;}\u00bb][vc_column][vc_row_inner][vc_column_inner width=\u00bb1\/6&#8243;][vc_single_image image=\u00bb9708&#8243; img_size=\u00bb130&#215;187&#8243; onclick=\u00bbcustom_link\u00bb img_link_target=\u00bb_blank\u00bb link=\u00bbhttp:\/\/www.qualitefle.fr\/en\u00bb][\/vc_column_inner][vc_column_inner width=\u00bb5\/6&#8243;][vc_column_text]<\/p>\n<h3>Etiqueta \u00abQualit\u00e9 FLE\u00bb<\/h3>\n<p>Una de las principales acreditaciones oficiales de las escuelas de franc\u00e9s es la Qualit\u00e9 FLE. En 2007, ACCORD Paris fue una de las primeras escuelas de Francia en recibir la Qualit\u00e9 FLE, la acreditaci\u00f3n oficial francesa que garantiza la calidad de la ense\u00f1anza, de las instalaciones y de los servicios prestados (administraci\u00f3n, inscripci\u00f3n, alojamiento, etc.) de una escuela situada en Francia y dedicada a la ense\u00f1anza del franc\u00e9s como lengua extranjera.[\/vc_column_text][\/vc_column_inner][\/vc_row_inner][vc_separator][vc_row_inner][vc_column_inner width=\u00bb1\/6&#8243;][vc_single_image image=\u00bb3364&#8243; img_size=\u00bbfull\u00bb onclick=\u00bbcustom_link\u00bb img_link_target=\u00bb_blank\u00bb link=\u00bbhttps:\/\/www.accord-langues.com\/\u00bb][\/vc_column_inner][vc_column_inner width=\u00bb5\/6&#8243;][vc_column_text]<\/p>\n<h3>Instituto privado de educaci\u00f3n superior<\/h3>\n<p>En primer lugar, ACCORD Paris est\u00e1 registrada como un instituto privado de educaci\u00f3n superior (n.\u00ba 588) en la Acad\u00e9mie de Paris (Ministerio de educaci\u00f3n superior). Al igual que las acreditaciones de las escuelas de franc\u00e9s, el registro de nuestra escuela de franc\u00e9s como instituto privado de ense\u00f1anza superior es otra garant\u00eda de la calidad de ACCORD Paris.[\/vc_column_text][\/vc_column_inner][\/vc_row_inner][vc_separator][vc_row_inner][vc_column_inner width=\u00bb1\/6&#8243;][vc_single_image image=\u00bb3189&#8243; img_size=\u00bbfull\u00bb onclick=\u00bbcustom_link\u00bb img_link_target=\u00bb_blank\u00bb link=\u00bbhttps:\/\/www.campusfrance.org\/en\u00bb][\/vc_column_inner][vc_column_inner width=\u00bb5\/6&#8243;][vc_column_text]<\/p>\n<h3>Campus France<\/h3>\n<p>ACCORD Paris es miembro de CAMPUS FRANCE.<br \/>\nCAMPUS FRANCE es un organismo oficial (creado por el Estado franc\u00e9s, Ley n.\u00ba 2010-873 del 27 de julio de 2010) que tiene como objetivo informar del sistema franc\u00e9s de ense\u00f1anza superior en el extranjero, promoverlo y darlo a conocer. Al igual que las otras acreditaciones de las escuelas de franc\u00e9s, la pertenencia a CAMPUS FRANCE es una garant\u00eda m\u00e1s de la calidad de la escuela de idiomas ACCORD Paris.[\/vc_column_text][\/vc_column_inner][\/vc_row_inner][vc_separator][vc_row_inner][vc_column_inner width=\u00bb1\/6&#8243;][vc_single_image image=\u00bb3334&#8243; img_size=\u00bbfull\u00bb onclick=\u00bbcustom_link\u00bb img_link_target=\u00bb_blank\u00bb link=\u00bbhttp:\/\/www.souffle.asso.fr\/\u00bb][\/vc_column_inner][vc_column_inner width=\u00bb5\/6&#8243;][vc_column_text css=\u00bb\u00bb]<\/p>\n<h3><a href=\"https:\/\/souffle-fle.com\/\" target=\"_blank\" rel=\"noopener\">SOUFFLE.FLE<\/a><\/h3>\n<p>Adem\u00e1s, ACCORD Paris es miembro de SOUFFLE, una asociaci\u00f3n profesional de <a href=\"https:\/\/souffle-fle.com\/\" target=\"_blank\" rel=\"noopener\">escuelas de idiomas de calidad<\/a> que ense\u00f1an franc\u00e9s como lengua extranjera. Las escuelas de franc\u00e9s SOUFFLE est\u00e1n comprometidas con mantener la alta calidad de sus cursos y servicios. Por esta raz\u00f3n, todas las escuelas de FLE de SOUFFLE situadas en Francia disponen tambi\u00e9n de las acreditaciones de escuelas de franc\u00e9s requeridas.[\/vc_column_text][\/vc_column_inner][\/vc_row_inner][vc_separator][vc_row_inner][vc_column_inner width=\u00bb1\/6&#8243;][vc_single_image image=\u00bb3529&#8243; img_size=\u00bbfull\u00bb onclick=\u00bbcustom_link\u00bb img_link_target=\u00bb_blank\u00bb css=\u00bb.vc_custom_1532335020762{margin-top: 20px !important;}\u00bb link=\u00bbhttp:\/\/www.bildungsurlaub.de\/home.html\u00bb][\/vc_column_inner][vc_column_inner width=\u00bb5\/6&#8243;][vc_column_text]<\/p>\n<h3>Bildungsurlaub<\/h3>\n<p>Bildungsurlaub es un permiso de estudios subvencionado para el desarrollo personal y la formaci\u00f3n, controlado por los Estados federados alemanes. ACCORD Paris es una de las escuelas de franc\u00e9s aprobadas que los empleados alemanes pueden elegir para su formaci\u00f3n ling\u00fc\u00edstica.<\/p>\n<p>Como consecuencia, la escuela de franc\u00e9s ACCORD es reconocida en los siguientes Estados federados alemanes: Berl\u00edn, Brandeburgo, Bremen, Hamburgo, Hesse, Mecklemburgo-Pomerania Occidental, Baja Sajonia, Renania-Palatinado&#8230;<br \/>\nTodas las acreditaciones se encuentran AQU\u00cd[\/vc_column_text][\/vc_column_inner][\/vc_row_inner][vc_separator][vc_row_inner][vc_column_inner width=\u00bb1\/6&#8243;][vc_single_image image=\u00bb3449&#8243; img_size=\u00bbfull\u00bb alignment=\u00bbcenter\u00bb onclick=\u00bbcustom_link\u00bb img_link_target=\u00bb_blank\u00bb link=\u00bbhttps:\/\/www.csn.se\/\u00bb][\/vc_column_inner][vc_column_inner width=\u00bb5\/6&#8243;][vc_column_text]<\/p>\n<h3>CSN<\/h3>\n<p>Los cursos de franc\u00e9s de ACCORD Paris est\u00e1n aprobados por el Consejo nacional de ayuda al estudiante de Suecia (<a href=\"https:\/\/www.csn.se\/\" target=\"_blank\" rel=\"noopener noreferrer\">CSN<\/a>). Por ello, los estudiantes suecos que deseen mejorar sus conocimientos de franc\u00e9s en ACCORD Paris pueden optar a la ayuda financiera de esta organizaci\u00f3n.[\/vc_column_text][\/vc_column_inner][\/vc_row_inner][vc_separator][vc_row_inner][vc_column_inner width=\u00bb1\/6&#8243;][vc_single_image image=\u00bb3344&#8243; img_size=\u00bbfull\u00bb onclick=\u00bbcustom_link\u00bb img_link_target=\u00bb_blank\u00bb link=\u00bbhttp:\/\/www.europarl.europa.eu\/portal\/en\u00bb][\/vc_column_inner][vc_column_inner width=\u00bb5\/6&#8243;][vc_column_text]<\/p>\n<h3>Parlamento Europeo<\/h3>\n<p>ACCORD Paris est\u00e1 reconocida por el PARLAMENTO EUROPEO como escuela de idiomas asociada por la ense\u00f1anza del franc\u00e9s como lengua extranjera a traductores, int\u00e9rpretes y miembros del Parlamento Europeo.[\/vc_column_text][\/vc_column_inner][\/vc_row_inner][vc_row_inner][vc_column_inner][vc_column_text]<strong>Gracias a las acreditaciones de escuela de franc\u00e9s obtenidas por ACCORD Paris, los estudiantes tienen la seguridad de saber que siguen un curso de franc\u00e9s de calidad en una escuela que tambi\u00e9n ofrece servicios de calidad que se ajustan a sus expectativas.<\/strong>[\/vc_column_text][\/vc_column_inner][\/vc_row_inner][\/vc_column][\/vc_row]<\/p>\n<\/div>","protected":false},"excerpt":{"rendered":"<p>[vc_row full_width=\u00bbstretch_row\u00bb content_placement=\u00bbmiddle\u00bb css=\u00bb.vc_custom_1509009556865{background-image: url(https:\/\/www.accord-langues.com\/wp-content\/uploads\/2016\/10\/adult-course.jpg?id=348) !important;background-position: center !important;background-repeat: no-repeat !important;background-size: cover !important;}\u00bb el_class=\u00bbheader-image\u00bb][vc_column width=\u00bb2\/3&#8243; offset=\u00bbvc_col-sm-offset-2&#8243;][vc_column_text] Acreditaciones de la escuela de franc\u00e9s ACCORD [\/vc_column_text][\/vc_column][\/vc_row][vc_row][vc_column][vc_column_text css=\u00bb\u00bb] Credenciales y\u00a0Acreditaciones de la escuela de franc\u00e9s ACCORD [\/vc_column_text][vc_column_text] Las acreditaciones de escuelas de franc\u00e9s permiten a los estudiantes identificar, reconocer y seleccionar las escuelas de franc\u00e9s que ofrecen cursos y [&hellip;]<\/p>\n","protected":false},"author":10,"featured_media":0,"parent":0,"menu_order":0,"comment_status":"closed","ping_status":"closed","template":"","meta":{"_acf_changed":false,"footnotes":""},"class_list":["post-5632","page","type-page","status-publish","hentry"],"acf":[],"yoast_head":"<!-- This site is optimized with the Yoast SEO Premium plugin v27.5 (Yoast SEO v27.5) - https:\/\/yoast.com\/product\/yoast-seo-premium-wordpress\/ -->\n<title>Acreditaciones de la escuela de franc\u00e9s ACCORD - Accord Paris<\/title>\n<meta name=\"description\" content=\"Acreditaciones de la escuela de franc\u00e9s ACCORD y credenciales obtenidas por la escuela de franc\u00e9s ACCORD, escuela de franc\u00e9s en Paris, en Francia.\" \/>\n<meta name=\"robots\" content=\"index, follow, max-snippet:-1, max-image-preview:large, max-video-preview:-1\" \/>\n<link rel=\"canonical\" href=\"https:\/\/www.accord-langues.com\/es\/acreditaciones-de-la-escuela-de-frances-accord\/\" \/>\n<meta property=\"og:locale\" content=\"es_ES\" \/>\n<meta property=\"og:type\" content=\"article\" \/>\n<meta property=\"og:title\" content=\"Acreditaciones de la escuela de franc\u00e9s ACCORD\" \/>\n<meta property=\"og:description\" content=\"Acreditaciones de la escuela de franc\u00e9s ACCORD y credenciales obtenidas por la escuela de franc\u00e9s ACCORD, escuela de franc\u00e9s en Paris, en Francia.\" \/>\n<meta property=\"og:url\" content=\"https:\/\/www.accord-langues.com\/es\/acreditaciones-de-la-escuela-de-frances-accord\/\" \/>\n<meta property=\"og:site_name\" content=\"Accord Paris\" \/>\n<meta property=\"article:publisher\" content=\"https:\/\/www.facebook.com\/accordecoledelangues\" \/>\n<meta property=\"article:modified_time\" content=\"2025-12-20T09:20:41+00:00\" \/>\n<meta property=\"og:image\" content=\"https:\/\/www.accord-langues.com\/wp-content\/uploads\/2024\/02\/ACCORD-French-Language-School-in-Paris-low-res.jpg\" \/>\n\t<meta property=\"og:image:width\" content=\"1200\" \/>\n\t<meta property=\"og:image:height\" content=\"867\" \/>\n\t<meta property=\"og:image:type\" content=\"image\/jpeg\" \/>\n<meta name=\"twitter:card\" content=\"summary_large_image\" \/>\n<meta name=\"twitter:label1\" content=\"Tiempo de lectura\" \/>\n\t<meta name=\"twitter:data1\" content=\"4 minutos\" \/>\n<script type=\"application\/ld+json\" class=\"yoast-schema-graph\">{\"@context\":\"https:\\\/\\\/schema.org\",\"@graph\":[{\"@type\":\"WebPage\",\"@id\":\"https:\\\/\\\/www.accord-langues.com\\\/es\\\/acreditaciones-de-la-escuela-de-frances-accord\\\/\",\"url\":\"https:\\\/\\\/www.accord-langues.com\\\/es\\\/acreditaciones-de-la-escuela-de-frances-accord\\\/\",\"name\":\"Acreditaciones de la escuela de franc\u00e9s ACCORD - Accord Paris\",\"isPartOf\":{\"@id\":\"https:\\\/\\\/www.accord-langues.com\\\/es\\\/#website\"},\"datePublished\":\"2017-10-30T11:14:27+00:00\",\"dateModified\":\"2025-12-20T09:20:41+00:00\",\"description\":\"Acreditaciones de la escuela de franc\u00e9s ACCORD y credenciales obtenidas por la escuela de franc\u00e9s ACCORD, escuela de franc\u00e9s en Paris, en Francia.\",\"inLanguage\":\"es\",\"potentialAction\":[{\"@type\":\"ReadAction\",\"target\":[\"https:\\\/\\\/www.accord-langues.com\\\/es\\\/acreditaciones-de-la-escuela-de-frances-accord\\\/\"]}]},{\"@type\":\"WebSite\",\"@id\":\"https:\\\/\\\/www.accord-langues.com\\\/es\\\/#website\",\"url\":\"https:\\\/\\\/www.accord-langues.com\\\/es\\\/\",\"name\":\"Accord Paris\",\"description\":\"Learn French in France\",\"publisher\":{\"@id\":\"https:\\\/\\\/www.accord-langues.com\\\/es\\\/#organization\"},\"potentialAction\":[{\"@type\":\"SearchAction\",\"target\":{\"@type\":\"EntryPoint\",\"urlTemplate\":\"https:\\\/\\\/www.accord-langues.com\\\/es\\\/?s={search_term_string}\"},\"query-input\":{\"@type\":\"PropertyValueSpecification\",\"valueRequired\":true,\"valueName\":\"search_term_string\"}}],\"inLanguage\":\"es\"},{\"@type\":\"Organization\",\"@id\":\"https:\\\/\\\/www.accord-langues.com\\\/es\\\/#organization\",\"name\":\"ACCORD Tour Eiffel\",\"alternateName\":\"Learn French in Paris\",\"url\":\"https:\\\/\\\/www.accord-langues.com\\\/es\\\/\",\"logo\":{\"@type\":\"ImageObject\",\"inLanguage\":\"es\",\"@id\":\"https:\\\/\\\/www.accord-langues.com\\\/es\\\/#\\\/schema\\\/logo\\\/image\\\/\",\"url\":\"https:\\\/\\\/www.accord-langues.com\\\/wp-content\\\/uploads\\\/2016\\\/06\\\/Logo.png\",\"contentUrl\":\"https:\\\/\\\/www.accord-langues.com\\\/wp-content\\\/uploads\\\/2016\\\/06\\\/Logo.png\",\"width\":290,\"height\":70,\"caption\":\"ACCORD Tour Eiffel\"},\"image\":{\"@id\":\"https:\\\/\\\/www.accord-langues.com\\\/es\\\/#\\\/schema\\\/logo\\\/image\\\/\"},\"sameAs\":[\"https:\\\/\\\/www.facebook.com\\\/accordecoledelangues\",\"https:\\\/\\\/www.linkedin.com\\\/groups\\\/4542133\\\/\"],\"description\":\"ACCORD French Language School is one of the leading schools in France for teaching French to foreign students and offering high quality French language courses in Paris. The ACCORD language school is located in the heart of Paris, nearby the Eiffel Tower. The ACCORD school is open all year round and welcomes students from all over the world from the age of 16 in its French language courses. ACCORD school is accredited by the official \u201cQualit\u00e9 FLE\u201d label and is member of CAMPUS FRANCE, SOUFFLE and Atout France. ACCORD is official exam center for the TCF IRN, TCF TP, TCF Qu\u00e9bec and TCF Canada.\",\"email\":\"info@accord-langues.com\",\"telephone\":\"+33155335233\",\"legalName\":\"FORUM ACCORD\",\"foundingDate\":\"1990-02-23\",\"numberOfEmployees\":{\"@type\":\"QuantitativeValue\",\"minValue\":\"11\",\"maxValue\":\"50\"}}]}<\/script>\n<!-- \/ Yoast SEO Premium plugin. -->","yoast_head_json":{"title":"Acreditaciones de la escuela de franc\u00e9s ACCORD - Accord Paris","description":"Acreditaciones de la escuela de franc\u00e9s ACCORD y credenciales obtenidas por la escuela de franc\u00e9s ACCORD, escuela de franc\u00e9s en Paris, en Francia.","robots":{"index":"index","follow":"follow","max-snippet":"max-snippet:-1","max-image-preview":"max-image-preview:large","max-video-preview":"max-video-preview:-1"},"canonical":"https:\/\/www.accord-langues.com\/es\/acreditaciones-de-la-escuela-de-frances-accord\/","og_locale":"es_ES","og_type":"article","og_title":"Acreditaciones de la escuela de franc\u00e9s ACCORD","og_description":"Acreditaciones de la escuela de franc\u00e9s ACCORD y credenciales obtenidas por la escuela de franc\u00e9s ACCORD, escuela de franc\u00e9s en Paris, en Francia.","og_url":"https:\/\/www.accord-langues.com\/es\/acreditaciones-de-la-escuela-de-frances-accord\/","og_site_name":"Accord Paris","article_publisher":"https:\/\/www.facebook.com\/accordecoledelangues","article_modified_time":"2025-12-20T09:20:41+00:00","og_image":[{"width":1200,"height":867,"url":"https:\/\/www.accord-langues.com\/wp-content\/uploads\/2024\/02\/ACCORD-French-Language-School-in-Paris-low-res.jpg","type":"image\/jpeg"}],"twitter_card":"summary_large_image","twitter_misc":{"Tiempo de lectura":"4 minutos"},"schema":{"@context":"https:\/\/schema.org","@graph":[{"@type":"WebPage","@id":"https:\/\/www.accord-langues.com\/es\/acreditaciones-de-la-escuela-de-frances-accord\/","url":"https:\/\/www.accord-langues.com\/es\/acreditaciones-de-la-escuela-de-frances-accord\/","name":"Acreditaciones de la escuela de franc\u00e9s ACCORD - Accord Paris","isPartOf":{"@id":"https:\/\/www.accord-langues.com\/es\/#website"},"datePublished":"2017-10-30T11:14:27+00:00","dateModified":"2025-12-20T09:20:41+00:00","description":"Acreditaciones de la escuela de franc\u00e9s ACCORD y credenciales obtenidas por la escuela de franc\u00e9s ACCORD, escuela de franc\u00e9s en Paris, en Francia.","inLanguage":"es","potentialAction":[{"@type":"ReadAction","target":["https:\/\/www.accord-langues.com\/es\/acreditaciones-de-la-escuela-de-frances-accord\/"]}]},{"@type":"WebSite","@id":"https:\/\/www.accord-langues.com\/es\/#website","url":"https:\/\/www.accord-langues.com\/es\/","name":"Accord Paris","description":"Learn French in France","publisher":{"@id":"https:\/\/www.accord-langues.com\/es\/#organization"},"potentialAction":[{"@type":"SearchAction","target":{"@type":"EntryPoint","urlTemplate":"https:\/\/www.accord-langues.com\/es\/?s={search_term_string}"},"query-input":{"@type":"PropertyValueSpecification","valueRequired":true,"valueName":"search_term_string"}}],"inLanguage":"es"},{"@type":"Organization","@id":"https:\/\/www.accord-langues.com\/es\/#organization","name":"ACCORD Tour Eiffel","alternateName":"Learn French in Paris","url":"https:\/\/www.accord-langues.com\/es\/","logo":{"@type":"ImageObject","inLanguage":"es","@id":"https:\/\/www.accord-langues.com\/es\/#\/schema\/logo\/image\/","url":"https:\/\/www.accord-langues.com\/wp-content\/uploads\/2016\/06\/Logo.png","contentUrl":"https:\/\/www.accord-langues.com\/wp-content\/uploads\/2016\/06\/Logo.png","width":290,"height":70,"caption":"ACCORD Tour Eiffel"},"image":{"@id":"https:\/\/www.accord-langues.com\/es\/#\/schema\/logo\/image\/"},"sameAs":["https:\/\/www.facebook.com\/accordecoledelangues","https:\/\/www.linkedin.com\/groups\/4542133\/"],"description":"ACCORD French Language School is one of the leading schools in France for teaching French to foreign students and offering high quality French language courses in Paris. The ACCORD language school is located in the heart of Paris, nearby the Eiffel Tower. The ACCORD school is open all year round and welcomes students from all over the world from the age of 16 in its French language courses. ACCORD school is accredited by the official \u201cQualit\u00e9 FLE\u201d label and is member of CAMPUS FRANCE, SOUFFLE and Atout France. ACCORD is official exam center for the TCF IRN, TCF TP, TCF Qu\u00e9bec and TCF Canada.","email":"info@accord-langues.com","telephone":"+33155335233","legalName":"FORUM ACCORD","foundingDate":"1990-02-23","numberOfEmployees":{"@type":"QuantitativeValue","minValue":"11","maxValue":"50"}}]}},"_links":{"self":[{"href":"https:\/\/www.accord-langues.com\/es\/wp-json\/wp\/v2\/pages\/5632","targetHints":{"allow":["GET"]}}],"collection":[{"href":"https:\/\/www.accord-langues.com\/es\/wp-json\/wp\/v2\/pages"}],"about":[{"href":"https:\/\/www.accord-langues.com\/es\/wp-json\/wp\/v2\/types\/page"}],"author":[{"embeddable":true,"href":"https:\/\/www.accord-langues.com\/es\/wp-json\/wp\/v2\/users\/10"}],"replies":[{"embeddable":true,"href":"https:\/\/www.accord-langues.com\/es\/wp-json\/wp\/v2\/comments?post=5632"}],"version-history":[{"count":2,"href":"https:\/\/www.accord-langues.com\/es\/wp-json\/wp\/v2\/pages\/5632\/revisions"}],"predecessor-version":[{"id":25894,"href":"https:\/\/www.accord-langues.com\/es\/wp-json\/wp\/v2\/pages\/5632\/revisions\/25894"}],"wp:attachment":[{"href":"https:\/\/www.accord-langues.com\/es\/wp-json\/wp\/v2\/media?parent=5632"}],"curies":[{"name":"wp","href":"https:\/\/api.w.org\/{rel}","templated":true}]}}