{"id":5610,"date":"2018-09-24T10:35:31","date_gmt":"2018-09-24T09:35:31","guid":{"rendered":"https:\/\/www.accord-langues.com\/thank-filling-prepare-stay-group-form\/"},"modified":"2021-12-06T09:52:54","modified_gmt":"2021-12-06T09:52:54","slug":"gracias-completar-prepare-estancia-grupo-formulario","status":"publish","type":"page","link":"https:\/\/www.accord-langues.com\/es\/gracias-completar-prepare-estancia-grupo-formulario\/","title":{"rendered":"Gracias por completar el formulario \u00abPrepare la estancia de su grupo\u00bb"},"content":{"rendered":"<div class=\"wpb-content-wrapper\"><p>[vc_row full_width=\u00bbstretch_row\u00bb content_placement=\u00bbmiddle\u00bb css=\u00bb.vc_custom_1509009556865{background-image: url(https:\/\/www.accord-langues.com\/wp-content\/uploads\/2016\/10\/adult-course.jpg?id=348) !important;background-position: center !important;background-repeat: no-repeat !important;background-size: cover !important;}\u00bb el_class=\u00bbheader-image\u00bb][vc_column width=\u00bb2\/3&#8243; offset=\u00bbvc_col-sm-offset-2&#8243;][vc_column_text]<\/p>\n<h1 style=\"text-align: center;\"><strong>Gracias por completar\u00a0<\/strong><strong>el formulario<br \/>\n\u00abPrepare la estancia de su grupo\u00bb<\/strong><\/h1>\n<h4 style=\"text-align: center;\"><strong>\u00a1Nos pondremos en contacto con usted muy pronto y esperamos poder dar la bienvenida a su grupo en ACCORD Par\u00eds!<\/strong><\/h4>\n<p>[\/vc_column_text][\/vc_column][\/vc_row][vc_row][vc_column][vc_column_text]Gracias por completar el formulario \u00abPrepare la estancia de su grupo\u00bb.<br \/>\n\u00a1Nos pondremos en contacto con usted muy pronto y esperamos poder dar la bienvenida a su grupo en ACCORD Par\u00eds!<\/p>\n<p><span style=\"color: #0000ff;\"><strong>Que a sus grupos y al grupo escolar en Par\u00eds no les quepa duda:<\/strong><\/span><br \/>\n<span style=\"color: #ff6600;\"><strong>\u00a1ACCORD Paris es la elecci\u00f3n perfecta!<\/strong><\/span><\/p>\n<p>\u00bfEst\u00e1 pensando en venir a Francia con su escuela?<br \/>\n\u00bfDesea enviar un grupo de estudiantes a Par\u00eds?<br \/>\n\u00a1Sea cual sea el tama\u00f1o de sus grupos y de sus grupos escolares en Par\u00eds, ACCORD tendr\u00e1 la soluci\u00f3n perfecta para usted!<\/p>\n<p><a href=\"https:\/\/www.accord-langues.com\/es\/contactar-con-accord-paris\/\" target=\"_blank\" rel=\"noopener\">Contactar con ACCORD Paris<\/a>![\/vc_column_text][\/vc_column][\/vc_row]<\/p>\n<\/div>","protected":false},"excerpt":{"rendered":"<p>[vc_row full_width=\u00bbstretch_row\u00bb content_placement=\u00bbmiddle\u00bb css=\u00bb.vc_custom_1509009556865{background-image: url(https:\/\/www.accord-langues.com\/wp-content\/uploads\/2016\/10\/adult-course.jpg?id=348) !important;background-position: center !important;background-repeat: no-repeat !important;background-size: cover !important;}\u00bb el_class=\u00bbheader-image\u00bb][vc_column width=\u00bb2\/3&#8243; offset=\u00bbvc_col-sm-offset-2&#8243;][vc_column_text] Gracias por completar\u00a0el formulario \u00abPrepare la estancia de su grupo\u00bb \u00a1Nos pondremos en contacto con usted muy pronto y esperamos poder dar la bienvenida a su grupo en ACCORD Par\u00eds! [\/vc_column_text][\/vc_column][\/vc_row][vc_row][vc_column][vc_column_text]Gracias por completar el formulario \u00abPrepare la estancia de su [&hellip;]<\/p>\n","protected":false},"author":10,"featured_media":0,"parent":0,"menu_order":0,"comment_status":"closed","ping_status":"closed","template":"","meta":{"_acf_changed":false,"footnotes":""},"class_list":["post-5610","page","type-page","status-publish","hentry"],"acf":[],"yoast_head":"<!-- This site is optimized with the Yoast SEO Premium plugin v27.5 (Yoast SEO v27.5) - https:\/\/yoast.com\/product\/yoast-seo-premium-wordpress\/ -->\n<title>Gracias por completar el formulario \u00abPrepare la estancia de su grupo\u00bb - Accord Paris<\/title>\n<meta name=\"description\" content=\"Gracias por completar el formulario &quot;Prepare la estancia de su grupo&quot; por grupos en Francia en Paris. Nos pondremos en contacto con usted muy pronto.\" \/>\n<meta name=\"robots\" content=\"index, follow, max-snippet:-1, max-image-preview:large, max-video-preview:-1\" \/>\n<link rel=\"canonical\" href=\"https:\/\/www.accord-langues.com\/es\/gracias-completar-prepare-estancia-grupo-formulario\/\" \/>\n<meta property=\"og:locale\" content=\"es_ES\" \/>\n<meta property=\"og:type\" content=\"article\" \/>\n<meta property=\"og:title\" content=\"Gracias por completar el formulario \u00abPrepare la estancia de su grupo\u00bb\" \/>\n<meta property=\"og:description\" content=\"Gracias por completar el formulario &quot;Prepare la estancia de su grupo&quot; por grupos en Francia en Paris. Nos pondremos en contacto con usted muy pronto.\" \/>\n<meta property=\"og:url\" content=\"https:\/\/www.accord-langues.com\/es\/gracias-completar-prepare-estancia-grupo-formulario\/\" \/>\n<meta property=\"og:site_name\" content=\"Accord Paris\" \/>\n<meta property=\"article:publisher\" content=\"https:\/\/www.facebook.com\/accordecoledelangues\" \/>\n<meta property=\"article:modified_time\" content=\"2021-12-06T09:52:54+00:00\" \/>\n<meta property=\"og:image\" content=\"https:\/\/www.accord-langues.com\/wp-content\/uploads\/2024\/02\/ACCORD-French-Language-School-in-Paris-low-res.jpg\" \/>\n\t<meta property=\"og:image:width\" content=\"1200\" \/>\n\t<meta property=\"og:image:height\" content=\"867\" \/>\n\t<meta property=\"og:image:type\" content=\"image\/jpeg\" \/>\n<meta name=\"twitter:card\" content=\"summary_large_image\" \/>\n<meta name=\"twitter:label1\" content=\"Tiempo de lectura\" \/>\n\t<meta name=\"twitter:data1\" content=\"1 minuto\" \/>\n<script type=\"application\/ld+json\" class=\"yoast-schema-graph\">{\"@context\":\"https:\\\/\\\/schema.org\",\"@graph\":[{\"@type\":\"WebPage\",\"@id\":\"https:\\\/\\\/www.accord-langues.com\\\/es\\\/gracias-completar-prepare-estancia-grupo-formulario\\\/\",\"url\":\"https:\\\/\\\/www.accord-langues.com\\\/es\\\/gracias-completar-prepare-estancia-grupo-formulario\\\/\",\"name\":\"Gracias por completar el formulario \u00abPrepare la estancia de su grupo\u00bb - Accord Paris\",\"isPartOf\":{\"@id\":\"https:\\\/\\\/www.accord-langues.com\\\/es\\\/#website\"},\"datePublished\":\"2018-09-24T09:35:31+00:00\",\"dateModified\":\"2021-12-06T09:52:54+00:00\",\"description\":\"Gracias por completar el formulario \\\"Prepare la estancia de su grupo\\\" por grupos en Francia en Paris. Nos pondremos en contacto con usted muy pronto.\",\"inLanguage\":\"es\",\"potentialAction\":[{\"@type\":\"ReadAction\",\"target\":[\"https:\\\/\\\/www.accord-langues.com\\\/es\\\/gracias-completar-prepare-estancia-grupo-formulario\\\/\"]}]},{\"@type\":\"WebSite\",\"@id\":\"https:\\\/\\\/www.accord-langues.com\\\/es\\\/#website\",\"url\":\"https:\\\/\\\/www.accord-langues.com\\\/es\\\/\",\"name\":\"Accord Paris\",\"description\":\"Learn French in France\",\"publisher\":{\"@id\":\"https:\\\/\\\/www.accord-langues.com\\\/es\\\/#organization\"},\"potentialAction\":[{\"@type\":\"SearchAction\",\"target\":{\"@type\":\"EntryPoint\",\"urlTemplate\":\"https:\\\/\\\/www.accord-langues.com\\\/es\\\/?s={search_term_string}\"},\"query-input\":{\"@type\":\"PropertyValueSpecification\",\"valueRequired\":true,\"valueName\":\"search_term_string\"}}],\"inLanguage\":\"es\"},{\"@type\":\"Organization\",\"@id\":\"https:\\\/\\\/www.accord-langues.com\\\/es\\\/#organization\",\"name\":\"ACCORD Tour Eiffel\",\"alternateName\":\"Learn French in Paris\",\"url\":\"https:\\\/\\\/www.accord-langues.com\\\/es\\\/\",\"logo\":{\"@type\":\"ImageObject\",\"inLanguage\":\"es\",\"@id\":\"https:\\\/\\\/www.accord-langues.com\\\/es\\\/#\\\/schema\\\/logo\\\/image\\\/\",\"url\":\"https:\\\/\\\/www.accord-langues.com\\\/wp-content\\\/uploads\\\/2016\\\/06\\\/Logo.png\",\"contentUrl\":\"https:\\\/\\\/www.accord-langues.com\\\/wp-content\\\/uploads\\\/2016\\\/06\\\/Logo.png\",\"width\":290,\"height\":70,\"caption\":\"ACCORD Tour Eiffel\"},\"image\":{\"@id\":\"https:\\\/\\\/www.accord-langues.com\\\/es\\\/#\\\/schema\\\/logo\\\/image\\\/\"},\"sameAs\":[\"https:\\\/\\\/www.facebook.com\\\/accordecoledelangues\",\"https:\\\/\\\/www.linkedin.com\\\/groups\\\/4542133\\\/\"],\"description\":\"ACCORD French Language School is one of the leading schools in France for teaching French to foreign students and offering high quality French language courses in Paris. The ACCORD language school is located in the heart of Paris, nearby the Eiffel Tower. The ACCORD school is open all year round and welcomes students from all over the world from the age of 16 in its French language courses. ACCORD school is accredited by the official \u201cQualit\u00e9 FLE\u201d label and is member of CAMPUS FRANCE, SOUFFLE and Atout France. ACCORD is official exam center for the TCF IRN, TCF TP, TCF Qu\u00e9bec and TCF Canada.\",\"email\":\"info@accord-langues.com\",\"telephone\":\"+33155335233\",\"legalName\":\"FORUM ACCORD\",\"foundingDate\":\"1990-02-23\",\"numberOfEmployees\":{\"@type\":\"QuantitativeValue\",\"minValue\":\"11\",\"maxValue\":\"50\"}}]}<\/script>\n<!-- \/ Yoast SEO Premium plugin. -->","yoast_head_json":{"title":"Gracias por completar el formulario \u00abPrepare la estancia de su grupo\u00bb - Accord Paris","description":"Gracias por completar el formulario \"Prepare la estancia de su grupo\" por grupos en Francia en Paris. Nos pondremos en contacto con usted muy pronto.","robots":{"index":"index","follow":"follow","max-snippet":"max-snippet:-1","max-image-preview":"max-image-preview:large","max-video-preview":"max-video-preview:-1"},"canonical":"https:\/\/www.accord-langues.com\/es\/gracias-completar-prepare-estancia-grupo-formulario\/","og_locale":"es_ES","og_type":"article","og_title":"Gracias por completar el formulario \u00abPrepare la estancia de su grupo\u00bb","og_description":"Gracias por completar el formulario \"Prepare la estancia de su grupo\" por grupos en Francia en Paris. Nos pondremos en contacto con usted muy pronto.","og_url":"https:\/\/www.accord-langues.com\/es\/gracias-completar-prepare-estancia-grupo-formulario\/","og_site_name":"Accord Paris","article_publisher":"https:\/\/www.facebook.com\/accordecoledelangues","article_modified_time":"2021-12-06T09:52:54+00:00","og_image":[{"width":1200,"height":867,"url":"https:\/\/www.accord-langues.com\/wp-content\/uploads\/2024\/02\/ACCORD-French-Language-School-in-Paris-low-res.jpg","type":"image\/jpeg"}],"twitter_card":"summary_large_image","twitter_misc":{"Tiempo de lectura":"1 minuto"},"schema":{"@context":"https:\/\/schema.org","@graph":[{"@type":"WebPage","@id":"https:\/\/www.accord-langues.com\/es\/gracias-completar-prepare-estancia-grupo-formulario\/","url":"https:\/\/www.accord-langues.com\/es\/gracias-completar-prepare-estancia-grupo-formulario\/","name":"Gracias por completar el formulario \u00abPrepare la estancia de su grupo\u00bb - Accord Paris","isPartOf":{"@id":"https:\/\/www.accord-langues.com\/es\/#website"},"datePublished":"2018-09-24T09:35:31+00:00","dateModified":"2021-12-06T09:52:54+00:00","description":"Gracias por completar el formulario \"Prepare la estancia de su grupo\" por grupos en Francia en Paris. Nos pondremos en contacto con usted muy pronto.","inLanguage":"es","potentialAction":[{"@type":"ReadAction","target":["https:\/\/www.accord-langues.com\/es\/gracias-completar-prepare-estancia-grupo-formulario\/"]}]},{"@type":"WebSite","@id":"https:\/\/www.accord-langues.com\/es\/#website","url":"https:\/\/www.accord-langues.com\/es\/","name":"Accord Paris","description":"Learn French in France","publisher":{"@id":"https:\/\/www.accord-langues.com\/es\/#organization"},"potentialAction":[{"@type":"SearchAction","target":{"@type":"EntryPoint","urlTemplate":"https:\/\/www.accord-langues.com\/es\/?s={search_term_string}"},"query-input":{"@type":"PropertyValueSpecification","valueRequired":true,"valueName":"search_term_string"}}],"inLanguage":"es"},{"@type":"Organization","@id":"https:\/\/www.accord-langues.com\/es\/#organization","name":"ACCORD Tour Eiffel","alternateName":"Learn French in Paris","url":"https:\/\/www.accord-langues.com\/es\/","logo":{"@type":"ImageObject","inLanguage":"es","@id":"https:\/\/www.accord-langues.com\/es\/#\/schema\/logo\/image\/","url":"https:\/\/www.accord-langues.com\/wp-content\/uploads\/2016\/06\/Logo.png","contentUrl":"https:\/\/www.accord-langues.com\/wp-content\/uploads\/2016\/06\/Logo.png","width":290,"height":70,"caption":"ACCORD Tour Eiffel"},"image":{"@id":"https:\/\/www.accord-langues.com\/es\/#\/schema\/logo\/image\/"},"sameAs":["https:\/\/www.facebook.com\/accordecoledelangues","https:\/\/www.linkedin.com\/groups\/4542133\/"],"description":"ACCORD French Language School is one of the leading schools in France for teaching French to foreign students and offering high quality French language courses in Paris. The ACCORD language school is located in the heart of Paris, nearby the Eiffel Tower. The ACCORD school is open all year round and welcomes students from all over the world from the age of 16 in its French language courses. ACCORD school is accredited by the official \u201cQualit\u00e9 FLE\u201d label and is member of CAMPUS FRANCE, SOUFFLE and Atout France. ACCORD is official exam center for the TCF IRN, TCF TP, TCF Qu\u00e9bec and TCF Canada.","email":"info@accord-langues.com","telephone":"+33155335233","legalName":"FORUM ACCORD","foundingDate":"1990-02-23","numberOfEmployees":{"@type":"QuantitativeValue","minValue":"11","maxValue":"50"}}]}},"_links":{"self":[{"href":"https:\/\/www.accord-langues.com\/es\/wp-json\/wp\/v2\/pages\/5610","targetHints":{"allow":["GET"]}}],"collection":[{"href":"https:\/\/www.accord-langues.com\/es\/wp-json\/wp\/v2\/pages"}],"about":[{"href":"https:\/\/www.accord-langues.com\/es\/wp-json\/wp\/v2\/types\/page"}],"author":[{"embeddable":true,"href":"https:\/\/www.accord-langues.com\/es\/wp-json\/wp\/v2\/users\/10"}],"replies":[{"embeddable":true,"href":"https:\/\/www.accord-langues.com\/es\/wp-json\/wp\/v2\/comments?post=5610"}],"version-history":[{"count":0,"href":"https:\/\/www.accord-langues.com\/es\/wp-json\/wp\/v2\/pages\/5610\/revisions"}],"wp:attachment":[{"href":"https:\/\/www.accord-langues.com\/es\/wp-json\/wp\/v2\/media?parent=5610"}],"curies":[{"name":"wp","href":"https:\/\/api.w.org\/{rel}","templated":true}]}}