{"id":5608,"date":"2018-10-11T12:02:15","date_gmt":"2018-10-11T11:02:15","guid":{"rendered":"https:\/\/www.accord-langues.com\/accord-paris-newsletter\/"},"modified":"2025-12-20T09:20:40","modified_gmt":"2025-12-20T09:20:40","slug":"boletin-accord-paris","status":"publish","type":"page","link":"https:\/\/www.accord-langues.com\/es\/boletin-accord-paris\/","title":{"rendered":"Bolet\u00edn ACCORD Paris"},"content":{"rendered":"<div class=\"wpb-content-wrapper\"><p>[vc_row full_width=\u00bbstretch_row\u00bb content_placement=\u00bbmiddle\u00bb css=\u00bb.vc_custom_1509009556865{background-image: url(https:\/\/www.accord-langues.com\/wp-content\/uploads\/2016\/10\/adult-course.jpg?id=348) !important;background-position: center !important;background-repeat: no-repeat !important;background-size: cover !important;}\u00bb el_class=\u00bbheader-image\u00bb][vc_column width=\u00bb2\/3&#8243; offset=\u00bbvc_col-sm-offset-2&#8243;][vc_column_text]<\/p>\n<h1 style=\"text-align: center;\">ACCORD Paris Newsletter<\/h1>\n<h4 style=\"text-align: center;\">ACCORD Paris Newsletter subscription<\/h4>\n<p>[\/vc_column_text][\/vc_column][\/vc_row][vc_row][vc_column][vc_column_text]When you sign up for our ACCORD Paris newsletter, you receive regular emails with the latest news about our French courses for adults and\/or our Junior and Family programs in Paris, tips and ideas and special offers.[\/vc_column_text][\/vc_column][\/vc_row][vc_row el_class=\u00bbgroup-form contact-us-form\u00bb css=\u00bb.vc_custom_1541436163271{margin-bottom: 30px !important;}\u00bb][vc_column css=\u00bb.vc_custom_1539260169971{background-color: #f0f0f0 !important;}\u00bb][\/vc_column][\/vc_row][vc_row el_class=\u00bbbutton-blocks\u00bb][vc_column][vc_column_text]<\/p>\n<h1 style=\"text-align: center;\">Why choose ACCORD?<\/h1>\n<p>[\/vc_column_text][vc_row_inner][vc_column_inner width=\u00bb1\/3&#8243;][vc_column_text]<\/p>\n<ul class=\"ticks\">\n<li>30 years\u2019 experience of teaching French as a Foreign Language and of\u00a0French language courses in Paris<\/li>\n<li><a href=\"https:\/\/www.accord-langues.com\/adult-french-language-courses-paris\/\" target=\"_blank\" rel=\"noopener noreferrer\">A wide choice of French language courses<\/a> in Paris available for all ages, at prices that suit your budget.<\/li>\n<li><a href=\"https:\/\/www.accord-langues.com\/accord-french-language-schools\/\" target=\"_blank\" rel=\"noopener noreferrer\">Great location<\/a>, excellent facilities, friendly and experienced teachers.<\/li>\n<li>Great nationality mix: no nationality over 12%.<\/li>\n<\/ul>\n<p>[\/vc_column_text][\/vc_column_inner][vc_column_inner width=\u00bb1\/3&#8243;][vc_column_text]<\/p>\n<ul class=\"ticks\">\n<li><a href=\"https:\/\/www.accord-langues.com\/french-school-accreditations\/\" target=\"_blank\" rel=\"noopener noreferrer\">Accredited by the official \u201cQualit\u00e9 FLE\u201d<\/a> \u2013 Member of CAMPUS FRANCE<\/li>\n<li><a href=\"https:\/\/www.accord-langues.com\/french-certificates-and-french-exams\/\" target=\"_blank\" rel=\"noopener noreferrer\">Official exam center<\/a> for the TCF, TCF NF, TCF SO, TEF and TEF Canada<\/li>\n<li>A wide choice of high quality French language courses in Paris<\/li>\n<li>A French <a href=\"https:\/\/www.accord-langues.com\/course\/general-french-evening-course\/\" target=\"_blank\" rel=\"noopener noreferrer\">evening course<\/a> all year round<\/li>\n<li><span style=\"color: #ff6600;\"><strong>With ACCORD, it is not only about studying French, it is a life experience!<\/strong><\/span><\/li>\n<\/ul>\n<p>[\/vc_column_text][vc_btn title=\u00bbMore about Accord\u00bb shape=\u00bbsquare\u00bb color=\u00bborange\u00bb align=\u00bbcenter\u00bb link=\u00bburl:https%3A%2F%2Fwww.accord-langues.com%2Fes%2Fmas-informacion-escuela-idiomas-accord%2F|target:%20_blank|\u00bb css=\u00bb.vc_custom_1554736996171{margin-bottom: 0px !important;}\u00bb][\/vc_column_inner][vc_column_inner width=\u00bb1\/3&#8243; css=\u00bb.vc_custom_1471606479932{margin-top: -40px !important;}\u00bb][vc_single_image image=\u00bb945&#8243; img_size=\u00bbmedium\u00bb alignment=\u00bbcenter\u00bb el_class=\u00bbyears-logo\u00bb][\/vc_column_inner][\/vc_row_inner][\/vc_column][\/vc_row]<\/p>\n<\/div>","protected":false},"excerpt":{"rendered":"<p>[vc_row full_width=\u00bbstretch_row\u00bb content_placement=\u00bbmiddle\u00bb css=\u00bb.vc_custom_1509009556865{background-image: url(https:\/\/www.accord-langues.com\/wp-content\/uploads\/2016\/10\/adult-course.jpg?id=348) !important;background-position: center !important;background-repeat: no-repeat !important;background-size: cover !important;}\u00bb el_class=\u00bbheader-image\u00bb][vc_column width=\u00bb2\/3&#8243; offset=\u00bbvc_col-sm-offset-2&#8243;][vc_column_text] ACCORD Paris Newsletter ACCORD Paris Newsletter subscription [\/vc_column_text][\/vc_column][\/vc_row][vc_row][vc_column][vc_column_text]When you sign up for our ACCORD Paris newsletter, you receive regular emails with the latest news about our French courses for adults and\/or our Junior and Family programs in Paris, tips and [&hellip;]<\/p>\n","protected":false},"author":10,"featured_media":0,"parent":0,"menu_order":0,"comment_status":"closed","ping_status":"closed","template":"","meta":{"_acf_changed":false,"footnotes":""},"class_list":["post-5608","page","type-page","status-publish","hentry"],"acf":[],"yoast_head":"<!-- This site is optimized with the Yoast SEO Premium plugin v27.5 (Yoast SEO v27.5) - https:\/\/yoast.com\/product\/yoast-seo-premium-wordpress\/ -->\n<title>Bolet\u00edn ACCORD Paris - Accord Paris<\/title>\n<meta name=\"description\" content=\"Bolet\u00edn ACCORD Paris: Al suscribirse a nuestro bolet\u00edn ACCORD Paris, recibir\u00e1 correos electr\u00f3nicos con las noticias sobre nuestros cursos de franc\u00e9s.\" \/>\n<meta name=\"robots\" content=\"index, follow, max-snippet:-1, max-image-preview:large, max-video-preview:-1\" \/>\n<link rel=\"canonical\" href=\"https:\/\/www.accord-langues.com\/es\/boletin-accord-paris\/\" \/>\n<meta property=\"og:locale\" content=\"es_ES\" \/>\n<meta property=\"og:type\" content=\"article\" \/>\n<meta property=\"og:title\" content=\"Bolet\u00edn ACCORD Paris\" \/>\n<meta property=\"og:description\" content=\"Bolet\u00edn ACCORD Paris: Al suscribirse a nuestro bolet\u00edn ACCORD Paris, recibir\u00e1 correos electr\u00f3nicos con las noticias sobre nuestros cursos de franc\u00e9s.\" \/>\n<meta property=\"og:url\" content=\"https:\/\/www.accord-langues.com\/es\/boletin-accord-paris\/\" \/>\n<meta property=\"og:site_name\" content=\"Accord Paris\" \/>\n<meta property=\"article:publisher\" content=\"https:\/\/www.facebook.com\/accordecoledelangues\" \/>\n<meta property=\"article:modified_time\" content=\"2025-12-20T09:20:40+00:00\" \/>\n<meta property=\"og:image\" content=\"https:\/\/www.accord-langues.com\/wp-content\/uploads\/2024\/02\/ACCORD-French-Language-School-in-Paris-low-res.jpg\" \/>\n\t<meta property=\"og:image:width\" content=\"1200\" \/>\n\t<meta property=\"og:image:height\" content=\"867\" \/>\n\t<meta property=\"og:image:type\" content=\"image\/jpeg\" \/>\n<meta name=\"twitter:card\" content=\"summary_large_image\" \/>\n<meta name=\"twitter:label1\" content=\"Tiempo de lectura\" \/>\n\t<meta name=\"twitter:data1\" content=\"2 minutos\" \/>\n<script type=\"application\/ld+json\" class=\"yoast-schema-graph\">{\"@context\":\"https:\\\/\\\/schema.org\",\"@graph\":[{\"@type\":\"WebPage\",\"@id\":\"https:\\\/\\\/www.accord-langues.com\\\/es\\\/boletin-accord-paris\\\/\",\"url\":\"https:\\\/\\\/www.accord-langues.com\\\/es\\\/boletin-accord-paris\\\/\",\"name\":\"Bolet\u00edn ACCORD Paris - Accord Paris\",\"isPartOf\":{\"@id\":\"https:\\\/\\\/www.accord-langues.com\\\/es\\\/#website\"},\"datePublished\":\"2018-10-11T11:02:15+00:00\",\"dateModified\":\"2025-12-20T09:20:40+00:00\",\"description\":\"Bolet\u00edn ACCORD Paris: Al suscribirse a nuestro bolet\u00edn ACCORD Paris, recibir\u00e1 correos electr\u00f3nicos con las noticias sobre nuestros cursos de franc\u00e9s.\",\"inLanguage\":\"es\",\"potentialAction\":[{\"@type\":\"ReadAction\",\"target\":[\"https:\\\/\\\/www.accord-langues.com\\\/es\\\/boletin-accord-paris\\\/\"]}]},{\"@type\":\"WebSite\",\"@id\":\"https:\\\/\\\/www.accord-langues.com\\\/es\\\/#website\",\"url\":\"https:\\\/\\\/www.accord-langues.com\\\/es\\\/\",\"name\":\"Accord Paris\",\"description\":\"Learn French in France\",\"publisher\":{\"@id\":\"https:\\\/\\\/www.accord-langues.com\\\/es\\\/#organization\"},\"potentialAction\":[{\"@type\":\"SearchAction\",\"target\":{\"@type\":\"EntryPoint\",\"urlTemplate\":\"https:\\\/\\\/www.accord-langues.com\\\/es\\\/?s={search_term_string}\"},\"query-input\":{\"@type\":\"PropertyValueSpecification\",\"valueRequired\":true,\"valueName\":\"search_term_string\"}}],\"inLanguage\":\"es\"},{\"@type\":\"Organization\",\"@id\":\"https:\\\/\\\/www.accord-langues.com\\\/es\\\/#organization\",\"name\":\"ACCORD Tour Eiffel\",\"alternateName\":\"Learn French in Paris\",\"url\":\"https:\\\/\\\/www.accord-langues.com\\\/es\\\/\",\"logo\":{\"@type\":\"ImageObject\",\"inLanguage\":\"es\",\"@id\":\"https:\\\/\\\/www.accord-langues.com\\\/es\\\/#\\\/schema\\\/logo\\\/image\\\/\",\"url\":\"https:\\\/\\\/www.accord-langues.com\\\/wp-content\\\/uploads\\\/2016\\\/06\\\/Logo.png\",\"contentUrl\":\"https:\\\/\\\/www.accord-langues.com\\\/wp-content\\\/uploads\\\/2016\\\/06\\\/Logo.png\",\"width\":290,\"height\":70,\"caption\":\"ACCORD Tour Eiffel\"},\"image\":{\"@id\":\"https:\\\/\\\/www.accord-langues.com\\\/es\\\/#\\\/schema\\\/logo\\\/image\\\/\"},\"sameAs\":[\"https:\\\/\\\/www.facebook.com\\\/accordecoledelangues\",\"https:\\\/\\\/www.linkedin.com\\\/groups\\\/4542133\\\/\"],\"description\":\"ACCORD French Language School is one of the leading schools in France for teaching French to foreign students and offering high quality French language courses in Paris. The ACCORD language school is located in the heart of Paris, nearby the Eiffel Tower. The ACCORD school is open all year round and welcomes students from all over the world from the age of 16 in its French language courses. ACCORD school is accredited by the official \u201cQualit\u00e9 FLE\u201d label and is member of CAMPUS FRANCE, SOUFFLE and Atout France. ACCORD is official exam center for the TCF IRN, TCF TP, TCF Qu\u00e9bec and TCF Canada.\",\"email\":\"info@accord-langues.com\",\"telephone\":\"+33155335233\",\"legalName\":\"FORUM ACCORD\",\"foundingDate\":\"1990-02-23\",\"numberOfEmployees\":{\"@type\":\"QuantitativeValue\",\"minValue\":\"11\",\"maxValue\":\"50\"}}]}<\/script>\n<!-- \/ Yoast SEO Premium plugin. -->","yoast_head_json":{"title":"Bolet\u00edn ACCORD Paris - Accord Paris","description":"Bolet\u00edn ACCORD Paris: Al suscribirse a nuestro bolet\u00edn ACCORD Paris, recibir\u00e1 correos electr\u00f3nicos con las noticias sobre nuestros cursos de franc\u00e9s.","robots":{"index":"index","follow":"follow","max-snippet":"max-snippet:-1","max-image-preview":"max-image-preview:large","max-video-preview":"max-video-preview:-1"},"canonical":"https:\/\/www.accord-langues.com\/es\/boletin-accord-paris\/","og_locale":"es_ES","og_type":"article","og_title":"Bolet\u00edn ACCORD Paris","og_description":"Bolet\u00edn ACCORD Paris: Al suscribirse a nuestro bolet\u00edn ACCORD Paris, recibir\u00e1 correos electr\u00f3nicos con las noticias sobre nuestros cursos de franc\u00e9s.","og_url":"https:\/\/www.accord-langues.com\/es\/boletin-accord-paris\/","og_site_name":"Accord Paris","article_publisher":"https:\/\/www.facebook.com\/accordecoledelangues","article_modified_time":"2025-12-20T09:20:40+00:00","og_image":[{"width":1200,"height":867,"url":"https:\/\/www.accord-langues.com\/wp-content\/uploads\/2024\/02\/ACCORD-French-Language-School-in-Paris-low-res.jpg","type":"image\/jpeg"}],"twitter_card":"summary_large_image","twitter_misc":{"Tiempo de lectura":"2 minutos"},"schema":{"@context":"https:\/\/schema.org","@graph":[{"@type":"WebPage","@id":"https:\/\/www.accord-langues.com\/es\/boletin-accord-paris\/","url":"https:\/\/www.accord-langues.com\/es\/boletin-accord-paris\/","name":"Bolet\u00edn ACCORD Paris - Accord Paris","isPartOf":{"@id":"https:\/\/www.accord-langues.com\/es\/#website"},"datePublished":"2018-10-11T11:02:15+00:00","dateModified":"2025-12-20T09:20:40+00:00","description":"Bolet\u00edn ACCORD Paris: Al suscribirse a nuestro bolet\u00edn ACCORD Paris, recibir\u00e1 correos electr\u00f3nicos con las noticias sobre nuestros cursos de franc\u00e9s.","inLanguage":"es","potentialAction":[{"@type":"ReadAction","target":["https:\/\/www.accord-langues.com\/es\/boletin-accord-paris\/"]}]},{"@type":"WebSite","@id":"https:\/\/www.accord-langues.com\/es\/#website","url":"https:\/\/www.accord-langues.com\/es\/","name":"Accord Paris","description":"Learn French in France","publisher":{"@id":"https:\/\/www.accord-langues.com\/es\/#organization"},"potentialAction":[{"@type":"SearchAction","target":{"@type":"EntryPoint","urlTemplate":"https:\/\/www.accord-langues.com\/es\/?s={search_term_string}"},"query-input":{"@type":"PropertyValueSpecification","valueRequired":true,"valueName":"search_term_string"}}],"inLanguage":"es"},{"@type":"Organization","@id":"https:\/\/www.accord-langues.com\/es\/#organization","name":"ACCORD Tour Eiffel","alternateName":"Learn French in Paris","url":"https:\/\/www.accord-langues.com\/es\/","logo":{"@type":"ImageObject","inLanguage":"es","@id":"https:\/\/www.accord-langues.com\/es\/#\/schema\/logo\/image\/","url":"https:\/\/www.accord-langues.com\/wp-content\/uploads\/2016\/06\/Logo.png","contentUrl":"https:\/\/www.accord-langues.com\/wp-content\/uploads\/2016\/06\/Logo.png","width":290,"height":70,"caption":"ACCORD Tour Eiffel"},"image":{"@id":"https:\/\/www.accord-langues.com\/es\/#\/schema\/logo\/image\/"},"sameAs":["https:\/\/www.facebook.com\/accordecoledelangues","https:\/\/www.linkedin.com\/groups\/4542133\/"],"description":"ACCORD French Language School is one of the leading schools in France for teaching French to foreign students and offering high quality French language courses in Paris. The ACCORD language school is located in the heart of Paris, nearby the Eiffel Tower. The ACCORD school is open all year round and welcomes students from all over the world from the age of 16 in its French language courses. ACCORD school is accredited by the official \u201cQualit\u00e9 FLE\u201d label and is member of CAMPUS FRANCE, SOUFFLE and Atout France. ACCORD is official exam center for the TCF IRN, TCF TP, TCF Qu\u00e9bec and TCF Canada.","email":"info@accord-langues.com","telephone":"+33155335233","legalName":"FORUM ACCORD","foundingDate":"1990-02-23","numberOfEmployees":{"@type":"QuantitativeValue","minValue":"11","maxValue":"50"}}]}},"_links":{"self":[{"href":"https:\/\/www.accord-langues.com\/es\/wp-json\/wp\/v2\/pages\/5608","targetHints":{"allow":["GET"]}}],"collection":[{"href":"https:\/\/www.accord-langues.com\/es\/wp-json\/wp\/v2\/pages"}],"about":[{"href":"https:\/\/www.accord-langues.com\/es\/wp-json\/wp\/v2\/types\/page"}],"author":[{"embeddable":true,"href":"https:\/\/www.accord-langues.com\/es\/wp-json\/wp\/v2\/users\/10"}],"replies":[{"embeddable":true,"href":"https:\/\/www.accord-langues.com\/es\/wp-json\/wp\/v2\/comments?post=5608"}],"version-history":[{"count":1,"href":"https:\/\/www.accord-langues.com\/es\/wp-json\/wp\/v2\/pages\/5608\/revisions"}],"predecessor-version":[{"id":25829,"href":"https:\/\/www.accord-langues.com\/es\/wp-json\/wp\/v2\/pages\/5608\/revisions\/25829"}],"wp:attachment":[{"href":"https:\/\/www.accord-langues.com\/es\/wp-json\/wp\/v2\/media?parent=5608"}],"curies":[{"name":"wp","href":"https:\/\/api.w.org\/{rel}","templated":true}]}}