{"id":5775,"date":"2016-12-12T16:18:30","date_gmt":"2016-12-12T16:18:30","guid":{"rendered":"https:\/\/www.accord-langues.com\/more-about-accord-language-school\/"},"modified":"2025-12-20T09:19:09","modified_gmt":"2025-12-20T09:19:09","slug":"franzoesischkurse-in-der-accord-sprachschule","status":"publish","type":"page","link":"https:\/\/www.accord-langues.com\/de\/franzoesischkurse-in-der-accord-sprachschule\/","title":{"rendered":"Franz\u00f6sischkurse in der ACCORD Sprachschule"},"content":{"rendered":"<div class=\"wpb-content-wrapper\"><p>[vc_row full_width=&#8220;stretch_row&#8220; content_placement=&#8220;middle&#8220; css=&#8220;.vc_custom_1481558247212{background-image: url(https:\/\/www.accord-langues.com\/wp-content\/uploads\/2016\/06\/18.jpg?id=52) !important;background-position: center !important;background-repeat: no-repeat !important;background-size: cover !important;}&#8220; el_class=&#8220;header-image bg-top-center&#8220;][vc_column width=&#8220;5\/6&#8243; offset=&#8220;vc_col-sm-offset-1&#8243;][vc_column_text]<\/p>\n<h1 style=\"text-align: center;\">Mehr \u00fcber ACCORD Paris<\/h1>\n<p style=\"text-align: center;\"><strong>ACCORD Franz\u00f6sischschule in Paris, in Frankreich<\/strong><\/p>\n<p>[\/vc_column_text][\/vc_column][\/vc_row][vc_row][vc_column][vc_column_text css=&#8220;&#8220;]<\/p>\n<h2 style=\"text-align: center;\"><span style=\"color: #ff6600;\">Was spricht f\u00fcr die ACCORD Sprachschule?<\/span><\/h2>\n<p>[\/vc_column_text][vc_separator color=&#8220;custom&#8220; accent_color=&#8220;#dadada&#8220;][vc_row_inner][vc_column_inner width=&#8220;1\/2&#8243;][vc_column_text]<\/p>\n<ul class=\"ticks\">\n<li>1988-2018: 30 Jahre Erfahrung im Lehren der franz\u00f6sischen Sprache als Fremdsprache<\/li>\n<li>Die ACCORD Sprachschule ist als <strong>private Hochschule<\/strong> (N\u00b0 588 an der Pariser Akademie \u2013 Bildungsministerium) <strong>eingetragen, durch \u201cQualit\u00e9 FLE\u201d offiziell zugelassen<\/strong> und ist ein <strong>Mitglied<\/strong> des <strong>CAMPUS FRANCE<\/strong> und von <strong>Souffle<\/strong> (professionelle Organisation f\u00fcr Sprachenausbildungseinrichtungen, in denen Franz\u00f6sisch als Fremdsprache unterrichtet wird).<\/li>\n<li><strong>Franz\u00f6sischkurse in der ACCORD Sprachschule:\u00a0<\/strong><strong><a href=\"https:\/\/www.accord-langues.com\/de\/franzoesischkurs-in-paris\/\" target=\"_blank\" rel=\"noopener\">eine gro\u00dfe Auswahl an Kursen<\/a> f\u00fcr jede Altersgruppe und f\u00fcr jedes Budget.<\/strong><\/li>\n<li><span style=\"color: #ff6600;\"><strong>Keine verdeckten Geb\u00fchren:<\/strong><\/span> Mit dem Eintragen in einen Kurs an der ACCORD Sprachschule <strong>Lernmaterial muss nicht erworben werden<\/strong>. Alles ist im Preis f\u00fcr den Kurs inbegriffen, auch der Einstufungstest bei Ankunft, Lernmaterial und das Abschlusszertifikat am Ende des Kurses.<\/li>\n<li><strong>Fantastische Lage!<\/strong><\/li>\n<li><strong>Ausgezeichnete Einrichtungen!<\/strong><\/li>\n<li><img decoding=\"async\" class=\"size-full wp-image-1144 alignright\" src=\"https:\/\/www.accord-langues.com\/wp-content\/uploads\/2016\/12\/wifi-en-bleu.jpg\" alt=\"\" width=\"30\" height=\"30\" \/><strong>Kostenloses WLAN im gesamten Schulgeb\u00e4ude<\/strong>.<\/li>\n<li><img decoding=\"async\" class=\"alignright size-full wp-image-1143\" src=\"https:\/\/www.accord-langues.com\/wp-content\/uploads\/2016\/12\/handicap-en-bleu.jpg\" alt=\"\" width=\"30\" height=\"30\" \/>Die ACCORD Sprachschule ist <strong>behindertengerecht gestaltet<\/strong>.<\/li>\n<li><strong>Freundliche und erfahrene Lehrer:<\/strong> Die Lehrer von ACCORD Paris sind alle Universit\u00e4tsabsolventen und haben Erfahrung im Unterrichten von Franz\u00f6sisch als Fremdsprache. Des Weiteren entwickeln und aktualisieren sie unser schuleigenes Lehrmaterial.<\/li>\n<\/ul>\n<p>[\/vc_column_text][\/vc_column_inner][vc_column_inner width=&#8220;1\/2&#8243;][vc_column_text]<\/p>\n<ul class=\"ticks\">\n<li><strong>Professionelle Verwaltungsmitarbeiter <\/strong>arrangieren Kursanmeldungen, Unterk\u00fcnfte, Transfers und sorgen daf\u00fcr, dass die Kursteilnehmer einen angenehmen Aufenthalt an der ACCORD Sprachschule genie\u00dfen. Wenn Sie uns kontaktieren, <strong>melden wir uns innerhalb von 24 Stunden bei Ihnen zur\u00fcck<\/strong> und \u00fcbermitteln Ihnen die Informationen, die Sie ben\u00f6tigen. Wir beraten Sie und f\u00fchren Sie Schritt f\u00fcr Schritt durch das System von der Anfrage bis zur Anmeldung.<\/li>\n<li><strong>Gro\u00dfartiger Mix aus verschiedenen Nationalit\u00e4ten: <\/strong>Keine Nationalit\u00e4t \u00fcber 12%! An unseren ACCORD Schulen in Paris begr\u00fc\u00dfen wir Kursteilnehmer und Junioren aus 40+ verschiedenen L\u00e4ndern.<\/li>\n<li><strong>Flexibilit\u00e4t:<\/strong> Die ACCORD Sprachschule bietet <a href=\"https:\/\/www.accord-langues.com\/de\/franzoesischkurs-in-paris\/\" target=\"_blank\" rel=\"noopener noreferrer\">eine gro\u00dfe Auswahl an Kursen<\/a> und Programmen mit flexiblen Terminen und Zeitspannen an. Wir sind w\u00e4hrend Ihres Aufenthalts an der ACCORD Schule immer f\u00fcr Sie da und beraten Sie gern \u00fcber den Unterricht, der am besten f\u00fcr Sie geeignet ist.<\/li>\n<li>ACCORD Paris ist ein <strong>offizielles Pr\u00fcfungszentrum<\/strong> f\u00fcr <a href=\"https:\/\/examensparis.fr\/\" target=\"_blank\" rel=\"noopener noreferrer\">TCF, TCF NF, TCF SO, TEF und TEF Kanada<\/a>.<\/li>\n<li><strong>Leistungspunkte:<\/strong> An amerikanischen Universit\u00e4ten eingetragene Studenten k\u00f6nnen Leistungspunkte erwerben und profitieren von Erm\u00e4\u00dfigungen.<\/li>\n<li>ACCORD Paris ist auch durch <a href=\"https:\/\/www.accord-langues.com\/de\/zulassungen-als-franzoesischschule\/\" target=\"_blank\" rel=\"noopener noreferrer\"><strong>CSN<\/strong><\/a> in den nordeurop\u00e4ischen L\u00e4ndern sowie f\u00fcr den <strong>Bildungsurlaub<\/strong> in verschiedenen Regionen Deutschlands zugelassen.<\/li>\n<\/ul>\n<p>[\/vc_column_text][\/vc_column_inner][\/vc_row_inner][vc_column_text css=&#8220;&#8220;]<\/p>\n<p style=\"text-align: center;\"><strong><span style=\"color: #000000;\">Mit ACCORD Franz\u00f6sisch lernen ist nicht nur ein Erlebnis, es ist eine Erfahrung f\u00fcrs Leben<\/span><span style=\"color: #000000;\">!<\/span><\/strong><\/p>\n<p>[\/vc_column_text][\/vc_column][\/vc_row][vc_row full_width=&#8220;stretch_row&#8220; css=&#8220;.vc_custom_1509367896379{padding-bottom: 20px !important;background-color: #f9f9f9 !important;}&#8220;][vc_column][vc_column_text css=&#8220;&#8220;]<\/p>\n<p style=\"text-align: center;\"><strong><span style=\"color: #ff6600;\">Warum sollte ich mich f\u00fcr das Lernen an der ACCORD Sprachschule in Paris entscheiden?<\/span><\/strong><\/p>\n<p>[\/vc_column_text][vc_separator color=&#8220;custom&#8220; accent_color=&#8220;#dadada&#8220;][vc_column_text]Wenn es Ihnen mit dem Erlernen der franz\u00f6sischen Sprache ernst ist, bietet Ihnen die ACCORD Sprachschule die beste M\u00f6glichkeit Ihre Franz\u00f6sischkenntnisse zu verbessern sowie <strong>die Pariser Art zu leben zu erleben und die Hauptstadt Frankreichs zu erkunden.<br \/>\n<\/strong>Die <a href=\"https:\/\/www.accord-langues.com\/de\/zulassungen-als-franzoesischschule\/\" target=\"_blank\" rel=\"noopener noreferrer\">ACCORD Sprachschule wurde von zahlreichen \u00f6ffentlichen Institutionen zugelassen<\/a>. Diese Zulassungen best\u00e4tigen den Ruf der Schule als Anbieter ausgezeichneter Serviceleistungen.<br \/>\nAber \u00fcberzeugen Sie sich selbst. Lesen Sie <a href=\"https:\/\/www.accord-langues.com\/de\/bewertungen-franzoesischkurse\/\" target=\"_blank\" rel=\"noopener noreferrer\">hier<\/a>\u00a0was unsere Kursteilnehmer \u00fcber ihren Aufenthalt bei ACCORD zu sagen haben.[\/vc_column_text][\/vc_column][\/vc_row]<\/p>\n<\/div>","protected":false},"excerpt":{"rendered":"<p>[vc_row full_width=&#8220;stretch_row&#8220; content_placement=&#8220;middle&#8220; css=&#8220;.vc_custom_1481558247212{background-image: url(https:\/\/www.accord-langues.com\/wp-content\/uploads\/2016\/06\/18.jpg?id=52) !important;background-position: center !important;background-repeat: no-repeat !important;background-size: cover !important;}&#8220; el_class=&#8220;header-image bg-top-center&#8220;][vc_column width=&#8220;5\/6&#8243; offset=&#8220;vc_col-sm-offset-1&#8243;][vc_column_text] Mehr \u00fcber ACCORD Paris ACCORD Franz\u00f6sischschule in Paris, in Frankreich [\/vc_column_text][\/vc_column][\/vc_row][vc_row][vc_column][vc_column_text css=&#8220;&#8220;] Was spricht f\u00fcr die ACCORD Sprachschule? [\/vc_column_text][vc_separator color=&#8220;custom&#8220; accent_color=&#8220;#dadada&#8220;][vc_row_inner][vc_column_inner width=&#8220;1\/2&#8243;][vc_column_text] 1988-2018: 30 Jahre Erfahrung im Lehren der franz\u00f6sischen Sprache als Fremdsprache Die ACCORD Sprachschule ist als private [&hellip;]<\/p>\n","protected":false},"author":10,"featured_media":0,"parent":0,"menu_order":0,"comment_status":"closed","ping_status":"closed","template":"","meta":{"_acf_changed":false,"footnotes":""},"class_list":["post-5775","page","type-page","status-publish","hentry"],"acf":[],"yoast_head":"<!-- This site is optimized with the Yoast SEO Premium plugin v27.5 (Yoast SEO v27.5) - https:\/\/yoast.com\/product\/yoast-seo-premium-wordpress\/ -->\n<title>Franz\u00f6sischkurse in der ACCORD Sprachschule - Accord Paris<\/title>\n<meta name=\"description\" content=\"Die ACCORD Sprachschule bietet Ihnen die beste M\u00f6glichkeit Ihre Sprachkenntnisse zu verbessern. Franz\u00f6sischkurse in der ACCORD Sprachschule.\" \/>\n<meta name=\"robots\" content=\"index, follow, max-snippet:-1, max-image-preview:large, max-video-preview:-1\" \/>\n<link rel=\"canonical\" href=\"https:\/\/www.accord-langues.com\/de\/franzoesischkurse-in-der-accord-sprachschule\/\" \/>\n<meta property=\"og:locale\" content=\"de_DE\" \/>\n<meta property=\"og:type\" content=\"article\" \/>\n<meta property=\"og:title\" content=\"Franz\u00f6sischkurse in der ACCORD Sprachschule\" \/>\n<meta property=\"og:description\" content=\"Die ACCORD Sprachschule bietet Ihnen die beste M\u00f6glichkeit Ihre Sprachkenntnisse zu verbessern. Franz\u00f6sischkurse in der ACCORD Sprachschule.\" \/>\n<meta property=\"og:url\" content=\"https:\/\/www.accord-langues.com\/de\/franzoesischkurse-in-der-accord-sprachschule\/\" \/>\n<meta property=\"og:site_name\" content=\"Accord Paris\" \/>\n<meta property=\"article:publisher\" content=\"https:\/\/www.facebook.com\/accordecoledelangues\" \/>\n<meta property=\"article:modified_time\" content=\"2025-12-20T09:19:09+00:00\" \/>\n<meta property=\"og:image\" content=\"https:\/\/www.accord-langues.com\/wp-content\/uploads\/2016\/12\/wifi-en-bleu.jpg\" \/>\n\t<meta property=\"og:image:width\" content=\"70\" \/>\n\t<meta property=\"og:image:height\" content=\"71\" \/>\n\t<meta property=\"og:image:type\" content=\"image\/jpeg\" \/>\n<meta name=\"twitter:card\" content=\"summary_large_image\" \/>\n<meta name=\"twitter:label1\" content=\"Gesch\u00e4tzte Lesezeit\" \/>\n\t<meta name=\"twitter:data1\" content=\"3\u00a0Minuten\" \/>\n<script type=\"application\/ld+json\" class=\"yoast-schema-graph\">{\"@context\":\"https:\\\/\\\/schema.org\",\"@graph\":[{\"@type\":\"WebPage\",\"@id\":\"https:\\\/\\\/www.accord-langues.com\\\/de\\\/franzoesischkurse-in-der-accord-sprachschule\\\/\",\"url\":\"https:\\\/\\\/www.accord-langues.com\\\/de\\\/franzoesischkurse-in-der-accord-sprachschule\\\/\",\"name\":\"Franz\u00f6sischkurse in der ACCORD Sprachschule - Accord Paris\",\"isPartOf\":{\"@id\":\"https:\\\/\\\/www.accord-langues.com\\\/de\\\/#website\"},\"primaryImageOfPage\":{\"@id\":\"https:\\\/\\\/www.accord-langues.com\\\/de\\\/franzoesischkurse-in-der-accord-sprachschule\\\/#primaryimage\"},\"image\":{\"@id\":\"https:\\\/\\\/www.accord-langues.com\\\/de\\\/franzoesischkurse-in-der-accord-sprachschule\\\/#primaryimage\"},\"thumbnailUrl\":\"https:\\\/\\\/www.accord-langues.com\\\/wp-content\\\/uploads\\\/2016\\\/12\\\/wifi-en-bleu.jpg\",\"datePublished\":\"2016-12-12T16:18:30+00:00\",\"dateModified\":\"2025-12-20T09:19:09+00:00\",\"description\":\"Die ACCORD Sprachschule bietet Ihnen die beste M\u00f6glichkeit Ihre Sprachkenntnisse zu verbessern. Franz\u00f6sischkurse in der ACCORD Sprachschule.\",\"inLanguage\":\"de\",\"potentialAction\":[{\"@type\":\"ReadAction\",\"target\":[\"https:\\\/\\\/www.accord-langues.com\\\/de\\\/franzoesischkurse-in-der-accord-sprachschule\\\/\"]}]},{\"@type\":\"ImageObject\",\"inLanguage\":\"de\",\"@id\":\"https:\\\/\\\/www.accord-langues.com\\\/de\\\/franzoesischkurse-in-der-accord-sprachschule\\\/#primaryimage\",\"url\":\"https:\\\/\\\/www.accord-langues.com\\\/wp-content\\\/uploads\\\/2016\\\/12\\\/wifi-en-bleu.jpg\",\"contentUrl\":\"https:\\\/\\\/www.accord-langues.com\\\/wp-content\\\/uploads\\\/2016\\\/12\\\/wifi-en-bleu.jpg\"},{\"@type\":\"WebSite\",\"@id\":\"https:\\\/\\\/www.accord-langues.com\\\/de\\\/#website\",\"url\":\"https:\\\/\\\/www.accord-langues.com\\\/de\\\/\",\"name\":\"Accord Paris\",\"description\":\"Learn French in France\",\"publisher\":{\"@id\":\"https:\\\/\\\/www.accord-langues.com\\\/de\\\/#organization\"},\"potentialAction\":[{\"@type\":\"SearchAction\",\"target\":{\"@type\":\"EntryPoint\",\"urlTemplate\":\"https:\\\/\\\/www.accord-langues.com\\\/de\\\/?s={search_term_string}\"},\"query-input\":{\"@type\":\"PropertyValueSpecification\",\"valueRequired\":true,\"valueName\":\"search_term_string\"}}],\"inLanguage\":\"de\"},{\"@type\":\"Organization\",\"@id\":\"https:\\\/\\\/www.accord-langues.com\\\/de\\\/#organization\",\"name\":\"ACCORD Tour Eiffel\",\"alternateName\":\"Learn French in Paris\",\"url\":\"https:\\\/\\\/www.accord-langues.com\\\/de\\\/\",\"logo\":{\"@type\":\"ImageObject\",\"inLanguage\":\"de\",\"@id\":\"https:\\\/\\\/www.accord-langues.com\\\/de\\\/#\\\/schema\\\/logo\\\/image\\\/\",\"url\":\"https:\\\/\\\/www.accord-langues.com\\\/wp-content\\\/uploads\\\/2016\\\/06\\\/Logo.png\",\"contentUrl\":\"https:\\\/\\\/www.accord-langues.com\\\/wp-content\\\/uploads\\\/2016\\\/06\\\/Logo.png\",\"width\":290,\"height\":70,\"caption\":\"ACCORD Tour Eiffel\"},\"image\":{\"@id\":\"https:\\\/\\\/www.accord-langues.com\\\/de\\\/#\\\/schema\\\/logo\\\/image\\\/\"},\"sameAs\":[\"https:\\\/\\\/www.facebook.com\\\/accordecoledelangues\",\"https:\\\/\\\/www.linkedin.com\\\/groups\\\/4542133\\\/\"],\"description\":\"ACCORD French Language School is one of the leading schools in France for teaching French to foreign students and offering high quality French language courses in Paris. The ACCORD language school is located in the heart of Paris, nearby the Eiffel Tower. The ACCORD school is open all year round and welcomes students from all over the world from the age of 16 in its French language courses. ACCORD school is accredited by the official \u201cQualit\u00e9 FLE\u201d label and is member of CAMPUS FRANCE, SOUFFLE and Atout France. ACCORD is official exam center for the TCF IRN, TCF TP, TCF Qu\u00e9bec and TCF Canada.\",\"email\":\"info@accord-langues.com\",\"telephone\":\"+33155335233\",\"legalName\":\"FORUM ACCORD\",\"foundingDate\":\"1990-02-23\",\"numberOfEmployees\":{\"@type\":\"QuantitativeValue\",\"minValue\":\"11\",\"maxValue\":\"50\"}}]}<\/script>\n<!-- \/ Yoast SEO Premium plugin. -->","yoast_head_json":{"title":"Franz\u00f6sischkurse in der ACCORD Sprachschule - Accord Paris","description":"Die ACCORD Sprachschule bietet Ihnen die beste M\u00f6glichkeit Ihre Sprachkenntnisse zu verbessern. Franz\u00f6sischkurse in der ACCORD Sprachschule.","robots":{"index":"index","follow":"follow","max-snippet":"max-snippet:-1","max-image-preview":"max-image-preview:large","max-video-preview":"max-video-preview:-1"},"canonical":"https:\/\/www.accord-langues.com\/de\/franzoesischkurse-in-der-accord-sprachschule\/","og_locale":"de_DE","og_type":"article","og_title":"Franz\u00f6sischkurse in der ACCORD Sprachschule","og_description":"Die ACCORD Sprachschule bietet Ihnen die beste M\u00f6glichkeit Ihre Sprachkenntnisse zu verbessern. Franz\u00f6sischkurse in der ACCORD Sprachschule.","og_url":"https:\/\/www.accord-langues.com\/de\/franzoesischkurse-in-der-accord-sprachschule\/","og_site_name":"Accord Paris","article_publisher":"https:\/\/www.facebook.com\/accordecoledelangues","article_modified_time":"2025-12-20T09:19:09+00:00","og_image":[{"width":70,"height":71,"url":"https:\/\/www.accord-langues.com\/wp-content\/uploads\/2016\/12\/wifi-en-bleu.jpg","type":"image\/jpeg"}],"twitter_card":"summary_large_image","twitter_misc":{"Gesch\u00e4tzte Lesezeit":"3\u00a0Minuten"},"schema":{"@context":"https:\/\/schema.org","@graph":[{"@type":"WebPage","@id":"https:\/\/www.accord-langues.com\/de\/franzoesischkurse-in-der-accord-sprachschule\/","url":"https:\/\/www.accord-langues.com\/de\/franzoesischkurse-in-der-accord-sprachschule\/","name":"Franz\u00f6sischkurse in der ACCORD Sprachschule - Accord Paris","isPartOf":{"@id":"https:\/\/www.accord-langues.com\/de\/#website"},"primaryImageOfPage":{"@id":"https:\/\/www.accord-langues.com\/de\/franzoesischkurse-in-der-accord-sprachschule\/#primaryimage"},"image":{"@id":"https:\/\/www.accord-langues.com\/de\/franzoesischkurse-in-der-accord-sprachschule\/#primaryimage"},"thumbnailUrl":"https:\/\/www.accord-langues.com\/wp-content\/uploads\/2016\/12\/wifi-en-bleu.jpg","datePublished":"2016-12-12T16:18:30+00:00","dateModified":"2025-12-20T09:19:09+00:00","description":"Die ACCORD Sprachschule bietet Ihnen die beste M\u00f6glichkeit Ihre Sprachkenntnisse zu verbessern. Franz\u00f6sischkurse in der ACCORD Sprachschule.","inLanguage":"de","potentialAction":[{"@type":"ReadAction","target":["https:\/\/www.accord-langues.com\/de\/franzoesischkurse-in-der-accord-sprachschule\/"]}]},{"@type":"ImageObject","inLanguage":"de","@id":"https:\/\/www.accord-langues.com\/de\/franzoesischkurse-in-der-accord-sprachschule\/#primaryimage","url":"https:\/\/www.accord-langues.com\/wp-content\/uploads\/2016\/12\/wifi-en-bleu.jpg","contentUrl":"https:\/\/www.accord-langues.com\/wp-content\/uploads\/2016\/12\/wifi-en-bleu.jpg"},{"@type":"WebSite","@id":"https:\/\/www.accord-langues.com\/de\/#website","url":"https:\/\/www.accord-langues.com\/de\/","name":"Accord Paris","description":"Learn French in France","publisher":{"@id":"https:\/\/www.accord-langues.com\/de\/#organization"},"potentialAction":[{"@type":"SearchAction","target":{"@type":"EntryPoint","urlTemplate":"https:\/\/www.accord-langues.com\/de\/?s={search_term_string}"},"query-input":{"@type":"PropertyValueSpecification","valueRequired":true,"valueName":"search_term_string"}}],"inLanguage":"de"},{"@type":"Organization","@id":"https:\/\/www.accord-langues.com\/de\/#organization","name":"ACCORD Tour Eiffel","alternateName":"Learn French in Paris","url":"https:\/\/www.accord-langues.com\/de\/","logo":{"@type":"ImageObject","inLanguage":"de","@id":"https:\/\/www.accord-langues.com\/de\/#\/schema\/logo\/image\/","url":"https:\/\/www.accord-langues.com\/wp-content\/uploads\/2016\/06\/Logo.png","contentUrl":"https:\/\/www.accord-langues.com\/wp-content\/uploads\/2016\/06\/Logo.png","width":290,"height":70,"caption":"ACCORD Tour Eiffel"},"image":{"@id":"https:\/\/www.accord-langues.com\/de\/#\/schema\/logo\/image\/"},"sameAs":["https:\/\/www.facebook.com\/accordecoledelangues","https:\/\/www.linkedin.com\/groups\/4542133\/"],"description":"ACCORD French Language School is one of the leading schools in France for teaching French to foreign students and offering high quality French language courses in Paris. The ACCORD language school is located in the heart of Paris, nearby the Eiffel Tower. The ACCORD school is open all year round and welcomes students from all over the world from the age of 16 in its French language courses. ACCORD school is accredited by the official \u201cQualit\u00e9 FLE\u201d label and is member of CAMPUS FRANCE, SOUFFLE and Atout France. ACCORD is official exam center for the TCF IRN, TCF TP, TCF Qu\u00e9bec and TCF Canada.","email":"info@accord-langues.com","telephone":"+33155335233","legalName":"FORUM ACCORD","foundingDate":"1990-02-23","numberOfEmployees":{"@type":"QuantitativeValue","minValue":"11","maxValue":"50"}}]}},"_links":{"self":[{"href":"https:\/\/www.accord-langues.com\/de\/wp-json\/wp\/v2\/pages\/5775","targetHints":{"allow":["GET"]}}],"collection":[{"href":"https:\/\/www.accord-langues.com\/de\/wp-json\/wp\/v2\/pages"}],"about":[{"href":"https:\/\/www.accord-langues.com\/de\/wp-json\/wp\/v2\/types\/page"}],"author":[{"embeddable":true,"href":"https:\/\/www.accord-langues.com\/de\/wp-json\/wp\/v2\/users\/10"}],"replies":[{"embeddable":true,"href":"https:\/\/www.accord-langues.com\/de\/wp-json\/wp\/v2\/comments?post=5775"}],"version-history":[{"count":1,"href":"https:\/\/www.accord-langues.com\/de\/wp-json\/wp\/v2\/pages\/5775\/revisions"}],"predecessor-version":[{"id":25841,"href":"https:\/\/www.accord-langues.com\/de\/wp-json\/wp\/v2\/pages\/5775\/revisions\/25841"}],"wp:attachment":[{"href":"https:\/\/www.accord-langues.com\/de\/wp-json\/wp\/v2\/media?parent=5775"}],"curies":[{"name":"wp","href":"https:\/\/api.w.org\/{rel}","templated":true}]}}