{"id":5772,"date":"2016-06-23T13:21:47","date_gmt":"2016-06-23T12:21:47","guid":{"rendered":"https:\/\/www.accord-langues.com\/accord-dates-and-prices\/"},"modified":"2025-09-11T12:54:15","modified_gmt":"2025-09-11T11:54:15","slug":"accord-termine-und-preise","status":"publish","type":"page","link":"https:\/\/www.accord-langues.com\/de\/accord-termine-und-preise\/","title":{"rendered":"ACCORD Termine und Preise"},"content":{"rendered":"<div class=\"wpb-content-wrapper\"><p>[vc_row][vc_column][vc_column_text]<\/p>\n<p>[vc_row full_width=&#8220;stretch_row&#8220; content_placement=&#8220;middle&#8220; css=&#8220;.vc_custom_1509009556865{background-image: url(https:\/\/www.accord-langues.com\/wp-content\/uploads\/2016\/10\/adult-course.jpg?id=348) !important;background-position: center !important;background-repeat: no-repeat !important;background-size: cover !important;}&#8220; el_class=&#8220;header-image&#8220;][vc_column width=&#8220;2\/3&#8243; offset=&#8220;vc_col-sm-offset-2&#8243;][vc_column_text]<\/p>\n<h1>ACCORD Termine und Preise<\/h1>\n<p><strong>Mit ACCORD Franz\u00f6sisch in Frankreich lernen und studieren<\/strong>[\/vc_column_text][\/vc_column][\/vc_row][vc_row][vc_column][vc_column_text]<\/p>\n<h2 style=\"text-align: center; margin-bottom: 0px;\"><span style=\"color: #ff6600;\">ACCORD in Frankreich und England<\/span><\/h2>\n<p>[\/vc_column_text][vc_column_text]<\/p>\n<h3><span style=\"color: #ff6600;\">ACCORD Dokumente herunterladen<\/span><\/h3>\n<p>Um die ACCORD Dokumente herunterzuladen, einfach das Dokument anklicken, das Sie lesen m\u00f6chten.<\/p>\n<p>Sie k\u00f6nnen auch ACCORD ISS (<a href=\"https:\/\/www.accord-iss.com\/\" target=\"_blank\" rel=\"noopener noreferrer\">Juniorprogramme in England<\/a>) Preise und Buchungsformulare herunterladen.[\/vc_column_text][vc_separator][\/vc_column][\/vc_row][vc_row full_width=&#8220;stretch_row&#8220; css=&#8220;.vc_custom_1524563317594{padding-bottom: 40px !important;}&#8220;][vc_column][vc_row_inner][vc_column_inner][vc_column_text css=&#8220;&#8220;]<\/p>\n<h3>ACCORD Paris<\/h3>\n<p><a href=\"https:\/\/www.accord-langues.com\/de\/guenstiger-franzoesischkurs-in-frankreich\/\" target=\"_blank\" rel=\"noopener\"><strong>Franz\u00f6sischkurse f\u00fcr Erwachsene<\/strong><\/a>\u00a0(+16)<\/p>\n<p><strong><a href=\"https:\/\/www.accord-langues.com\/wp-content\/uploads\/2024\/08\/ACCORD-Paris-2025-Dates-Prices.pdf\" target=\"_blank\" rel=\"noopener\">2025 Termine &amp; Preise &#8211; Kurse f\u00fcr Erwachsene<\/a>\u00a0<\/strong>(Dokument auf Englisch)<br \/>\n<a href=\"https:\/\/www.accord-langues.com\/wp-content\/uploads\/2024\/08\/Booking-Form-2025.pdf\" target=\"_blank\" rel=\"noopener\"><strong>2025 Anmeldeformular <\/strong><\/a>(Dokument auf Englisch)<\/p>\n<p><strong><a href=\"https:\/\/www.accord-langues.com\/wp-content\/uploads\/2025\/07\/2026-Dates-Prices-v.2.pdf\" target=\"_blank\" rel=\"noopener\">2026 Termine &amp; Preise &#8211; Kurse f\u00fcr Erwachsene<\/a>\u00a0<\/strong>(Dokument auf Englisch)<br \/>\n<a href=\"https:\/\/www.accord-langues.com\/wp-content\/uploads\/2025\/06\/2026-Booking-Form.pdf\" target=\"_blank\" rel=\"noopener\"><strong>2026 Anmeldeformular <\/strong><\/a>(Dokument auf Englisch)<\/p>\n<div id='gallery-1' class='gallery galleryid-5772 gallery-columns-1 gallery-size-large'><figure class='gallery-item'>\n\t\t\t<div class='gallery-icon landscape'>\n\t\t\t\t<a href='https:\/\/www.accord-langues.com\/wp-content\/uploads\/2023\/03\/ACCORD-Tour-Eiffel-29-3.jpg'><img decoding=\"async\" width=\"640\" height=\"427\" src=\"https:\/\/www.accord-langues.com\/wp-content\/uploads\/2023\/03\/ACCORD-Tour-Eiffel-29-3-1024x683.jpg\" class=\"attachment-large size-large\" alt=\"Bester Franz\u00f6sisch-Sprachkurs in Paris in Frankreich\" srcset=\"https:\/\/www.accord-langues.com\/wp-content\/uploads\/2023\/03\/ACCORD-Tour-Eiffel-29-3-1024x683.jpg 1024w, https:\/\/www.accord-langues.com\/wp-content\/uploads\/2023\/03\/ACCORD-Tour-Eiffel-29-3-300x200.jpg 300w, https:\/\/www.accord-langues.com\/wp-content\/uploads\/2023\/03\/ACCORD-Tour-Eiffel-29-3-768x512.jpg 768w, https:\/\/www.accord-langues.com\/wp-content\/uploads\/2023\/03\/ACCORD-Tour-Eiffel-29-3-1536x1024.jpg 1536w, https:\/\/www.accord-langues.com\/wp-content\/uploads\/2023\/03\/ACCORD-Tour-Eiffel-29-3.jpg 1600w\" sizes=\"(max-width: 640px) 100vw, 640px\" title=\"Bester Franz\u00f6sisch-Sprachkurs in Paris in Frankreich\" \/><\/a>\n\t\t\t<\/div><\/figure>\n\t\t<\/div>\n\n<p>[\/vc_column_text][\/vc_column_inner][\/vc_row_inner][vc_separator][vc_row_inner][vc_column_inner][vc_column_text css=&#8220;&#8220;]<\/p>\n<h3><a href=\"https:\/\/www.accord-iss.com\/\" target=\"_blank\" rel=\"noopener noreferrer\">PSG Academy UK summer camps<\/a><\/h3>\n<p><strong>Download:<\/strong><\/p>\n<p><strong><a href=\"https:\/\/www.paris-move.com\/wp-content\/uploads\/2025\/09\/RESIDENTIAL-SOCCER-CAMP-2026.pdf\" target=\"_blank\" rel=\"noopener\">Brochure of the PSG Academy UK summer camps<\/a><\/strong><\/p>\n<p><strong><a href=\"https:\/\/www.paris-move.com\/wp-content\/uploads\/2025\/09\/RESIDENTIAL-SOCCER-CAMP-2026.pdf\" target=\"_blank\" rel=\"noopener\">2026 Dates &amp; Prices of the RHS<\/a>\u00a0(Royal Hospital School) summer camp<\/strong><\/p>\n<p><strong><a href=\"https:\/\/www.paris-move.com\/wp-content\/uploads\/2025\/09\/Rossall-Dates-Prices-Summer-2026.pdf.pdf\" target=\"_blank\" rel=\"noopener\">2026 Dates &amp; Prices of the Rossall summer camp<\/a><\/strong><\/p>\n<p>Contact:\u00a0<a class=\"oxMbJNUmKXxmzAnSYiWfNzvRkeFXMmwFzFDU \" tabindex=\"0\" href=\"mailto:info@psgacademyuk.com\" target=\"_self\" data-test-app-aware-link=\"\">info@psgacademyuk.com<\/a><\/p>\n<p><strong><a href=\"https:\/\/www.psgacademyuk.com\/\" target=\"_blank\" rel=\"noopener\">Website<\/a><\/strong><\/p>\n<div id='gallery-2' class='gallery galleryid-5772 gallery-columns-1 gallery-size-large'><figure class='gallery-item'>\n\t\t\t<div class='gallery-icon landscape'>\n\t\t\t\t<a href='https:\/\/www.accord-langues.com\/wp-content\/uploads\/2022\/12\/IMG_6014-001.jpg'><img decoding=\"async\" width=\"640\" height=\"361\" src=\"https:\/\/www.accord-langues.com\/wp-content\/uploads\/2022\/12\/IMG_6014-001-1024x577.jpg\" class=\"attachment-large size-large\" alt=\"ACCORD ISS - PSG Academy England\" srcset=\"https:\/\/www.accord-langues.com\/wp-content\/uploads\/2022\/12\/IMG_6014-001-1024x577.jpg 1024w, https:\/\/www.accord-langues.com\/wp-content\/uploads\/2022\/12\/IMG_6014-001-300x169.jpg 300w, https:\/\/www.accord-langues.com\/wp-content\/uploads\/2022\/12\/IMG_6014-001-768x433.jpg 768w, https:\/\/www.accord-langues.com\/wp-content\/uploads\/2022\/12\/IMG_6014-001.jpg 1200w\" sizes=\"(max-width: 640px) 100vw, 640px\" title=\"ACCORD ISS - PSG Academy England\" \/><\/a>\n\t\t\t<\/div><\/figure>\n\t\t<\/div>\n\n<p>[\/vc_column_text][\/vc_column_inner][\/vc_row_inner][vc_separator][\/vc_column][\/vc_row][vc_row full_width=&#8220;stretch_row&#8220; css=&#8220;.vc_custom_1471605768894{padding-top: 20px !important;background-color: #f0f0f0 !important;}&#8220; el_id=&#8220;homepage-boxes&#8220;][vc_column][\/vc_column][\/vc_row][vc_row][vc_column][vc_column_text]<\/p>\n<p>[\/vc_column_text][\/vc_column][\/vc_row]<\/p>\n<\/div>","protected":false},"excerpt":{"rendered":"<p>[vc_row][vc_column][vc_column_text] [vc_row full_width=&#8220;stretch_row&#8220; content_placement=&#8220;middle&#8220; css=&#8220;.vc_custom_1509009556865{background-image: url(https:\/\/www.accord-langues.com\/wp-content\/uploads\/2016\/10\/adult-course.jpg?id=348) !important;background-position: center !important;background-repeat: no-repeat !important;background-size: cover !important;}&#8220; el_class=&#8220;header-image&#8220;][vc_column width=&#8220;2\/3&#8243; offset=&#8220;vc_col-sm-offset-2&#8243;][vc_column_text] ACCORD Termine und Preise Mit ACCORD Franz\u00f6sisch in Frankreich lernen und studieren[\/vc_column_text][\/vc_column][\/vc_row][vc_row][vc_column][vc_column_text] ACCORD in Frankreich und England [\/vc_column_text][vc_column_text] ACCORD Dokumente herunterladen Um die ACCORD Dokumente herunterzuladen, einfach das Dokument anklicken, das Sie lesen m\u00f6chten. Sie k\u00f6nnen auch ACCORD ISS [&hellip;]<\/p>\n","protected":false},"author":10,"featured_media":0,"parent":0,"menu_order":0,"comment_status":"closed","ping_status":"closed","template":"","meta":{"_acf_changed":false,"footnotes":""},"class_list":["post-5772","page","type-page","status-publish","hentry"],"acf":[],"yoast_head":"<!-- This site is optimized with the Yoast SEO Premium plugin v27.5 (Yoast SEO v27.5) - https:\/\/yoast.com\/product\/yoast-seo-premium-wordpress\/ -->\n<title>ACCORD Termine und Preise - FLE Accord Paris in Frankreich<\/title>\n<meta name=\"description\" content=\"ACCORD Termine und Preise f\u00fcr die Franz\u00f6sischkurse in Paris in Frankreich, f\u00fcr die Sprachreisen und Fu\u00dfballcamps f\u00fcr Teenager in England.\" \/>\n<meta name=\"robots\" content=\"index, follow, max-snippet:-1, max-image-preview:large, max-video-preview:-1\" \/>\n<link rel=\"canonical\" href=\"https:\/\/www.accord-langues.com\/de\/accord-termine-und-preise\/\" \/>\n<meta property=\"og:locale\" content=\"de_DE\" \/>\n<meta property=\"og:type\" content=\"article\" \/>\n<meta property=\"og:title\" content=\"ACCORD Termine und Preise\" \/>\n<meta property=\"og:description\" content=\"ACCORD Termine und Preise f\u00fcr die Franz\u00f6sischkurse in Paris in Frankreich, f\u00fcr die Sprachreisen und Fu\u00dfballcamps f\u00fcr Teenager in England.\" \/>\n<meta property=\"og:url\" content=\"https:\/\/www.accord-langues.com\/de\/accord-termine-und-preise\/\" \/>\n<meta property=\"og:site_name\" content=\"Accord Paris\" \/>\n<meta property=\"article:publisher\" content=\"https:\/\/www.facebook.com\/accordecoledelangues\" \/>\n<meta property=\"article:modified_time\" content=\"2025-09-11T11:54:15+00:00\" \/>\n<meta property=\"og:image\" content=\"https:\/\/www.accord-langues.com\/wp-content\/uploads\/2024\/02\/ACCORD-French-Language-School-in-Paris-low-res.jpg\" \/>\n\t<meta property=\"og:image:width\" content=\"1200\" \/>\n\t<meta property=\"og:image:height\" content=\"867\" \/>\n\t<meta property=\"og:image:type\" content=\"image\/jpeg\" \/>\n<meta name=\"twitter:card\" content=\"summary_large_image\" \/>\n<meta name=\"twitter:label1\" content=\"Gesch\u00e4tzte Lesezeit\" \/>\n\t<meta name=\"twitter:data1\" content=\"1\u00a0Minute\" \/>\n<script type=\"application\/ld+json\" class=\"yoast-schema-graph\">{\"@context\":\"https:\\\/\\\/schema.org\",\"@graph\":[{\"@type\":\"WebPage\",\"@id\":\"https:\\\/\\\/www.accord-langues.com\\\/de\\\/accord-termine-und-preise\\\/\",\"url\":\"https:\\\/\\\/www.accord-langues.com\\\/de\\\/accord-termine-und-preise\\\/\",\"name\":\"ACCORD Termine und Preise - FLE Accord Paris in Frankreich\",\"isPartOf\":{\"@id\":\"https:\\\/\\\/www.accord-langues.com\\\/de\\\/#website\"},\"datePublished\":\"2016-06-23T12:21:47+00:00\",\"dateModified\":\"2025-09-11T11:54:15+00:00\",\"description\":\"ACCORD Termine und Preise f\u00fcr die Franz\u00f6sischkurse in Paris in Frankreich, f\u00fcr die Sprachreisen und Fu\u00dfballcamps f\u00fcr Teenager in England.\",\"inLanguage\":\"de\",\"potentialAction\":[{\"@type\":\"ReadAction\",\"target\":[\"https:\\\/\\\/www.accord-langues.com\\\/de\\\/accord-termine-und-preise\\\/\"]}]},{\"@type\":\"WebSite\",\"@id\":\"https:\\\/\\\/www.accord-langues.com\\\/de\\\/#website\",\"url\":\"https:\\\/\\\/www.accord-langues.com\\\/de\\\/\",\"name\":\"Accord Paris\",\"description\":\"Learn French in France\",\"publisher\":{\"@id\":\"https:\\\/\\\/www.accord-langues.com\\\/de\\\/#organization\"},\"potentialAction\":[{\"@type\":\"SearchAction\",\"target\":{\"@type\":\"EntryPoint\",\"urlTemplate\":\"https:\\\/\\\/www.accord-langues.com\\\/de\\\/?s={search_term_string}\"},\"query-input\":{\"@type\":\"PropertyValueSpecification\",\"valueRequired\":true,\"valueName\":\"search_term_string\"}}],\"inLanguage\":\"de\"},{\"@type\":\"Organization\",\"@id\":\"https:\\\/\\\/www.accord-langues.com\\\/de\\\/#organization\",\"name\":\"ACCORD Tour Eiffel\",\"alternateName\":\"Learn French in Paris\",\"url\":\"https:\\\/\\\/www.accord-langues.com\\\/de\\\/\",\"logo\":{\"@type\":\"ImageObject\",\"inLanguage\":\"de\",\"@id\":\"https:\\\/\\\/www.accord-langues.com\\\/de\\\/#\\\/schema\\\/logo\\\/image\\\/\",\"url\":\"https:\\\/\\\/www.accord-langues.com\\\/wp-content\\\/uploads\\\/2016\\\/06\\\/Logo.png\",\"contentUrl\":\"https:\\\/\\\/www.accord-langues.com\\\/wp-content\\\/uploads\\\/2016\\\/06\\\/Logo.png\",\"width\":290,\"height\":70,\"caption\":\"ACCORD Tour Eiffel\"},\"image\":{\"@id\":\"https:\\\/\\\/www.accord-langues.com\\\/de\\\/#\\\/schema\\\/logo\\\/image\\\/\"},\"sameAs\":[\"https:\\\/\\\/www.facebook.com\\\/accordecoledelangues\",\"https:\\\/\\\/www.linkedin.com\\\/groups\\\/4542133\\\/\"],\"description\":\"ACCORD French Language School is one of the leading schools in France for teaching French to foreign students and offering high quality French language courses in Paris. The ACCORD language school is located in the heart of Paris, nearby the Eiffel Tower. The ACCORD school is open all year round and welcomes students from all over the world from the age of 16 in its French language courses. ACCORD school is accredited by the official \u201cQualit\u00e9 FLE\u201d label and is member of CAMPUS FRANCE, SOUFFLE and Atout France. ACCORD is official exam center for the TCF IRN, TCF TP, TCF Qu\u00e9bec and TCF Canada.\",\"email\":\"info@accord-langues.com\",\"telephone\":\"+33155335233\",\"legalName\":\"FORUM ACCORD\",\"foundingDate\":\"1990-02-23\",\"numberOfEmployees\":{\"@type\":\"QuantitativeValue\",\"minValue\":\"11\",\"maxValue\":\"50\"}}]}<\/script>\n<!-- \/ Yoast SEO Premium plugin. -->","yoast_head_json":{"title":"ACCORD Termine und Preise - FLE Accord Paris in Frankreich","description":"ACCORD Termine und Preise f\u00fcr die Franz\u00f6sischkurse in Paris in Frankreich, f\u00fcr die Sprachreisen und Fu\u00dfballcamps f\u00fcr Teenager in England.","robots":{"index":"index","follow":"follow","max-snippet":"max-snippet:-1","max-image-preview":"max-image-preview:large","max-video-preview":"max-video-preview:-1"},"canonical":"https:\/\/www.accord-langues.com\/de\/accord-termine-und-preise\/","og_locale":"de_DE","og_type":"article","og_title":"ACCORD Termine und Preise","og_description":"ACCORD Termine und Preise f\u00fcr die Franz\u00f6sischkurse in Paris in Frankreich, f\u00fcr die Sprachreisen und Fu\u00dfballcamps f\u00fcr Teenager in England.","og_url":"https:\/\/www.accord-langues.com\/de\/accord-termine-und-preise\/","og_site_name":"Accord Paris","article_publisher":"https:\/\/www.facebook.com\/accordecoledelangues","article_modified_time":"2025-09-11T11:54:15+00:00","og_image":[{"width":1200,"height":867,"url":"https:\/\/www.accord-langues.com\/wp-content\/uploads\/2024\/02\/ACCORD-French-Language-School-in-Paris-low-res.jpg","type":"image\/jpeg"}],"twitter_card":"summary_large_image","twitter_misc":{"Gesch\u00e4tzte Lesezeit":"1\u00a0Minute"},"schema":{"@context":"https:\/\/schema.org","@graph":[{"@type":"WebPage","@id":"https:\/\/www.accord-langues.com\/de\/accord-termine-und-preise\/","url":"https:\/\/www.accord-langues.com\/de\/accord-termine-und-preise\/","name":"ACCORD Termine und Preise - FLE Accord Paris in Frankreich","isPartOf":{"@id":"https:\/\/www.accord-langues.com\/de\/#website"},"datePublished":"2016-06-23T12:21:47+00:00","dateModified":"2025-09-11T11:54:15+00:00","description":"ACCORD Termine und Preise f\u00fcr die Franz\u00f6sischkurse in Paris in Frankreich, f\u00fcr die Sprachreisen und Fu\u00dfballcamps f\u00fcr Teenager in England.","inLanguage":"de","potentialAction":[{"@type":"ReadAction","target":["https:\/\/www.accord-langues.com\/de\/accord-termine-und-preise\/"]}]},{"@type":"WebSite","@id":"https:\/\/www.accord-langues.com\/de\/#website","url":"https:\/\/www.accord-langues.com\/de\/","name":"Accord Paris","description":"Learn French in France","publisher":{"@id":"https:\/\/www.accord-langues.com\/de\/#organization"},"potentialAction":[{"@type":"SearchAction","target":{"@type":"EntryPoint","urlTemplate":"https:\/\/www.accord-langues.com\/de\/?s={search_term_string}"},"query-input":{"@type":"PropertyValueSpecification","valueRequired":true,"valueName":"search_term_string"}}],"inLanguage":"de"},{"@type":"Organization","@id":"https:\/\/www.accord-langues.com\/de\/#organization","name":"ACCORD Tour Eiffel","alternateName":"Learn French in Paris","url":"https:\/\/www.accord-langues.com\/de\/","logo":{"@type":"ImageObject","inLanguage":"de","@id":"https:\/\/www.accord-langues.com\/de\/#\/schema\/logo\/image\/","url":"https:\/\/www.accord-langues.com\/wp-content\/uploads\/2016\/06\/Logo.png","contentUrl":"https:\/\/www.accord-langues.com\/wp-content\/uploads\/2016\/06\/Logo.png","width":290,"height":70,"caption":"ACCORD Tour Eiffel"},"image":{"@id":"https:\/\/www.accord-langues.com\/de\/#\/schema\/logo\/image\/"},"sameAs":["https:\/\/www.facebook.com\/accordecoledelangues","https:\/\/www.linkedin.com\/groups\/4542133\/"],"description":"ACCORD French Language School is one of the leading schools in France for teaching French to foreign students and offering high quality French language courses in Paris. The ACCORD language school is located in the heart of Paris, nearby the Eiffel Tower. The ACCORD school is open all year round and welcomes students from all over the world from the age of 16 in its French language courses. ACCORD school is accredited by the official \u201cQualit\u00e9 FLE\u201d label and is member of CAMPUS FRANCE, SOUFFLE and Atout France. ACCORD is official exam center for the TCF IRN, TCF TP, TCF Qu\u00e9bec and TCF Canada.","email":"info@accord-langues.com","telephone":"+33155335233","legalName":"FORUM ACCORD","foundingDate":"1990-02-23","numberOfEmployees":{"@type":"QuantitativeValue","minValue":"11","maxValue":"50"}}]}},"_links":{"self":[{"href":"https:\/\/www.accord-langues.com\/de\/wp-json\/wp\/v2\/pages\/5772","targetHints":{"allow":["GET"]}}],"collection":[{"href":"https:\/\/www.accord-langues.com\/de\/wp-json\/wp\/v2\/pages"}],"about":[{"href":"https:\/\/www.accord-langues.com\/de\/wp-json\/wp\/v2\/types\/page"}],"author":[{"embeddable":true,"href":"https:\/\/www.accord-langues.com\/de\/wp-json\/wp\/v2\/users\/10"}],"replies":[{"embeddable":true,"href":"https:\/\/www.accord-langues.com\/de\/wp-json\/wp\/v2\/comments?post=5772"}],"version-history":[{"count":0,"href":"https:\/\/www.accord-langues.com\/de\/wp-json\/wp\/v2\/pages\/5772\/revisions"}],"wp:attachment":[{"href":"https:\/\/www.accord-langues.com\/de\/wp-json\/wp\/v2\/media?parent=5772"}],"curies":[{"name":"wp","href":"https:\/\/api.w.org\/{rel}","templated":true}]}}