{"id":5767,"date":"2017-10-30T11:14:27","date_gmt":"2017-10-30T11:14:27","guid":{"rendered":"https:\/\/www.accord-langues.com\/french-school-accreditations\/"},"modified":"2025-12-20T09:20:41","modified_gmt":"2025-12-20T09:20:41","slug":"zulassungen-als-franzoesischschule","status":"publish","type":"page","link":"https:\/\/www.accord-langues.com\/de\/zulassungen-als-franzoesischschule\/","title":{"rendered":"Zulassungen als Franz\u00f6sischschule"},"content":{"rendered":"<div class=\"wpb-content-wrapper\"><p>[vc_row full_width=&#8220;stretch_row&#8220; content_placement=&#8220;middle&#8220; css=&#8220;.vc_custom_1509009556865{background-image: url(https:\/\/www.accord-langues.com\/wp-content\/uploads\/2016\/10\/adult-course.jpg?id=348) !important;background-position: center !important;background-repeat: no-repeat !important;background-size: cover !important;}&#8220; el_class=&#8220;header-image&#8220;][vc_column width=&#8220;2\/3&#8243; offset=&#8220;vc_col-sm-offset-2&#8243;][vc_column_text]<\/p>\n<h1 style=\"text-align: center;\"><strong>Zulassungen &amp; Referenzen der ACCORD Franz\u00f6sischschule<\/strong><\/h1>\n<p><strong>Lernen Sie Franz\u00f6sisch in einer qualitativ hochwertigen Pariser Franz\u00f6sischschule<\/strong><br \/>\n<strong>Zulassungen als Hilfe bei der Wahl einer qualitativ hochwertigen Franz\u00f6sischschule<\/strong><br \/>\n<strong>W\u00e4hlen Sie eine zugelassene Franz\u00f6sischschule in Frankreich !<\/strong>[\/vc_column_text][\/vc_column][\/vc_row][vc_row][vc_column][vc_column_text css=&#8220;&#8220;]<\/p>\n<h2 style=\"text-align: center; margin-bottom: 0px;\">Zulassungen als Franz\u00f6sischschule<\/h2>\n<p>[\/vc_column_text][vc_column_text]<\/p>\n<p style=\"text-align: center;\">Zulassungen als Franz\u00f6sischschule erm\u00f6glichen den Kursteilnehmer Franz\u00f6sischschulen, die den Erwartungen entsprechende Kurse und Serviceleistungen anbieten, zu finden, zu erkennen und zu w\u00e4hlen.<\/p>\n<p>[\/vc_column_text][vc_separator][\/vc_column][\/vc_row][vc_row full_width=&#8220;stretch_row&#8220; css=&#8220;.vc_custom_1524566371249{padding-bottom: 40px !important;}&#8220;][vc_column][vc_row_inner][vc_column_inner width=&#8220;1\/6&#8243;][vc_single_image image=&#8220;9705&#8243; img_size=&#8220;130&#215;187&#8243; onclick=&#8220;custom_link&#8220; img_link_target=&#8220;_blank&#8220; link=&#8220;http:\/\/www.qualitefle.fr\/en&#8220;][\/vc_column_inner][vc_column_inner width=&#8220;5\/6&#8243;][vc_column_text]<\/p>\n<h3>Qualite FLE Kennzeichnung<\/h3>\n<p>Eine der wichtigsten offiziellen Zulassungen als Franz\u00f6sischschule ist die Kennzeichnung \u201cQualit\u00e9 FLE\u201d. ACCORD Paris war 2007 eine der ersten Schulen Frankreichs, die das G\u00fctesiegel \u201cQualit\u00e9 FLE\u201d erhalten haben. Diese offizielle franz\u00f6sische Zulassung garantiert die Qualit\u00e4t des Unterrichts, der R\u00e4umlichkeiten und der angebotenen Serviceleistungen (Verwaltung, Eintragung, Unterkunft, ec.) <a href=\"https:\/\/www.accord-langues.com\/de\/accord-franzoesischschulen\/\" target=\"_blank\" rel=\"noopener noreferrer\">einer in Frankreich gelegenen Schule, die Franz\u00f6sisch als Fremdsprache unterrichtet<\/a>.[\/vc_column_text][\/vc_column_inner][\/vc_row_inner][vc_separator][vc_row_inner][vc_column_inner width=&#8220;1\/6&#8243;][vc_single_image image=&#8220;3361&#8243; img_size=&#8220;full&#8220; onclick=&#8220;custom_link&#8220; img_link_target=&#8220;_blank&#8220; link=&#8220;https:\/\/www.accord-langues.com\/&#8220;][\/vc_column_inner][vc_column_inner width=&#8220;5\/6&#8243;][vc_column_text]<\/p>\n<h3>ACCORD Paris : Private Hochschule<\/h3>\n<p>Zulassungen als Franz\u00f6sischschule: ACCORD Paris ist als private Hochschule (N\u00b0588) an der Akademie Paris \u2013 Ministerium f\u00fcr Hochschulen eingetragen. \u00c4hnlich wie bei den Zulassungen unserer Franz\u00f6sischschule als private Hochschule, ist dies eine weitere Garantie der Qualit\u00e4t von ACCORD Paris.[\/vc_column_text][\/vc_column_inner][\/vc_row_inner][vc_separator][vc_row_inner][vc_column_inner width=&#8220;1\/6&#8243;][vc_single_image image=&#8220;3186&#8243; img_size=&#8220;full&#8220; onclick=&#8220;custom_link&#8220; img_link_target=&#8220;_blank&#8220; link=&#8220;https:\/\/www.campusfrance.org\/en&#8220;][\/vc_column_inner][vc_column_inner width=&#8220;5\/6&#8243;][vc_column_text]<\/p>\n<h3>Campus France<\/h3>\n<p>ACCORD Paris ist ein Mitglied des CAMPUS FRANCE.<br \/>\nCAMPUS FRANCE ist eine offizielle Organisation (per Gesetz N\u00b02010-873 des Franz\u00f6sischen Staats vom 27. Januar 2010 gegr\u00fcndet), mit dem Ziel, \u00fcber das franz\u00f6sische Hochschulsystem im Ausland zu informieren und es dort zu propagieren und vorzustellen. Wie die Zulassungen f\u00fcr Franz\u00f6sischschulen, ist die Mitgliedschaft im CAMPUS FRANCE ein weiteres G\u00fctesiegel f\u00fcr die Qualit\u00e4t der <a href=\"https:\/\/www.accord-langues.com\/de\/accord-franzoesischschulen\/\" target=\"_blank\" rel=\"noopener noreferrer\">ACCORD Paris Sprachschule<\/a>.[\/vc_column_text][\/vc_column_inner][\/vc_row_inner][vc_separator][vc_row_inner][vc_column_inner width=&#8220;1\/6&#8243;][vc_single_image image=&#8220;3331&#8243; img_size=&#8220;full&#8220; onclick=&#8220;custom_link&#8220; img_link_target=&#8220;_blank&#8220; link=&#8220;http:\/\/www.souffle.asso.fr\/&#8220;][\/vc_column_inner][vc_column_inner width=&#8220;5\/6&#8243;][vc_column_text css=&#8220;&#8220;]<\/p>\n<h3><a href=\"https:\/\/souffle-fle.com\/ecoles-adultes\/accord-paris\/\" target=\"_blank\" rel=\"noopener\">SOUFFLE<\/a><\/h3>\n<p>Des Weiteren ist ACCORD Paris Mitglied von SOUFFLE, einem Fachverband qualitativ hochwertiger Sprachschulen, die Franz\u00f6sisch als Fremdsprache unterrichten. Die SOUFFLE Franz\u00f6sischschulen haben sich verpflichtet, die hohe Qualit\u00e4t ihrer Kurse und Serviceleistungen zu bewahren. Darum m\u00fcssen alle in Frankreich gelegenen SOUFFLE FLE Schulen \u00fcber die erforderlichen Zulassungen f\u00fcr Franz\u00f6sischschulen verf\u00fcgen.[\/vc_column_text][\/vc_column_inner][\/vc_row_inner][vc_separator][vc_row_inner][vc_column_inner width=&#8220;1\/6&#8243;][vc_single_image image=&#8220;3526&#8243; img_size=&#8220;full&#8220; onclick=&#8220;custom_link&#8220; img_link_target=&#8220;_blank&#8220; css=&#8220;.vc_custom_1532335020762{margin-top: 20px !important;}&#8220; link=&#8220;http:\/\/www.bildungsurlaub.de\/home.html&#8220;][\/vc_column_inner][vc_column_inner width=&#8220;5\/6&#8243;][vc_column_text]<\/p>\n<h3>Bildungsurlaub<\/h3>\n<p>Bildungsurlaub ist eine subventionierte Bildungsfreistellung zum Zwecke der pers\u00f6nlichen Entwicklung und Weiterbildung, die von den deutschen Bundesl\u00e4ndern geregelt wird. ACCORD Paris ist eine der zugelassenen Franz\u00f6sischschulen, die deutsche Arbeitnehmer f\u00fcr ihren Sprachkurs w\u00e4hlen k\u00f6nnen.<\/p>\n<p>Die <a href=\"https:\/\/www.accord-langues.com\/de\/accord-franzoesischschulen\/\" target=\"_blank\" rel=\"noopener noreferrer\">ACCORD Franz\u00f6sischschule<\/a> wurde f\u00fcr diesen Zweck in den folgenden deutschen Bundesl\u00e4ndern anerkannt: Berlin, Brandenburg, Bremen, Hamburg, Hessen, Mecklenburg-Vorpommern, Niedersachsen, Rheinland-Pfalz&#8230;[\/vc_column_text][\/vc_column_inner][\/vc_row_inner][vc_separator][vc_row_inner][vc_column_inner width=&#8220;1\/6&#8243;][vc_single_image image=&#8220;3446&#8243; img_size=&#8220;full&#8220; alignment=&#8220;center&#8220; onclick=&#8220;custom_link&#8220; img_link_target=&#8220;_blank&#8220; link=&#8220;https:\/\/www.csn.se\/&#8220;][\/vc_column_inner][vc_column_inner width=&#8220;5\/6&#8243;][vc_column_text]<\/p>\n<h3>CSN<\/h3>\n<p>ACCORD Paris Franz\u00f6sischkurse sind von der Schwedischen Nationalen Beh\u00f6rde f\u00fcr Studentenf\u00f6rderung (<a href=\"https:\/\/www.csn.se\/\" target=\"_blank\" rel=\"noopener noreferrer\">CSN<\/a>) anerkannte Kurse. Somit sind schwedische Studenten, die ihre Franz\u00f6sischkenntnisse bei ACCORD verbessern m\u00f6chten, berechtigt, finanzielle Unterst\u00fctzung bei dieser Organisation zu beantragen.[\/vc_column_text][\/vc_column_inner][\/vc_row_inner][vc_separator][vc_row_inner][vc_column_inner width=&#8220;1\/6&#8243;][vc_single_image image=&#8220;3341&#8243; img_size=&#8220;full&#8220; onclick=&#8220;custom_link&#8220; img_link_target=&#8220;_blank&#8220; link=&#8220;http:\/\/www.europarl.europa.eu\/portal\/en&#8220;][\/vc_column_inner][vc_column_inner width=&#8220;5\/6&#8243;][vc_column_text]<\/p>\n<h3>Europ\u00e4isches Parlament<\/h3>\n<p><a href=\"https:\/\/www.accord-langues.com\/de\/accord-franzoesischschulen\/\" target=\"_blank\" rel=\"noopener noreferrer\">ACCORD Paris<\/a> ist eine vom Europ\u00e4ischen Parlament anerkannte Partnersprachschule f\u00fcr das Unterrichten in Franz\u00f6sisch als Fremdsprache f\u00fcr \u00dcbersetzer, Dolmetscher und Mitglieder des Europ\u00e4ischen Parlaments.[\/vc_column_text][\/vc_column_inner][\/vc_row_inner][vc_separator][vc_separator][vc_row_inner][vc_column_inner][vc_column_text]<strong>Aufgrund der Zulassungen als Franz\u00f6sischschule, die <a href=\"https:\/\/www.accord-langues.com\/de\/accord-franzoesischschulen\/\" target=\"_blank\" rel=\"noopener noreferrer\">ACCORD Paris<\/a> erhalten hat, k\u00f6nnen sich die Kursteilnehmer sicher sein, dass sie an einem Franz\u00f6sischkurs von hoher Qualit\u00e4t teilnehmen, und dass die Schule qualitativ hochwertige Serviceleistungen bietet, die ihren Erwartungen entsprechen.<\/strong>[\/vc_column_text][\/vc_column_inner][\/vc_row_inner][\/vc_column][\/vc_row][vc_row el_class=&#8220;button-blocks&#8220;][vc_column width=&#8220;1\/3&#8243;]<div class=\"RFIbox yellow one-line\">\n\t<div class=\"RFIbox__media\">\n        <a href=\"https:\/\/www.accord-langues.com\/de\/accord-lehrmethode\/\" title=\"\" target=\"_blank\"><img decoding=\"async\" width=\"95\" height=\"79\" src=\"https:\/\/www.accord-langues.com\/wp-content\/uploads\/2016\/10\/students-icon.gif\" class=\"img-responsive\" alt=\"\" title=\"students-icon\" \/><\/a>        \t<\/div>\n\n        <div class=\"RFIBox__title\">\n        <a href=\"https:\/\/www.accord-langues.com\/de\/accord-lehrmethode\/\" title=\"\" target=\"_blank\">Unsere Lehrmethode<\/a>    <\/div>\n    \n    \t<div class=\"RFIbox__content\">\n\t\t<a href=\"https:\/\/www.accord-langues.com\/de\/accord-lehrmethode\/\" title=\"\" target=\"_blank\"><\/a>\t<\/div>\n    <\/div>[\/vc_column][vc_column width=&#8220;1\/3&#8243;]<div class=\"RFIbox yellow one-line\">\n\t<div class=\"RFIbox__media\">\n        <a href=\"https:\/\/www.accord-langues.com\/de\/kontaktieren-sie-uns\/\" title=\"\" target=\"_blank\"><img decoding=\"async\" width=\"72\" height=\"78\" src=\"https:\/\/www.accord-langues.com\/wp-content\/uploads\/2016\/10\/contact-us-icon.gif\" class=\"img-responsive\" alt=\"\" title=\"contact-us-icon\" \/><\/a>        \t<\/div>\n\n        <div class=\"RFIBox__title\">\n        <a href=\"https:\/\/www.accord-langues.com\/de\/kontaktieren-sie-uns\/\" title=\"\" target=\"_blank\">Haben Sie Fragen?<\/a>    <\/div>\n    \n    \t<div class=\"RFIbox__content\">\n\t\t<a href=\"https:\/\/www.accord-langues.com\/de\/kontaktieren-sie-uns\/\" title=\"\" target=\"_blank\"><\/a>\t<\/div>\n    <\/div>[\/vc_column][\/vc_row][vc_row full_width=&#8220;stretch_row&#8220; css=&#8220;.vc_custom_1471605768894{padding-top: 20px !important;background-color: #f0f0f0 !important;}&#8220; el_id=&#8220;homepage-boxes&#8220;][vc_column][vc_row_inner][vc_column_inner width=&#8220;1\/3&#8243;]<div class=\"RFIbox green a-man\">\n\t<div class=\"RFIbox__media\">\n        <a href=\"https:\/\/www.accord-langues.com\/de\/franzoesischkurse-fuer-erwachsene-in-paris\/\" title=\"\" target=\"_blank\"><img decoding=\"async\" width=\"500\" height=\"333\" src=\"https:\/\/www.accord-langues.com\/wp-content\/uploads\/2016\/06\/box-adults.jpg\" class=\"img-responsive\" alt=\"\" srcset=\"https:\/\/www.accord-langues.com\/wp-content\/uploads\/2016\/06\/box-adults.jpg 500w, https:\/\/www.accord-langues.com\/wp-content\/uploads\/2016\/06\/box-adults-300x200.jpg 300w\" sizes=\"(max-width: 500px) 100vw, 500px\" title=\"box-adults\" \/><\/a>        \t<\/div>\n\n        <div class=\"RFIBox__title\">\n        <a href=\"https:\/\/www.accord-langues.com\/de\/franzoesischkurse-fuer-erwachsene-in-paris\/\" title=\"\" target=\"_blank\">Franz\u00f6sischkurse f\u00fcr Erwachsene<\/a>    <\/div>\n    \n    <\/div>[\/vc_column_inner][vc_column_inner width=&#8220;1\/3&#8243;]<div class=\"RFIbox pink\">\n\t<div class=\"RFIbox__media\">\n        <a href=\"https:\/\/examensparis.fr\/\" title=\"\" target=\"_blank\"><img decoding=\"async\" width=\"500\" height=\"333\" src=\"https:\/\/www.accord-langues.com\/wp-content\/uploads\/2016\/06\/box-exams.jpg\" class=\"img-responsive\" alt=\"\" srcset=\"https:\/\/www.accord-langues.com\/wp-content\/uploads\/2016\/06\/box-exams.jpg 500w, https:\/\/www.accord-langues.com\/wp-content\/uploads\/2016\/06\/box-exams-300x200.jpg 300w\" sizes=\"(max-width: 500px) 100vw, 500px\" title=\"box-exams\" \/><\/a>        \t<\/div>\n\n        <div class=\"RFIBox__title\">\n        <a href=\"https:\/\/examensparis.fr\/\" title=\"\" target=\"_blank\">Pr\u00fcfungen - Diplom<\/a>    <\/div>\n    \n    <\/div>[\/vc_column_inner][\/vc_row_inner][\/vc_column][\/vc_row]<\/p>\n<\/div>","protected":false},"excerpt":{"rendered":"<p>[vc_row full_width=&#8220;stretch_row&#8220; content_placement=&#8220;middle&#8220; css=&#8220;.vc_custom_1509009556865{background-image: url(https:\/\/www.accord-langues.com\/wp-content\/uploads\/2016\/10\/adult-course.jpg?id=348) !important;background-position: center !important;background-repeat: no-repeat !important;background-size: cover !important;}&#8220; el_class=&#8220;header-image&#8220;][vc_column width=&#8220;2\/3&#8243; offset=&#8220;vc_col-sm-offset-2&#8243;][vc_column_text] Zulassungen &amp; Referenzen der ACCORD Franz\u00f6sischschule Lernen Sie Franz\u00f6sisch in einer qualitativ hochwertigen Pariser Franz\u00f6sischschule Zulassungen als Hilfe bei der Wahl einer qualitativ hochwertigen Franz\u00f6sischschule W\u00e4hlen Sie eine zugelassene Franz\u00f6sischschule in Frankreich ![\/vc_column_text][\/vc_column][\/vc_row][vc_row][vc_column][vc_column_text css=&#8220;&#8220;] Zulassungen als Franz\u00f6sischschule [\/vc_column_text][vc_column_text] Zulassungen als [&hellip;]<\/p>\n","protected":false},"author":10,"featured_media":0,"parent":0,"menu_order":0,"comment_status":"closed","ping_status":"closed","template":"","meta":{"_acf_changed":false,"footnotes":""},"class_list":["post-5767","page","type-page","status-publish","hentry"],"acf":[],"yoast_head":"<!-- This site is optimized with the Yoast SEO Premium plugin v27.4 (Yoast SEO v27.4) - https:\/\/yoast.com\/product\/yoast-seo-premium-wordpress\/ -->\n<title>Zulassungen als Franz\u00f6sischschule - Accord Paris<\/title>\n<meta name=\"description\" content=\"Zulassungen als Franz\u00f6sischschule und Referenzen : hier haben Sie alle Zulassungen als Franz\u00f6sischschule die ACCORD Paris erhalten hat.\" \/>\n<meta name=\"robots\" content=\"index, follow, max-snippet:-1, max-image-preview:large, max-video-preview:-1\" \/>\n<link rel=\"canonical\" href=\"https:\/\/www.accord-langues.com\/de\/zulassungen-als-franzoesischschule\/\" \/>\n<meta property=\"og:locale\" content=\"de_DE\" \/>\n<meta property=\"og:type\" content=\"article\" \/>\n<meta property=\"og:title\" content=\"Zulassungen als Franz\u00f6sischschule\" \/>\n<meta property=\"og:description\" content=\"Zulassungen als Franz\u00f6sischschule und Referenzen : hier haben Sie alle Zulassungen als Franz\u00f6sischschule die ACCORD Paris erhalten hat.\" \/>\n<meta property=\"og:url\" content=\"https:\/\/www.accord-langues.com\/de\/zulassungen-als-franzoesischschule\/\" \/>\n<meta property=\"og:site_name\" content=\"Accord Paris\" \/>\n<meta property=\"article:publisher\" content=\"https:\/\/www.facebook.com\/accordecoledelangues\" \/>\n<meta property=\"article:modified_time\" content=\"2025-12-20T09:20:41+00:00\" \/>\n<meta property=\"og:image\" content=\"https:\/\/www.accord-langues.com\/wp-content\/uploads\/2024\/02\/ACCORD-French-Language-School-in-Paris-low-res.jpg\" \/>\n\t<meta property=\"og:image:width\" content=\"1200\" \/>\n\t<meta property=\"og:image:height\" content=\"867\" \/>\n\t<meta property=\"og:image:type\" content=\"image\/jpeg\" \/>\n<meta name=\"twitter:card\" content=\"summary_large_image\" \/>\n<meta name=\"twitter:label1\" content=\"Gesch\u00e4tzte Lesezeit\" \/>\n\t<meta name=\"twitter:data1\" content=\"3\u00a0Minuten\" \/>\n<script type=\"application\/ld+json\" class=\"yoast-schema-graph\">{\"@context\":\"https:\\\/\\\/schema.org\",\"@graph\":[{\"@type\":\"WebPage\",\"@id\":\"https:\\\/\\\/www.accord-langues.com\\\/de\\\/zulassungen-als-franzoesischschule\\\/\",\"url\":\"https:\\\/\\\/www.accord-langues.com\\\/de\\\/zulassungen-als-franzoesischschule\\\/\",\"name\":\"Zulassungen als Franz\u00f6sischschule - Accord Paris\",\"isPartOf\":{\"@id\":\"https:\\\/\\\/www.accord-langues.com\\\/de\\\/#website\"},\"datePublished\":\"2017-10-30T11:14:27+00:00\",\"dateModified\":\"2025-12-20T09:20:41+00:00\",\"description\":\"Zulassungen als Franz\u00f6sischschule und Referenzen : hier haben Sie alle Zulassungen als Franz\u00f6sischschule die ACCORD Paris erhalten hat.\",\"inLanguage\":\"de\",\"potentialAction\":[{\"@type\":\"ReadAction\",\"target\":[\"https:\\\/\\\/www.accord-langues.com\\\/de\\\/zulassungen-als-franzoesischschule\\\/\"]}]},{\"@type\":\"WebSite\",\"@id\":\"https:\\\/\\\/www.accord-langues.com\\\/de\\\/#website\",\"url\":\"https:\\\/\\\/www.accord-langues.com\\\/de\\\/\",\"name\":\"Accord Paris\",\"description\":\"Learn French in France\",\"publisher\":{\"@id\":\"https:\\\/\\\/www.accord-langues.com\\\/de\\\/#organization\"},\"potentialAction\":[{\"@type\":\"SearchAction\",\"target\":{\"@type\":\"EntryPoint\",\"urlTemplate\":\"https:\\\/\\\/www.accord-langues.com\\\/de\\\/?s={search_term_string}\"},\"query-input\":{\"@type\":\"PropertyValueSpecification\",\"valueRequired\":true,\"valueName\":\"search_term_string\"}}],\"inLanguage\":\"de\"},{\"@type\":\"Organization\",\"@id\":\"https:\\\/\\\/www.accord-langues.com\\\/de\\\/#organization\",\"name\":\"ACCORD Tour Eiffel\",\"alternateName\":\"Learn French in Paris\",\"url\":\"https:\\\/\\\/www.accord-langues.com\\\/de\\\/\",\"logo\":{\"@type\":\"ImageObject\",\"inLanguage\":\"de\",\"@id\":\"https:\\\/\\\/www.accord-langues.com\\\/de\\\/#\\\/schema\\\/logo\\\/image\\\/\",\"url\":\"https:\\\/\\\/www.accord-langues.com\\\/wp-content\\\/uploads\\\/2016\\\/06\\\/Logo.png\",\"contentUrl\":\"https:\\\/\\\/www.accord-langues.com\\\/wp-content\\\/uploads\\\/2016\\\/06\\\/Logo.png\",\"width\":290,\"height\":70,\"caption\":\"ACCORD Tour Eiffel\"},\"image\":{\"@id\":\"https:\\\/\\\/www.accord-langues.com\\\/de\\\/#\\\/schema\\\/logo\\\/image\\\/\"},\"sameAs\":[\"https:\\\/\\\/www.facebook.com\\\/accordecoledelangues\",\"https:\\\/\\\/www.linkedin.com\\\/groups\\\/4542133\\\/\"],\"description\":\"ACCORD French Language School is one of the leading schools in France for teaching French to foreign students and offering high quality French language courses in Paris. The ACCORD language school is located in the heart of Paris, nearby the Eiffel Tower. The ACCORD school is open all year round and welcomes students from all over the world from the age of 16 in its French language courses. ACCORD school is accredited by the official \u201cQualit\u00e9 FLE\u201d label and is member of CAMPUS FRANCE, SOUFFLE and Atout France. ACCORD is official exam center for the TCF IRN, TCF TP, TCF Qu\u00e9bec and TCF Canada.\",\"email\":\"info@accord-langues.com\",\"telephone\":\"+33155335233\",\"legalName\":\"FORUM ACCORD\",\"foundingDate\":\"1990-02-23\",\"numberOfEmployees\":{\"@type\":\"QuantitativeValue\",\"minValue\":\"11\",\"maxValue\":\"50\"}}]}<\/script>\n<!-- \/ Yoast SEO Premium plugin. -->","yoast_head_json":{"title":"Zulassungen als Franz\u00f6sischschule - Accord Paris","description":"Zulassungen als Franz\u00f6sischschule und Referenzen : hier haben Sie alle Zulassungen als Franz\u00f6sischschule die ACCORD Paris erhalten hat.","robots":{"index":"index","follow":"follow","max-snippet":"max-snippet:-1","max-image-preview":"max-image-preview:large","max-video-preview":"max-video-preview:-1"},"canonical":"https:\/\/www.accord-langues.com\/de\/zulassungen-als-franzoesischschule\/","og_locale":"de_DE","og_type":"article","og_title":"Zulassungen als Franz\u00f6sischschule","og_description":"Zulassungen als Franz\u00f6sischschule und Referenzen : hier haben Sie alle Zulassungen als Franz\u00f6sischschule die ACCORD Paris erhalten hat.","og_url":"https:\/\/www.accord-langues.com\/de\/zulassungen-als-franzoesischschule\/","og_site_name":"Accord Paris","article_publisher":"https:\/\/www.facebook.com\/accordecoledelangues","article_modified_time":"2025-12-20T09:20:41+00:00","og_image":[{"width":1200,"height":867,"url":"https:\/\/www.accord-langues.com\/wp-content\/uploads\/2024\/02\/ACCORD-French-Language-School-in-Paris-low-res.jpg","type":"image\/jpeg"}],"twitter_card":"summary_large_image","twitter_misc":{"Gesch\u00e4tzte Lesezeit":"3\u00a0Minuten"},"schema":{"@context":"https:\/\/schema.org","@graph":[{"@type":"WebPage","@id":"https:\/\/www.accord-langues.com\/de\/zulassungen-als-franzoesischschule\/","url":"https:\/\/www.accord-langues.com\/de\/zulassungen-als-franzoesischschule\/","name":"Zulassungen als Franz\u00f6sischschule - Accord Paris","isPartOf":{"@id":"https:\/\/www.accord-langues.com\/de\/#website"},"datePublished":"2017-10-30T11:14:27+00:00","dateModified":"2025-12-20T09:20:41+00:00","description":"Zulassungen als Franz\u00f6sischschule und Referenzen : hier haben Sie alle Zulassungen als Franz\u00f6sischschule die ACCORD Paris erhalten hat.","inLanguage":"de","potentialAction":[{"@type":"ReadAction","target":["https:\/\/www.accord-langues.com\/de\/zulassungen-als-franzoesischschule\/"]}]},{"@type":"WebSite","@id":"https:\/\/www.accord-langues.com\/de\/#website","url":"https:\/\/www.accord-langues.com\/de\/","name":"Accord Paris","description":"Learn French in France","publisher":{"@id":"https:\/\/www.accord-langues.com\/de\/#organization"},"potentialAction":[{"@type":"SearchAction","target":{"@type":"EntryPoint","urlTemplate":"https:\/\/www.accord-langues.com\/de\/?s={search_term_string}"},"query-input":{"@type":"PropertyValueSpecification","valueRequired":true,"valueName":"search_term_string"}}],"inLanguage":"de"},{"@type":"Organization","@id":"https:\/\/www.accord-langues.com\/de\/#organization","name":"ACCORD Tour Eiffel","alternateName":"Learn French in Paris","url":"https:\/\/www.accord-langues.com\/de\/","logo":{"@type":"ImageObject","inLanguage":"de","@id":"https:\/\/www.accord-langues.com\/de\/#\/schema\/logo\/image\/","url":"https:\/\/www.accord-langues.com\/wp-content\/uploads\/2016\/06\/Logo.png","contentUrl":"https:\/\/www.accord-langues.com\/wp-content\/uploads\/2016\/06\/Logo.png","width":290,"height":70,"caption":"ACCORD Tour Eiffel"},"image":{"@id":"https:\/\/www.accord-langues.com\/de\/#\/schema\/logo\/image\/"},"sameAs":["https:\/\/www.facebook.com\/accordecoledelangues","https:\/\/www.linkedin.com\/groups\/4542133\/"],"description":"ACCORD French Language School is one of the leading schools in France for teaching French to foreign students and offering high quality French language courses in Paris. The ACCORD language school is located in the heart of Paris, nearby the Eiffel Tower. The ACCORD school is open all year round and welcomes students from all over the world from the age of 16 in its French language courses. ACCORD school is accredited by the official \u201cQualit\u00e9 FLE\u201d label and is member of CAMPUS FRANCE, SOUFFLE and Atout France. ACCORD is official exam center for the TCF IRN, TCF TP, TCF Qu\u00e9bec and TCF Canada.","email":"info@accord-langues.com","telephone":"+33155335233","legalName":"FORUM ACCORD","foundingDate":"1990-02-23","numberOfEmployees":{"@type":"QuantitativeValue","minValue":"11","maxValue":"50"}}]}},"_links":{"self":[{"href":"https:\/\/www.accord-langues.com\/de\/wp-json\/wp\/v2\/pages\/5767","targetHints":{"allow":["GET"]}}],"collection":[{"href":"https:\/\/www.accord-langues.com\/de\/wp-json\/wp\/v2\/pages"}],"about":[{"href":"https:\/\/www.accord-langues.com\/de\/wp-json\/wp\/v2\/types\/page"}],"author":[{"embeddable":true,"href":"https:\/\/www.accord-langues.com\/de\/wp-json\/wp\/v2\/users\/10"}],"replies":[{"embeddable":true,"href":"https:\/\/www.accord-langues.com\/de\/wp-json\/wp\/v2\/comments?post=5767"}],"version-history":[{"count":2,"href":"https:\/\/www.accord-langues.com\/de\/wp-json\/wp\/v2\/pages\/5767\/revisions"}],"predecessor-version":[{"id":25899,"href":"https:\/\/www.accord-langues.com\/de\/wp-json\/wp\/v2\/pages\/5767\/revisions\/25899"}],"wp:attachment":[{"href":"https:\/\/www.accord-langues.com\/de\/wp-json\/wp\/v2\/media?parent=5767"}],"curies":[{"name":"wp","href":"https:\/\/api.w.org\/{rel}","templated":true}]}}