{"id":5449,"date":"2018-09-24T10:35:31","date_gmt":"2018-09-24T09:35:31","guid":{"rendered":"https:\/\/www.accord-langues.com\/thank-filling-prepare-stay-group-form\/"},"modified":"2023-08-30T08:11:50","modified_gmt":"2023-08-30T07:11:50","slug":"danke-ausfuellen-formular","status":"publish","type":"page","link":"https:\/\/www.accord-langues.com\/de\/danke-ausfuellen-formular\/","title":{"rendered":"Danke f\u00fcr das Ausf\u00fcllen des Formulars"},"content":{"rendered":"<div class=\"wpb-content-wrapper\"><p>[vc_row full_width=&#8220;stretch_row&#8220; content_placement=&#8220;middle&#8220; css=&#8220;.vc_custom_1509009556865{background-image: url(https:\/\/www.accord-langues.com\/wp-content\/uploads\/2016\/10\/adult-course.jpg?id=348) !important;background-position: center !important;background-repeat: no-repeat !important;background-size: cover !important;}&#8220; el_class=&#8220;header-image&#8220;][vc_column width=&#8220;2\/3&#8243; offset=&#8220;vc_col-sm-offset-2&#8243;][vc_column_text]<\/p>\n<h1 style=\"text-align: center;\"><strong>Danke f\u00fcr das Ausf\u00fcllen des Formulars &#8222;Aufenthalt Ihrer Gruppe vorbereiten&#8220;!<\/strong><\/h1>\n<p><strong>Wir melden uns umgehend zur\u00fcck und hoffen, Ihre Gruppe bei ACCORD Paris begr\u00fc\u00dfen zu d\u00fcrfen!<\/strong>[\/vc_column_text][\/vc_column][\/vc_row][vc_row][vc_column][vc_column_text]Danke f\u00fcr das Ausf\u00fcllen des Formulars \u201cAufenthalt Ihrer Gruppe vorbereiten\u201d!<br \/>\nWir melden uns umgehend zur\u00fcck und hoffen, Ihre Gruppe bei ACCORD Paris begr\u00fc\u00dfen zu d\u00fcrfen!<\/p>\n<p><span style=\"color: #0000ff;\"><strong>F\u00fcr Ihre Gruppe und Schulgruppe in Paris besteht kein Zweifel:<\/strong><\/span><br \/>\n<a href=\"https:\/\/www.accord-langues.com\/de\/accord-franzoesischschulen\/\" target=\"_blank\" rel=\"noopener\"><span style=\"color: #ff6600;\"><strong>ACCORD Paris ist die perfekte Wahl!<\/strong><\/span><\/a><\/p>\n<p>Denken Sie dar\u00fcber nach mit Ihrer Schule nach Frankreich zu kommen?<br \/>\nM\u00f6chten Sie eine Gruppe von Studenten nach Paris schicken?<br \/>\nEgal wie gro\u00df Ihre Gruppe und Schulgruppe in Paris ist, ACCORD hat die perfekte L\u00f6sung f\u00fcr Sie!<\/p>\n<p><strong><a href=\"https:\/\/www.accord-langues.com\/de\/kontaktieren-sie-uns\/\" target=\"_blank\" rel=\"noopener\">Kontaktieren Sie uns HIER<\/a><\/strong> aus und wir melden uns umgehend zur\u00fcck![\/vc_column_text][\/vc_column][\/vc_row]<\/p>\n<\/div>","protected":false},"excerpt":{"rendered":"<p>[vc_row full_width=&#8220;stretch_row&#8220; content_placement=&#8220;middle&#8220; css=&#8220;.vc_custom_1509009556865{background-image: url(https:\/\/www.accord-langues.com\/wp-content\/uploads\/2016\/10\/adult-course.jpg?id=348) !important;background-position: center !important;background-repeat: no-repeat !important;background-size: cover !important;}&#8220; el_class=&#8220;header-image&#8220;][vc_column width=&#8220;2\/3&#8243; offset=&#8220;vc_col-sm-offset-2&#8243;][vc_column_text] Danke f\u00fcr das Ausf\u00fcllen des Formulars &#8222;Aufenthalt Ihrer Gruppe vorbereiten&#8220;! Wir melden uns umgehend zur\u00fcck und hoffen, Ihre Gruppe bei ACCORD Paris begr\u00fc\u00dfen zu d\u00fcrfen![\/vc_column_text][\/vc_column][\/vc_row][vc_row][vc_column][vc_column_text]Danke f\u00fcr das Ausf\u00fcllen des Formulars \u201cAufenthalt Ihrer Gruppe vorbereiten\u201d! Wir melden uns umgehend zur\u00fcck und [&hellip;]<\/p>\n","protected":false},"author":10,"featured_media":0,"parent":0,"menu_order":0,"comment_status":"closed","ping_status":"closed","template":"","meta":{"_acf_changed":false,"footnotes":""},"class_list":["post-5449","page","type-page","status-publish","hentry"],"acf":[],"yoast_head":"<!-- This site is optimized with the Yoast SEO Premium plugin v27.5 (Yoast SEO v27.5) - https:\/\/yoast.com\/product\/yoast-seo-premium-wordpress\/ -->\n<title>Danke f\u00fcr das Ausf\u00fcllen des Formulars - Accord Paris<\/title>\n<meta name=\"description\" content=\"Danke f\u00fcr das Ausf\u00fcllen des Formulars \u201cAufenthalt Ihrer Gruppe\u201d. Wir melden uns umgehend zur\u00fcck und hoffen Ihre Gruppe bei ACCORD Paris zu begr\u00fc\u00dfen.\" \/>\n<meta name=\"robots\" content=\"index, follow, max-snippet:-1, max-image-preview:large, max-video-preview:-1\" \/>\n<link rel=\"canonical\" href=\"https:\/\/www.accord-langues.com\/de\/danke-ausfuellen-formular\/\" \/>\n<meta property=\"og:locale\" content=\"de_DE\" \/>\n<meta property=\"og:type\" content=\"article\" \/>\n<meta property=\"og:title\" content=\"Danke f\u00fcr das Ausf\u00fcllen des Formulars\" \/>\n<meta property=\"og:description\" content=\"Danke f\u00fcr das Ausf\u00fcllen des Formulars \u201cAufenthalt Ihrer Gruppe\u201d. Wir melden uns umgehend zur\u00fcck und hoffen Ihre Gruppe bei ACCORD Paris zu begr\u00fc\u00dfen.\" \/>\n<meta property=\"og:url\" content=\"https:\/\/www.accord-langues.com\/de\/danke-ausfuellen-formular\/\" \/>\n<meta property=\"og:site_name\" content=\"Accord Paris\" \/>\n<meta property=\"article:publisher\" content=\"https:\/\/www.facebook.com\/accordecoledelangues\" \/>\n<meta property=\"article:modified_time\" content=\"2023-08-30T07:11:50+00:00\" \/>\n<meta property=\"og:image\" content=\"https:\/\/www.accord-langues.com\/wp-content\/uploads\/2024\/02\/ACCORD-French-Language-School-in-Paris-low-res.jpg\" \/>\n\t<meta property=\"og:image:width\" content=\"1200\" \/>\n\t<meta property=\"og:image:height\" content=\"867\" \/>\n\t<meta property=\"og:image:type\" content=\"image\/jpeg\" \/>\n<meta name=\"twitter:card\" content=\"summary_large_image\" \/>\n<meta name=\"twitter:label1\" content=\"Gesch\u00e4tzte Lesezeit\" \/>\n\t<meta name=\"twitter:data1\" content=\"1\u00a0Minute\" \/>\n<script type=\"application\/ld+json\" class=\"yoast-schema-graph\">{\"@context\":\"https:\\\/\\\/schema.org\",\"@graph\":[{\"@type\":\"WebPage\",\"@id\":\"https:\\\/\\\/www.accord-langues.com\\\/de\\\/danke-ausfuellen-formular\\\/\",\"url\":\"https:\\\/\\\/www.accord-langues.com\\\/de\\\/danke-ausfuellen-formular\\\/\",\"name\":\"Danke f\u00fcr das Ausf\u00fcllen des Formulars - Accord Paris\",\"isPartOf\":{\"@id\":\"https:\\\/\\\/www.accord-langues.com\\\/de\\\/#website\"},\"datePublished\":\"2018-09-24T09:35:31+00:00\",\"dateModified\":\"2023-08-30T07:11:50+00:00\",\"description\":\"Danke f\u00fcr das Ausf\u00fcllen des Formulars \u201cAufenthalt Ihrer Gruppe\u201d. Wir melden uns umgehend zur\u00fcck und hoffen Ihre Gruppe bei ACCORD Paris zu begr\u00fc\u00dfen.\",\"inLanguage\":\"de\",\"potentialAction\":[{\"@type\":\"ReadAction\",\"target\":[\"https:\\\/\\\/www.accord-langues.com\\\/de\\\/danke-ausfuellen-formular\\\/\"]}]},{\"@type\":\"WebSite\",\"@id\":\"https:\\\/\\\/www.accord-langues.com\\\/de\\\/#website\",\"url\":\"https:\\\/\\\/www.accord-langues.com\\\/de\\\/\",\"name\":\"Accord Paris\",\"description\":\"Learn French in France\",\"publisher\":{\"@id\":\"https:\\\/\\\/www.accord-langues.com\\\/de\\\/#organization\"},\"potentialAction\":[{\"@type\":\"SearchAction\",\"target\":{\"@type\":\"EntryPoint\",\"urlTemplate\":\"https:\\\/\\\/www.accord-langues.com\\\/de\\\/?s={search_term_string}\"},\"query-input\":{\"@type\":\"PropertyValueSpecification\",\"valueRequired\":true,\"valueName\":\"search_term_string\"}}],\"inLanguage\":\"de\"},{\"@type\":\"Organization\",\"@id\":\"https:\\\/\\\/www.accord-langues.com\\\/de\\\/#organization\",\"name\":\"ACCORD Tour Eiffel\",\"alternateName\":\"Learn French in Paris\",\"url\":\"https:\\\/\\\/www.accord-langues.com\\\/de\\\/\",\"logo\":{\"@type\":\"ImageObject\",\"inLanguage\":\"de\",\"@id\":\"https:\\\/\\\/www.accord-langues.com\\\/de\\\/#\\\/schema\\\/logo\\\/image\\\/\",\"url\":\"https:\\\/\\\/www.accord-langues.com\\\/wp-content\\\/uploads\\\/2016\\\/06\\\/Logo.png\",\"contentUrl\":\"https:\\\/\\\/www.accord-langues.com\\\/wp-content\\\/uploads\\\/2016\\\/06\\\/Logo.png\",\"width\":290,\"height\":70,\"caption\":\"ACCORD Tour Eiffel\"},\"image\":{\"@id\":\"https:\\\/\\\/www.accord-langues.com\\\/de\\\/#\\\/schema\\\/logo\\\/image\\\/\"},\"sameAs\":[\"https:\\\/\\\/www.facebook.com\\\/accordecoledelangues\",\"https:\\\/\\\/www.linkedin.com\\\/groups\\\/4542133\\\/\"],\"description\":\"ACCORD French Language School is one of the leading schools in France for teaching French to foreign students and offering high quality French language courses in Paris. The ACCORD language school is located in the heart of Paris, nearby the Eiffel Tower. The ACCORD school is open all year round and welcomes students from all over the world from the age of 16 in its French language courses. ACCORD school is accredited by the official \u201cQualit\u00e9 FLE\u201d label and is member of CAMPUS FRANCE, SOUFFLE and Atout France. ACCORD is official exam center for the TCF IRN, TCF TP, TCF Qu\u00e9bec and TCF Canada.\",\"email\":\"info@accord-langues.com\",\"telephone\":\"+33155335233\",\"legalName\":\"FORUM ACCORD\",\"foundingDate\":\"1990-02-23\",\"numberOfEmployees\":{\"@type\":\"QuantitativeValue\",\"minValue\":\"11\",\"maxValue\":\"50\"}}]}<\/script>\n<!-- \/ Yoast SEO Premium plugin. -->","yoast_head_json":{"title":"Danke f\u00fcr das Ausf\u00fcllen des Formulars - Accord Paris","description":"Danke f\u00fcr das Ausf\u00fcllen des Formulars \u201cAufenthalt Ihrer Gruppe\u201d. Wir melden uns umgehend zur\u00fcck und hoffen Ihre Gruppe bei ACCORD Paris zu begr\u00fc\u00dfen.","robots":{"index":"index","follow":"follow","max-snippet":"max-snippet:-1","max-image-preview":"max-image-preview:large","max-video-preview":"max-video-preview:-1"},"canonical":"https:\/\/www.accord-langues.com\/de\/danke-ausfuellen-formular\/","og_locale":"de_DE","og_type":"article","og_title":"Danke f\u00fcr das Ausf\u00fcllen des Formulars","og_description":"Danke f\u00fcr das Ausf\u00fcllen des Formulars \u201cAufenthalt Ihrer Gruppe\u201d. Wir melden uns umgehend zur\u00fcck und hoffen Ihre Gruppe bei ACCORD Paris zu begr\u00fc\u00dfen.","og_url":"https:\/\/www.accord-langues.com\/de\/danke-ausfuellen-formular\/","og_site_name":"Accord Paris","article_publisher":"https:\/\/www.facebook.com\/accordecoledelangues","article_modified_time":"2023-08-30T07:11:50+00:00","og_image":[{"width":1200,"height":867,"url":"https:\/\/www.accord-langues.com\/wp-content\/uploads\/2024\/02\/ACCORD-French-Language-School-in-Paris-low-res.jpg","type":"image\/jpeg"}],"twitter_card":"summary_large_image","twitter_misc":{"Gesch\u00e4tzte Lesezeit":"1\u00a0Minute"},"schema":{"@context":"https:\/\/schema.org","@graph":[{"@type":"WebPage","@id":"https:\/\/www.accord-langues.com\/de\/danke-ausfuellen-formular\/","url":"https:\/\/www.accord-langues.com\/de\/danke-ausfuellen-formular\/","name":"Danke f\u00fcr das Ausf\u00fcllen des Formulars - Accord Paris","isPartOf":{"@id":"https:\/\/www.accord-langues.com\/de\/#website"},"datePublished":"2018-09-24T09:35:31+00:00","dateModified":"2023-08-30T07:11:50+00:00","description":"Danke f\u00fcr das Ausf\u00fcllen des Formulars \u201cAufenthalt Ihrer Gruppe\u201d. Wir melden uns umgehend zur\u00fcck und hoffen Ihre Gruppe bei ACCORD Paris zu begr\u00fc\u00dfen.","inLanguage":"de","potentialAction":[{"@type":"ReadAction","target":["https:\/\/www.accord-langues.com\/de\/danke-ausfuellen-formular\/"]}]},{"@type":"WebSite","@id":"https:\/\/www.accord-langues.com\/de\/#website","url":"https:\/\/www.accord-langues.com\/de\/","name":"Accord Paris","description":"Learn French in France","publisher":{"@id":"https:\/\/www.accord-langues.com\/de\/#organization"},"potentialAction":[{"@type":"SearchAction","target":{"@type":"EntryPoint","urlTemplate":"https:\/\/www.accord-langues.com\/de\/?s={search_term_string}"},"query-input":{"@type":"PropertyValueSpecification","valueRequired":true,"valueName":"search_term_string"}}],"inLanguage":"de"},{"@type":"Organization","@id":"https:\/\/www.accord-langues.com\/de\/#organization","name":"ACCORD Tour Eiffel","alternateName":"Learn French in Paris","url":"https:\/\/www.accord-langues.com\/de\/","logo":{"@type":"ImageObject","inLanguage":"de","@id":"https:\/\/www.accord-langues.com\/de\/#\/schema\/logo\/image\/","url":"https:\/\/www.accord-langues.com\/wp-content\/uploads\/2016\/06\/Logo.png","contentUrl":"https:\/\/www.accord-langues.com\/wp-content\/uploads\/2016\/06\/Logo.png","width":290,"height":70,"caption":"ACCORD Tour Eiffel"},"image":{"@id":"https:\/\/www.accord-langues.com\/de\/#\/schema\/logo\/image\/"},"sameAs":["https:\/\/www.facebook.com\/accordecoledelangues","https:\/\/www.linkedin.com\/groups\/4542133\/"],"description":"ACCORD French Language School is one of the leading schools in France for teaching French to foreign students and offering high quality French language courses in Paris. The ACCORD language school is located in the heart of Paris, nearby the Eiffel Tower. The ACCORD school is open all year round and welcomes students from all over the world from the age of 16 in its French language courses. ACCORD school is accredited by the official \u201cQualit\u00e9 FLE\u201d label and is member of CAMPUS FRANCE, SOUFFLE and Atout France. ACCORD is official exam center for the TCF IRN, TCF TP, TCF Qu\u00e9bec and TCF Canada.","email":"info@accord-langues.com","telephone":"+33155335233","legalName":"FORUM ACCORD","foundingDate":"1990-02-23","numberOfEmployees":{"@type":"QuantitativeValue","minValue":"11","maxValue":"50"}}]}},"_links":{"self":[{"href":"https:\/\/www.accord-langues.com\/de\/wp-json\/wp\/v2\/pages\/5449","targetHints":{"allow":["GET"]}}],"collection":[{"href":"https:\/\/www.accord-langues.com\/de\/wp-json\/wp\/v2\/pages"}],"about":[{"href":"https:\/\/www.accord-langues.com\/de\/wp-json\/wp\/v2\/types\/page"}],"author":[{"embeddable":true,"href":"https:\/\/www.accord-langues.com\/de\/wp-json\/wp\/v2\/users\/10"}],"replies":[{"embeddable":true,"href":"https:\/\/www.accord-langues.com\/de\/wp-json\/wp\/v2\/comments?post=5449"}],"version-history":[{"count":0,"href":"https:\/\/www.accord-langues.com\/de\/wp-json\/wp\/v2\/pages\/5449\/revisions"}],"wp:attachment":[{"href":"https:\/\/www.accord-langues.com\/de\/wp-json\/wp\/v2\/media?parent=5449"}],"curies":[{"name":"wp","href":"https:\/\/api.w.org\/{rel}","templated":true}]}}